{"id":5474,"date":"2019-06-13T20:57:46","date_gmt":"2019-06-13T20:57:46","guid":{"rendered":"https:\/\/biblian.is\/fraedsla\/?page_id=5474"},"modified":"2026-04-17T13:01:26","modified_gmt":"2026-04-17T13:01:26","slug":"postulasagan-26-kafli","status":"publish","type":"page","link":"https:\/\/biblian.is\/fraedsla\/ritskyring\/postulasagan-26-kafli\/","title":{"rendered":"Postulasagan 26. kafli"},"content":{"rendered":"<p><strong>26.7\u00a0<\/strong><em>t\u00f3lf kynkv\u00edslir: <\/em>H\u00e9r er \u00e1tt vi\u00f0 \u00cdsrael. Sj\u00e1 &#8222;\u00cdsrael&#8220;.<\/p>\n<p><strong>26.7\u00a0<\/strong><em>Gy\u00f0ingum: <\/em>Sj\u00e1 athugagreinar vi\u00f0 4.1; 4.5 og 22.30.<\/p>\n<p><strong>26.18\u00a0<\/strong><em>fr\u00e1 myrkri til lj\u00f3ss&#8230;valdi Satans: <\/em>\u00deegar Bibl\u00edan nefnir myrkur, er \u00e6vinlega skammt \u00ed eymd og vol\u00e6\u00f0i (Slm 107.10), ennfremur heimsku (Pr\u00e9d 2.14). M\u00f3therjar Gu\u00f0s eru kalla\u00f0ir &#8222;andaverur vonskunnar&#8220; (Ef 6.12), sem ver\u00f0ur &#8222;varpa\u00f0 \u00ed ystu myrkur&#8220; (Matt 22.13). \u00cd Heilagri ritningu er lj\u00f3si\u00f0 aftur \u00e1 m\u00f3ti sj\u00e1lfur Gu\u00f0 og or\u00f0 hans (1J\u00f3h 1.5; Slm 119.105), l\u00edka f\u00f3lk og vi\u00f0bur\u00f0i sem lei\u00f0a \u00ed lj\u00f3s sannleika Gu\u00f0s (Jes 49.6). N\u00e1nar um Satan sj\u00e1 athugagrein vi\u00f0 5.3.<\/p>\n<p><strong>26.18\u00a0<\/strong><em>\u00f6\u00f0list fyrirgefningu syndanna: <\/em>Sj\u00e1 athugagrein vi\u00f0 2.38 (\u00f6\u00f0list fyrirgefningu syndanna).<\/p>\n<p><strong>26.20\u00a0<\/strong><em>hei\u00f0ingjunum: <\/em>Sj\u00e1 athugagrein vi\u00f0 10.45 (hei\u00f0ingjunum).<\/p>\n<p><strong>26.22\u00a0<\/strong><em>sp\u00e1mennirnir og M\u00f3se hafa sagt a\u00f0 ver\u00f0a mundi: <\/em>P\u00e1ll vitnar h\u00e9r \u00ed helgirit Gy\u00f0inga. Sj\u00e1 athugagrein vi\u00f0 8.35. Sj\u00e1 og athugagrein vi\u00f0 3.18.<\/p>\n<p><strong>26.23\u00a0<\/strong><em>Kristur: <\/em>Sj\u00e1 athugagrein vi\u00f0 2.36.<\/p>\n<p><strong>26.27 <\/strong><em>Tr\u00fair&#8230;sp\u00e1m\u00f6nnunum: <\/em>P\u00e1ll spyr Agrippu hvort hann leggi tr\u00fana\u00f0 \u00e1 sp\u00e1mannaritin \u00ed helgiritasafni Gy\u00f0inga. Sj\u00e1 athugagrein vi\u00f0 26.22.<\/p>\n<p><strong>26.30\u00a0<\/strong><em>konungur&#8230;landstj\u00f3rinn&#8230;Bern\u00edke: <\/em>Sj\u00e1 athugagreinar vi\u00f0 25.13 (Agrippa og Bern\u00edke) og 24.27 (Festus).<\/p>\n<p><strong>26.32\u00a0<\/strong><em>\u00deennan mann hef\u00f0i m\u00e1tt l\u00e1ta lausan: <\/em>\u00dear sem P\u00e1ll haf\u00f0i skoti\u00f0 m\u00e1li s\u00ednu til keisarans \u00ed R\u00f3m, kom ekki til greina a\u00f0 l\u00e1ta hann lausan.<\/p>\n","protected":false},"excerpt":{"rendered":"<p>26.7\u00a0t\u00f3lf kynkv\u00edslir: H\u00e9r er \u00e1tt vi\u00f0 \u00cdsrael. Sj\u00e1 &#8222;\u00cdsrael&#8220;. 26.7\u00a0Gy\u00f0ingum: <a href=\"https:\/\/biblian.is\/fraedsla\/ritskyring\/postulasagan-26-kafli\/\"> [&#8230;]<\/a><\/p>\n","protected":false},"author":1,"featured_media":0,"parent":4829,"menu_order":0,"comment_status":"closed","ping_status":"closed","template":"","meta":{"footnotes":""},"class_list":["post-5474","page","type-page","status-publish","hentry"],"_links":{"self":[{"href":"https:\/\/biblian.is\/fraedsla\/wp-json\/wp\/v2\/pages\/5474","targetHints":{"allow":["GET"]}}],"collection":[{"href":"https:\/\/biblian.is\/fraedsla\/wp-json\/wp\/v2\/pages"}],"about":[{"href":"https:\/\/biblian.is\/fraedsla\/wp-json\/wp\/v2\/types\/page"}],"author":[{"embeddable":true,"href":"https:\/\/biblian.is\/fraedsla\/wp-json\/wp\/v2\/users\/1"}],"replies":[{"embeddable":true,"href":"https:\/\/biblian.is\/fraedsla\/wp-json\/wp\/v2\/comments?post=5474"}],"version-history":[{"count":0,"href":"https:\/\/biblian.is\/fraedsla\/wp-json\/wp\/v2\/pages\/5474\/revisions"}],"up":[{"embeddable":true,"href":"https:\/\/biblian.is\/fraedsla\/wp-json\/wp\/v2\/pages\/4829"}],"wp:attachment":[{"href":"https:\/\/biblian.is\/fraedsla\/wp-json\/wp\/v2\/media?parent=5474"}],"curies":[{"name":"wp","href":"https:\/\/api.w.org\/{rel}","templated":true}]}}