{"id":5470,"date":"2019-06-13T20:55:29","date_gmt":"2019-06-13T20:55:29","guid":{"rendered":"https:\/\/biblian.is\/fraedsla\/?page_id=5470"},"modified":"2026-04-17T13:01:25","modified_gmt":"2026-04-17T13:01:25","slug":"postulasagan-24-kafli","status":"publish","type":"page","link":"https:\/\/biblian.is\/fraedsla\/ritskyring\/postulasagan-24-kafli\/","title":{"rendered":"Postulasagan 24. kafli"},"content":{"rendered":"<p><strong>24.1\u00a0<\/strong><em>Anan\u00edas&#8230;nokkrir \u00f6ldungar: <\/em>Sj\u00e1 athugagreinar vi\u00f0 23.2 (Anan\u00edas) og 4.1; 4,5; og 22.30 (allt r\u00e1\u00f0i\u00f0). Torvelt er a\u00f0 segja n\u00e1kv\u00e6mlega til um, hva\u00f0a \u00f6ldungar \u00feetta voru, en v\u00edsast hafa \u00feeir \u00e1tt s\u00e6ti \u00ed r\u00e1\u00f0inu \u00ed Jer\u00fasalem.<\/p>\n<p><strong>24.1\u00a0<\/strong><em>Tert\u00fallus nokkur m\u00e1laf\u00e6rsluma\u00f0ur: <\/em>&#8222;M\u00e1laf\u00e6rsluma\u00f0ur&#8220; merkir h\u00e9r tr\u00falega s\u00e1 sem er fr\u00f3\u00f0ur um l\u00f6g b\u00e6\u00f0i R\u00f3mverja og Gy\u00f0inga. L\u00edklega hefur Tert\u00fallus veri\u00f0 Gy\u00f0ingur, alinn upp utan Palest\u00ednu og l\u00e6r\u00f0ur \u00ed R\u00f3marr\u00e9tti.<\/p>\n<p><strong>24.5\u00a0<\/strong><em>nasarea: <\/em>H\u00e9r er or\u00f0i\u00f0 vafal\u00edti\u00f0 nota\u00f0 um fylgismenn Jes\u00fa fr\u00e1 Nasaret. En \u00fe\u00f3 g\u00e6ti Tert\u00fallus hafa \u00e1tt vi\u00f0 a\u00f0 P\u00e1ll heyr\u00f0i til flokki &#8222;nas\u00edrea&#8220;, en svo voru \u00feeir nefndir, sem unni\u00f0 h\u00f6f\u00f0u heit og veri\u00f0 v\u00edg\u00f0ir til \u00fdmissar \u00fej\u00f3nustu vi\u00f0 Gu\u00f0 um lengri e\u00f0a skemmri t\u00edma. (Sj\u00e1 athugagreinar vi\u00f0 18.18 og 21.23).<\/p>\n<p><strong>24.14\u00a0<\/strong><em>samkv\u00e6mt veginum: <\/em>Sj\u00e1 athugagrein vi\u00f0 9.2 (\u00feessa vegar).<\/p>\n<p><strong>24.14\u00a0<\/strong><em>l\u00f6gm\u00e1linu og sp\u00e1m\u00f6nnunum: <\/em>Sj\u00e1 athugagreinar vi\u00f0 8.28 (helgirit Gy\u00f0inga) og 4.5 (l\u00f6gm\u00e1l M\u00f3se).<\/p>\n<p><strong>24.21\u00a0<\/strong><em>upprisu dau\u00f0ra: <\/em>Sj\u00e1 &#8222;<a href=\"https:\/\/biblian.is\/fraedsla\/ordtakasafn\/upprisa\/\">Upprisan<\/a>&#8222;.<\/p>\n<p><strong>24.22\u00a0<\/strong><em>veginn: <\/em>Sj\u00e1 athugagrein vi\u00f0 9.2 (\u00feessa vegar).<\/p>\n<p><strong>24.24\u00a0<\/strong><em>Dr\u00fasillu: <\/em>H\u00fan var \u00feri\u00f0ja eiginkona Felix og d\u00f3ttir Her\u00f3desar Agrippu I. (Sj\u00e1 athugagrein vi\u00f0 12.1). H\u00fan haf\u00f0i gifst Azizusi konungi \u00ed Emesu \u00e1 S\u00fdrlandi \u00feegar h\u00fan var \u00e1 15. \u00e1rinu, en skildi vi\u00f0 hann til \u00feess a\u00f0 ganga a\u00f0 eiga Felix.<\/p>\n<p><strong>24.27\u00a0<\/strong><em>t\u00f3k Pork\u00edus Festus vi\u00f0 landstj\u00f3rn: <\/em>Tali\u00f0 er a\u00f0 Festus hafi veri\u00f0 landstj\u00f3ri \u00ed J\u00fadeu fr\u00e1 60 til 62 e. Kr. J\u00f3sefus, sagnaritari Gy\u00f0inga, segir hann hafa komi\u00f0 s\u00e9r \u00fat \u00far h\u00fasi hj\u00e1 Gy\u00f0ingum fyrir tvennar sakir: Hann reyndi a\u00f0 r\u00e1\u00f0a ni\u00f0url\u00f6gum hermdarverkamanna, sem k\u00f6llu\u00f0u sig &#8222;Sicarii&#8220; (mor\u00f0ingjar), og ennfremur var hann \u00ed vitor\u00f0i me\u00f0 Her\u00f3desi Agrippu um \u00fe\u00e1 fyrir\u00e6tlun hans a\u00f0 m\u00f6lva ni\u00f0ur m\u00farvegg sem byrg\u00f0i konungi s\u00fdn til helgiathafna \u00ed musterinu.<\/p>\n","protected":false},"excerpt":{"rendered":"<p>24.1\u00a0Anan\u00edas&#8230;nokkrir \u00f6ldungar: Sj\u00e1 athugagreinar vi\u00f0 23.2 (Anan\u00edas) og 4.1; 4,5; <a href=\"https:\/\/biblian.is\/fraedsla\/ritskyring\/postulasagan-24-kafli\/\"> [&#8230;]<\/a><\/p>\n","protected":false},"author":1,"featured_media":0,"parent":4829,"menu_order":0,"comment_status":"closed","ping_status":"closed","template":"","meta":{"footnotes":""},"class_list":["post-5470","page","type-page","status-publish","hentry"],"_links":{"self":[{"href":"https:\/\/biblian.is\/fraedsla\/wp-json\/wp\/v2\/pages\/5470","targetHints":{"allow":["GET"]}}],"collection":[{"href":"https:\/\/biblian.is\/fraedsla\/wp-json\/wp\/v2\/pages"}],"about":[{"href":"https:\/\/biblian.is\/fraedsla\/wp-json\/wp\/v2\/types\/page"}],"author":[{"embeddable":true,"href":"https:\/\/biblian.is\/fraedsla\/wp-json\/wp\/v2\/users\/1"}],"replies":[{"embeddable":true,"href":"https:\/\/biblian.is\/fraedsla\/wp-json\/wp\/v2\/comments?post=5470"}],"version-history":[{"count":0,"href":"https:\/\/biblian.is\/fraedsla\/wp-json\/wp\/v2\/pages\/5470\/revisions"}],"up":[{"embeddable":true,"href":"https:\/\/biblian.is\/fraedsla\/wp-json\/wp\/v2\/pages\/4829"}],"wp:attachment":[{"href":"https:\/\/biblian.is\/fraedsla\/wp-json\/wp\/v2\/media?parent=5470"}],"curies":[{"name":"wp","href":"https:\/\/api.w.org\/{rel}","templated":true}]}}