{"id":5468,"date":"2019-06-13T20:54:12","date_gmt":"2019-06-13T20:54:12","guid":{"rendered":"https:\/\/biblian.is\/fraedsla\/?page_id=5468"},"modified":"2022-12-16T13:59:26","modified_gmt":"2022-12-16T13:59:26","slug":"postulasagan-23-kafli","status":"publish","type":"page","link":"https:\/\/biblian.is\/fraedsla\/ritskyring\/postulasagan-23-kafli\/","title":{"rendered":"Postulasagan 23. kafli"},"content":{"rendered":"<p><strong>23.2\u00a0<\/strong><em>Anan\u00edas \u00e6\u00f0sti prestur: <\/em>Anan\u00edas, sonur Nedebeusar, var \u00e6\u00f0sti prestur fr\u00e1 48 til 58 e. Kr., en \u00fe\u00e1 var emb\u00e6tti\u00f0 teki\u00f0 af honum. Hann var a\u00f0 s\u00f6gn grimmdart\u00f3l. Fyrir \u00fe\u00e1 s\u00f6k, og ennfremur af \u00fev\u00ed a\u00f0 hann haf\u00f0i komi\u00f0 s\u00e9r \u00ed mj\u00fakinn hj\u00e1 r\u00f3mversku yfirv\u00f6ldunum, dr\u00e1pu hann uppreisnarmenn, landar hans, \u00ed byrjun Gy\u00f0ingastr\u00ed\u00f0sins 66.-70 e. Kr.<\/p>\n<p><strong>23.3\u00a0<\/strong><em>kalka\u00f0i veggur: <\/em>\u00dalfur \u00ed sau\u00f0arg\u00e6ru, ma\u00f0ur, sem \u00feykist betri en hann er. Sj\u00e1 og Matt. 23.27,28.<\/p>\n<p><strong>23.5\u00a0<\/strong><em>rita\u00f0 er: <\/em>Sj\u00e1 athugagrein vi\u00f0 8.35. P\u00e1ll vitnar h\u00e9r \u00ed l\u00f6gm\u00e1lsgrein \u00ed 2M\u00f3s 22.28.<\/p>\n<p><strong>23.6\u00a0<\/strong><em>sadd\u00fakear&#8230;far\u00edsear: <\/em>Sj\u00e1 athugagreinar vi\u00f0 4.1 (sadd\u00fakear) og 5.34 (far\u00edsear). P\u00e1ll vissi, a\u00f0 ver\u00f0a mundu greinir me\u00f0 \u00feessum tveimur flokkum manna, ef hann nefndi upprisu dau\u00f0ra. Sj\u00e1 og Post 26.4,5; Fil 3.5.<\/p>\n<p><strong>23.10\u00a0<\/strong><em>hersveitarforinginn: <\/em>Sj\u00e1 athugagrein vi\u00f0 21.31.<\/p>\n<p><strong>23.10\u00a0<\/strong><em>kastalann: <\/em>Sj\u00e1 athugagrein vi\u00f0 21.34.<\/p>\n<p><strong>23.14\u00a0<\/strong><em>\u00e6\u00f0stu prestanna og \u00f6ldunganna: <\/em>Sj\u00e1 athugagrein vi\u00f0 4.1. og 4.5.<\/p>\n<p><strong>23.15\u00a0<\/strong><em>r\u00e1\u00f0i\u00f0: <\/em>Sj\u00e1 athugagrein vi\u00f0 22.30.<\/p>\n<p><strong>23.16 <\/strong><em>systursonur P\u00e1ls: <\/em>Ekki er vita\u00f0 um nafn \u00feessarar systur P\u00e1ls postula, n\u00e9 heldur hva\u00f0 sonur hennar h\u00e9t.<\/p>\n<p><strong>23.17\u00a0<\/strong><em>einn hundra\u00f0sh\u00f6f\u00f0ingjann&#8230;hersveitarforingjans: <\/em>Sj\u00e1 22.25 (centurion). Sj\u00e1 og athugagrein vi\u00f0 21.31 (k\u00edl\u00edark).<\/p>\n<p><strong>23.23\u00a0<\/strong><em>Sesareu: <\/em>Sj\u00e1 athugagrein vi\u00f0 8.40. R\u00f3mverski landstj\u00f3rinn haf\u00f0i a\u00f0setur \u00ed Sesareu.<\/p>\n<p><strong>23.24\u00a0<\/strong><em>Felix landstj\u00f3ra: <\/em>Kl\u00e1d\u00edus keisari skipa\u00f0i Anton\u00edus Felix landstj\u00f3ra r\u00f3mverska skattlandsins J\u00fadeu \u00e1ri\u00f0 52 e. Kr. Hann gegndi emb\u00e6ttinu um \u00e1tta \u00e1ra bil. Gy\u00f0ingar reiddust honum mj\u00f6g, \u00feegar hann l\u00e9t drepa h\u00f3p manna, sem bei\u00f0 komu Mess\u00edasar \u00ed \u00f3bygg\u00f0um J\u00fadeu. En honum au\u00f0na\u00f0ist ekki a\u00f0 r\u00e1\u00f0a ni\u00f0url\u00f6gum svonefndra &#8222;sicarii&#8220; (mor\u00f0ingja), flokks hermdarverkamanna sem l\u00edfl\u00e9tu \u00fe\u00e1 sem gruna\u00f0ir voru um a\u00f0 vera hallir undir R\u00f3mverja. Felix vissi margt um hreyfingu fylgismanna Jes\u00fa (veginn, sj\u00e1 24.22) og sat gjarnan \u00e1 tali vi\u00f0 P\u00e1l, en h\u00e9lt honum engu a\u00f0 s\u00ed\u00f0ur f\u00f6ngnum (25.24). Mynt \u00far bronsi var slegin \u00e1 stj\u00f3rnar\u00e1rum Felix (\u00ed kringum 64 e Kr.). Til \u00feess a\u00f0 espa ekki Gy\u00f0inga umfram nau\u00f0syn var h\u00f6f\u00f0 \u00e1 peningnum mynd af p\u00e1lmatr\u00e9 heldur en a\u00f0 steypa \u00e1 hann andlitsmynd af landstj\u00f3ranum.<\/p>\n<p><strong>23.26\u00a0<\/strong><em>Kl\u00e1d\u00edus L\u00fds\u00edas: <\/em>Sj\u00e1 athugagrein vi\u00f0 21.31.<\/p>\n<p><strong>23.27 <\/strong><em>r\u00f3mverskur: <\/em>Sj\u00e1 athugagrein vi\u00f0 22.25 (r\u00f3mverskan mann).<\/p>\n<p><strong>23.29\u00a0<\/strong><em>k\u00e6r\u00f0ur vegna \u00e1greinings um l\u00f6gm\u00e1l \u00feeirra: <\/em>R\u00f3mverjar leyf\u00f0u Gy\u00f0ingum a\u00f0 d\u00e6ma \u00ed m\u00e1lum, sem heyr\u00f0u undir eigin l\u00f6g \u00feeirra og si\u00f0i, svo fremi ekki bryti \u00ed b\u00e1ga vi\u00f0 R\u00f3marr\u00e9ttinn ellegar ylli upp\u00feotum. \u00dear e\u00f0 P\u00e1ll postuli var r\u00f3mverskur borgari, leit hersveitarforinginn \u00e1 \u00fea\u00f0 sem skyldu s\u00edna a\u00f0 standa v\u00f6r\u00f0 um r\u00e9ttindi hans.<\/p>\n<p><strong>23.31\u00a0<\/strong><em>Ant\u00edpatris: <\/em>Herst\u00f6\u00f0 fyrir nor\u00f0an Jer\u00fasalem, sem Her\u00f3des mikli reisti \u00far r\u00fastum og nefndi eftir Ant\u00edpater, f\u00f6\u00f0ur s\u00ednum.<\/p>\n<p><strong>23.33\u00a0<\/strong><em>landstj\u00f3ranum: <\/em>Sj\u00e1 athugagrein vi\u00f0 23.24.<\/p>\n<p><strong>23.34\u00a0<\/strong><em>Kilik\u00edu: <\/em>Sj\u00e1 athugagreinar vi\u00f0 6.9 (Kilik\u00eda) og 9.11 (Tarsus).<\/p>\n<p><strong>23.35\u00a0<\/strong><em>h\u00f6ll Her\u00f3desar: <\/em>\u00c1 \u00feessari st\u00f3ru og r\u00edkmannlegu h\u00f6ll, sem Her\u00f3des mikli l\u00e9t reisa, voru \u00fer\u00edr h\u00e1ir turnar. Umhverfis hana voru lystigar\u00f0ar, sundlaugar og gosbrunnar. Innan dyra voru veislusalir og gestaherbergi handa um hundra\u00f0 manns. \u00c1 d\u00f6gum P\u00e1ls postula h\u00f6f\u00f0ust \u00fear vi\u00f0 r\u00f3mversku landstj\u00f3rarnir \u00ed Palest\u00ednu. A\u00f0 lokinni uppreisn Gy\u00f0inga 66.-70 e. Kr. var ekkert eftir heilt af h\u00f6llinni nema turnarnir, en einnig \u00feeir voru ey\u00f0ilag\u00f0ir s\u00ed\u00f0ar.<\/p>\n","protected":false},"excerpt":{"rendered":"<p>23.2\u00a0Anan\u00edas \u00e6\u00f0sti prestur: Anan\u00edas, sonur Nedebeusar, var \u00e6\u00f0sti prestur fr\u00e1 <a href=\"https:\/\/biblian.is\/fraedsla\/ritskyring\/postulasagan-23-kafli\/\"> [&#8230;]<\/a><\/p>\n","protected":false},"author":1,"featured_media":0,"parent":4829,"menu_order":0,"comment_status":"closed","ping_status":"closed","template":"","meta":{"footnotes":""},"class_list":["post-5468","page","type-page","status-publish","hentry"],"_links":{"self":[{"href":"https:\/\/biblian.is\/fraedsla\/wp-json\/wp\/v2\/pages\/5468","targetHints":{"allow":["GET"]}}],"collection":[{"href":"https:\/\/biblian.is\/fraedsla\/wp-json\/wp\/v2\/pages"}],"about":[{"href":"https:\/\/biblian.is\/fraedsla\/wp-json\/wp\/v2\/types\/page"}],"author":[{"embeddable":true,"href":"https:\/\/biblian.is\/fraedsla\/wp-json\/wp\/v2\/users\/1"}],"replies":[{"embeddable":true,"href":"https:\/\/biblian.is\/fraedsla\/wp-json\/wp\/v2\/comments?post=5468"}],"version-history":[{"count":0,"href":"https:\/\/biblian.is\/fraedsla\/wp-json\/wp\/v2\/pages\/5468\/revisions"}],"up":[{"embeddable":true,"href":"https:\/\/biblian.is\/fraedsla\/wp-json\/wp\/v2\/pages\/4829"}],"wp:attachment":[{"href":"https:\/\/biblian.is\/fraedsla\/wp-json\/wp\/v2\/media?parent=5468"}],"curies":[{"name":"wp","href":"https:\/\/api.w.org\/{rel}","templated":true}]}}