{"id":5466,"date":"2019-06-13T20:52:45","date_gmt":"2019-06-13T20:52:45","guid":{"rendered":"https:\/\/biblian.is\/fraedsla\/?page_id=5466"},"modified":"2026-04-17T13:01:25","modified_gmt":"2026-04-17T13:01:25","slug":"postulasagan-22-kafli","status":"publish","type":"page","link":"https:\/\/biblian.is\/fraedsla\/ritskyring\/postulasagan-22-kafli\/","title":{"rendered":"Postulasagan 22. kafli"},"content":{"rendered":"<p><strong>22.3,4 <\/strong><em>Gamal\u00edels&#8230;\u00feessa vegar: <\/em>Sj\u00e1 athugagreinar vi\u00f0 5.34 (Gamal\u00edel) og 9.2 (\u00feessa vegar).<\/p>\n<p><strong>22.5 <\/strong><em>\u00c6\u00f0sti presturinn og allt \u00f6ldungar\u00e1\u00f0i\u00f0: <\/em>Sj\u00e1 athugagarein ar vi\u00f0 5.17 og 5.21.<\/p>\n<p><strong>22.5\u00a0<\/strong><em>Damaskus: <\/em>Sj\u00e1 athugagrein vi\u00f0 9.2 (Damaskus).<\/p>\n<p><strong>22.14\u00a0<\/strong><em>a\u00f0 sj\u00e1 Hinn r\u00e9ttl\u00e1ta: <\/em>\u00c1tt er vi\u00f0 Jes\u00fa.<\/p>\n<p><strong>22.16\u00a0<\/strong><em>l\u00e1t sk\u00edrast og laugast af syndum \u00fe\u00ednum: <\/em>Sj\u00e1 athugagrein vi\u00f0 1.5 (sk\u00edr\u00f0i me\u00f0 vatni).<\/p>\n<p><strong>22.6-16\u00a0<\/strong>Dan 10.7; Post 9.3-19<\/p>\n<p><strong>22.20\u00a0<\/strong><em>Stef\u00e1ns: <\/em>Sj\u00e1 Post 7.58-8.3 og athugagrein vi\u00f0 6.3 (sj\u00f6&#8230;menn).<\/p>\n<p><strong>22.24 <\/strong><em>hersveitarforinginn: <\/em>Sj\u00e1 athugagrein vi\u00f0 21.31.<\/p>\n<p><strong>22.24\u00a0<\/strong><em>kastalann: <\/em>Sj\u00e1 athugagrein vi\u00f0 21.34.<\/p>\n<p><strong>22.25 <\/strong><em>hundra\u00f0sh\u00f6f\u00f0ingjann: <\/em>\u00c1 gr\u00edsku &#8222;centurion&#8220;. Sj\u00e1 athugagrein vi\u00f0 10.1 (Kornel\u00edus).<\/p>\n<p><strong>22.25 <\/strong><em>r\u00f3mverskan mann: <\/em>P\u00e1ll postuli var r\u00f3mverskur borgari. \u00dev\u00ed fylgdu \u00fdmis r\u00e9ttindi eins og t.d. a\u00f0 mega skj\u00f3ta m\u00e1lum s\u00ednum til keisarans. A\u00f0eins minni hluti \u00feegna r\u00f3mverska r\u00edkisins haf\u00f0i \u00feennan borgarar\u00e9tt. \u00deeir m\u00e1ttu kj\u00f3sa, sitja \u00ed emb\u00e6ttum, ganga \u00ed l\u00f6glegt hj\u00f3naband og eiga eignir. \u00c1 m\u00f3ti komu vissar skyldur: a\u00f0 grei\u00f0a skatta og gegna her\u00fej\u00f3nustu.<\/p>\n<p><strong>22.30\u00a0<\/strong><em>\u00e6\u00f0stu prestarnir og allt r\u00e1\u00f0i\u00f0: <\/em>Sj\u00e1 athugagreinar vi\u00f0 4.1; 4.5 og 5.21. \u00dea\u00f0 var \u00ed valdi \u00feessa r\u00e1\u00f0s a\u00f0 k\u00e6ra menn fyrir brot \u00e1 l\u00f6gum Gy\u00f0inga, d\u00e6ma \u00ed sl\u00edkum m\u00e1lum og \u00e1kvar\u00f0a h\u00e6filega refsingu.<\/p>\n","protected":false},"excerpt":{"rendered":"<p>22.3,4 Gamal\u00edels&#8230;\u00feessa vegar: Sj\u00e1 athugagreinar vi\u00f0 5.34 (Gamal\u00edel) og 9.2 <a href=\"https:\/\/biblian.is\/fraedsla\/ritskyring\/postulasagan-22-kafli\/\"> [&#8230;]<\/a><\/p>\n","protected":false},"author":1,"featured_media":0,"parent":4829,"menu_order":0,"comment_status":"closed","ping_status":"closed","template":"","meta":{"footnotes":""},"class_list":["post-5466","page","type-page","status-publish","hentry"],"_links":{"self":[{"href":"https:\/\/biblian.is\/fraedsla\/wp-json\/wp\/v2\/pages\/5466","targetHints":{"allow":["GET"]}}],"collection":[{"href":"https:\/\/biblian.is\/fraedsla\/wp-json\/wp\/v2\/pages"}],"about":[{"href":"https:\/\/biblian.is\/fraedsla\/wp-json\/wp\/v2\/types\/page"}],"author":[{"embeddable":true,"href":"https:\/\/biblian.is\/fraedsla\/wp-json\/wp\/v2\/users\/1"}],"replies":[{"embeddable":true,"href":"https:\/\/biblian.is\/fraedsla\/wp-json\/wp\/v2\/comments?post=5466"}],"version-history":[{"count":0,"href":"https:\/\/biblian.is\/fraedsla\/wp-json\/wp\/v2\/pages\/5466\/revisions"}],"up":[{"embeddable":true,"href":"https:\/\/biblian.is\/fraedsla\/wp-json\/wp\/v2\/pages\/4829"}],"wp:attachment":[{"href":"https:\/\/biblian.is\/fraedsla\/wp-json\/wp\/v2\/media?parent=5466"}],"curies":[{"name":"wp","href":"https:\/\/api.w.org\/{rel}","templated":true}]}}