{"id":5464,"date":"2019-06-13T20:51:52","date_gmt":"2019-06-13T20:51:52","guid":{"rendered":"https:\/\/biblian.is\/fraedsla\/?page_id=5464"},"modified":"2026-04-17T13:01:25","modified_gmt":"2026-04-17T13:01:25","slug":"postulasagan-21-kafli","status":"publish","type":"page","link":"https:\/\/biblian.is\/fraedsla\/ritskyring\/postulasagan-21-kafli\/","title":{"rendered":"Postulasagan 21. kafli"},"content":{"rendered":"<p><strong>21.1 <\/strong><em>l\u00e9tum vi\u00f0 \u00ed haf: <\/em>Sj\u00e1 athugagrein vi\u00f0 16.10.<\/p>\n<p><strong>21.1-3 <\/strong><em>K\u00f3s&#8230;F\u00f6nik\u00edu&#8230;T\u00fdrus:<\/em>Fr\u00e1 K\u00f3s var daglei\u00f0 \u00e1 sj\u00f3 til R\u00f3dos, h\u00f6fu\u00f0sta\u00f0ar samnefndrar eyju, og jafnlangt a\u00f0 kalla fr\u00e1 R\u00f3dos til Patara. \u00dear steig P\u00e1ll \u00e1 skipsfj\u00f6l og sigldi yfir Mi\u00f0jar\u00f0arhafi\u00f0 til F\u00f6nik\u00edu (sj\u00e1 athugagrein vi\u00f0 11.19,20). \u00dear var T\u00fdrus ein helsta borgin. F\u00f6nik\u00eda er h\u00e9r l\u00edka nefnd S\u00fdrland.<\/p>\n<p><strong>21.7,8\u00a0<\/strong><em>Pt\u00f3lemais&#8230;&#8230;Sesareu: <\/em>Pt\u00f3lemais g\u00e9kk upphaflega undir nafninu Akk\u00f3. \u00c1 valdat\u00edma Grikkja (sem lauk um 200 f. Kr.) var borgin l\u00e1ta heita \u00ed h\u00f6fu\u00f0i\u00f0 \u00e1 konunga\u00e6ttinni, Pt\u00f3lemeunum svonefndu. R\u00f3mverjar n\u00e1\u00f0u borginni \u00e1 sitt vald \u00e1ri\u00f0 65 f. Kr. Sj\u00e1 athugagrein vi\u00f0 8.40 (Sesarea).<\/p>\n<p><strong>21.8\u00a0<\/strong><em>Filippusar tr\u00fabo\u00f0a: <\/em>Sj\u00e1 athugagrein vi\u00f0 6.3 (sj\u00f6&#8230;menn). Sj\u00e1 og 6.5; 8.5,26-40.<\/p>\n<p><strong>21.9\u00a0<\/strong><em>g\u00e6ddar sp\u00e1d\u00f3msg\u00e1fu: <\/em>Sj\u00e1 athugagreinar vi\u00f0 3.24 og 11.28 (Agabus).<\/p>\n<p><strong>21.9\u00a0<\/strong><em>\u00f3giftar: <\/em>E\u00f0a &#8222;meyjar.&#8220;<\/p>\n<p><strong>21.10\u00a0<\/strong><em>sp\u00e1ma\u00f0ur&#8230;Agabus: <\/em>Sj\u00e1 11.28 og athugagrein.<\/p>\n<p><strong>21.10\u00a0<\/strong><em>J\u00fadeu: <\/em>Sj\u00e1 athugagreinar vi\u00f0 1.8 og 15.1.<\/p>\n<p><strong>21.11\u00a0<\/strong><em>hei\u00f0ingjum: <\/em>H\u00e9r \u00e1 Agabus vi\u00f0 yfirv\u00f6ldin, sem ekki voru gy\u00f0ingatr\u00faar.<\/p>\n<p><strong>21.16\u00a0<\/strong><em>Mnason: <\/em>Meira er ekki vita\u00f0 um Mnason \u00feennan, en hann hefur varla b\u00fai\u00f0 giska \u00fer\u00f6ngt fyrst hann gat h\u00fdst svo marga gesti.<\/p>\n<p><strong>21.18\u00a0<\/strong><em>Jakobs: <\/em>Br\u00f3\u00f0ur Jes\u00fa, sj\u00e1 athugagrein vi\u00f0 12.17.<\/p>\n<p><strong>21.20 <\/strong><em>vandl\u00e1tir um l\u00f6gm\u00e1li\u00f0: <\/em>Sj\u00e1 athugagrein vi\u00f0 15.5 (far\u00edsear) og 4.5 (h\u00f6f\u00f0ingjarnir&#8230;fr\u00e6\u00f0imennirnir).<\/p>\n<p><strong>21.21\u00a0<\/strong><em>umskera b\u00f6rn s\u00edn: <\/em>Sj\u00e1 athugagrein vi\u00f0 7.8.<\/p>\n<p><strong>21.23\u00a0<\/strong><em>fj\u00f3rir menn sem heit hv\u00edlir \u00e1: <\/em>H\u00e9r er \u00e1tt vi\u00f0 heit nas\u00edrea (4M\u00f3s 6.5,13-21; 8.5). Sj\u00e1 og athugagrein vi\u00f0 18.18 (skera h\u00e1r sitt).<\/p>\n<p><strong>21.26\u00a0<\/strong><em>hreinsunardagarnir v\u00e6ru \u00e1 enda: <\/em>H\u00e9r r\u00e6\u00f0ir um nokku\u00f0 af \u00feeim heitum, sem nas\u00edrear unnu og drepi\u00f0 er \u00e1 \u00ed 21.23,24.<\/p>\n<p><strong>21.27\u00a0<\/strong><em>Gy\u00f0ingar fr\u00e1 As\u00edu: <\/em>\u00deeir voru tr\u00falega \u00ed Jer\u00fasalem \u00ed tilefni af hv\u00edtasunnuh\u00e1t\u00ed\u00f0inni. Sj\u00e1 20.16 og athugagrein vi\u00f0 16.6 (As\u00eda).<\/p>\n<p><strong>21.27,28\u00a0<\/strong><em>helgid\u00f3minum&#8230;fari\u00f0 me\u00f0 Grikki inn \u00ed helgid\u00f3minn: <\/em>Sj\u00e1 athugagrein vi\u00f0 3.1 (helgid\u00f3minn). L\u00f6gm\u00e1l Gy\u00f0inga m\u00e6lti svo fyrir, a\u00f0 hei\u00f0ingjum (f\u00f3lki, sem ekki var gy\u00f0ingatr\u00faar) m\u00e6tti ekki hleypa inn \u00ed musteri\u00f0 sj\u00e1lft, heldur a\u00f0eins \u00ed svokalla\u00f0an forgar\u00f0 hei\u00f0ingjanna.<\/p>\n<p><strong>21.29\u00a0<\/strong><em>Tr\u00f3f\u00edmus fr\u00e1 Efesus: <\/em>Tr\u00f3f\u00edmus var hei\u00f0ingi (Gy\u00f0ingar notu\u00f0u \u00fea\u00f0 or\u00f0 um \u00fe\u00e1, sem voru annarrar tr\u00faar en \u00feeir). \u00d3l\u00edklegt er, a\u00f0 P\u00e1ll hafi fari\u00f0 me\u00f0 hann inn \u00ed musteri\u00f0, \u00fev\u00ed \u00fe\u00e1 hef\u00f0i hann stofna\u00f0 l\u00edfi Tr\u00f3f\u00edmusar \u00ed h\u00e6ttu. Sj\u00e1 Post 20.4.<\/p>\n<p><strong>21.31\u00a0<\/strong><em>hersveitarforingjanum: <\/em>Gr\u00edska or\u00f0i\u00f0 yfir &#8222;hersveitarforingi&#8220; er<em>k\u00edl\u00edark,<\/em>\u00fe.e. s\u00e1 sem r\u00e6\u00f0ur fyrir \u00fe\u00fasund manna herdeild. Vera m\u00e1, a\u00f0 \u00feetta s\u00e9 sami h\u00f6fu\u00f0sma\u00f0ur og nefndur er me\u00f0 nafni \u00ed 23.26 og heitir \u00fe\u00e1 Kl\u00e1d\u00edus L\u00fds\u00edas.<\/p>\n<p><strong>21.34\u00a0<\/strong><em>kastalann: <\/em>\u00deetta er Anton\u00edusar-virki\u00f0, \u00fea\u00f0an sem s\u00e1 yfir musterissv\u00e6\u00f0i\u00f0 \u00far nor\u00f0-nor\u00f0vestri. \u00derep l\u00e1gu fr\u00e1 musterisreitnum upp \u00ed virki\u00f0. \u00dear innan m\u00fara h\u00f6f\u00f0ust hermenn vi\u00f0 \u00ed sk\u00e1lum.<\/p>\n<p><strong>21.38 <\/strong><em>Egyptinn sem \u00e6sti til uppreisnar: <\/em>J\u00f3sefus, s\u00f6guritari Gy\u00f0inga (37-100 e.Kr.), skrifar \u00e1 einum sta\u00f0 um Egypta sem var falssp\u00e1ma\u00f0ur. F\u00e1um \u00e1rum \u00e1\u00f0ur en \u00feetta bar til, haf\u00f0i hann fari\u00f0 fyrir flokki hry\u00f0juverkamanna \u00fat til Ol\u00edufjallsins. R\u00f3mverskir hermann dr\u00e1pu m\u00f6rg hundru\u00f0 \u00feeirra, en foringinn komst l\u00edfs af.<\/p>\n<p><strong>21.39\u00a0<\/strong><em>Tarsus \u00ed Kilik\u00edu: <\/em>Sj\u00e1 athugagreinar vi\u00f0 9.11 (Tarsus) og 6.9 (Kilik\u00eda).<\/p>\n<p><strong>21.40\u00a0<\/strong><em>\u00e1 hebreska tungu: <\/em>Sj\u00e1 athugagrein vi\u00f0 6.1.<\/p>\n","protected":false},"excerpt":{"rendered":"<p>21.1 l\u00e9tum vi\u00f0 \u00ed haf: Sj\u00e1 athugagrein vi\u00f0 16.10. 21.1-3 <a href=\"https:\/\/biblian.is\/fraedsla\/ritskyring\/postulasagan-21-kafli\/\"> [&#8230;]<\/a><\/p>\n","protected":false},"author":1,"featured_media":0,"parent":4829,"menu_order":0,"comment_status":"closed","ping_status":"closed","template":"","meta":{"footnotes":""},"class_list":["post-5464","page","type-page","status-publish","hentry"],"_links":{"self":[{"href":"https:\/\/biblian.is\/fraedsla\/wp-json\/wp\/v2\/pages\/5464","targetHints":{"allow":["GET"]}}],"collection":[{"href":"https:\/\/biblian.is\/fraedsla\/wp-json\/wp\/v2\/pages"}],"about":[{"href":"https:\/\/biblian.is\/fraedsla\/wp-json\/wp\/v2\/types\/page"}],"author":[{"embeddable":true,"href":"https:\/\/biblian.is\/fraedsla\/wp-json\/wp\/v2\/users\/1"}],"replies":[{"embeddable":true,"href":"https:\/\/biblian.is\/fraedsla\/wp-json\/wp\/v2\/comments?post=5464"}],"version-history":[{"count":0,"href":"https:\/\/biblian.is\/fraedsla\/wp-json\/wp\/v2\/pages\/5464\/revisions"}],"up":[{"embeddable":true,"href":"https:\/\/biblian.is\/fraedsla\/wp-json\/wp\/v2\/pages\/4829"}],"wp:attachment":[{"href":"https:\/\/biblian.is\/fraedsla\/wp-json\/wp\/v2\/media?parent=5464"}],"curies":[{"name":"wp","href":"https:\/\/api.w.org\/{rel}","templated":true}]}}