{"id":5462,"date":"2019-06-13T20:49:54","date_gmt":"2019-06-13T20:49:54","guid":{"rendered":"https:\/\/biblian.is\/fraedsla\/?page_id=5462"},"modified":"2022-12-16T13:59:25","modified_gmt":"2022-12-16T13:59:25","slug":"postulasagan-20-kafli","status":"publish","type":"page","link":"https:\/\/biblian.is\/fraedsla\/ritskyring\/postulasagan-20-kafli\/","title":{"rendered":"Postulasagan 20. kafli"},"content":{"rendered":"<p><strong>20.1,2 <\/strong><em>Maked\u00f3n\u00edu&#8230;Grikklands: <\/em>Sj\u00e1 athugagrein vi\u00f0 16.9 (Maked\u00f3n\u00eda). &#8222;Grikkland&#8220; stendur h\u00e9r v\u00edsast fyrir Korintuborg \u00ed Akkeu.<\/p>\n<p><strong>20.4\u00a0<\/strong><em>S\u00f3pater&#8230;Tr\u00f3f\u00edmus: <\/em>\u00deessir reisubr\u00e6\u00f0ur P\u00e1ls geta hafa veri\u00f0 fulltr\u00faar hinna \u00fdmsu safna\u00f0a, sendir me\u00f0 f\u00e1t\u00e6krastyrk til m\u00f3\u00f0urkirkjunnar \u00ed Jer\u00fasalem. \u00der\u00edr voru fr\u00e1 Maked\u00f3n\u00edu, tveir \u00far As\u00edu og tveir fr\u00e1 Galatalandi.<\/p>\n<p>S\u00f3pater getur veri\u00f0 sami ma\u00f0ur og heitir S\u00f3s\u00edpater \u00ed R\u00f3m 16.21. Sj\u00e1 athugagrein vi\u00f0 19.29 (Aristarkus). Sek\u00fandusi breg\u00f0ur hvergi annars sta\u00f0ar fyrir en h\u00e9r. Gajus fr\u00e1 Derbe \u00ed Galatalandi er l\u00edklega ekki Gajus \u00ed 19.29, enda var s\u00e1 fr\u00e1 Maked\u00f3n\u00edu. Sj\u00e1 athugagrein vi\u00f0 16.1 (T\u00edm\u00f3teus). T\u00fdk\u00edkus var samverkama\u00f0ur P\u00e1ls \u00ed As\u00edu (Ef 6.21-22; Kol 4.7-9; 2T\u00edm 4.12; T\u00edt 3.12). Tr\u00f3f\u00edmus er nefndur aftur \u00ed Post 21.29 og 2T\u00edm 4.20.<\/p>\n<p><strong>20.5\u00a0<\/strong><em>Tr\u00f3as: <\/em>Sj\u00e1 athugagrein vi\u00f0 16.7,8.<\/p>\n<p><strong>20.6\u00a0<\/strong><em>daga \u00f3s\u00fdr\u00f0u brau\u00f0anna: <\/em>Sj\u00e1 athugagrein vi\u00f0 12.3 (<a href=\"https:\/\/biblian.is\/fraedsla\/ordtakasafn\/paskar-og-hatid-osyrdu-braudanna\/\">H\u00e1t\u00ed\u00f0 \u00f3s\u00fdr\u00f0u brau\u00f0anna<\/a>).<\/p>\n<p><strong>20.6\u00a0<\/strong><em>Filipp\u00ed: <\/em>Sj\u00e1 athugagrein vi\u00f0 16.11,12.<\/p>\n<p><strong>20.7\u00a0<\/strong><em>Fyrsta dag vikunnar: <\/em>Sunnudagur var fyrsti dagur vikunnar. Gy\u00f0ingar segja hvern dag byrja vi\u00f0 s\u00f3lsetur. \u00dev\u00ed er tr\u00falegt a\u00f0 \u00feessi kv\u00f6ldm\u00e1lt\u00ed\u00f0 hafi veri\u00f0 h\u00f6f\u00f0 um h\u00f6nd eftir a\u00f0 s\u00f3l var gengin til vi\u00f0ar \u00e1 laugardagskv\u00f6ldi.<\/p>\n<p><strong>20.7\u00a0<\/strong><em>brj\u00f3ta brau\u00f0i\u00f0: <\/em>Sj\u00e1 athugagrein vi\u00f0 2.42.<\/p>\n<p><strong>20.13\u00a0<\/strong><em>Assus: <\/em>\u00dear e\u00f0 samfer\u00f0amennirnir \u00feurftu a\u00f0 sigla fyrir skagann um 65 km. lei\u00f0, getur \u00fea\u00f0 sta\u00f0ist a\u00f0 \u00feeir hafi komi\u00f0 til Assus um l\u00edkt leyti og P\u00e1ll, sem haf\u00f0i kosi\u00f0 a\u00f0 fara \u00feanga\u00f0 f\u00f3tgangandi fr\u00e1 Tr\u00f3as.<\/p>\n<p><strong>20.14,15\u00a0<\/strong><em>Mit\u00fdlene&#8230;M\u00edletus: <\/em>Mit\u00fdlene heitir h\u00f6fn \u00e1 su\u00f0austurstr\u00f6nd eyjarinnar Lesbos. K\u00edos er mikil ey \u00fati fyrir As\u00edustr\u00f6ndum. P\u00e1ll er \u00e1 hra\u00f0fer\u00f0 og r\u00e6\u00f0ur \u00fev\u00ed af a\u00f0 sigla ekki til hafnar \u00ed Efesus (sj\u00e1 athugagrein vi\u00f0 16.6). \u00deess \u00ed sta\u00f0 sigla \u00feeir f\u00e9lagar raklei\u00f0is til Samos og \u00fea\u00f0an til M\u00edletus.<\/p>\n<p><strong>20.16\u00a0<\/strong><em>hv\u00edtasunnudag: <\/em>Sj\u00e1 athugagrein vi\u00f0 2.1. P\u00e1ll haf\u00f0i veri\u00f0 \u00ed Makd\u00f3n\u00edu \u00e1 p\u00e1skum, sennilega \u00ed Filipp\u00ed (20.5,6). Hann haf\u00f0i \u00fev\u00ed f\u00e6rri en 50 daga til \u00feess a\u00f0 komast \u00fea\u00f0an til Jer\u00fasalem og taka \u00fe\u00e1tt \u00ed h\u00e1t\u00ed\u00f0arh\u00f6ldum hvt\u00edasunnunnar \u00fear.<\/p>\n<p><strong>20.17\u00a0<\/strong><em>Efesus: <\/em>Efesus var daglei\u00f0 \u00ed nor\u00f0ur fr\u00e1 M\u00edletus. (R\u00fastir Efesusborgar eru n\u00e6rri Seljuq-\u00feorpi \u00ed Izmir-h\u00e9ra\u00f0i \u00ed Tyrklandi n\u00fana). \u00de\u00f3tt P\u00e1ll vildi fl\u00fdta f\u00f6r sinni til Jer\u00fasalem og n\u00e1 \u00feanga\u00f0 fyrir hv\u00edtasunnu, gaf hann s\u00e9r samt t\u00edma til \u00feess a\u00f0 r\u00e6\u00f0a vi\u00f0 \u00f6ldunga safna\u00f0arins \u00ed Efesus.<\/p>\n<p><strong>20.22 <\/strong><em>Jer\u00fasalem, kn\u00fainn af andanum: <\/em>Jer\u00fasalemsborg var mi\u00f0st\u00f6\u00f0 gu\u00f0sd\u00fdrkunar Gy\u00f0inga og vagga frumkirkjunnar. P\u00e1ll vissi, a\u00f0 lei\u00f0toga Gy\u00f0inga og l\u00e6risveina Jes\u00fa greindi enn \u00e1. \u00dea\u00f0 v\u00e6ri \u00fev\u00ed langt \u00ed fr\u00e1 h\u00e6ttulaust a\u00f0 fara til Jer\u00fasalem. En hann var kn\u00fainn af heil\u00f6gum anda.<\/p>\n<p><strong>20.24\u00a0<\/strong>Sbr. 2T\u00edm 4.7.<\/p>\n<p><strong>20.25\u00a0<\/strong><em>r\u00edki\u00f0: <\/em>Sj\u00e1 athugagrein vi\u00f0 1.3.<\/p>\n<p><strong>20.28 <\/strong><em>me\u00f0 s\u00ednu eigin bl\u00f3\u00f0i: <\/em>E\u00f0a &#8222;me\u00f0 bl\u00f3\u00f0i sonar s\u00edns.&#8220;<\/p>\n<p><strong>20.34\u00a0<\/strong><em>\u00feessar hendur unnu: <\/em>Sj\u00e1 athugagrein vi\u00f0 18.3.<\/p>\n","protected":false},"excerpt":{"rendered":"<p>20.1,2 Maked\u00f3n\u00edu&#8230;Grikklands: Sj\u00e1 athugagrein vi\u00f0 16.9 (Maked\u00f3n\u00eda). &#8222;Grikkland&#8220; stendur h\u00e9r <a href=\"https:\/\/biblian.is\/fraedsla\/ritskyring\/postulasagan-20-kafli\/\"> [&#8230;]<\/a><\/p>\n","protected":false},"author":1,"featured_media":0,"parent":4829,"menu_order":0,"comment_status":"closed","ping_status":"closed","template":"","meta":{"footnotes":""},"class_list":["post-5462","page","type-page","status-publish","hentry"],"_links":{"self":[{"href":"https:\/\/biblian.is\/fraedsla\/wp-json\/wp\/v2\/pages\/5462","targetHints":{"allow":["GET"]}}],"collection":[{"href":"https:\/\/biblian.is\/fraedsla\/wp-json\/wp\/v2\/pages"}],"about":[{"href":"https:\/\/biblian.is\/fraedsla\/wp-json\/wp\/v2\/types\/page"}],"author":[{"embeddable":true,"href":"https:\/\/biblian.is\/fraedsla\/wp-json\/wp\/v2\/users\/1"}],"replies":[{"embeddable":true,"href":"https:\/\/biblian.is\/fraedsla\/wp-json\/wp\/v2\/comments?post=5462"}],"version-history":[{"count":0,"href":"https:\/\/biblian.is\/fraedsla\/wp-json\/wp\/v2\/pages\/5462\/revisions"}],"up":[{"embeddable":true,"href":"https:\/\/biblian.is\/fraedsla\/wp-json\/wp\/v2\/pages\/4829"}],"wp:attachment":[{"href":"https:\/\/biblian.is\/fraedsla\/wp-json\/wp\/v2\/media?parent=5462"}],"curies":[{"name":"wp","href":"https:\/\/api.w.org\/{rel}","templated":true}]}}