{"id":5460,"date":"2019-06-13T20:48:13","date_gmt":"2019-06-13T20:48:13","guid":{"rendered":"https:\/\/biblian.is\/fraedsla\/?page_id=5460"},"modified":"2026-04-17T13:01:24","modified_gmt":"2026-04-17T13:01:24","slug":"postulasagan-19-kafli","status":"publish","type":"page","link":"https:\/\/biblian.is\/fraedsla\/ritskyring\/postulasagan-19-kafli\/","title":{"rendered":"Postulasagan 19. kafli"},"content":{"rendered":"<p><strong>19.2\u00a0<\/strong><em>heilagan anda: <\/em>Sj\u00e1 um <a href=\"https:\/\/biblian.is\/fraedsla\/ordtakasafn\/heilagur-andi\/\">Heilagan anda<\/a>.<\/p>\n<p><strong>19.6\u00a0<\/strong><em>kom heilagur andi yfir \u00fe\u00e1: <\/em>Heilagur andi kom yfir \u00feessa l\u00e6risveina, \u00feegar \u00feeir h\u00f6f\u00f0u veri\u00f0 sk\u00edr\u00f0ir til nafns Drottins Jes\u00fa og P\u00e1ll haf\u00f0i lagt hendur yfir \u00fe\u00e1. H\u00e9r eru nefndar tv\u00e6r andag\u00e1fur, sem \u00feeir hlutu: sp\u00e1d\u00f3msg\u00e1fa og tungutal. Sj\u00e1 og Post 2.4,11; 10.44-46.<\/p>\n<p><strong>19.8\u00a0<\/strong><em>Gu\u00f0s r\u00edki: <\/em>Sj\u00e1 athugagrein vi\u00f0 1.3.<\/p>\n<p><strong>19.9\u00a0<\/strong><em>veginum: <\/em>Sj\u00e1 athugagrein vi\u00f0 9.2 (vegurinn).<\/p>\n<p><strong>19.9\u00a0<\/strong><em>\u00ed sk\u00f3la T\u00fdrannusar: <\/em>Tr\u00falega er \u00e1tt vi\u00f0 alkunnan fyrirlestrasal \u00ed umsj\u00e1 e\u00f0a eigu T\u00fdannusar einhvers, sem kann a\u00f0 hafa veri\u00f0 heimspekingur og kennari sj\u00e1lfur.<\/p>\n<p><strong>19.10\u00a0<\/strong><em>As\u00edu: <\/em>Sj\u00e1 athugagrein vi\u00f0 16.6 (Fr\u00fdg\u00edu og Galataland&#8230;As\u00edu).<\/p>\n<p><strong>19.14\u00a0<\/strong><em>synir&#8230;Skeva: <\/em>Skeva og synir hans kunna a\u00f0 hafa veri\u00f0 skyldir fj\u00f6lskyldu \u00e6\u00f0sta prestsins \u00ed Jer\u00fasalem, en \u00e6\u00f0sti prestur voru hvorki hann n\u00e9 synir hans.<\/p>\n<p><strong>19.17\u00a0<\/strong><em>Grikkjum: <\/em>Svo \u00ed handritum. Sj\u00e1 athugagrein vi\u00f0 14.1.<\/p>\n<p><strong>19.19\u00a0<\/strong><em>fari\u00f0 h\u00f6f\u00f0u me\u00f0 kukl: <\/em>Rifrildi af fornum handritum hafa fundist \u00ed Efesus og er helst a\u00f0 sj\u00e1 a\u00f0 skrifa\u00f0ar hafi veri\u00f0 \u00e1 \u00feau einhvers konar t\u00f6fra\u00feulur og dulm\u00e1l. Af \u00feessu hafa menn \u00fe\u00f3st mega r\u00e1\u00f0a, a\u00f0 galdrakindur og sei\u00f0skrattar hafi hafst vi\u00f0 \u00ed borginni.<\/p>\n<p><strong>19.21\u00a0<\/strong><em>Maked\u00f3n\u00edu og Akkeu&#8230;.Jer\u00fasalem&#8230;R\u00f3m: <\/em>Sj\u00e1 athugagreinar vi\u00f0 16.9 (Maked\u00f3n\u00eda) og 18.27 (Akkea). \u00c1 annarri kristinbo\u00f0sfer\u00f0 sinni haf\u00f0i P\u00e1ll fari\u00f0 um Akkeu og vildi n\u00fa koma \u00fear vi\u00f0 aftur og vita hvernig s\u00f6fnu\u00f0unum farna\u00f0ist \u00e1\u00f0ur en hann h\u00e9ldi til Jer\u00faaselm a\u00f0 segja postulunum fr\u00e1 fer\u00f0um s\u00ednum og hvern \u00e1rangur \u00fe\u00e6r hef\u00f0u bori\u00f0. Sj\u00e1 og athugagrein vi\u00f0 28.14 (R\u00f3m).<\/p>\n<p><strong>19.21\u00a0<\/strong><em>t\u00f3k P\u00e1ll \u00fe\u00e1 \u00e1kv\u00f6r\u00f0un: <\/em>E\u00f0a &#8222;bl\u00e9s heilagur andi P\u00e1li \u00fev\u00ed \u00ed brj\u00f3st.&#8220;<\/p>\n<p><strong>19.22 <\/strong><em>T\u00edm\u00f3teus og Erastus: <\/em>Sj\u00e1 athugagrein vi\u00f0 16.1 (T\u00edm\u00f3teus). Erastus getur veri\u00f0 s\u00e1 sem minnst er \u00e1 \u00ed R\u00f3m 16.23-24 og var borgarf\u00e9hir\u00f0ir Korintu. Sj\u00e1 og 2T\u00edm 4.20.<\/p>\n<p><strong>19.23\u00a0<\/strong><em>veginum: <\/em>Sj\u00e1 athugagrein vi\u00f0 9.2 (\u00feessa vegar).<\/p>\n<p><strong>19.24\u00a0<\/strong><em>Demetr\u00edus&#8230;silfursmi\u00f0ur&#8230;Artemisar: <\/em>Demetr\u00edus silfursmi\u00f0ur hefur reki\u00f0 sitt eigi\u00f0 verkst\u00e6\u00f0i og haft menn \u00ed vinnu e\u00f0a a\u00f0 \u00f6\u00f0rum kosti fari\u00f0 fyrir h\u00f3pi starfsbr\u00e6\u00f0ra sinna sem allir sm\u00ed\u00f0u\u00f0u \u00far silfri eftirl\u00edkingar af musteri Artemisar. Efesus var v\u00ed\u00f0fr\u00e6g um alla Litlu-As\u00edu fyrir tignun gy\u00f0junnar. Grikkir litu \u00e1 vei\u00f0igy\u00f0juna Artemis sem go\u00f0 frj\u00f3semi, barneigna og ungvi\u00f0is, ekki \u00f3l\u00edka Kybele. Musteri Artemis \u00ed Efesus var mj\u00f6g tilkomumikil og f\u00f6gur bygging me\u00f0 127 hv\u00edtum marmaras\u00falum. \u00dear undir \u00feaki var l\u00edkneskja af gy\u00f0junni og var tali\u00f0 a\u00f0 h\u00fan hef\u00f0i falli\u00f0 af himnum ofan (19.35).<\/p>\n<p><strong>19.29\u00a0<\/strong><em>Gajus og Aristarkus: <\/em>Aftur er minnst \u00e1 Gajus \u00ed 20.4. Aristarkus er sag\u00f0ur hafa veri\u00f0 f\u00f6runautur P\u00e1ls \u00e1 fer\u00f0 hans fr\u00e1 Korintu til Jer\u00fasalem (20.3-4) og aukin heldur siglt me\u00f0 honum fr\u00e1 Jer\u00fasalem til R\u00f3maborgar (27.1-2). Sj\u00e1 og Kol 4.10 og F\u00edlm 24.<\/p>\n<p><strong>19.33\u00a0<\/strong><em>Gy\u00f0ingar&#8230;Alexander: <\/em>\u00deessir fram\u00e1menn Gy\u00f0inga, andv\u00edgir P\u00e1li, vildu tr\u00falega a\u00f0 Alexander ger\u00f0i Efesusb\u00faum \u00fea\u00f0 lj\u00f3st, a\u00f0 P\u00e1ll v\u00e6ri ekki &#8222;\u00f3svikinn Gy\u00f0ingur.&#8220; \u00deeir k\u00e6r\u00f0u sig ekki um a\u00f0 taka \u00e1 sig neitt af \u00fev\u00ed sem P\u00e1ll var saka\u00f0ur um. L\u00edka getur veri\u00f0, a\u00f0 \u00feeir hafi vona\u00f0 a\u00f0 \u00feetta upp\u00feot yr\u00f0i til \u00feess a\u00f0 \u00feeir losnu\u00f0u vi\u00f0 P\u00e1l fyrir fullt og allt.<\/p>\n<p><strong>19.39 <\/strong><em>\u00e1 l\u00f6glegu \u00feingi: <\/em>H\u00e9r er gr\u00edska or\u00f0i\u00f0 yfir &#8222;\u00feing&#8220; <em>ekkles\u00eda,<\/em>sem l\u00edka merkir s\u00f6fnu\u00f0ur e\u00f0a kirkja. H\u00e9r er \u00e1tt vi\u00f0 r\u00e1\u00f0 e\u00f0a d\u00f3m, sem reglulega kom saman til \u00feess a\u00f0 rannsaka \u00e1k\u00e6rur og skera \u00far deilum\u00e1lum.<\/p>\n<p><strong>19.40\u00a0<\/strong><em>saka\u00f0ir um uppreisn: <\/em>Efesus laut r\u00f3mverska heimsveldinu og hlaut \u00fev\u00ed a\u00f0 fara a\u00f0 l\u00f6gum R\u00f3mar. Samkv\u00e6mt \u00feeim l\u00e1 bl\u00e1tt bann vi\u00f0 uppreisn gegn r\u00edkinu. Borgarritarinn vara\u00f0i \u00feess vegna vi\u00f0 h\u00e1reysti og gauragangi, sl\u00edkt g\u00e6ti egnt yfirv\u00f6ldin gegn l\u00fd\u00f0num.<\/p>\n","protected":false},"excerpt":{"rendered":"<p>19.2\u00a0heilagan anda: Sj\u00e1 um Heilagan anda. 19.6\u00a0kom heilagur andi yfir <a href=\"https:\/\/biblian.is\/fraedsla\/ritskyring\/postulasagan-19-kafli\/\"> [&#8230;]<\/a><\/p>\n","protected":false},"author":1,"featured_media":0,"parent":4829,"menu_order":0,"comment_status":"closed","ping_status":"closed","template":"","meta":{"footnotes":""},"class_list":["post-5460","page","type-page","status-publish","hentry"],"_links":{"self":[{"href":"https:\/\/biblian.is\/fraedsla\/wp-json\/wp\/v2\/pages\/5460","targetHints":{"allow":["GET"]}}],"collection":[{"href":"https:\/\/biblian.is\/fraedsla\/wp-json\/wp\/v2\/pages"}],"about":[{"href":"https:\/\/biblian.is\/fraedsla\/wp-json\/wp\/v2\/types\/page"}],"author":[{"embeddable":true,"href":"https:\/\/biblian.is\/fraedsla\/wp-json\/wp\/v2\/users\/1"}],"replies":[{"embeddable":true,"href":"https:\/\/biblian.is\/fraedsla\/wp-json\/wp\/v2\/comments?post=5460"}],"version-history":[{"count":0,"href":"https:\/\/biblian.is\/fraedsla\/wp-json\/wp\/v2\/pages\/5460\/revisions"}],"up":[{"embeddable":true,"href":"https:\/\/biblian.is\/fraedsla\/wp-json\/wp\/v2\/pages\/4829"}],"wp:attachment":[{"href":"https:\/\/biblian.is\/fraedsla\/wp-json\/wp\/v2\/media?parent=5460"}],"curies":[{"name":"wp","href":"https:\/\/api.w.org\/{rel}","templated":true}]}}