{"id":5458,"date":"2019-06-13T20:46:29","date_gmt":"2019-06-13T20:46:29","guid":{"rendered":"https:\/\/biblian.is\/fraedsla\/?page_id=5458"},"modified":"2026-04-17T13:01:24","modified_gmt":"2026-04-17T13:01:24","slug":"postulasagan-18-kafli","status":"publish","type":"page","link":"https:\/\/biblian.is\/fraedsla\/ritskyring\/postulasagan-18-kafli\/","title":{"rendered":"Postulasagan 18. kafli"},"content":{"rendered":"<p><strong>18.1\u00a0<\/strong><em>Korintu: <\/em>Korintuborg st\u00f3\u00f0 um 80 km. vestur af A\u00feenu, \u00e1 ei\u00f0inu milli Eyjahafs og Adr\u00edahafs, sem tengir meginland Grikklands vi\u00f0 Pelopsskaga. \u00c1 d\u00f6gum P\u00e1ls postula l\u00e9ku um borgina margir menningarstraumar. \u00dear voru sj\u00f3nleikah\u00fas, marka\u00f0storg og musteri, og auk \u00feess \u00fdmisleg dultr\u00faarbr\u00f6g\u00f0 og launhelgar. \u00cd Korintu var l\u00e6kningagu\u00f0inn Asklep\u00edos mj\u00f6g \u00ed hei\u00f0ri haf\u00f0ur. Sj\u00e1 og <a href=\"https:\/\/biblian.is\/fraedsla\/ritskyring\/fyrra-korintubref-inngangur\/\">innganginn a\u00f0 Fyrra Korintubr\u00e9fi<\/a>.<\/p>\n<p><strong>18.2 <\/strong><em>Akv\u00edlas&#8230;Priskillu&#8230;Kl\u00e1d\u00edus: <\/em>Kl\u00e1d\u00edus keisari rak Gy\u00f0inga og kristna menn burt \u00far R\u00f3maborg af \u00fev\u00ed a\u00f0 \u00feeir deildu um \u00fea\u00f0 hver tilheyr\u00f0i Gu\u00f0s l\u00fd\u00f0 og hver ekki. \u00deetta mun hafa \u00e1tt s\u00e9r sta\u00f0 einhvern t\u00edma \u00e1 \u00e1rabilinu 41 til 49 e. Kr. Sj\u00e1 og athugagrein vi\u00f0 11.28 (Kl\u00e1d\u00edus).<\/p>\n<p><strong>18.3\u00a0<\/strong><em>tjaldger\u00f0armenn: <\/em>\u00cd \u00feennan t\u00edma voru tj\u00f6ld oft saumu\u00f0 \u00far le\u00f0ri. P\u00e1ll v\u00edkur sums sta\u00f0ar \u00ed br\u00e9funum a\u00f0 handverki s\u00ednu (1Kor 4.12; 1\u00deess 2.9; 2\u00deess 3.8). P\u00e9tur kve\u00f0st \u00e1 einum sta\u00f0 hafa dvali\u00f0 hj\u00e1 S\u00edmoni nokkrum s\u00fatara (9.43).<\/p>\n<p><strong>18.4 <\/strong><em>samkunduh\u00fasinu: <\/em>Sj\u00e1 athugagreinar vi\u00f0 13.14 og 9.20.<\/p>\n<p><strong>18.5\u00a0<\/strong><em>S\u00edlas og T\u00edm\u00f3teus: <\/em>Sj\u00e1 athugagreinar vi\u00f0 15.22 (S\u00edlas) og 16.1 (T\u00edm\u00f3teus).<\/p>\n<p><strong>18.5\u00a0<\/strong><em>Kristur: <\/em>Sj\u00e1 athugagrein vi\u00f0 2.36.<\/p>\n<p><strong>18.6\u00a0<\/strong><em>hristi hann dusti\u00f0 af kl\u00e6\u00f0um s\u00ednum: <\/em>Sj\u00e1 athugagrein vi\u00f0 13.51.<\/p>\n<p><strong>18.7\u00a0<\/strong><em>T\u00edtus J\u00fastus: <\/em>A\u00f0 l\u00edkindum hei\u00f0ingi, sem s\u00f3tt haf\u00f0i samkunduh\u00fas Gy\u00f0inga og teki\u00f0 \u00fe\u00e1tt \u00ed helgihaldi \u00feeirra.<\/p>\n<p><strong>18.8\u00a0<\/strong><em>Krispus: <\/em>Hann var samkundustj\u00f3ri, s\u00e1 um samkunduh\u00fasi\u00f0 og \u00fatvega\u00f0i kennara og pr\u00e9dikara. Sj\u00e1 1Kor 1.14.<\/p>\n<p><strong>18.12\u00a0<\/strong><em>Gall\u00ed\u00f3n var landstj\u00f3ri \u00ed Akkeu: <\/em>Gall\u00ed\u00f3n var br\u00f3\u00f0ir heimspekingsins fr\u00e6ga, L\u00fas\u00edusar Anneusar Seneca (4 f. Kr. \u2013 65 e. Kr.), en hann var einn hinna yngri St\u00f3umanna. Forn \u00e1letrun \u00ed Delf\u00ed lei\u00f0ir \u00ed lj\u00f3s a\u00f0 Gall\u00ed\u00f3n var landstj\u00f3ri \u00ed Akkeu \u00e1ri\u00f0 51-52 e. Kr. \u00deetta skiptir miklu m\u00e1li, \u00feegar huga\u00f0 er a\u00f0 t\u00edma\u00e1kv\u00f6r\u00f0un \u00e1 fer\u00f0um P\u00e1ls.<\/p>\n<p><strong>18.13\u00a0<\/strong><em>d\u00fdrka Gu\u00f0 \u00e1 \u00feann h\u00e1tt sem str\u00ed\u00f0ir gegn l\u00f6gm\u00e1linu: <\/em>Lei\u00f0togar Gy\u00f0inga s\u00f6ku\u00f0u P\u00e1l postula um brot \u00e1 r\u00f3mverskum l\u00f6gum, sem b\u00f6nnu\u00f0u m\u00f6nnum a\u00f0 telja f\u00f3lk \u00e1 a\u00f0 skipta um tr\u00fa (sj\u00e1 athugagrein vi\u00f0 16.21). P\u00e1ll kom a\u00f0 \u00feessu sinni engum v\u00f6rnum vi\u00f0, en s\u00ed\u00f0ar \u00e1tti hann eftir a\u00f0 benda \u00e1, a\u00f0 fagna\u00f0arerindi\u00f0 um Jes\u00fa Krist \u00e6tti r\u00e6tur \u00ed tr\u00fa Gy\u00f0inganna, forfe\u00f0ra hans (24.14-15; 26.6-7). \u00dev\u00ed v\u00e6ri p\u00e9dikun hans ekki n\u00fd tr\u00faarbr\u00f6g\u00f0, heldur reist \u00e1 grunni helgirita Gy\u00f0inga og kenninga \u00feeirra.<\/p>\n<p><strong>18.17\u00a0<\/strong><em>S\u00f3s\u00feenes: <\/em>Ekki er lj\u00f3st hvort Gy\u00f0ingurinn S\u00f3s\u00feenes s\u00e6tti barsm\u00ed\u00f0 af hendi Grikkja e\u00f0a landa sinna.<\/p>\n<p><strong>18.18\u00a0<\/strong><em>Priskilla og Akv\u00edlas: <\/em>Sj\u00e1 athugagrein vi\u00f0 18.2.<\/p>\n<p><strong>18.18\u00a0<\/strong><em>skera h\u00e1r sitt: <\/em>Hj\u00e1 Gy\u00f0ingum t\u00e1kn \u00feess a\u00f0 sta\u00f0i\u00f0 hafi veri\u00f0 vi\u00f0 unni\u00f0 heit. P\u00e1ll haf\u00f0i lofa\u00f0 a\u00f0 vera &#8222;Nas\u00edrei&#8220;, en svo voru \u00feeir nefndir, sem v\u00edg\u00f0ir h\u00f6f\u00f0u veri\u00f0 til \u00fdmiss konar \u00fej\u00f3nustu vi\u00f0 Gu\u00f0 um lengri e\u00f0a skemmri t\u00edma. \u00c1 me\u00f0an m\u00e1ttu \u00feeir hvorki neyta v\u00edns n\u00e9 skera h\u00e1r sitt. J\u00f3hannes sk\u00edrari mun hafa veri\u00f0 Nas\u00edrei. Sj\u00e1 4M\u00f3s 6.18.<\/p>\n<p><strong>18.19\u00a0<\/strong><em>Efesus: <\/em>Efesus var h\u00f6fu\u00f0borg r\u00f3mverska skattlandsins As\u00edu og mikill verslunarsta\u00f0ur. Sj\u00e1 n\u00e1nar <a href=\"https:\/\/biblian.is\/fraedsla\/ritskyring\/efesusbrefid-inngangur\/\">innganginn a\u00f0 Efesusbr\u00e9finu<\/a>.<\/p>\n<p><strong>18.22 <\/strong><em>Sesareu&#8230;Ant\u00edokk\u00edu: <\/em>Sj\u00e1 athugagreinar vi\u00f0 8.40 (Sesarea) og 6.5 (Ant\u00edokk\u00eda).<\/p>\n<p><strong>18.23\u00a0<\/strong><em>Galataland og Fr\u00fdg\u00edu: <\/em>Sj\u00e1 athugagrein vi\u00f0 16.6.<\/p>\n<p><strong>18.24\u00a0<\/strong><em>Apoll\u00f3s: <\/em>Apoll\u00f3s \u00f3lst upp \u00ed Alexandr\u00edu \u00ed Egyptalandi, \u00fear sem Gy\u00f0ingar voru fj\u00f6lmennir. \u00dea\u00f0 kemur ekki \u00e1 \u00f3vart a\u00f0 Apoll\u00f3s skyldi vera vel a\u00f0 s\u00e9r \u00ed helgiritum Gy\u00f0inga. Sj\u00e1 og 1Kor 1.12; 3.4-6.<\/p>\n<p><strong>18.25\u00a0<\/strong><em>veg Drottins: <\/em>Sj\u00e1 athugagrein vi\u00f0 9.2 (vegurinn).<\/p>\n<p><strong>18.25\u00a0<\/strong><em>sk\u00edrn J\u00f3hannesar: <\/em>Sj\u00e1 athugagrein vi\u00f0 1.5 (sk\u00edr\u00f0i me\u00f0 vatni).<\/p>\n<p><strong>18.27\u00a0<\/strong><em>Akkeu: <\/em>\u00cd r\u00f3mverska skattlandinu Akkeu (\u00ed su\u00f0urhluta Grikklands) voru A\u00feena og Korinta helstu borgir.<\/p>\n<p><strong>18.28\u00a0<\/strong><em>ritningunum:<\/em>Sj\u00e1 athugagrein vi\u00f0 8.35.<\/p>\n","protected":false},"excerpt":{"rendered":"<p>18.1\u00a0Korintu: Korintuborg st\u00f3\u00f0 um 80 km. vestur af A\u00feenu, \u00e1 <a href=\"https:\/\/biblian.is\/fraedsla\/ritskyring\/postulasagan-18-kafli\/\"> [&#8230;]<\/a><\/p>\n","protected":false},"author":1,"featured_media":0,"parent":4829,"menu_order":0,"comment_status":"closed","ping_status":"closed","template":"","meta":{"footnotes":""},"class_list":["post-5458","page","type-page","status-publish","hentry"],"_links":{"self":[{"href":"https:\/\/biblian.is\/fraedsla\/wp-json\/wp\/v2\/pages\/5458","targetHints":{"allow":["GET"]}}],"collection":[{"href":"https:\/\/biblian.is\/fraedsla\/wp-json\/wp\/v2\/pages"}],"about":[{"href":"https:\/\/biblian.is\/fraedsla\/wp-json\/wp\/v2\/types\/page"}],"author":[{"embeddable":true,"href":"https:\/\/biblian.is\/fraedsla\/wp-json\/wp\/v2\/users\/1"}],"replies":[{"embeddable":true,"href":"https:\/\/biblian.is\/fraedsla\/wp-json\/wp\/v2\/comments?post=5458"}],"version-history":[{"count":0,"href":"https:\/\/biblian.is\/fraedsla\/wp-json\/wp\/v2\/pages\/5458\/revisions"}],"up":[{"embeddable":true,"href":"https:\/\/biblian.is\/fraedsla\/wp-json\/wp\/v2\/pages\/4829"}],"wp:attachment":[{"href":"https:\/\/biblian.is\/fraedsla\/wp-json\/wp\/v2\/media?parent=5458"}],"curies":[{"name":"wp","href":"https:\/\/api.w.org\/{rel}","templated":true}]}}