{"id":5456,"date":"2019-06-13T20:43:34","date_gmt":"2019-06-13T20:43:34","guid":{"rendered":"https:\/\/biblian.is\/fraedsla\/?page_id=5456"},"modified":"2026-04-17T13:01:24","modified_gmt":"2026-04-17T13:01:24","slug":"postulasagan-17-kafli","status":"publish","type":"page","link":"https:\/\/biblian.is\/fraedsla\/ritskyring\/postulasagan-17-kafli\/","title":{"rendered":"Postulasagan 17. kafli"},"content":{"rendered":"<p><strong>17.1 <\/strong><em>Amf\u00edp\u00f3lis og Apoll\u00f3n\u00edu&#8230;\u00deessalon\u00edku: <\/em>P\u00e1ll er \u00e1 fer\u00f0inni eftir hinum svonefnda Egnat\u00edu-vegi og fer um \u00fe\u00e6r borgir \u00ed Maked\u00f3n\u00edu, sem h\u00e9r eru nefndar. \u00deessalon\u00edka var h\u00f6fu\u00f0borg r\u00f3mverska skattlandsins Maked\u00f3n\u00edu. \u00dear voru \u00edb\u00faarnir n\u00e6rri tv\u00f6 hundru\u00f0 \u00fe\u00fasund talsins. Og \u00fear var Gy\u00f0ingan\u00fdlenda. (Sj\u00e1 athugagrein vi\u00f0 1\u00deess 1.1.)<\/p>\n<p><strong>17.1\u00a0<\/strong><em>samkundu: <\/em>Sj\u00e1 athugagrein vi\u00f0 9.20.<\/p>\n<p><strong>17.2\u00a0<\/strong><em>hv\u00edldardaga: <\/em>Sj\u00e1 athugagrein vi\u00f0 13.14.<\/p>\n<p><strong>17.2 <\/strong><em>ritningunum: <\/em>Sj\u00e1 athugagrein vi\u00f0 8.35.<\/p>\n<p><strong>17.3<\/strong><em>Kristur: <\/em>Sj\u00e1 athugagrein vi\u00f0 3.18.<\/p>\n<p><strong>17.4\u00a0<\/strong><em>fj\u00f6ldi gu\u00f0r\u00e6kinna Grikkja: <\/em>Sj\u00e1 athugagrein vi\u00f0 10.45 (hei\u00f0ingjunum).<\/p>\n<p><strong>17.5\u00a0<\/strong><em>h\u00fasi Jasonar: <\/em>\u00deetta kann a\u00f0 vera Jason s\u00e1, sem \u00ed R\u00f3mverjabr\u00e9fi P\u00e1ls postula bi\u00f0ur a\u00f0 heilsa s\u00f6fnu\u00f0inum (16.21).<\/p>\n<p><strong>17.7\u00a0<\/strong><em>breyta gegn bo\u00f0um keisarans: <\/em>\u00dea\u00f0 var l\u00f6gbrot a\u00f0 segjast vera konungur sj\u00e1lfur ellegar a\u00f0 halda \u00fev\u00ed fram a\u00f0 einhver annar en keisarinn v\u00e6ri konungur.<\/p>\n<p><strong>17.10\u00a0<\/strong><em>til Beroju&#8230;samkunduh\u00fas Gy\u00f0inga: <\/em>Beroja var um 80 km. su\u00f0vestur af \u00deessalon\u00edku, en tilheyr\u00f0i ekki sama h\u00e9ra\u00f0i \u00ed Maked\u00f3n\u00edu og \u00deessalon\u00edka. H\u00f3pur Gy\u00f0inga kom reglulega saman \u00ed Beroju til \u00feess a\u00f0 rannsaka ritningarnar og bi\u00f0jast fyrir. Sj\u00e1 athugagrein vi\u00f0 9.20.<\/p>\n<p><strong>17.11\u00a0<\/strong><em>ritningarnar: <\/em>Sj\u00e1 athugagrein vi\u00f0 8.35.<\/p>\n<p><strong>17.14\u00a0<\/strong><em>til sj\u00e1var: <\/em>\u00c1tt er vi\u00f0 nor\u00f0vestur-str\u00f6nd Eyjahafsins. P\u00e1ll hefur anna\u00f0 hvort siglt til A\u00feenu, e\u00f0a a\u00f0 \u00f6\u00f0rum kosti fari\u00f0 \u00feanga\u00f0 f\u00f3tgangandi. Eftir strandlengju Maked\u00f3n\u00edu l\u00e1 vegur su\u00f0ur \u00e1 b\u00f3ginn um Beroju og allt til Akkeu, sem var r\u00f3mverskt skattland \u00ed su\u00f0urhluta Grikklands.<\/p>\n<p><strong>17.15\u00a0<\/strong><em>A\u00feenu: <\/em>Menn munu fyrst hafa sest a\u00f0 \u00ed A\u00feenu um 3000 \u00e1rum fyrir Krists bur\u00f0u. Um 440 f. Kr. var borgin or\u00f0in a\u00f0 h\u00f6fu\u00f0sta\u00f0 Grikklands og mi\u00f0st\u00f6\u00f0 menningar \u00ed l\u00f6ndunum \u00ed kringum Mi\u00f0jar\u00f0arhafi\u00f0.<\/p>\n<p><strong>17.16\u00a0<\/strong><em>borgin var full af skur\u00f0go\u00f0um: <\/em>Grikkir og R\u00f3mverjar reistu gu\u00f0um s\u00ednum hof og l\u00edkneskjur. Sj\u00e1 n\u00e1nar &#8222;<a href=\"https:\/\/biblian.is\/fraedsla\/samtidarsaga-bibliunnar\/truarbrogd-i-romverska-heimsveldinu\/\">Tr\u00faarbr\u00f6g\u00f0 \u00ed r\u00f3mverska heimsveldinu<\/a>&#8222;.<\/p>\n<p><strong>17.17 <\/strong><em>\u00e1 torginu: <\/em>Marka\u00f0storgi\u00f0 \u00ed A\u00feenu (\u00e1 gr\u00edsku: agora) var meira en s\u00f6lutorg. \u00dea\u00f0 var almennur samkomusta\u00f0ur me\u00f0 hof og opinberar byggingar allt um kring. Alsi\u00f0a var, a\u00f0 l\u00e6rimeistarar kenndu \u00e1 torgum.<\/p>\n<p><strong>17.18 <\/strong><em>Ep\u00edk\u00faringar og St\u00f3umenn: <\/em>Ep\u00edk\u00faringar a\u00f0hylltust kenningar Ep\u00edk\u00farosar (341-270 f. Kr.) Hann taldi vell\u00ed\u00f0an hin \u00e6\u00f0stu g\u00e6\u00f0i, en aftur skyldu menn reyna a\u00f0 for\u00f0ast s\u00e1rsauka. Sj\u00e1 &#8222;St\u00f3uspekin&#8220; og &#8222;<a href=\"https:\/\/biblian.is\/fraedsla\/samtidarsaga-bibliunnar\/atrunadur-og-truarhugmyndir-a-timum-bibliunnar\/\">\u00c1tr\u00fana\u00f0ur og tr\u00faarhugmyndir \u00e1 t\u00edmum Bibl\u00edunnar<\/a>&#8222;.<\/p>\n<p><strong>17.19\u00a0<\/strong><em>\u00e1 Aresarh\u00e6\u00f0: <\/em>E\u00f0a: fram fyrir Areopagus-d\u00f3minn (sbr. Post 17.34). R\u00e1\u00f0 valdamanna \u00ed A\u00feenu, er haf\u00f0i \u00e1 hendi stj\u00f3rn Grikklands og auk \u00feess mikil \u00e1hrif \u00ed menntunar- og tr\u00faarefnum. \u00dea\u00f0 kom saman \u00e1 d\u00e1l\u00edtilli h\u00e6\u00f0, Aresarh\u00e6\u00f0 er svo var nefnd eftir orustugu\u00f0i Grikkja. R\u00f3mverski hergu\u00f0inn h\u00e9t Mars og var Aresarh\u00e6\u00f0 stundum k\u00f6llu\u00f0 eftir honum.<\/p>\n<p><strong>17.23\u00a0<\/strong><em>\u00d3kunnum gu\u00f0i: <\/em>Grikkir vildu s\u00ed\u00f0ur styggja \u00fe\u00e1 gu\u00f0i, sem kynnu a\u00f0 vera til, \u00e1n \u00feess \u00feeim v\u00e6ri kunnugt um \u00fea\u00f0; til vonar og vara reistu \u00feeir \u00feess vegna \u00f6lturu &#8222;\u00f3kunnum gu\u00f0um.&#8220;<\/p>\n<p><strong>17.28 <\/strong><em>sum sk\u00e1ld ykkar: <\/em>H\u00e9r vitnar P\u00e1ll postuli \u00ed tv\u00f6 sk\u00e1ld Forn-Grikkja: Epimenides fr\u00e1 Kr\u00edt (6. \u00f6ld f. Kr.- sj\u00e1 og T\u00edt 1.12) og Aratus fr\u00e1 Kilik\u00edu (3. \u00f6ld f. Kr.), en s\u00e1 var undir \u00e1hrifum fr\u00e1 St\u00f3um\u00f6nnum.<\/p>\n<p><strong>17.34\u00a0<\/strong><em>D\u00ed\u00f3n\u00fds\u00edus&#8230;Damaris: <\/em>D\u00ed\u00f3n\u00fds\u00edus \u00e1tti s\u00e6ti \u00ed Areopagus-d\u00f3minum (sj\u00e1 athugagrein vi\u00f0 17.19).<\/p>\n","protected":false},"excerpt":{"rendered":"<p>17.1 Amf\u00edp\u00f3lis og Apoll\u00f3n\u00edu&#8230;\u00deessalon\u00edku: P\u00e1ll er \u00e1 fer\u00f0inni eftir hinum <a href=\"https:\/\/biblian.is\/fraedsla\/ritskyring\/postulasagan-17-kafli\/\"> [&#8230;]<\/a><\/p>\n","protected":false},"author":1,"featured_media":0,"parent":4829,"menu_order":0,"comment_status":"closed","ping_status":"closed","template":"","meta":{"footnotes":""},"class_list":["post-5456","page","type-page","status-publish","hentry"],"_links":{"self":[{"href":"https:\/\/biblian.is\/fraedsla\/wp-json\/wp\/v2\/pages\/5456","targetHints":{"allow":["GET"]}}],"collection":[{"href":"https:\/\/biblian.is\/fraedsla\/wp-json\/wp\/v2\/pages"}],"about":[{"href":"https:\/\/biblian.is\/fraedsla\/wp-json\/wp\/v2\/types\/page"}],"author":[{"embeddable":true,"href":"https:\/\/biblian.is\/fraedsla\/wp-json\/wp\/v2\/users\/1"}],"replies":[{"embeddable":true,"href":"https:\/\/biblian.is\/fraedsla\/wp-json\/wp\/v2\/comments?post=5456"}],"version-history":[{"count":0,"href":"https:\/\/biblian.is\/fraedsla\/wp-json\/wp\/v2\/pages\/5456\/revisions"}],"up":[{"embeddable":true,"href":"https:\/\/biblian.is\/fraedsla\/wp-json\/wp\/v2\/pages\/4829"}],"wp:attachment":[{"href":"https:\/\/biblian.is\/fraedsla\/wp-json\/wp\/v2\/media?parent=5456"}],"curies":[{"name":"wp","href":"https:\/\/api.w.org\/{rel}","templated":true}]}}