{"id":5454,"date":"2019-06-13T20:40:39","date_gmt":"2019-06-13T20:40:39","guid":{"rendered":"https:\/\/biblian.is\/fraedsla\/?page_id=5454"},"modified":"2022-12-16T13:59:23","modified_gmt":"2022-12-16T13:59:23","slug":"postulasagan-16-kafli","status":"publish","type":"page","link":"https:\/\/biblian.is\/fraedsla\/ritskyring\/postulasagan-16-kafli\/","title":{"rendered":"Postulasagan 16. kafli"},"content":{"rendered":"<p><strong>16.1\u00a0<\/strong><em>Derbe og L\u00fdstru: <\/em>Sj\u00e1 athugagrein vi\u00f0 14.6-7.<\/p>\n<p><strong>16.1\u00a0<\/strong><em>T\u00edm\u00f3teus: <\/em>Einn n\u00e1nustu samverkamanna P\u00e1ls og oft nefndur \u00e1 nafn \u00ed br\u00e9fum hans (1Kor 4.17; 2Kor 1.1; 1\u00deess 1.1; F\u00edlm 1). Sj\u00e1 og <a href=\"https:\/\/biblian.is\/fraedsla\/ritskyring\/fyrra-timoteusarbref-inngangur\/\">innganginn a\u00f0 Fyrra T\u00edm\u00f3teusarbr\u00e9fi<\/a>.<\/p>\n<p><strong>16.2<\/strong><em>\u00ed L\u00fdstru og \u00cdk\u00f3n\u00edum: <\/em>Sj\u00e1 athugagreinar vi\u00f0 14.6-7 og 14.1 (\u00cdk\u00f3n\u00edum).<\/p>\n<p><strong>16.3 <\/strong><em>umskar hann&#8230;fa\u00f0ir hans var gr\u00edskur<\/em>: Sveinb\u00f6rn Grikkja voru ekki umskorin (sj\u00e1 athugagrein vi\u00f0 7.8). \u00de\u00f3tt m\u00f3\u00f0ir T\u00edm\u00f3teusar v\u00e6ri Gy\u00f0ingur, haf\u00f0i hann samt ekki veri\u00f0 umskorinn \u00ed bernsku. P\u00e1ll l\u00e9t umskera T\u00edm\u00f3teus til \u00feess a\u00f0 gy\u00f0ing-kristnir menn snerust s\u00ed\u00f0ur gegn honum, og \u00feetta ger\u00f0i P\u00e1ll \u00fer\u00e1tt fyrir \u00fea\u00f0 a\u00f0 hann \u00e1liti a\u00f0 umskurn v\u00e6ri ekki nau\u00f0synleg til \u00feess a\u00f0 menn nytu vel\u00fe\u00f3knunar Gu\u00f0s. Sj\u00e1 t.d. Gal 2.1-5; 5.11.<\/p>\n<p><strong>16.6 <\/strong><em>Fr\u00fdg\u00edu og Galataland&#8230;As\u00edu: <\/em>Fr\u00fdg\u00eda var h\u00e9ra\u00f0 \u00ed Litlu-As\u00edu og tilheyr\u00f0u \u00fev\u00ed hlutar af r\u00f3mversku skattl\u00f6ndunum As\u00edu og Galatalandi. Galataland n\u00e1\u00f0i fr\u00e1 austanver\u00f0ri Fr\u00fdg\u00edu og inn \u00ed mi\u00f0ja Litlu-As\u00edu. P\u00e1ll rita\u00f0i &#8222;s\u00f6fnu\u00f0unum \u00ed Galatalandi&#8220; svonefnt Galatabr\u00e9f sitt (Gal 1.2), \u00e1n \u00feess \u00fe\u00f3 a\u00f0 tiltaka n\u00e1kv\u00e6mlega, hverjir \u00feeir s\u00f6fnu\u00f0ir voru. Sj\u00e1 og<a href=\"https:\/\/biblian.is\/fraedsla\/ritskyring\/galatabrefid-inngangur\/\"> innganginn a\u00f0 Galatabr\u00e9finu<\/a>. As\u00eda var r\u00f3mverskt skattland fyrir vestan Fr\u00fdg\u00edu vi\u00f0 str\u00f6nd Eyjahafsins. Pergamos (n\u00fa Bergama \u00ed Izmir-h\u00e9ra\u00f0i \u00ed Tyrklandi) og Efesus voru \u00fear helstu borgir. R\u00fastir Efesusborgar eru n\u00e6rri Seljuq-\u00feorpi \u00ed Izmir-h\u00e9ra\u00f0i.<\/p>\n<p><strong>16.6 <\/strong><em>heilagur andi: <\/em>Sj\u00e1 um <a href=\"https:\/\/biblian.is\/fraedsla\/ordtakasafn\/heilagur-andi\/\">Heilagan anda<\/a>.<\/p>\n<p><strong>16.7,8\u00a0<\/strong><em>M\u00fds\u00edu&#8230;Bi\u00fe\u00fdn\u00edu&#8230;Tr\u00f3as: <\/em>M\u00fds\u00eda var l\u00edti\u00f0, r\u00f3mverskt skattland r\u00e9tt fyrir nor\u00f0an As\u00edu. Tr\u00f3as var mikil hafnarborg \u00e1 vesturstr\u00f6nd M\u00fds\u00edu, \u00e1 milli Maked\u00f3n\u00edu \u00ed Nor\u00f0ur-Grikklandi og Litlu-As\u00edu. \u00deanga\u00f0 \u00e1tti P\u00e1ll eftir a\u00f0 koma aftur s\u00ed\u00f0ar (20.5-12). Bi\u00fe\u00fdn\u00eda var r\u00f3mversk skattland nor\u00f0austan vi\u00f0 M\u00fds\u00edu.<\/p>\n<p><strong>16.8\u00a0<\/strong><em>f\u00f3ru \u00fe\u00e1 um: <\/em>E\u00f0a &#8222;f\u00f3ru fram hj\u00e1.&#8220;<\/p>\n<p><strong>16.9\u00a0<\/strong><em>Maked\u00f3n\u00edu: <\/em>R\u00f3mverskt skattland \u00ed Nor\u00f0ur-Grikklandi vi\u00f0 str\u00f6nd Eyjahafsins og n\u00e1\u00f0i allt til Balknafjalla \u00ed nor\u00f0ri. R\u00f3mverjar l\u00f6g\u00f0u fr\u00e6ga \u00fej\u00f3\u00f0braut (Egnat\u00edu-veginn) \u00e1 milli Adr\u00edahafsins \u00ed vestri og Eyjahafsins \u00ed austri og l\u00e1 h\u00fan um helstu borgir Maked\u00f3n\u00edu.<\/p>\n<p><strong>16.10\u00a0<\/strong><em>leitu\u00f0um vi\u00f0 f\u00e6ris: <\/em>H\u00e9r notar h\u00f6fundur Postulas\u00f6gunnar fornafni\u00f0 &#8222;vi\u00f0&#8220; \u00ed fyrsta skipti (V\u00e9r-kaflarnir). \u00dea\u00f0 bendir til \u00feess a\u00f0 hann hafi sj\u00e1lfur veri\u00f0 vi\u00f0staddur \u00fe\u00e1 atbur\u00f0i, sem hann sk\u00fdrir fr\u00e1. En l\u00edka m\u00e1 vera, a\u00f0 hann sty\u00f0jist vi\u00f0 fr\u00e1s\u00f6gn fer\u00f0af\u00e9laga P\u00e1ls, sem var\u00f0 sj\u00f3narvottur a\u00f0 atbur\u00f0unum.<\/p>\n<p><strong>16.11,12 <\/strong><em>Sam\u00f3\u00ferake&#8230;Neap\u00f3lis&#8230;Filipp\u00ed:\u00a0<\/em>Filipp\u00ed var nefnd \u00ed h\u00f6fu\u00f0i\u00f0 \u00e1 Filippusi II, f\u00f6\u00f0ur Alexanders mikla. Hann v\u00edggirti borgina og ger\u00f0i hana a\u00f0 h\u00f6fu\u00f0sta\u00f0 vaxandi konungsr\u00edkis s\u00edns \u00e1 4. \u00f6ld f. Kr. \u00c1 d\u00f6gum P\u00e1ls postula var borgin r\u00f3mversk n\u00fdlenda og \u00fear bjuggu margir r\u00f3mverskir uppgjafahermenn. Sj\u00e1 og <a href=\"https:\/\/biblian.is\/fraedsla\/ritskyring\/filippibrefid-inngangur\/\">innganginn a\u00f0 Filippibr\u00e9finu<\/a>.<\/p>\n<p><strong>16.13\u00a0<\/strong><em>Hv\u00edldardaginn&#8230;b\u00e6nasta\u00f0: <\/em>Sj\u00e1 athugagreinar vi\u00f0 13.14 (\u00e1 hv\u00edldardegi) og 9.20 (\u00ed samkunduh\u00fasunum).<\/p>\n<p><strong>16.14 <\/strong><em>\u00far \u00de\u00fdat\u00edruborg&#8230;L\u00fdd\u00eda: <\/em>L\u00fdd\u00eda var kaupkona fr\u00e1 \u00de\u00fdat\u00edruborg \u00ed r\u00f3mverska skattlandinu As\u00edu. \u00de\u00fdat\u00edruborg var \u00feekkt fyrir purpurarautt litarefni, sem \u00fear var b\u00fai\u00f0 til \u00far s\u00e6sniglum. Ugglaust hefur L\u00fdd\u00eda teki\u00f0 \u00fe\u00e1tt \u00ed gu\u00f0sd\u00fdrkun Gy\u00f0inga, \u00fe\u00f3tt ekki v\u00e6ri h\u00fan Gy\u00f0ingur sj\u00e1lf. S\u00f6fnu\u00f0urinn \u00ed Filipp\u00ed kom fyrst saman til fundar heima hj\u00e1 henni (16.40).<\/p>\n<p><strong>16.16\u00a0<\/strong><em>amb\u00e1tt nokkur&#8230;haf\u00f0i sp\u00e1sagnaranda: <\/em>Dreki einn \u00f3gurlegur, Py\u00feon a\u00f0 nafni, g\u00e6tti v\u00e9fr\u00e9ttarinnar \u00ed Delfi og \u00fev\u00ed var sp\u00e1sagnarandi stundum kalla\u00f0ur &#8222;py\u00feonskur andi.&#8220; \u00c1 gr\u00edskunni er amb\u00e1tt \u00feessi einmitt s\u00f6g\u00f0 hafa &#8222;py\u00feonskan anda.&#8220;<\/p>\n<p><strong>16.21 <\/strong><em>si\u00f0i&#8230;sem r\u00f3mverskum m\u00f6nnum leyfist hvorki a\u00f0 taka upp n\u00e9 fylgja: <\/em>H\u00e9r hafa \u00feeir P\u00e1ll og S\u00edlas tr\u00falega veri\u00f0 saka\u00f0ir um a\u00f0 reyna a\u00f0 \u00e1vinna &#8222;prosel\u00fdta&#8220;, \u00fe.e.f\u00e1 menn til \u00feess a\u00f0 skipta um tr\u00fa, \u00ed \u00feessu falli sk\u00edrast til kristinnar tr\u00faar.<\/p>\n<p><strong>16.27\u00a0<\/strong><em>dr\u00f3 hann sver\u00f0 sitt og vildi fyrirfara s\u00e9r: <\/em>Ef fangar sluppu \u00far g\u00e6slu fyrir vang\u00e1 fangavar\u00f0ar, skyldi hann engu fyrr t\u00fdna en l\u00edfinu (12.19).<\/p>\n<p><strong>16.30\u00a0<\/strong><em>hva\u00f0 \u00e1 \u00e9g a\u00f0 gera til a\u00f0 ver\u00f0a h\u00f3lpinn: <\/em>Sj\u00e1 athugagrein vi\u00f0 2.47 og &#8222;<a href=\"https:\/\/biblian.is\/fraedsla\/ordtakasafn\/hjalpraedi\/\">K\u00e6rleikur Gu\u00f0s frelsar (Hj\u00e1lpr\u00e6\u00f0i)<\/a>&#8222;.<\/p>\n<p><strong>16.33\u00a0<\/strong><em>sk\u00edr\u00f0ur: <\/em>Sj\u00e1 athugagrein vi\u00f0 1.5 (sk\u00edr\u00f0i me\u00f0 vatni).<\/p>\n<p><strong>16.37\u00a0<\/strong><em>r\u00f3mverska menn: <\/em>\u00deeir voru tilt\u00f6lulega f\u00e1ir \u00ed heimsveldinu, sem h\u00f6f\u00f0u r\u00f3mverskan borgarar\u00e9tt, en honum fylgdu \u00fdmis fr\u00ed\u00f0indi. Sj\u00e1 n\u00e1nar &#8222;<a href=\"https:\/\/biblian.is\/fraedsla\/samtidarsaga-bibliunnar\/mannlif-og-landshaettir-a-timum-jesu-thjodir-valdhafar-og-stjornmal\/\">Mannl\u00edf og landsh\u00e6ttir \u00e1 t\u00edmum Jes\u00fa: \u00dej\u00f3\u00f0ir, valdhafar og stj\u00f3rnm\u00e1l<\/a>&#8222;.<\/p>\n<p><strong>16.40<\/strong><em>L\u00fdd\u00edu: <\/em>Sj\u00e1 athugagrein vi\u00f0 16.14.<\/p>\n","protected":false},"excerpt":{"rendered":"<p>16.1\u00a0Derbe og L\u00fdstru: Sj\u00e1 athugagrein vi\u00f0 14.6-7. 16.1\u00a0T\u00edm\u00f3teus: Einn n\u00e1nustu <a href=\"https:\/\/biblian.is\/fraedsla\/ritskyring\/postulasagan-16-kafli\/\"> [&#8230;]<\/a><\/p>\n","protected":false},"author":1,"featured_media":0,"parent":4829,"menu_order":0,"comment_status":"closed","ping_status":"closed","template":"","meta":{"footnotes":""},"class_list":["post-5454","page","type-page","status-publish","hentry"],"_links":{"self":[{"href":"https:\/\/biblian.is\/fraedsla\/wp-json\/wp\/v2\/pages\/5454","targetHints":{"allow":["GET"]}}],"collection":[{"href":"https:\/\/biblian.is\/fraedsla\/wp-json\/wp\/v2\/pages"}],"about":[{"href":"https:\/\/biblian.is\/fraedsla\/wp-json\/wp\/v2\/types\/page"}],"author":[{"embeddable":true,"href":"https:\/\/biblian.is\/fraedsla\/wp-json\/wp\/v2\/users\/1"}],"replies":[{"embeddable":true,"href":"https:\/\/biblian.is\/fraedsla\/wp-json\/wp\/v2\/comments?post=5454"}],"version-history":[{"count":0,"href":"https:\/\/biblian.is\/fraedsla\/wp-json\/wp\/v2\/pages\/5454\/revisions"}],"up":[{"embeddable":true,"href":"https:\/\/biblian.is\/fraedsla\/wp-json\/wp\/v2\/pages\/4829"}],"wp:attachment":[{"href":"https:\/\/biblian.is\/fraedsla\/wp-json\/wp\/v2\/media?parent=5454"}],"curies":[{"name":"wp","href":"https:\/\/api.w.org\/{rel}","templated":true}]}}