{"id":5445,"date":"2019-05-25T22:25:52","date_gmt":"2019-05-25T22:25:52","guid":{"rendered":"https:\/\/biblian.is\/fraedsla\/?page_id=5445"},"modified":"2022-12-16T13:59:16","modified_gmt":"2022-12-16T13:59:16","slug":"opinberunarbok-johannesar-2-kafli","status":"publish","type":"page","link":"https:\/\/biblian.is\/fraedsla\/ritskyring\/opinberunarbok-johannesar-2-kafli\/","title":{"rendered":"Opinberunarb\u00f3k J\u00f3hannesar 2. kafli"},"content":{"rendered":"<p><strong>2.2 <\/strong><em>segja sj\u00e1lfa sig vera postula: <\/em>Falskennendur hafa s\u00fdnilega veri\u00f0 a\u00f0 verki innan safna\u00f0arins \u00ed Efesus. \u00dea\u00f0 hefur reynst einl\u00e6gum j\u00e1tendum Krists erfitt a\u00f0 standa \u00ed gegn \u00f3hollum \u00e1hrifum \u00feessara villumanna (2.3).<\/p>\n<p><strong>2.6 <\/strong><em>Nik\u00f3la\u00edtanna: <\/em>\u00deeir kunna a\u00f0 hafa sagst vera \u00e1hangendur Nikol\u00e1sar fr\u00e1 Ant\u00edokk\u00edu (Post 6.5), og eti\u00f0 kj\u00f6t sem f\u00f3rna\u00f0 haf\u00f0i veri\u00f0 skur\u00f0go\u00f0um ellegar beinl\u00ednis tilbe\u00f0i\u00f0 hj\u00e1gu\u00f0i (sj\u00e1 1Kor 8.7-13; 10.19-21; Opb 2.14,15).<\/p>\n<p><strong>2.8 <\/strong><em>Smyrnu: <\/em>Um \u00fea\u00f0 bil 70 \u00e1rum \u00e1\u00f0ur en Opinberunarb\u00f3kin var ritu\u00f0, bygg\u00f0u menn \u00ed Smyrnu musteri helga\u00f0 T\u00edber\u00edusi, keisara \u00ed R\u00f3m. Sj\u00e1 og Jes 44.6; 48.12; Opb 1.17; 22.13.<\/p>\n<p><strong>2.9\u00a0<\/strong><em>f\u00e1t\u00e6kt: <\/em>Sumir hinna kristnu \u00ed Smyrnu voru tr\u00falega f\u00e1t\u00e6kir innflytjendur fr\u00e1 Gal\u00edleu og J\u00fadeu, sem fl\u00fai\u00f0 h\u00f6f\u00f0u fr\u00e1 Palest\u00ednu \u00ed uppreisn Gy\u00f0inga gegn R\u00f3mverjum 66 til 74 e. Kr.<\/p>\n<p><strong>2.9 <\/strong><em>segja sj\u00e1lfa sig vera Gy\u00f0inga: <\/em>H\u00e9r kann a\u00f0 vera \u00e1tt vi\u00f0 fyrirmenn Gy\u00f0inga \u00ed Smyrnu sem s\u00f6ku\u00f0u hina kristnu um a\u00f0 vera til vandr\u00e6\u00f0a, e.t.v. me\u00f0 \u00fev\u00ed a\u00f0 \u00f3h\u00fd\u00f0nast r\u00f3mversku yfirv\u00f6ldunum.<\/p>\n<p><strong>2.10\u00a0<\/strong><em>Dj\u00f6fullinn&#8230;fangelsi: <\/em>\u00cd \u00feessu versi eru &#8222;dj\u00f6fullinn&#8220; tr\u00falega \u00feeir sem vinna verk dj\u00f6fulsins.<\/p>\n<p><strong>2.10\u00a0<\/strong><em>k\u00f3r\u00f3nu l\u00edfsins: <\/em>\u00de.e. d\u00fdr\u00f0arl\u00edf.<\/p>\n<p><strong>2.11\u00a0<\/strong><em>s\u00e1 annar dau\u00f0i: <\/em>Fyrst er l\u00edkamsdau\u00f0inn, en &#8222;s\u00e1 annar dau\u00f0i&#8220; er dau\u00f0i s\u00e1lar e\u00f0a anda, missir eil\u00edfa l\u00edfsins, e\u00f0a refsing \u00e1n enda (sj\u00e1 og Opb 20.5,6,14; 21.8).<\/p>\n<p><strong>2.12 <\/strong><em>Pergamos: <\/em>Borgin var fr\u00e6g fyrir \u00e1g\u00e6tt b\u00f3kasafn og fj\u00f6lda mustera sem helgu\u00f0 voru hei\u00f0num go\u00f0um. Mikilfenglegt Seifsaltari st\u00f3\u00f0 uppi \u00e1 h\u00e6\u00f0 og br\u00e1 st\u00f3rum svip yfir umhverfi\u00f0. \u00cd Pergamos var mi\u00f0st\u00f6\u00f0 tilbei\u00f0slu l\u00e6kningagu\u00f0sins Asklep\u00edosar.<\/p>\n<p><strong>2.13 <\/strong><em>\u00fear sem h\u00e1s\u00e6ti Satans er: <\/em>H\u00e9r kann a\u00f0 vera sveigt a\u00f0 \u00fev\u00ed a\u00f0 Pergamos s\u00e9 h\u00e1borg keisarad\u00fdrkunarinnar, e\u00f0a ef til vill er \u00e1tt vi\u00f0 Seifsaltari\u00f0.<\/p>\n<p><strong>2.13\u00a0<\/strong><em>Ant\u00edpasar: <\/em>Ant\u00edpas \u00feessi hefur a\u00f0 l\u00edkindum ekki vilja\u00f0 tilbi\u00f0ja keisarann. Hann hefur veri\u00f0 l\u00edfl\u00e1tinn kristnum m\u00f6nnum til vi\u00f0v\u00f6runar.<\/p>\n<p><strong>2.14 <\/strong><em>kenningu B\u00edleams: <\/em>B\u00edleam var saka\u00f0ur um a\u00f0 hvetja til fylgis vi\u00f0 kanverska gu\u00f0inn Baal Pe\u00f3r (sj\u00e1 4M\u00f3s 25.1-3; 31.16).<\/p>\n<p><strong>2.15 <\/strong><em>kenningu Nik\u00f3la\u00edta: <\/em>Sj\u00e1 athugagrein vi\u00f0 2.6.<\/p>\n<p><strong>2.17\u00a0<\/strong><em>hinu hulda manna: <\/em>\u00cd ey\u00f0im\u00f6rkinni l\u00e9t Drottinn brau\u00f0i handa f\u00f3lkinu rigna af himni og k\u00f6llu\u00f0u \u00cdsrelasmenn \u00fea\u00f0 <em>manna<\/em>. Sj\u00e1 2M\u00f3s 16.<\/p>\n<p><strong>2.17\u00a0<\/strong><em>hv\u00edtan stein: <\/em>\u00dea\u00f0 m\u00e1 hugsa s\u00e9r a\u00f0 steinninn veiti a\u00f0gang a\u00f0 bor\u00f0haldi Drottins, \u00fear sem &#8222;<em>hins hulda manna<\/em>&#8220; er neytt.<\/p>\n<p><strong>2.18\u00a0<\/strong><em>\u00ed \u00de\u00fdat\u00edru: <\/em>\u00deessi verslunarborg var \u00feekkt fyrir vefna\u00f0, litarefnager\u00f0, drifsm\u00ed\u00f0i, le\u00f0uri\u00f0ju og leirbrennslu. Sj\u00e1 og Post 16.14,15.<\/p>\n<p><strong>2.20 <\/strong><em>Jessabel: <\/em>\u00deessi kona er h\u00e9r tr\u00falega k\u00f6llu\u00f0 Jessabel \u00ed \u00fev\u00ed skyni a\u00f0 jafna henni vi\u00f0 Jesebel drottningu Akabs, sem gj\u00f6r\u00f0i \u00fea\u00f0 sem illt var \u00ed augum Drottins og sagt er fr\u00e1 \u00ed Fyrri og S\u00ed\u00f0ari Konungab\u00f3k (sj\u00e1 1Kon16.31-33; 19.1,2; 21.1-26; 2Kon 9.22,30-37).<\/p>\n<p><strong>2.20 <\/strong><em>afvegalei\u00f0ir \u00fe\u00e1&#8230;eta kj\u00f6t helga\u00f0 skur\u00f0go\u00f0um: <\/em>Hagsmunaf\u00e9l\u00f6g i\u00f0na\u00f0ar- e\u00f0a verslunarmanna voru k\u00f6llu\u00f0 &#8222;gildi&#8220; og h\u00e9ldu stundum svallsamar samdrykkjur \u00ed hofunum, helga\u00f0ar hei\u00f0num go\u00f0um. Ef kristnir menn neitu\u00f0u a\u00f0 taka \u00fe\u00e1tt \u00ed \u00feessu, \u00e1ttu \u00feeir \u00e1 h\u00e6ttu a\u00f0 \u00feurfa a\u00f0 sj\u00e1 \u00e1 bak kunningjum og missa vi\u00f0skiptasamb\u00f6nd. En sl\u00e6gjust \u00feeir hins vegar \u00ed h\u00f3pinn voru \u00feeir um lei\u00f0 or\u00f0nir \u00f3tr\u00fair Kristi. Sj\u00e1 og athugagrein vi\u00f0 2.6.<\/p>\n<p><strong>2.23 <\/strong><em>\u00e1hangendur hennar: <\/em>E\u00f0a &#8222;b\u00f6rn hennar.&#8220;<\/p>\n<p><strong>2.28 <\/strong><em>morgunstj\u00f6rnuna: <\/em>Venjulega er \u00e1tt vi\u00f0 reikistj\u00f6rnuna Venus, en h\u00e9r er or\u00f0i\u00f0 nota\u00f0 um Krist (sj\u00e1 22.16). Sj\u00e1 og 4M\u00f3s 24.17; 2P\u00e9t 1.19.<\/p>\n","protected":false},"excerpt":{"rendered":"<p>2.2 segja sj\u00e1lfa sig vera postula: Falskennendur hafa s\u00fdnilega veri\u00f0 <a href=\"https:\/\/biblian.is\/fraedsla\/ritskyring\/opinberunarbok-johannesar-2-kafli\/\"> [&#8230;]<\/a><\/p>\n","protected":false},"author":1,"featured_media":0,"parent":4829,"menu_order":0,"comment_status":"closed","ping_status":"closed","template":"","meta":{"footnotes":""},"class_list":["post-5445","page","type-page","status-publish","hentry"],"_links":{"self":[{"href":"https:\/\/biblian.is\/fraedsla\/wp-json\/wp\/v2\/pages\/5445","targetHints":{"allow":["GET"]}}],"collection":[{"href":"https:\/\/biblian.is\/fraedsla\/wp-json\/wp\/v2\/pages"}],"about":[{"href":"https:\/\/biblian.is\/fraedsla\/wp-json\/wp\/v2\/types\/page"}],"author":[{"embeddable":true,"href":"https:\/\/biblian.is\/fraedsla\/wp-json\/wp\/v2\/users\/1"}],"replies":[{"embeddable":true,"href":"https:\/\/biblian.is\/fraedsla\/wp-json\/wp\/v2\/comments?post=5445"}],"version-history":[{"count":0,"href":"https:\/\/biblian.is\/fraedsla\/wp-json\/wp\/v2\/pages\/5445\/revisions"}],"up":[{"embeddable":true,"href":"https:\/\/biblian.is\/fraedsla\/wp-json\/wp\/v2\/pages\/4829"}],"wp:attachment":[{"href":"https:\/\/biblian.is\/fraedsla\/wp-json\/wp\/v2\/media?parent=5445"}],"curies":[{"name":"wp","href":"https:\/\/api.w.org\/{rel}","templated":true}]}}