{"id":5440,"date":"2019-05-25T22:21:10","date_gmt":"2019-05-25T22:21:10","guid":{"rendered":"https:\/\/biblian.is\/fraedsla\/?page_id=5440"},"modified":"2026-04-17T13:01:21","modified_gmt":"2026-04-17T13:01:21","slug":"opinberunarbok-johannesar-4-kafli","status":"publish","type":"page","link":"https:\/\/biblian.is\/fraedsla\/ritskyring\/opinberunarbok-johannesar-4-kafli\/","title":{"rendered":"Opinberunarb\u00f3k J\u00f3hannesar 4. kafli"},"content":{"rendered":"<h3>Vitrun um Gu\u00f0 og lambi\u00f0<\/h3>\n<p><em>J\u00f3hannes segir fr\u00e1 \u00fev\u00ed er hann s\u00e9r &#8222;einhvern sem situr \u00ed h\u00e1s\u00e6ti&#8220;, sem er Gu\u00f0, og lamb, sem er Kristur. B\u00e1\u00f0um lofsyngja 24 \u00f6ldungar og fj\u00f3rar verur.<\/em><\/p>\n<p><strong>4.3 <\/strong><em>l\u00edkur jaspissteini og sardissteini&#8230;smarag\u00f0ur: <\/em>H\u00e9r hefur bibl\u00edufr\u00f3\u00f0um lesendum J\u00f3hannesar \u00e1rei\u00f0anlega komi\u00f0 \u00ed hug e\u00f0alsteinarnir \u00e1 brj\u00f3stskildi \u00e6\u00f0sta prestsins \u00ed \u00cdsrael (2M\u00f3s 28.15-20) og steinarnir d\u00fdru, sem konungurinn \u00ed T\u00fdrus skarta\u00f0i (Es 28.13)). Sj\u00e1 og Es 1.26-28; 10.1. \u00de\u00e1 hefur regnboginn v\u00edsast minnt \u00fe\u00e1 \u00e1 \u00fea\u00f0, sem Drottinn h\u00e9t N\u00f3a \u00ed 1M\u00f3s 9.16,17.<\/p>\n<p><strong>4.4-10 <\/strong><em>tuttugu og fj\u00f6gur h\u00e1s\u00e6ti&#8230;\u00f6ldungarnir: <\/em>\u00d6ldungarnir tuttugu og fj\u00f3rir eru l\u00edklegast \u00e6ttfe\u00f0urnir t\u00f3lf \u00ed 1. M\u00f3seb\u00f3k (og \u00feess vegna allar \u00e6ttkv\u00edslir \u00cdsraels) og svo t\u00f3lf postular Jes\u00fa. Til samans t\u00e1kna \u00feeir allan hinn \u00fatvalda l\u00fd\u00f0 Drottins. Hj\u00e1 flestum \u00fej\u00f3\u00f0um Austurlanda n\u00e6r t\u00f3ku r\u00e1\u00f0gjafar s\u00e9r st\u00f6\u00f0u frammi fyrir konunginum, \u00fear sem hann sat \u00ed h\u00e1s\u00e6ti s\u00ednu. \u00de\u00e1 s\u00e1tu a\u00f0alsmenn \u00ed R\u00f3maborg \u00e6vinlega vi\u00f0 hli\u00f0 keisarans og \u00fev\u00ed er svo a\u00f0 sj\u00e1, a\u00f0 \u00f6ldungarnir tuttugu og fj\u00f3rir s\u00e9u me\u00f0stj\u00f3rnendur konungsins (Gu\u00f0s). \u00deessi \u00f6ldungadeild minnir l\u00edka \u00e1 gu\u00f0a\u00feingi\u00f0 \u00ed 82. Dav\u00ed\u00f0ss\u00e1lmi. Hv\u00edt kl\u00e6\u00f0in og k\u00f3r\u00f3nurnar g\u00e6tu gefi\u00f0 til kynna, a\u00f0 \u00f6ldungarnir s\u00e9u prestar.<\/p>\n<p><strong>4.6 <\/strong><em>glerhaf: <\/em>Glerhaf, l\u00edkt kristalli t\u00e1knar v\u00e6ntanlega hreinleika, flekkleysi. M\u00e1 og vera, a\u00f0 minna eigi \u00e1 saf\u00edrhellurnar, sem Gu\u00f0 \u00cdsraels st\u00f3\u00f0 \u00e1, \u00feegar hann vitra\u00f0ist M\u00f3se \u00ed s\u00fdn. Sj\u00e1 2M\u00f3s 24.10; Es 1.22,23.<\/p>\n<p><strong>4.6-9\u00a0<\/strong><em>fj\u00f3rar verur: <\/em>Verurnar fj\u00f3rar eru l\u00fd\u00f0ur Gu\u00f0s, en \u00ed Dan\u00edelsb\u00f3k eru st\u00f3ru d\u00fdrin fj\u00f6gur aftur \u00e1 m\u00f3ti veldi hins illa, sem leitast vi\u00f0 a\u00f0 undiroka ver\u00f6ldina (Dan 7). Augun m\u00f6rgu sj\u00e1 um heim allan. Lj\u00f3ni\u00f0, nauti\u00f0, ma\u00f0urinn og \u00f6rninn m\u00e1 hugsa s\u00e9r a\u00f0 merki forr\u00e6\u00f0i, styrk, visku og snerpu. Verurnar lofsyngja Gu\u00f0i \u00e1n afl\u00e1ts og lofgj\u00f6r\u00f0 \u00feeirra endur\u00f3mar \u00fea\u00f0, sem sexv\u00e6ngja\u00f0ir serafarnir hr\u00f3pu\u00f0u hver til annars \u00ed helgid\u00f3minum \u00feegar Drottinn kalla\u00f0i Jesaja sp\u00e1mann \u00e1ri\u00f0 sem \u00dass\u00eda konungur anda\u00f0ist (Jes 6.2,3).<\/p>\n<p><strong>4.10\u00a0<\/strong><em>\u00d6ldungarnir tuttugu og fj\u00f3rir: <\/em>Sj\u00e1 athugagrein vi\u00f0 4.4-10.<\/p>\n","protected":false},"excerpt":{"rendered":"<p>Vitrun um Gu\u00f0 og lambi\u00f0 J\u00f3hannes segir fr\u00e1 \u00fev\u00ed er <a href=\"https:\/\/biblian.is\/fraedsla\/ritskyring\/opinberunarbok-johannesar-4-kafli\/\"> [&#8230;]<\/a><\/p>\n","protected":false},"author":1,"featured_media":0,"parent":4829,"menu_order":0,"comment_status":"closed","ping_status":"closed","template":"","meta":{"footnotes":""},"class_list":["post-5440","page","type-page","status-publish","hentry"],"_links":{"self":[{"href":"https:\/\/biblian.is\/fraedsla\/wp-json\/wp\/v2\/pages\/5440","targetHints":{"allow":["GET"]}}],"collection":[{"href":"https:\/\/biblian.is\/fraedsla\/wp-json\/wp\/v2\/pages"}],"about":[{"href":"https:\/\/biblian.is\/fraedsla\/wp-json\/wp\/v2\/types\/page"}],"author":[{"embeddable":true,"href":"https:\/\/biblian.is\/fraedsla\/wp-json\/wp\/v2\/users\/1"}],"replies":[{"embeddable":true,"href":"https:\/\/biblian.is\/fraedsla\/wp-json\/wp\/v2\/comments?post=5440"}],"version-history":[{"count":0,"href":"https:\/\/biblian.is\/fraedsla\/wp-json\/wp\/v2\/pages\/5440\/revisions"}],"up":[{"embeddable":true,"href":"https:\/\/biblian.is\/fraedsla\/wp-json\/wp\/v2\/pages\/4829"}],"wp:attachment":[{"href":"https:\/\/biblian.is\/fraedsla\/wp-json\/wp\/v2\/media?parent=5440"}],"curies":[{"name":"wp","href":"https:\/\/api.w.org\/{rel}","templated":true}]}}