{"id":5438,"date":"2019-05-25T22:18:47","date_gmt":"2019-05-25T22:18:47","guid":{"rendered":"https:\/\/biblian.is\/fraedsla\/?page_id=5438"},"modified":"2022-12-16T13:59:18","modified_gmt":"2022-12-16T13:59:18","slug":"opinberunarbok-johannesar-5-kafli","status":"publish","type":"page","link":"https:\/\/biblian.is\/fraedsla\/ritskyring\/opinberunarbok-johannesar-5-kafli\/","title":{"rendered":"Opinberunarb\u00f3k J\u00f3hannesar 5. kafli"},"content":{"rendered":"<p><strong>5.1 <\/strong><em>b\u00f3k<\/em>: B\u00f3krolla, ro\u00f0ull, \u00fe.e. papp\u00edr (pap\u00fdrus) e\u00f0a skinn (pergamenti, b\u00f3kfell unni\u00f0 \u00far kinda- e\u00f0a geitaskinni), sem rita\u00f0 var \u00e1 og s\u00ed\u00f0an vafi\u00f0 upp \u00e1 kefli. Rollunni var gjarnan loka\u00f0 me\u00f0 einu e\u00f0a tveimur innsiglum af vaxi.<\/p>\n<p><strong>5.2 <\/strong><em>sterkan engil&#8230;&#8220;Hver er \u00feess ver\u00f0ur&#8220;: <\/em>Sj\u00e1 athugagrein vi\u00f0 1.1 (engil sinn). B\u00f3krollan merkir fyrir\u00e6tlanir Gu\u00f0s \u00ed framt\u00ed\u00f0. \u00de\u00e6r ver\u00f0a a\u00f0 veruleika \u00feegar innsigli b\u00f3karinnar er rofi\u00f0. En enginn ma\u00f0ur skilur \u00fe\u00e6r fyrir\u00e6tlanir n\u00e9 getur hrint \u00feeim \u00ed framkv\u00e6md. \u00dea\u00f0 getur a\u00f0eins lambi\u00f0, sj\u00e1lfur Jes\u00fas Kristur.<\/p>\n<p><strong>\u00a05.5 <\/strong><em>lj\u00f3ni\u00f0 af J\u00fada \u00e6ttkv\u00edsl: <\/em>\u00cd 1M\u00f3s 49.9 er \u00e6ttkv\u00edsl J\u00fada k\u00f6llu\u00f0 lj\u00f3nshvolpur. Dav\u00ed\u00f0 konungur var afkomandi J\u00fada. Sj\u00e1 og athugagrein vi\u00f0 3.7 (lykil) og Jes 11.1,10.<\/p>\n<p><strong>5.5\u00a0<\/strong><em>r\u00f3tarkvistur Dav\u00ed\u00f0s: <\/em>Mess\u00edasartitill sbr. Jes 11.1,10.<\/p>\n<p><strong>5.6 <\/strong><em>sj\u00f6 andar: <\/em>\u00cd sumum handritum &#8222;andar.&#8220;<\/p>\n<p><strong>5.6\u00a0<\/strong><em>lamb: <\/em>\u00de\u00f3tt J\u00f3hannes kunni a\u00f0 hafa b\u00faist vi\u00f0 a\u00f0 sj\u00e1 lj\u00f3n, \u00fe\u00e1 s\u00e1 hann \u00ed sta\u00f0inn lamb, sem virtist hafa veri\u00f0 sl\u00e1tra\u00f0. Jes\u00fas Kristur er Gu\u00f0s lamb, eins og segir \u00ed J\u00f3h 1.29. S\u00fa l\u00edking er a\u00f0 hluta til bygg\u00f0 \u00e1 Jes 53.7, \u00fear sem r\u00e6\u00f0ir um hinn l\u00ed\u00f0andi \u00fej\u00f3n Drottins sem l\u00fdkur ekki upp munni s\u00ednum fremur en lamb sem leitt er til sl\u00e1trunar. Hugmyndina um \u00fea\u00f0 a\u00f0 Jes\u00fas s\u00e9 lamb sem f\u00f3rna\u00f0 hafi veri\u00f0 til \u00feess a\u00f0 fri\u00f0\u00fe\u00e6gja fyrir syndir mannkynsins er og a\u00f0 finna annars sta\u00f0ar \u00ed N\u00fdja testamenti (sj\u00e1 1Kor 5.7; 1P\u00e9t 1.19).<\/p>\n<p><strong>5.8\u00a0<\/strong><em>verurnar fj\u00f3rar og \u00f6ldungarnir tuttugu og fj\u00f3rir: <\/em>Sj\u00e1 athugagreinar vi\u00f0 4.4-10 (\u00d6ldungarnir) og 4.6-9 (fj\u00f3rar verur). \u00dea\u00f0 var til si\u00f0s \u00ed R\u00f3maborg a\u00f0 \u00feegnarnir f\u00e9llu \u00e1 kn\u00e9 frammi fyrir keisaranum. J\u00f3hannes gefur lesendum s\u00ednum til kynna, a\u00f0 lambi\u00f0 s\u00e9 \u00e6\u00f0ra hinu veraldlega yfirvaldi, \u00fear e\u00f0 verurnar og \u00f6ldungarnir krj\u00fapa ni\u00f0ur og l\u00fata \u00fev\u00ed dj\u00fapt.<\/p>\n<p><strong>5.8 <\/strong><em>reykelsi: <\/em>Reykelsi er hv\u00edtt kvo\u00f0ukennt efni, sem ver\u00f0ur til \u00ed vissum trj\u00e1tegundum \u00ed Arab\u00edu. \u00dar \u00feessu er framleitt ver\u00f0m\u00e6tt, ilmandi duft sem nota\u00f0 var \u00ed helgihaldi Gy\u00f0inga (2M\u00f3s 30: 34-38). Reykelsi er m.a. unni\u00f0 \u00far myrru, nardus, kanil, ilmkvo\u00f0u og salti. Stundum t\u00e1knar reykelsi b\u00e6nir safna\u00f0arins, sem berast \u00fe\u00e1 eins og reykelsi fyrir auglit Drottins (Slm 141.2).<\/p>\n<p><strong>5.9,10 <\/strong><em>keyptir \u00fe\u00fa Gu\u00f0i til handa&#8230;\u00feeir munu r\u00edkja \u00e1 j\u00f6r\u00f0unni: <\/em>\u00d3l\u00edkt Gu\u00f0s b\u00f6rnum til forna, sem ur\u00f0u a\u00f0 hl\u00fd\u00f0a konungum og prestum, er hinum n\u00fdja Gu\u00f0s l\u00fd\u00f0 fengin v\u00f6ld \u00ed hendur (&#8222;\u00fe\u00fa ger\u00f0ir \u00fe\u00e1 a\u00f0 konungum&#8220;) og hann getur sn\u00fai\u00f0 s\u00e9r til Gu\u00f0s \u00e1n me\u00f0alg\u00f6ngu annarra (&#8222;\u00fe\u00fa ger\u00f0ir \u00fe\u00e1 a\u00f0&#8230;prestum&#8220;). Sj\u00e1 2M\u00f3s 19.6; Opb 1.6. N\u00fdjum s\u00f6fnu\u00f0i Gu\u00f0s heyra eigi a\u00f0eins til \u00cdsraelsmenn, heldur og allra \u00fej\u00f3\u00f0a f\u00f3lk sem tr\u00fair \u00e1 Jes\u00fa.<\/p>\n<p><strong>5.14 <\/strong><em>Amen: <\/em>J\u00e1, \u00fea\u00f0 er vissulega satt!<\/p>\n","protected":false},"excerpt":{"rendered":"<p>5.1 b\u00f3k: B\u00f3krolla, ro\u00f0ull, \u00fe.e. papp\u00edr (pap\u00fdrus) e\u00f0a skinn (pergamenti, <a href=\"https:\/\/biblian.is\/fraedsla\/ritskyring\/opinberunarbok-johannesar-5-kafli\/\"> [&#8230;]<\/a><\/p>\n","protected":false},"author":1,"featured_media":0,"parent":4829,"menu_order":0,"comment_status":"closed","ping_status":"closed","template":"","meta":{"footnotes":""},"class_list":["post-5438","page","type-page","status-publish","hentry"],"_links":{"self":[{"href":"https:\/\/biblian.is\/fraedsla\/wp-json\/wp\/v2\/pages\/5438","targetHints":{"allow":["GET"]}}],"collection":[{"href":"https:\/\/biblian.is\/fraedsla\/wp-json\/wp\/v2\/pages"}],"about":[{"href":"https:\/\/biblian.is\/fraedsla\/wp-json\/wp\/v2\/types\/page"}],"author":[{"embeddable":true,"href":"https:\/\/biblian.is\/fraedsla\/wp-json\/wp\/v2\/users\/1"}],"replies":[{"embeddable":true,"href":"https:\/\/biblian.is\/fraedsla\/wp-json\/wp\/v2\/comments?post=5438"}],"version-history":[{"count":0,"href":"https:\/\/biblian.is\/fraedsla\/wp-json\/wp\/v2\/pages\/5438\/revisions"}],"up":[{"embeddable":true,"href":"https:\/\/biblian.is\/fraedsla\/wp-json\/wp\/v2\/pages\/4829"}],"wp:attachment":[{"href":"https:\/\/biblian.is\/fraedsla\/wp-json\/wp\/v2\/media?parent=5438"}],"curies":[{"name":"wp","href":"https:\/\/api.w.org\/{rel}","templated":true}]}}