{"id":5436,"date":"2019-05-25T22:17:32","date_gmt":"2019-05-25T22:17:32","guid":{"rendered":"https:\/\/biblian.is\/fraedsla\/?page_id=5436"},"modified":"2022-12-16T13:59:19","modified_gmt":"2022-12-16T13:59:19","slug":"opinberunarbok-johannesar-6-kafli","status":"publish","type":"page","link":"https:\/\/biblian.is\/fraedsla\/ritskyring\/opinberunarbok-johannesar-6-kafli\/","title":{"rendered":"Opinberunarb\u00f3k J\u00f3hannesar 6. kafli"},"content":{"rendered":"<h3>Innsiglin sj\u00f6 opnu\u00f0<\/h3>\n<p><em>\u00deegar innsiglin sj\u00f6 \u00e1 b\u00f3kinni eru rofin, kemur \u00ed lj\u00f3s \u00fea\u00f0 sem Gu\u00f0 hefur \u00ed hyggju til \u00feess a\u00f0 sigra hin illu \u00f6flin. J\u00f3hannes s\u00e9r a\u00f0 auki tv\u00e6r s\u00fdnir, \u00e1 me\u00f0an veri\u00f0 er a\u00f0 rj\u00fafa innsiglin: 144 \u00fe\u00fasund menn, sem teknir eru fr\u00e1 af \u00e6ttkv\u00edslum \u00cdsraels (7.1-8) ogaragr\u00faa f\u00f3lks af \u00f6llum \u00fej\u00f3\u00f0um, sem lofsyngur Gu\u00f0i (7.9-17).<\/em><\/p>\n<p><strong>\u00a0<\/strong><strong>6.1 <\/strong><em>lambi\u00f0&#8230;innsiglunum sj\u00f6: <\/em>Sj\u00e1 athugagreinar vi\u00f0 5.6 (lambi\u00f0) og 5.1 (b\u00f3k). \u00deegar innsiglin eru rofin kemur \u00fea\u00f0 fram, sem sagt hefur veri\u00f0 fyrir um.<\/p>\n<p><strong>6.2 <\/strong><em>Hv\u00edtur hestur: <\/em>Hesturinn og bogi knapans t\u00e1kna sigurs\u00e6ld \u00ed herna\u00f0i. Par\u00fear bjuggu vi\u00f0 austurm\u00e6ri R\u00f3maveldis og st\u00f3\u00f0 n\u00e1gr\u00f6nnunum mikil \u00f3gn af bogum \u00feeirra. H\u00e9r m\u00e1 vera a\u00f0 gefi\u00f0 s\u00e9 \u00ed skyn, a\u00f0 Par\u00fear kunni a\u00f0 r\u00e1\u00f0ast inn \u00ed heimsveldi\u00f0 og bera sigur \u00far b\u00fdtum. K\u00f3r\u00f3nan merkir yfirvald og sigurvinning.<\/p>\n<p>Hrossin sem birtast \u00feegar innsiglin eru brotin (Opb 6.1-8) minna \u00e1 hestana \u00ed \u00e1ttundu s\u00fdn Sakar\u00eda sp\u00e1manns (Sak 6.1-6; sj\u00e1 og Sak 1.7-8).<\/p>\n<p><strong>6.4 <\/strong><em>annar hestur rau\u00f0ur: <\/em>\u00deessi f\u00e6rir str\u00ed\u00f0 og bl\u00f3\u00f0uga byltingu.<\/p>\n<p><strong>6.5 <\/strong><em>Svartur hestur og s\u00e1 er \u00e1 honum sat haf\u00f0i vogarsk\u00e1lar \u00ed hendi s\u00e9r: <\/em>Svarti hesturinn \u00e1 tr\u00falega a\u00f0 t\u00e1kna mannfelli af v\u00f6ldum matarskorts. (Sj\u00e1 athugagrein vi\u00f0 6.6; sj\u00e1 og Sak 6.2,6). Svarti liturinn og dau\u00f0inn tvinnast v\u00ed\u00f0a saman, enda var tali\u00f0 a\u00f0 ekki s\u00e6i handa sinna skil \u00ed d\u00e1narheimum (Hades) fyrir br\u00fanamyrkri. Sj\u00e1 athugagrein vi\u00f0 1.18.<\/p>\n<p><strong>6.6 <\/strong><em>M\u00e6lir hveitis&#8230;v\u00edninu: <\/em>R\u00f3mverskur silfurpeningur, sem nefndist denar, jafngilti daglaunum verkamanns. Fyrir hann m\u00e1tti \u00ed \u00feann t\u00ed\u00f0 kaupa s\u00e9r \u00e1tta til sext\u00e1n sinnum \u00fea\u00f0 magn af hveiti, sem um r\u00e6\u00f0ir h\u00e9r \u00ed versinu. \u00cd hall\u00e6ri rauk svo ver\u00f0i\u00f0 \u00e1 hveiti og byggi upp \u00far \u00f6llu valdi. H\u00e9r er horft fram til \u00feess t\u00edma \u00feegar skortur ver\u00f0ur \u00e1 algengum f\u00e6\u00f0utegundum, en gn\u00e6g\u00f0 af \u00fdmsu \u00f6\u00f0ru, sem ekki er jafnnau\u00f0synlegt (ol\u00eda og v\u00edn). \u00c1minningin a\u00f0 spilla ekki ol\u00edunni og v\u00edninu kann a\u00f0 l\u00fata a\u00f0 \u00fev\u00ed, a\u00f0 \u00feessi hungursney\u00f0 ver\u00f0i ekki svo langvarandi, a\u00f0 allir \u00edb\u00faar jar\u00f0ar deyi.<\/p>\n<p><strong>6.8 <\/strong><em>Bleikur hestur&#8230;Dau\u00f0i, og Hel: <\/em>Bleikt er litur rotnandi holds. H\u00e9r er dregin upp mynd af l\u00edkum dau\u00f0ra manna, sem liggja \u00fat um allar jar\u00f0ir af v\u00f6ldum styrjalda, hungurs og dreps\u00f3tta, og villid\u00fdr r\u00edfa \u00ed sig n\u00e1ina. &#8222;Dau\u00f0i&#8220; er h\u00e9r sama og &#8222;Hades&#8220; (undirheimar). \u00dear finnur enginn fyrir neinu; \u00fear r\u00edkir \u00f3rofin \u00fe\u00f6gn og \u00fear vita menn hvorki \u00ed \u00feennan heim n\u00e9 annan. Sj\u00e1 athugagrein vi\u00f0 1.18 og &#8222;<a href=\"https:\/\/biblian.is\/fraedsla\/ordtakasafn\/helviti\/\">Helja<\/a>&#8222;.<\/p>\n<p><strong>6.9,10\u00a0<\/strong><em>s\u00e1lir&#8230;hefnir bl\u00f3\u00f0s vors \u00e1 \u00edb\u00faum jar\u00f0arinnar: <\/em>P\u00edslarvottarnir spyrja Drottin hven\u00e6r hann \u00e6tli a\u00f0 d\u00e6ma \u00fe\u00e1 sem t\u00f3ku \u00fe\u00e1 af l\u00edfi, og refsa \u00feeim. \u00c1 \u00feessum d\u00f6gum hafa margir kristnir menn \u00e1tt \u00e6ttingja, vini og n\u00e1granna, sem m\u00e1ttu \u00feola fangavist, pyndingar og l\u00edfl\u00e1t fyrir \u00fe\u00e1 s\u00f6k, a\u00f0 \u00feeir neitu\u00f0u a\u00f0 tilbi\u00f0ja keisarann.<\/p>\n<p><strong>6.11\u00a0<\/strong><em>hv\u00edt skikkja&#8230;enn hv\u00edlast litla hr\u00ed\u00f0: <\/em>Sj\u00e1 athugagrein vi\u00f0 3.4. \u00deeir, sem d\u00f3u p\u00edslarv\u00e6ttisdau\u00f0a, \u00f6\u00f0lu\u00f0ust hv\u00edld og fri\u00f0 og eil\u00edft l\u00edf eftir dau\u00f0ann. Fleiri munu deyja \u00feannig \u00e1\u00f0ur en endirinn kemur.<\/p>\n<p><strong>6.12 <\/strong><em>h\u00e6rusekkur<\/em>: Vo\u00f0 \u00far hrossh\u00e1ri e\u00f0a togi, geitarull e\u00f0a kameld\u00fdra, notu\u00f0 til \u00feess a\u00f0 b\u00faa til \u00far henni mj\u00f6lpoka (h\u00e6rusekki). Syrgjendur bjuggust \u00feess konar gr\u00f3fum strigakl\u00e6\u00f0na\u00f0i og jusu \u00f6sku yfir h\u00f6fu\u00f0 s\u00e9r.<\/p>\n<p><strong>6.13 <\/strong><em>f\u00edkjutr\u00e9: <\/em>F\u00edkjutr\u00e9 hafa greinar og lauf, sem n\u00e1 allt ni\u00f0ur \u00e1 j\u00f6r\u00f0u. \u00deau geta or\u00f0i\u00f0 allt a\u00f0 9 metrar \u00e1 h\u00e6\u00f0 og bera \u00e1vexti tvisvar \u00e1 \u00e1ri. Vorf\u00edkjur \u00feroskast \u00ed j\u00fan\u00ed og eru etnar n\u00fdjar. Hinar s\u00ed\u00f0v\u00f6xnu, haustaldinin, eru t\u00edndar \u00ed \u00e1g\u00fast og september. \u00de\u00e6r voru \u00feurrka\u00f0ar \u00e1 fl\u00f6tum h\u00fas\u00fe\u00f6kunum og geymdar til vetrarins. F\u00edkjur voru drj\u00fagur hluti af daglegri f\u00e6\u00f0u manna \u00ed l\u00f6ndunum kringum Mi\u00f0jar\u00f0arhafi\u00f0. Eins og v\u00ednvi\u00f0urinn er f\u00edkjutr\u00e9\u00f0 t\u00e1kn fri\u00f0ar og allsn\u00e6gta.<\/p>\n<p><strong>6.14 <\/strong><em>b\u00f3kfell: <\/em>Sj\u00e1 athugagrein vi\u00f0 5.1.<\/p>\n<p><strong>6.16\u00a0<\/strong><em>\u00e1sj\u00f3nu hans sem \u00ed h\u00e1s\u00e6tinu situr og fyrir rei\u00f0i lambsins: <\/em>\u00c1tt er vi\u00f0 Drottin Gu\u00f0 og Jes\u00fa Krist (sj\u00e1 athugagrein vi\u00f0 5.6).<\/p>\n<p><strong>6.17\u00a0<\/strong><em>Hinn mikli dagur: <\/em>D\u00f3msdagur (sj\u00e1 athugagrein vi\u00f0 3.10).<\/p>\n","protected":false},"excerpt":{"rendered":"<p>Innsiglin sj\u00f6 opnu\u00f0 \u00deegar innsiglin sj\u00f6 \u00e1 b\u00f3kinni eru rofin, <a href=\"https:\/\/biblian.is\/fraedsla\/ritskyring\/opinberunarbok-johannesar-6-kafli\/\"> [&#8230;]<\/a><\/p>\n","protected":false},"author":1,"featured_media":0,"parent":4829,"menu_order":0,"comment_status":"closed","ping_status":"closed","template":"","meta":{"footnotes":""},"class_list":["post-5436","page","type-page","status-publish","hentry"],"_links":{"self":[{"href":"https:\/\/biblian.is\/fraedsla\/wp-json\/wp\/v2\/pages\/5436","targetHints":{"allow":["GET"]}}],"collection":[{"href":"https:\/\/biblian.is\/fraedsla\/wp-json\/wp\/v2\/pages"}],"about":[{"href":"https:\/\/biblian.is\/fraedsla\/wp-json\/wp\/v2\/types\/page"}],"author":[{"embeddable":true,"href":"https:\/\/biblian.is\/fraedsla\/wp-json\/wp\/v2\/users\/1"}],"replies":[{"embeddable":true,"href":"https:\/\/biblian.is\/fraedsla\/wp-json\/wp\/v2\/comments?post=5436"}],"version-history":[{"count":0,"href":"https:\/\/biblian.is\/fraedsla\/wp-json\/wp\/v2\/pages\/5436\/revisions"}],"up":[{"embeddable":true,"href":"https:\/\/biblian.is\/fraedsla\/wp-json\/wp\/v2\/pages\/4829"}],"wp:attachment":[{"href":"https:\/\/biblian.is\/fraedsla\/wp-json\/wp\/v2\/media?parent=5436"}],"curies":[{"name":"wp","href":"https:\/\/api.w.org\/{rel}","templated":true}]}}