{"id":5434,"date":"2019-05-25T22:15:53","date_gmt":"2019-05-25T22:15:53","guid":{"rendered":"https:\/\/biblian.is\/fraedsla\/?page_id=5434"},"modified":"2022-12-16T13:59:19","modified_gmt":"2022-12-16T13:59:19","slug":"opinberunarbok-johannesar-7-kafli","status":"publish","type":"page","link":"https:\/\/biblian.is\/fraedsla\/ritskyring\/opinberunarbok-johannesar-7-kafli\/","title":{"rendered":"Opinberunarb\u00f3k J\u00f3hannesar 7. kafli"},"content":{"rendered":"<p><strong>7.1-2\u00a0<\/strong><em>fj\u00f3ra engla: <\/em>Sj\u00e1 athugagrein vi\u00f0 1.1 (&#8222;Engill&#8220;). \u00deessum englum er gefi\u00f0 vald til \u00feess a\u00f0 vinna j\u00f6r\u00f0inni mein. En s\u00f6fnu\u00f0i Gu\u00f0s munu \u00feeir hl\u00edfa og hann mun eignast hlutdeild \u00ed hinni n\u00fdju sk\u00f6pun hans.<\/p>\n<p><strong>7.1-2\u00a0<\/strong><em>innsigli lifanda Gu\u00f0s: <\/em>H\u00e9r m\u00e1 vera, a\u00f0 v\u00edsa\u00f0 s\u00e9 til signets eins og \u00feeirra, sem konungar h\u00f6f\u00f0u \u00e1 innsiglishringjum s\u00ednum, og voru t\u00e1kn pers\u00f3nunnar e\u00f0a emb\u00e6ttisins, notu\u00f0 \u00e1 skj\u00f6l og sendibr\u00e9f til sta\u00f0festingar e\u00f0a til a\u00f0 loka \u00feeim. Innsigli\u00f0 er merki um eignarr\u00e9tt.<\/p>\n<p><strong>7.4 <\/strong><em>Hundra\u00f0 fj\u00f6rut\u00edu og fj\u00f3rar \u00fe\u00fasundir: <\/em>\u00deessi t\u00e1knr\u00e6na tala er \u00feannig fengin, a\u00f0 t\u00f3lf \u00e6ttkv\u00edslir \u00cdsraels eru margfalda\u00f0ar me\u00f0 t\u00f3lf og s\u00ed\u00f0an me\u00f0 \u00fe\u00fasund. Talan t\u00f3lf var me\u00f0 fleiru \u00e1litin \u00edmynd fullkomnunar. \u00deessi h\u00f3pur stendur \u00fev\u00ed fyrir allan s\u00f6fnu\u00f0 Gu\u00f0s. En raunveruleg st\u00e6r\u00f0 hans er meiri en J\u00f3hannes f\u00e1i tali\u00f0 (7.9). <a href=\"https:\/\/biblian.is\/fraedsla\/ordtakasafn\/tolur-i-bibliunni\/\">Sj\u00e1 &#8222;T\u00f6lur \u00ed Bibl\u00edunni&#8220;.<\/a><\/p>\n<p><strong>7.5-8\u00a0<\/strong><em>J\u00fada&#8230;Benjam\u00edns: <\/em>\u00cd \u00feessum versum eru talin upp n\u00f6fnin \u00e1 \u00e6ttkv\u00edslum \u00cdsraels. Manasse \u00e6ttkv\u00edsl kemur h\u00e9r \u00ed sta\u00f0inn fyrir \u00e6ttkv\u00edsl Dans, tr\u00falega af \u00fev\u00ed a\u00f0 ni\u00f0jar Dans h\u00f6f\u00f0u tilbe\u00f0i\u00f0 skur\u00f0go\u00f0 (D\u00f3m 18; 1Kon 12.28-33).<\/p>\n<p><strong>7.9 <\/strong><em>hv\u00edtum skikkjum&#8230;p\u00e1lmagreinar: <\/em>Sj\u00e1 athugagrein vi\u00f0 3.4 (\u00ed hv\u00edtum kl\u00e6\u00f0um). P\u00e1lmagreinar voru sigur-og gle\u00f0it\u00e1kn.<\/p>\n<p><strong>7.11\u00a0<\/strong><em>\u00f6ldungana og verurnar fj\u00f3rar: <\/em>Sj\u00e1 athugagreinar vi\u00f0 4.4-10 (\u00f6ldungarnir) og 4.6-9 (fj\u00f3rar verur).<\/p>\n<p><strong>7.12 <\/strong><em>Amen: <\/em>Sj\u00e1 athugagrein vi\u00f0 5.14.<\/p>\n<p><strong>7.14\u00a0<\/strong><em>hv\u00edt\u00fevegi\u00f0 skikkjur s\u00ednar \u00ed bl\u00f3\u00f0i lambsins: <\/em>\u00deessi or\u00f0 merkja, a\u00f0 \u00feeir, sem um r\u00e6\u00f0ir, hafa hloti\u00f0 fyrirgefningu Gu\u00f0s \u00ed Kristi. Sj\u00e1 og athugagrein vi\u00f0 5.6 (lamb). Hv\u00edtu kl\u00e6\u00f0in eru til marks um hreinl\u00edfi.<\/p>\n<p><strong>7.17\u00a0<\/strong><em>lambi\u00f0&#8230;mun vera hir\u00f0ir \u00feeirra: <\/em>Sj\u00e1 athugagrein vi\u00f0 5.6 (lamb). B\u00e6\u00f0i Gu\u00f0i f\u00f6\u00f0ur, og syninum Jes\u00fa Kristi, er \u00ed Bibl\u00edunni l\u00edkt vi\u00f0 fj\u00e1rhir\u00f0inn (sj\u00e1 Slm 23.1; Es 34.11-30; J\u00f3h 10.7-16).<\/p>\n","protected":false},"excerpt":{"rendered":"<p>7.1-2\u00a0fj\u00f3ra engla: Sj\u00e1 athugagrein vi\u00f0 1.1 (&#8222;Engill&#8220;). \u00deessum englum er <a href=\"https:\/\/biblian.is\/fraedsla\/ritskyring\/opinberunarbok-johannesar-7-kafli\/\"> [&#8230;]<\/a><\/p>\n","protected":false},"author":1,"featured_media":0,"parent":4829,"menu_order":0,"comment_status":"closed","ping_status":"closed","template":"","meta":{"footnotes":""},"class_list":["post-5434","page","type-page","status-publish","hentry"],"_links":{"self":[{"href":"https:\/\/biblian.is\/fraedsla\/wp-json\/wp\/v2\/pages\/5434","targetHints":{"allow":["GET"]}}],"collection":[{"href":"https:\/\/biblian.is\/fraedsla\/wp-json\/wp\/v2\/pages"}],"about":[{"href":"https:\/\/biblian.is\/fraedsla\/wp-json\/wp\/v2\/types\/page"}],"author":[{"embeddable":true,"href":"https:\/\/biblian.is\/fraedsla\/wp-json\/wp\/v2\/users\/1"}],"replies":[{"embeddable":true,"href":"https:\/\/biblian.is\/fraedsla\/wp-json\/wp\/v2\/comments?post=5434"}],"version-history":[{"count":0,"href":"https:\/\/biblian.is\/fraedsla\/wp-json\/wp\/v2\/pages\/5434\/revisions"}],"up":[{"embeddable":true,"href":"https:\/\/biblian.is\/fraedsla\/wp-json\/wp\/v2\/pages\/4829"}],"wp:attachment":[{"href":"https:\/\/biblian.is\/fraedsla\/wp-json\/wp\/v2\/media?parent=5434"}],"curies":[{"name":"wp","href":"https:\/\/api.w.org\/{rel}","templated":true}]}}