{"id":5432,"date":"2019-05-25T22:14:15","date_gmt":"2019-05-25T22:14:15","guid":{"rendered":"https:\/\/biblian.is\/fraedsla\/?page_id=5432"},"modified":"2022-12-16T13:59:19","modified_gmt":"2022-12-16T13:59:19","slug":"opinberunarbok-johannesar-8-kafli","status":"publish","type":"page","link":"https:\/\/biblian.is\/fraedsla\/ritskyring\/opinberunarbok-johannesar-8-kafli\/","title":{"rendered":"Opinberunarb\u00f3k J\u00f3hannesar 8. kafli"},"content":{"rendered":"<p><strong>8.2 <\/strong><em>b\u00e1s\u00fanur: <\/em>Sj\u00f6 l\u00fa\u00f0rar eru fengnir jafnm\u00f6rgum englum og \u00feegar englarnir \u00feeyta l\u00fa\u00f0rana eru d\u00f3mar felldir yfir \u00feeim sem \u00f3hl\u00fd\u00f0nast hafa Gu\u00f0i. Bl\u00e1si\u00f0 var \u00ed l\u00fa\u00f0ra (b\u00e1s\u00fanur) \u00feegar l\u00fd\u00f0ur Gu\u00f0s var kalla\u00f0ur saman til st\u00f3rh\u00e1t\u00ed\u00f0a Gy\u00f0inga (4M\u00f3s 10.3,10; 29.1) og ennfremur \u00feegar kunngj\u00f6rt var a\u00f0 n\u00fdr konungur hef\u00f0i sest a\u00f0 v\u00f6ldum (1Kon 1.34,39; 2Kon 9.13; sj\u00e1 og 1\u00deess 4.16).<\/p>\n<p><strong>8.3\u00a0<\/strong><em>reykelsi: <\/em>Sj\u00e1 athugagrein vi\u00f0 5.8.<\/p>\n<h3>B\u00e1s\u00fanurnar sj\u00f6<\/h3>\n<p><em>J\u00f3hannes s\u00e1 engla \u00feeyta l\u00fa\u00f0ra og bo\u00f0a\u00f0i l\u00fa\u00f0urhlj\u00f3murinn a\u00f0 \u00f3vinum Gu\u00f0s yr\u00f0i refsa\u00f0. Fj\u00f3rir englanna tyftu\u00f0u n\u00e1tt\u00faruna me\u00f0 \u00f3gurlegum hamf\u00f6rum, en \u00fer\u00edr hegndu andst\u00e6\u00f0ingum Gu\u00f0s grimmilega. Sumt \u00feetta kvalr\u00e6\u00f0i minnir \u00e1 pl\u00e1gurnar, sem Drottinn sendi yfir Egyptaland m\u00f6rgum \u00f6ldum fyrr (2M\u00f3s 7-10). En hinum tr\u00fau \u00fej\u00f3num Gu\u00f0s, sem h\u00f6f\u00f0u innsigli hans \u00e1 enni s\u00e9r, var hl\u00edft.<\/em><\/p>\n<p><strong>8.6 <\/strong><em>englarnir sj\u00f6: <\/em>H\u00e9r er v\u00edsast \u00e1tt vi\u00f0 s\u00e9rstakan h\u00f3p engla, sem samkv\u00e6mt fornum arfs\u00f6gnum Gy\u00f0inga voru \u00f6\u00f0rum englum \u00e6\u00f0ri.<\/p>\n<p><strong>8.8 <\/strong><em>fjalli, logandi af eldi&#8230;varpa\u00f0 \u00ed hafi\u00f0: <\/em>Opinberunarb\u00f3k J\u00f3hannesar er a\u00f0 \u00f6llum l\u00edkindum skrifu\u00f0 eftir a\u00f0 eldfjalli\u00f0 Ves\u00fav\u00edus gaus \u00e1ri\u00f0 79 e. Kr., lag\u00f0i \u00ed ey\u00f0i Pompei-borg og s\u00f6kkti fj\u00f6lda skipa \u00ed h\u00f6fninni. Eflaust hafa l\u00fdsingar \u00e1 \u00feessum h\u00f6rmungum borist f\u00f3lki \u00ed borgum Litlu-As\u00edu til eyrna. Eldgos og jar\u00f0skj\u00e1lftar voru til forna \u00e1litin refsing gu\u00f0anna.<\/p>\n<p><strong>8.10,11\u00a0<\/strong><em>f\u00e9ll st\u00f3r stjarna af himni&#8230;Remma: <\/em>Gr\u00edska or\u00f0i\u00f0, sem \u00e1 \u00edslensku er \u00fe\u00fdtt me\u00f0 &#8222;Remma&#8220; er <em>Absin\u00feos<\/em>, og hlj\u00f3mar l\u00edkt og nafni\u00f0 \u00e1 jurt einni \u00ed Palest\u00ednu (malurt). \u00deetta er l\u00e6kningajurt af k\u00f6rfubl\u00f3ma\u00e6tt og \u00ed r\u00f3tum hennar er beiskur v\u00f6kvi. \u00cd Mara kasta\u00f0i M\u00f3se tr\u00e9 \u00ed rammt vatni\u00f0 og \u00fe\u00e1 var\u00f0 \u00fea\u00f0 ferskt (2M\u00f3s 15.22-25). H\u00e9r ver\u00f0a v\u00f6tnin aftur \u00e1 m\u00f3ti beisk. Sj\u00e1 og Jer 9.15.<\/p>\n<p><strong>8.12 <\/strong><em>dagurinn missti&#8230;birtu sinnar: <\/em>\u00dea\u00f0 sem h\u00e9r um r\u00e6\u00f0ir minnir \u00e1 tungl- e\u00f0a s\u00f3lmyrkva. Hin d\u00fdpri merking er s\u00fa, a\u00f0 margur ma\u00f0urinn ver\u00f0ur sviptur lj\u00f3si Gu\u00f0s.<\/p>\n","protected":false},"excerpt":{"rendered":"<p>8.2 b\u00e1s\u00fanur: Sj\u00f6 l\u00fa\u00f0rar eru fengnir jafnm\u00f6rgum englum og \u00feegar <a href=\"https:\/\/biblian.is\/fraedsla\/ritskyring\/opinberunarbok-johannesar-8-kafli\/\"> [&#8230;]<\/a><\/p>\n","protected":false},"author":1,"featured_media":0,"parent":4829,"menu_order":0,"comment_status":"closed","ping_status":"closed","template":"","meta":{"footnotes":""},"class_list":["post-5432","page","type-page","status-publish","hentry"],"_links":{"self":[{"href":"https:\/\/biblian.is\/fraedsla\/wp-json\/wp\/v2\/pages\/5432","targetHints":{"allow":["GET"]}}],"collection":[{"href":"https:\/\/biblian.is\/fraedsla\/wp-json\/wp\/v2\/pages"}],"about":[{"href":"https:\/\/biblian.is\/fraedsla\/wp-json\/wp\/v2\/types\/page"}],"author":[{"embeddable":true,"href":"https:\/\/biblian.is\/fraedsla\/wp-json\/wp\/v2\/users\/1"}],"replies":[{"embeddable":true,"href":"https:\/\/biblian.is\/fraedsla\/wp-json\/wp\/v2\/comments?post=5432"}],"version-history":[{"count":0,"href":"https:\/\/biblian.is\/fraedsla\/wp-json\/wp\/v2\/pages\/5432\/revisions"}],"up":[{"embeddable":true,"href":"https:\/\/biblian.is\/fraedsla\/wp-json\/wp\/v2\/pages\/4829"}],"wp:attachment":[{"href":"https:\/\/biblian.is\/fraedsla\/wp-json\/wp\/v2\/media?parent=5432"}],"curies":[{"name":"wp","href":"https:\/\/api.w.org\/{rel}","templated":true}]}}