{"id":5430,"date":"2019-05-25T22:12:44","date_gmt":"2019-05-25T22:12:44","guid":{"rendered":"https:\/\/biblian.is\/fraedsla\/?page_id=5430"},"modified":"2022-12-16T13:59:20","modified_gmt":"2022-12-16T13:59:20","slug":"opinberunarbok-johannesar-9-kafli","status":"publish","type":"page","link":"https:\/\/biblian.is\/fraedsla\/ritskyring\/opinberunarbok-johannesar-9-kafli\/","title":{"rendered":"Opinberunarb\u00f3k J\u00f3hannesar 9. kafli"},"content":{"rendered":"<p><strong>9.1\u00a0<\/strong><em>stj\u00f6rnu er falli\u00f0 haf\u00f0i af himni&#8230;brunni undirdj\u00fapsins: <\/em>Fimmti engillinn bo\u00f0ar pl\u00e1gur, sem herja munu \u00e1 \u00fej\u00f3\u00f0ir heims. Til forna var algengt a\u00f0 menn teldu stj\u00f6rnurnar vera lifandi verur, l\u00edkt og engla. Brunnur undirdj\u00fapsins er helheimur, \u00fear sem vondar og \u00f3hl\u00fd\u00f0nar s\u00e1lir b\u00ed\u00f0a d\u00f3ms, marandi \u00ed bleytuhelli.<\/p>\n<p><strong>9.3-10\u00a0<\/strong><em>engisprettur&#8230;spor\u00f0drekar: <\/em>V\u00ed\u00f0a \u00ed Bibl\u00edunni koma engisprettur fyrir og eru \u00fe\u00e1 gjarnan til marks um rei\u00f0i Gu\u00f0s og \u00fe\u00e1 hegningu, sem \u00f3vinir hans eiga \u00ed v\u00e6ndum. Sj\u00e1 &#8222;Engisprettur&#8220; \u00e1 bls. 1604. \u00deessar engisprettur h\u00e9r hafa hala spor\u00f0drekans. En \u00fe\u00e6r stingandi engisprettur ska\u00f0a einungis \u00fe\u00e1, sem ekki hafa innsigli Gu\u00f0s \u00e1 enni s\u00e9r (Sj\u00e1 7.1-4).<\/p>\n<p><strong>9.11\u00a0<\/strong><em>Abadd\u00f3n&#8230;Apoll\u00fd\u00f3n: <\/em>Hebreska or\u00f0i\u00f0 &#8222;Abaddon&#8220; og gr\u00edska or\u00f0i\u00f0 &#8222;Apoll\u00fdon&#8220; \u00fe\u00fd\u00f0a b\u00e6\u00f0i &#8222;ey\u00f0ilegging&#8220;.<\/p>\n<p><strong>9.14\u00a0<\/strong><em>flj\u00f3ti\u00f0 mikla, Efrat: <\/em>\u00c1in Efrat rann \u00e1 eystri m\u00e6rum \u00feess landsv\u00e6\u00f0is, sem Gu\u00f0 h\u00e9t a\u00f0 gefa Abraham og afkv\u00e6mi hans (sj\u00e1 1M\u00f3s 15.18; 5M\u00f3s 11.24; J\u00f3s 1.4). \u00c1 ritunart\u00edma Opinberunarb\u00f3kar J\u00f3hannesar voru \u00feessi s\u00f6mu skil landamerki r\u00f3mverska heimsveldisins til austurs. Handan Efratflj\u00f3ts bjuggu Par\u00fear, sem \u00fe\u00f3ttu aldrei nein l\u00f6mb a\u00f0 leika s\u00e9r vi\u00f0.<\/p>\n<p><strong>9.20\u00a0<\/strong><em>skur\u00f0go\u00f0in \u00far gulli, silfri, eiri, steini og tr\u00e9: <\/em>\u00ddmsir h\u00e6ttu ekki a\u00f0 tilbi\u00f0ja hj\u00e1gu\u00f0i \u00fer\u00e1tt fyrir \u00feessar miklu h\u00f6rmungar. \u00deeir sem ger\u00f0u s\u00e9r l\u00edkneski og &#8222;eftirl\u00edkingar af \u00fev\u00ed sem er \u00e1 j\u00f6r\u00f0inni&#8220;, og d\u00fdku\u00f0u \u00feetta, \u00f3hl\u00fd\u00f0nu\u00f0ust \u00fear me\u00f0 lifanda Gu\u00f0i (2M\u00f3s 20.4-6). Reynt var a\u00f0 \u00fer\u00fdsta hinum kristnu \u00e1 d\u00f6gum J\u00f3hannesar til \u00feess a\u00f0 g\u00f6fga hei\u00f0in go\u00f0 og falla fram fyrir keisaranum, sem gu\u00f0 v\u00e6ri. Sj\u00e1 innganginn a\u00f0 Opinberunarb\u00f3kinni \u00e1 bls. 2308.<\/p>\n<p><strong>9.21\u00a0<\/strong><em>t\u00f6frum, frillul\u00edfi: <\/em>Sumir \u00feegnar r\u00f3mverska heimsveldisins l\u00f6g\u00f0u stund \u00e1 galdur, \u00fe\u00f3tt bl\u00e1tt bann v\u00e6ri lagt vi\u00f0 sl\u00edku \u00ed l\u00f6gm\u00e1li M\u00f3se (3M\u00f3s 19.26). \u00deetta kukl hefur tr\u00falega mestmegnis veri\u00f0 tilraunir til a\u00f0 teygja s\u00e1lir dau\u00f0ra til \u00feess a\u00f0 vinna fur\u00f0uverk (sj\u00e1 Post 8.9-11). &#8222;Frillul\u00edfi&#8220; er \u00f3si\u00f0legt l\u00edferni og getur b\u00e6\u00f0i margt og miki\u00f0 falist \u00ed \u00feeim or\u00f0um (t.d. 2T\u00edm 3.1-6).<\/p>\n","protected":false},"excerpt":{"rendered":"<p>9.1\u00a0stj\u00f6rnu er falli\u00f0 haf\u00f0i af himni&#8230;brunni undirdj\u00fapsins: Fimmti engillinn bo\u00f0ar <a href=\"https:\/\/biblian.is\/fraedsla\/ritskyring\/opinberunarbok-johannesar-9-kafli\/\"> [&#8230;]<\/a><\/p>\n","protected":false},"author":1,"featured_media":0,"parent":4829,"menu_order":0,"comment_status":"closed","ping_status":"closed","template":"","meta":{"footnotes":""},"class_list":["post-5430","page","type-page","status-publish","hentry"],"_links":{"self":[{"href":"https:\/\/biblian.is\/fraedsla\/wp-json\/wp\/v2\/pages\/5430","targetHints":{"allow":["GET"]}}],"collection":[{"href":"https:\/\/biblian.is\/fraedsla\/wp-json\/wp\/v2\/pages"}],"about":[{"href":"https:\/\/biblian.is\/fraedsla\/wp-json\/wp\/v2\/types\/page"}],"author":[{"embeddable":true,"href":"https:\/\/biblian.is\/fraedsla\/wp-json\/wp\/v2\/users\/1"}],"replies":[{"embeddable":true,"href":"https:\/\/biblian.is\/fraedsla\/wp-json\/wp\/v2\/comments?post=5430"}],"version-history":[{"count":0,"href":"https:\/\/biblian.is\/fraedsla\/wp-json\/wp\/v2\/pages\/5430\/revisions"}],"up":[{"embeddable":true,"href":"https:\/\/biblian.is\/fraedsla\/wp-json\/wp\/v2\/pages\/4829"}],"wp:attachment":[{"href":"https:\/\/biblian.is\/fraedsla\/wp-json\/wp\/v2\/media?parent=5430"}],"curies":[{"name":"wp","href":"https:\/\/api.w.org\/{rel}","templated":true}]}}