{"id":5424,"date":"2019-05-25T22:09:14","date_gmt":"2019-05-25T22:09:14","guid":{"rendered":"https:\/\/biblian.is\/fraedsla\/?page_id=5424"},"modified":"2022-12-16T13:59:16","modified_gmt":"2022-12-16T13:59:16","slug":"opinberunarbok-johannesar-19-kafli","status":"publish","type":"page","link":"https:\/\/biblian.is\/fraedsla\/ritskyring\/opinberunarbok-johannesar-19-kafli\/","title":{"rendered":"Opinberunarb\u00f3k J\u00f3hannesar 19. kafli"},"content":{"rendered":"<p><strong>19.1\u00a0<\/strong><em>Hallel\u00faja: <\/em>\u00deetta or\u00f0 er gr\u00edsk mynd hebreskrar upphr\u00f3punar, sem \u00fe\u00fd\u00f0ir &#8222;lofi\u00f0 Drottin.&#8220; H\u00fan kemur oftar fyrir \u00ed 19. kap\u00edtulanum (sj\u00e1 19.3,4,6).<\/p>\n<p><strong>19.1 <\/strong><em>Hj\u00e1lpr\u00e6\u00f0i\u00f0: <\/em>Sj\u00e1 athugagrein vi\u00f0 1.5. Or\u00f0i\u00f0 &#8222;hj\u00e1lpr\u00e6\u00f0i&#8220; t\u00e1knar \u00ed Bibl\u00edunni allt \u00fea\u00f0 sem Gu\u00f0 hefur gert og gerir enn til \u00feess a\u00f0 frelsa mennina fr\u00e1 synd, sorg, sj\u00fakd\u00f3mum, dau\u00f0a og illum \u00f6flum. A\u00f0 &#8222;ver\u00f0a h\u00f3lpinn&#8220; er sama og a\u00f0 &#8222;eignast eil\u00edft l\u00edf.&#8220; Sj\u00e1 n\u00e1nar <a href=\"https:\/\/biblian.is\/fraedsla\/ordtakasafn\/hjalpraedi\/\">&#8222;K\u00e6rleikur Gu\u00f0s frelsar (Hj\u00e1lpr\u00e6\u00f0i)&#8220;<\/a> og &#8222;<a href=\"https:\/\/biblian.is\/fraedsla\/ordtakasafn\/eilift-lif\/\">Eil\u00edft l\u00edf<\/a>&#8222;.<\/p>\n<p><strong>19.2 <\/strong><em>sk\u00e6kjuna: <\/em>Sj\u00e1 athugagrein vi\u00f017.1.<\/p>\n<p><strong>19.4 <\/strong><em>\u00d6ldungarnir tuttutu og fj\u00f3rir og verurnar fj\u00f3rar: <\/em>Sj\u00e1 athugagreinar vi\u00f0 4.4-10 (\u00f6ldungarnir) og 4.6-9 (fj\u00f3rar verur).<\/p>\n<p><strong>19.7 <\/strong><em>br\u00fa\u00f0kaupi lambsins og br\u00fa\u00f0ur hans: <\/em>\u00deetta er s\u00e1 feginsdagur, \u00feegar Kristur (lambi\u00f0) og j\u00e1tendur hans (br\u00fa\u00f0urin) ver\u00f0a eitt. \u00de\u00e1 er og Gu\u00f0 \u00ed \u00feann veginn a\u00f0 vinna lokasigur \u00e1 Satan. Sp\u00e1menn \u00cdsraels\u00fej\u00f3\u00f0arinnar l\u00edktu sambandi Gu\u00f0s og l\u00fd\u00f0s hans vi\u00f0 hj\u00f3naband (sj\u00e1 Jes 54.1-8; Es 16.7-8; H\u00f3s 2.19,20). \u00cd N\u00fdja testamenti r\u00e6\u00f0ir um kirkjuna sem eiginkonu Krists (Ef 5.23-32).<\/p>\n<p><strong>19.10 <\/strong><em>andi: <\/em>Sj\u00e1 athugagrein vi\u00f0 1.10.<\/p>\n<p><strong>19.11<\/strong><em>Hv\u00edtur hestur&#8230;S\u00e1 sem \u00e1 honum sat h\u00e9t Tr\u00far og Sannur: <\/em>Sj\u00e1 athugagrein vi\u00f0 6.2 (Hv\u00edtur hestur). Knapinn er Kristur, v\u00edgreifur herforingi \u00e1 lei\u00f0 \u00ed orrustu. Ennisdj\u00e1snin m\u00f6rgu eru til marks um makt hans og veldi (19.12). \u00cd \u00feann t\u00ed\u00f0 bar konungur oft margar kr\u00f3nur \u00e1 h\u00f6f\u00f0i s\u00e9r, eina fyrir hvert land sem hann r\u00e9\u00f0i fyrir.<\/p>\n<p><strong>19.13\u00a0<\/strong><em>bl\u00f3\u00f0i drifinni: <\/em>\u00cd sumum handritum &#8222;sem d\u00fdft haf\u00f0i veri\u00f0 \u00ed bl\u00f3\u00f0.&#8220;<\/p>\n<p><strong>19.13 <\/strong><em>skikkju, bl\u00f3\u00f0i drifinni&#8230;Or\u00f0i\u00f0 Gu\u00f0s: <\/em>Bl\u00f3\u00f0i\u00f0 er bl\u00f3\u00f0 Krists, sem hann \u00fathellti \u00e1 krossinum og sigra\u00f0i \u00fear me\u00f0 synd og dau\u00f0a (sj\u00e1 R\u00f3m 3.24,25; Opb5.6,9; 7.14; 12.11). Jes\u00fas er &#8222;or\u00f0i\u00f0 sem er Gu\u00f0&#8220; (sj\u00e1 J\u00f3h 1.1-3, 14; Heb 4.12).<\/p>\n<p><strong>19.14\u00a0<\/strong><em>kl\u00e6ddar hv\u00edtu og hreinu l\u00edni: <\/em>Sj\u00e1 athugagrein vi\u00f0 3.4.<\/p>\n<p><strong>19.15\u00a0<\/strong><em>v\u00edn\u00fer\u00f6ng: <\/em>Sj\u00e1 athugagrein vi\u00f0 14.18,19.<\/p>\n<p><strong>19.19,20 <\/strong><em>d\u00fdri\u00f0&#8230;falssp\u00e1ma\u00f0urinn: <\/em>Sj\u00e1 athugagreinar vi\u00f0 13.1 (d\u00fdr) og 13.11; 16.13 (falssp\u00e1mannsins).<\/p>\n<p><strong>19.20 <\/strong><em>eldsd\u00edki\u00f0 sem logar af brennisteini: <\/em>Sj\u00e1 athugagreinar vi\u00f0 14.10 og 9.1.<\/p>\n","protected":false},"excerpt":{"rendered":"<p>19.1\u00a0Hallel\u00faja: \u00deetta or\u00f0 er gr\u00edsk mynd hebreskrar upphr\u00f3punar, sem \u00fe\u00fd\u00f0ir <a href=\"https:\/\/biblian.is\/fraedsla\/ritskyring\/opinberunarbok-johannesar-19-kafli\/\"> [&#8230;]<\/a><\/p>\n","protected":false},"author":1,"featured_media":0,"parent":4829,"menu_order":0,"comment_status":"closed","ping_status":"closed","template":"","meta":{"footnotes":""},"class_list":["post-5424","page","type-page","status-publish","hentry"],"_links":{"self":[{"href":"https:\/\/biblian.is\/fraedsla\/wp-json\/wp\/v2\/pages\/5424","targetHints":{"allow":["GET"]}}],"collection":[{"href":"https:\/\/biblian.is\/fraedsla\/wp-json\/wp\/v2\/pages"}],"about":[{"href":"https:\/\/biblian.is\/fraedsla\/wp-json\/wp\/v2\/types\/page"}],"author":[{"embeddable":true,"href":"https:\/\/biblian.is\/fraedsla\/wp-json\/wp\/v2\/users\/1"}],"replies":[{"embeddable":true,"href":"https:\/\/biblian.is\/fraedsla\/wp-json\/wp\/v2\/comments?post=5424"}],"version-history":[{"count":0,"href":"https:\/\/biblian.is\/fraedsla\/wp-json\/wp\/v2\/pages\/5424\/revisions"}],"up":[{"embeddable":true,"href":"https:\/\/biblian.is\/fraedsla\/wp-json\/wp\/v2\/pages\/4829"}],"wp:attachment":[{"href":"https:\/\/biblian.is\/fraedsla\/wp-json\/wp\/v2\/media?parent=5424"}],"curies":[{"name":"wp","href":"https:\/\/api.w.org\/{rel}","templated":true}]}}