{"id":5420,"date":"2019-05-25T22:06:32","date_gmt":"2019-05-25T22:06:32","guid":{"rendered":"https:\/\/biblian.is\/fraedsla\/?page_id=5420"},"modified":"2022-12-16T13:59:17","modified_gmt":"2022-12-16T13:59:17","slug":"opinberunarbok-johannesar-21-kafli","status":"publish","type":"page","link":"https:\/\/biblian.is\/fraedsla\/ritskyring\/opinberunarbok-johannesar-21-kafli\/","title":{"rendered":"Opinberunarb\u00f3k J\u00f3hannesar 21. kafli"},"content":{"rendered":"<h3>Gu\u00f0 gj\u00f6rir alla hluti n\u00fdja<\/h3>\n<p><em>Gu\u00f0 hefur bori\u00f0 siguror\u00f0 af dau\u00f0a og dj\u00f6fli. \u00cd s\u00fdn J\u00f3hannesar er \u00fev\u00ed n\u00fa l\u00fdst, er Gu\u00f0 skapar n\u00fdjan himin og n\u00fdja j\u00f6r\u00f0, og ennfremur n\u00fdja Jer\u00fasalem sem t\u00e1knar endurn\u00fdjun gj\u00f6rvallrar sk\u00f6punarinnar. Gu\u00f0 og lambi\u00f0 munu b\u00faa hj\u00e1 f\u00f3lki s\u00ednu, \u00fear sem hvorki er harmur n\u00e9 kvein og dau\u00f0inn ekki framar til. Eftir mi\u00f0ju str\u00e6ti borgarinnar rennur flj\u00f3t l\u00edfsvatnsins. \u00c1 b\u00e1\u00f0um b\u00f6kkum \u00feess gr\u00e6r l\u00edfsins tr\u00e9, sem ber \u00e1v\u00f6xt \u00e1ri\u00f0 um kring.<\/em><\/p>\n<p><strong>21.1\u00a0<\/strong><em>n\u00fdjan himin og n\u00fdja j\u00f6r\u00f0: <\/em>\u00cd \u00feessari s\u00fdn er horfin hin fyrri j\u00f6r\u00f0 me\u00f0 styrj\u00f6ldum s\u00ednum illsku, sj\u00fakd\u00f3mum og mengun. N\u00fd j\u00f6r\u00f0 kemur \u00ed hennar sta\u00f0.<\/p>\n<p><strong>21.2 <\/strong><em>n\u00fdja Jer\u00fasalem&#8230;b\u00fana sem br\u00fa\u00f0i: <\/em>Jer\u00fasalem var mi\u00f0st\u00f6\u00f0 gu\u00f0sd\u00fdrkunar \u00cdsraelsmanna og \u00fear h\u00f6f\u00f0u \u00feeir reist Drottni musteri. &#8222;Helg&#8220; er borgin k\u00f6llu\u00f0, af \u00fev\u00ed a\u00f0 h\u00fan var tekin fr\u00e1 handa Gu\u00f0i, enda var musteri\u00f0 me\u00f0 s\u00e9rst\u00f6kum h\u00e6tti b\u00fasta\u00f0ur Gu\u00f0s. J\u00f3hannes s\u00e9r borgina &#8222;st\u00edga ni\u00f0ur af himni fr\u00e1 Gu\u00f0i&#8220;. Eins kemur Gu\u00f0 &#8222;ni\u00f0ur&#8220; til \u00feess a\u00f0 b\u00faa hj\u00e1 f\u00f3lki s\u00ednu. \u00de\u00e1 er og borginni l\u00edkt vi\u00f0 br\u00fa\u00f0i, sem er \u00ed \u00feann veginn a\u00f0 giftast unnusta s\u00ednum (Gu\u00f0i). T\u00f6kum eftir \u00fev\u00ed, a\u00f0 \u00ed 21.3,4 er ekkert minnst \u00e1 musteri, \u00fev\u00ed a\u00f0 \u00ed hinni n\u00fdju Jer\u00fasalem er ekki musteri a\u00f0 finna. \u00c1 n\u00fdrri j\u00f6r\u00f0 undir n\u00fdjum himni b\u00fdr Gu\u00f0 hj\u00e1 m\u00f6nnunum, hvarvetna (21.3,22).<\/p>\n<p><strong>21.5 <\/strong><em>S\u00e1 sem \u00ed h\u00e1s\u00e6tinu sat: <\/em>Gu\u00f0 (sj\u00e1 4.2).<\/p>\n<p><strong>21.8\u00a0<\/strong><em>d\u00edkinu sem logar af eldi og brennisteini&#8230;hinn annar dau\u00f0i: <\/em>Sj\u00e1 athugagreinar vi\u00f0 9.1 (stj\u00f6rnu er falli\u00f0 haf\u00f0i) og 14.10 (v\u00edn&#8230;eldi og brennisteini); og athugagrein vi\u00f0 2.11 (s\u00e1 annar dau\u00f0i).<\/p>\n<p><strong>21.9\u00a0<\/strong><em>einn af englunum sj\u00f6&#8230;br\u00fa\u00f0ina, eiginkonu lambsins: <\/em>Sj\u00e1 athugagreinar vi\u00f0 15.7 (gullsk\u00e1lar); 19.7 (br\u00fa\u00f0ur); og 5.6 (lamb).<\/p>\n<p><strong>21.10\u00a0<\/strong><em>\u00ed anda&#8230;borgina helgu, Jer\u00fasalem: <\/em>Sj\u00e1 athugagreinar vi\u00f0 1.10 (\u00ed anda) og 21.2 (n\u00fdja Jer\u00fasalem).<\/p>\n<p><strong>21.11,18-21\u00a0<\/strong><em>jaspissteinn&#8230;amet\u00fdst&#8230;sk\u00edru gulli: <\/em>Hinir d\u00fdrm\u00e6tu og f\u00e1g\u00e6tu steinar, sem taldir eru upp \u00ed \u00feessum versum, eru \u00ed \u00fdmsum litum. Jaspis er rau\u00f0- e\u00f0a gr\u00e6nleitt afbrig\u00f0i af kvarsi; saf\u00edr er bl\u00e1tt afbrig\u00f0i gimsteinsins k\u00f3r\u00fands; kalsed\u00f3n (glerhallur) er ofursm\u00e1kristalla\u00f0 afbrig\u00f0i af kvarsi; smarag\u00f0ur er fagurgr\u00e6nn, gagns\u00e6r gimsteinn, afar ver\u00f0m\u00e6tt afbrig\u00f0i af ber\u00fdl; sard\u00f3nyx er me\u00f0 mislitum r\u00e1kum; sardis er \u00fdmist sk\u00e6rrau\u00f0ur e\u00f0a lj\u00f3srau\u00f0ur; kr\u00fds\u00f3l\u00edt er ol\u00edfugr\u00e6nn m\u00e1lmsteinn, nota\u00f0ur til \u00e1lvinnslu; beryll er gr\u00e6nn e\u00f0a bl\u00e1gr\u00e6nn gimsteinn \u00far k\u00edsils\u00faru beryll\u00edni (frumefni, t\u00e1kn: Be) og \u00e1li; t\u00f3pas er t\u00e6r e\u00f0a h\u00e1lfgagns\u00e6r br\u00fan-, gul- e\u00f0a bl\u00e1leitur gimsteinn; kr\u00fds\u00f3pras er gr\u00e6nn; h\u00fdasint er rau\u00f0-appels\u00ednugulur og amet\u00fdst er bl\u00e1kvars, fj\u00f3lubl\u00e1r a\u00f0 lit.<\/p>\n<p><strong>21.12<\/strong>,<strong>14 <\/strong><em>t\u00f3lf kynkv\u00edsla&#8230;t\u00f3lf postula: <\/em>Sj\u00e1 athugagrein vi\u00f0 7.5-8 og 18.20. Allir \u00feeir, sem treysta Gu\u00f0i, jafnt \u00cdsraels\u00fej\u00f3\u00f0in og kristin kirkja, eiga athvarf \u00ed hinni helgu borg.<\/p>\n<p><strong>21.16\u00a0<\/strong><em>Lengd hennar og breidd og h\u00e6\u00f0 voru jafnar: <\/em>H\u00e9r er teningi l\u00fdst; s\u00fa r\u00fammynd var \u00e1litin hi\u00f0 fullkomna form til forna.<\/p>\n<p><strong>21.22,23\u00a0<\/strong><em>musteri&#8230;d\u00fdr\u00f0 Gu\u00f0s: <\/em>Sj\u00e1 athugagrein vi\u00f0 21.2. Fyrrum m\u00e1ttu prestar einir ganga inn \u00ed hi\u00f0 heilaga og hi\u00f0 allrahelgasta \u00ed musterinu. \u00cd hinni n\u00fdju Jer\u00fasalem lofsyngur allur l\u00fd\u00f0urinn Gu\u00f0i augliti til auglitis.<\/p>\n<p><strong>21.25\u00a0<\/strong><em>Hli\u00f0um hennar ver\u00f0ur ekki loka\u00f0&#8230;\u00fear mun aldrei koma n\u00f3tt: <\/em>Hli\u00f0in eru einl\u00e6gt opin af \u00fev\u00ed a\u00f0 Gu\u00f0 b\u00fd\u00f0ur af miskunn sinni alla \u00fe\u00e1 velkomna, sem eiga n\u00f6fn s\u00edn skr\u00e1\u00f0 \u00ed l\u00edfsins b\u00f3k. \u00d3\u00fearfi er a\u00f0 loka hli\u00f0unum, enda kemst ekkert illt og enginn vondur ma\u00f0ur inn \u00ed borgina (21.27). N\u00f3ttlaus dagsbirtan ber \u00feess vott a\u00f0 \u00f6fl myrkurs og illsku hafa veri\u00f0 gj\u00f6rsigru\u00f0 \u00ed eitt skipti fyrir \u00f6ll.<\/p>\n<p><strong>21.27 <\/strong><em>l\u00edfsins b\u00f3k: <\/em>Sj\u00e1 athugagrein vi\u00f0 3.5.<\/p>\n","protected":false},"excerpt":{"rendered":"<p>Gu\u00f0 gj\u00f6rir alla hluti n\u00fdja Gu\u00f0 hefur bori\u00f0 siguror\u00f0 af <a href=\"https:\/\/biblian.is\/fraedsla\/ritskyring\/opinberunarbok-johannesar-21-kafli\/\"> [&#8230;]<\/a><\/p>\n","protected":false},"author":1,"featured_media":0,"parent":4829,"menu_order":0,"comment_status":"closed","ping_status":"closed","template":"","meta":{"footnotes":""},"class_list":["post-5420","page","type-page","status-publish","hentry"],"_links":{"self":[{"href":"https:\/\/biblian.is\/fraedsla\/wp-json\/wp\/v2\/pages\/5420","targetHints":{"allow":["GET"]}}],"collection":[{"href":"https:\/\/biblian.is\/fraedsla\/wp-json\/wp\/v2\/pages"}],"about":[{"href":"https:\/\/biblian.is\/fraedsla\/wp-json\/wp\/v2\/types\/page"}],"author":[{"embeddable":true,"href":"https:\/\/biblian.is\/fraedsla\/wp-json\/wp\/v2\/users\/1"}],"replies":[{"embeddable":true,"href":"https:\/\/biblian.is\/fraedsla\/wp-json\/wp\/v2\/comments?post=5420"}],"version-history":[{"count":0,"href":"https:\/\/biblian.is\/fraedsla\/wp-json\/wp\/v2\/pages\/5420\/revisions"}],"up":[{"embeddable":true,"href":"https:\/\/biblian.is\/fraedsla\/wp-json\/wp\/v2\/pages\/4829"}],"wp:attachment":[{"href":"https:\/\/biblian.is\/fraedsla\/wp-json\/wp\/v2\/media?parent=5420"}],"curies":[{"name":"wp","href":"https:\/\/api.w.org\/{rel}","templated":true}]}}