{"id":5416,"date":"2019-05-25T22:02:24","date_gmt":"2019-05-25T22:02:24","guid":{"rendered":"https:\/\/biblian.is\/fraedsla\/?page_id=5416"},"modified":"2026-04-17T13:01:20","modified_gmt":"2026-04-17T13:01:20","slug":"opinberunarbok-johannesar-16-kafli","status":"publish","type":"page","link":"https:\/\/biblian.is\/fraedsla\/ritskyring\/opinberunarbok-johannesar-16-kafli\/","title":{"rendered":"Opinberunarb\u00f3k J\u00f3hannesar 16. kafli"},"content":{"rendered":"<p><strong>16.2 <\/strong><em>merki d\u00fdrsins: <\/em>Sj\u00e1 athugagrein vi\u00f0 13.16,17 (merki).<\/p>\n<p><strong>16.6\u00a0<\/strong><em>\u00deeir hafa<\/em><em>\u00fathellt bl\u00f3\u00f0i heilagra&#8230;og \u00fev\u00ed hefur \u00fe\u00fa gefi\u00f0 \u00feeim bl\u00f3\u00f0 a\u00f0 drekka: <\/em>\u00deeir hafa frami\u00f0 mor\u00f0 og \u00feess vegna munu \u00feeir n\u00fa deyja.<\/p>\n<p><strong>16.10\u00a0<\/strong><em>h\u00e1s\u00e6ti d\u00fdrsins: <\/em>Sj\u00e1 athugagrein vi\u00f0 13.1.<\/p>\n<p><strong>16.12 <\/strong><em>flj\u00f3ti\u00f0 mikla, Efrat: <\/em>Sj\u00e1 athugagrein vi\u00f0 9.14.<\/p>\n<p><strong>16.13 <\/strong><em>\u00f3hreina anda&#8230;falssp\u00e1mannsins: <\/em>H\u00e9r birtast \u00fer\u00edr \u00f3hreinir andar. Einn l\u00edkist froskum og fer \u00fat af munni drekans (Satans, sj\u00e1 athugagrein vi\u00f0 12.3,4). Froskar \u00e1ttu a\u00f0 geta blekkt f\u00f3lk me\u00f0 lygum. Sj\u00e1 og 2M\u00f3s 8.2-14. Annar \u00f3hreinn andi fer \u00fat af munni d\u00fdrsins (r\u00f3mverska heimsveldisins, sj\u00e1 athugagrein vi\u00f0 13.1). Hinn \u00feri\u00f0ji fer \u00fat af munni falssp\u00e1mannsins (sj\u00e1 athugagrein vi\u00f0 13.11).<\/p>\n<p><strong>16.16\u00a0<\/strong><em>Harmaged\u00f3n: <\/em>\u00c1 hebresku er \u00feetta s\u00e9rnafn &#8222;Har Megiddo,&#8220; sem \u00fatleggst \u00e1 \u00edslensku &#8222;Megiddo-h\u00e6\u00f0.&#8220; \u00dear voru h\u00e1\u00f0ar margar orrustur h\u00e1\u00f0ar fyrr \u00e1 t\u00ed\u00f0 (D\u00f3m 5.19; 2Kon 23.29,30). \u00c1 myndinni h\u00e9r fyrir ne\u00f0an s\u00e9st sta\u00f0urinn, \u00fear sem fornleifafr\u00e6\u00f0ingar hyggja a\u00f0 veri\u00f0 hafi hin forna borg Megiddo \u00ed fyrirheitna landinu Palest\u00ednu.<\/p>\n<p><strong>16.19 <\/strong><em>hinni miklu Bab\u00fdlon: <\/em>Sj\u00e1 athugagrein vi\u00f0 14.8.<\/p>\n","protected":false},"excerpt":{"rendered":"<p>16.2 merki d\u00fdrsins: Sj\u00e1 athugagrein vi\u00f0 13.16,17 (merki). 16.6\u00a0\u00deeir hafa\u00fathellt <a href=\"https:\/\/biblian.is\/fraedsla\/ritskyring\/opinberunarbok-johannesar-16-kafli\/\"> [&#8230;]<\/a><\/p>\n","protected":false},"author":1,"featured_media":0,"parent":4829,"menu_order":0,"comment_status":"closed","ping_status":"closed","template":"","meta":{"footnotes":""},"class_list":["post-5416","page","type-page","status-publish","hentry"],"_links":{"self":[{"href":"https:\/\/biblian.is\/fraedsla\/wp-json\/wp\/v2\/pages\/5416","targetHints":{"allow":["GET"]}}],"collection":[{"href":"https:\/\/biblian.is\/fraedsla\/wp-json\/wp\/v2\/pages"}],"about":[{"href":"https:\/\/biblian.is\/fraedsla\/wp-json\/wp\/v2\/types\/page"}],"author":[{"embeddable":true,"href":"https:\/\/biblian.is\/fraedsla\/wp-json\/wp\/v2\/users\/1"}],"replies":[{"embeddable":true,"href":"https:\/\/biblian.is\/fraedsla\/wp-json\/wp\/v2\/comments?post=5416"}],"version-history":[{"count":0,"href":"https:\/\/biblian.is\/fraedsla\/wp-json\/wp\/v2\/pages\/5416\/revisions"}],"up":[{"embeddable":true,"href":"https:\/\/biblian.is\/fraedsla\/wp-json\/wp\/v2\/pages\/4829"}],"wp:attachment":[{"href":"https:\/\/biblian.is\/fraedsla\/wp-json\/wp\/v2\/media?parent=5416"}],"curies":[{"name":"wp","href":"https:\/\/api.w.org\/{rel}","templated":true}]}}