{"id":5414,"date":"2019-05-25T22:01:34","date_gmt":"2019-05-25T22:01:34","guid":{"rendered":"https:\/\/biblian.is\/fraedsla\/?page_id=5414"},"modified":"2026-04-17T13:01:20","modified_gmt":"2026-04-17T13:01:20","slug":"opinberunarbok-johannesar-15-kafli","status":"publish","type":"page","link":"https:\/\/biblian.is\/fraedsla\/ritskyring\/opinberunarbok-johannesar-15-kafli\/","title":{"rendered":"Opinberunarb\u00f3k J\u00f3hannesar 15. kafli"},"content":{"rendered":"<p><strong>15.1 <\/strong><em>sj\u00f6 s\u00ed\u00f0ustu pl\u00e1gurnar: <\/em>Sagt er fr\u00e1 sj\u00f6 sk\u00e1lum Gu\u00f0s rei\u00f0i \u00ed 16.1-21.<\/p>\n<p><strong>15.2 <\/strong><em>glerhaf eldi blandi\u00f0: <\/em>L\u00edkt og Rau\u00f0ahafi\u00f0 for\u00f0um er glerhafi\u00f0 h\u00e9r v\u00f6rn, sem Gu\u00f0 hefur sett til \u00feess a\u00f0 bjarga l\u00fd\u00f0 s\u00ednum fr\u00e1 \u00f3vinum hans (2M\u00f3s 14).<\/p>\n<p><strong>15.3 <\/strong><em>M\u00f3se: <\/em>Hinn mikli \u00fej\u00f3\u00f0arlei\u00f0togi og l\u00f6ggjafi, sem leiddi \u00cdsraelsl\u00fd\u00f0 \u00fat \u00far \u00fer\u00e6lah\u00fasinu \u00ed Egyptalandi og flutti honum s\u00e1ttm\u00e1lann og l\u00f6gm\u00e1li\u00f0 (bo\u00f0or\u00f0in) fr\u00e1 Gu\u00f0i. Sj\u00e1 &#8222;M\u00f3se&#8220; \u00e1 bls. 2241. M\u00f3se kom \u00cdsraels\u00fej\u00f3\u00f0inni til hj\u00e1lpar, en Jes\u00fas Kristur, lambi\u00f0, er frelsari allra manna.<\/p>\n<p><strong>15.5\u00a0<\/strong><em>vitnisbur\u00f0artjaldb\u00fa\u00f0inni: <\/em>For\u00f0um var \u00cdsraelsm\u00f6nnum bo\u00f0i\u00f0 a\u00f0 reisa samfundatjald, sem skyldi vera b\u00fasta\u00f0ur Drottins \u00e1 me\u00f0al \u00feeirra. \u00deennan helgid\u00f3m fluttu \u00feeir me\u00f0 s\u00e9r \u00e1 ey\u00f0imerkurf\u00f6rinni, er \u00feeir fl\u00fa\u00f0u fr\u00e1 Egyptalandi (4M\u00f3s 17.7; 18.4). H\u00e9r er hin sanna og varanlega tjaldb\u00fa\u00f0 (musteri Gu\u00f0s) \u00e1 himni (sj\u00e1 og Heb 8.1-5).<\/p>\n<p><strong>15.6 <\/strong><em>kl\u00e6ddir hreinu, sk\u00ednandi l\u00edni: <\/em>Sj\u00e1 athugagrein vi\u00f0 3.4.<\/p>\n<p><strong>15.7 <\/strong><em>ein af verunum fj\u00f3rum: <\/em>Sj\u00e1 athugagrein vi\u00f0 4.6-9.<\/p>\n<p><strong>15.7 <\/strong><em>gullsk\u00e1lar: <\/em>Flj\u00f3tlegra er a\u00f0 hella \u00far sk\u00e1l en fl\u00f6sku e\u00f0a k\u00f6nnu. H\u00e9r m\u00e1 \u00fev\u00ed skilja, a\u00f0 d\u00f3mur (rei\u00f0i) Gu\u00f0s muni falla umsvifalaust og \u00e1 svipstundu.<\/p>\n","protected":false},"excerpt":{"rendered":"<p>15.1 sj\u00f6 s\u00ed\u00f0ustu pl\u00e1gurnar: Sagt er fr\u00e1 sj\u00f6 sk\u00e1lum Gu\u00f0s <a href=\"https:\/\/biblian.is\/fraedsla\/ritskyring\/opinberunarbok-johannesar-15-kafli\/\"> [&#8230;]<\/a><\/p>\n","protected":false},"author":1,"featured_media":0,"parent":4829,"menu_order":0,"comment_status":"closed","ping_status":"closed","template":"","meta":{"footnotes":""},"class_list":["post-5414","page","type-page","status-publish","hentry"],"_links":{"self":[{"href":"https:\/\/biblian.is\/fraedsla\/wp-json\/wp\/v2\/pages\/5414","targetHints":{"allow":["GET"]}}],"collection":[{"href":"https:\/\/biblian.is\/fraedsla\/wp-json\/wp\/v2\/pages"}],"about":[{"href":"https:\/\/biblian.is\/fraedsla\/wp-json\/wp\/v2\/types\/page"}],"author":[{"embeddable":true,"href":"https:\/\/biblian.is\/fraedsla\/wp-json\/wp\/v2\/users\/1"}],"replies":[{"embeddable":true,"href":"https:\/\/biblian.is\/fraedsla\/wp-json\/wp\/v2\/comments?post=5414"}],"version-history":[{"count":0,"href":"https:\/\/biblian.is\/fraedsla\/wp-json\/wp\/v2\/pages\/5414\/revisions"}],"up":[{"embeddable":true,"href":"https:\/\/biblian.is\/fraedsla\/wp-json\/wp\/v2\/pages\/4829"}],"wp:attachment":[{"href":"https:\/\/biblian.is\/fraedsla\/wp-json\/wp\/v2\/media?parent=5414"}],"curies":[{"name":"wp","href":"https:\/\/api.w.org\/{rel}","templated":true}]}}