{"id":5412,"date":"2019-05-25T22:00:39","date_gmt":"2019-05-25T22:00:39","guid":{"rendered":"https:\/\/biblian.is\/fraedsla\/?page_id=5412"},"modified":"2026-04-17T13:01:20","modified_gmt":"2026-04-17T13:01:20","slug":"opinberunarbok-johannesar-14-kafli","status":"publish","type":"page","link":"https:\/\/biblian.is\/fraedsla\/ritskyring\/opinberunarbok-johannesar-14-kafli\/","title":{"rendered":"Opinberunarb\u00f3k J\u00f3hannesar 14. kafli"},"content":{"rendered":"<h3>Vitranir um d\u00f3m Gu\u00f0s og vernd hans<\/h3>\n<p><em>\u00cd eftirfarandi hluta Opinberunarb\u00f3karinnar (14.1-16.19) er \u00fev\u00ed l\u00fdst, er J\u00f3hannesi vitrast lambi\u00f0 \u00ed s\u00fdn og jafnframt er sagt fr\u00e1 \u00fev\u00ed, a\u00f0 Gu\u00f0 muni d\u00e6ma alla menn. \u00deeir, sem tilbi\u00f0ja d\u00fdri\u00f0, kalla yfir sig rei\u00f0i Gu\u00f0s og hegningu. Sj\u00f6 englar hella \u00far sk\u00e1lum Gu\u00f0s rei\u00f0i yfir j\u00f6r\u00f0ina.<\/em><\/p>\n<p><strong>14.1 <\/strong><em>Lambi\u00f0&#8230;hundra\u00f0 fj\u00f6rut\u00edu og fj\u00f3rar \u00fe\u00fasundir&#8230;nafn f\u00f6\u00f0ur \u00feess: <\/em>Sj\u00e1 ahugagreinar vi\u00f0 5.6 (lamb), 7.4 (Hundra\u00f0 fj\u00f6rut\u00edu og fj\u00f3rar \u00fe\u00fasundir) og 1.6 (f\u00f6\u00f0ur).<\/p>\n<p><strong>14.3 <\/strong><em>verunum fj\u00f3rum: <\/em>Sj\u00e1 athugagrein vi\u00f0 4.6-9.<\/p>\n<p><strong>14.4\u00a0<\/strong><em>frumgr\u00f3\u00f0i: <\/em>\u00cd sumum handritum &#8222;fr\u00e1 upphafi.&#8220;<\/p>\n<p><strong>14.4\u00a0<\/strong><em>frumgr\u00f3\u00f0i handa Gu\u00f0i og lambinu: <\/em>H\u00e9r m\u00e6tti l\u00edka \u00fe\u00fd\u00f0a \u00e1 \u00edslensku: &#8222;hi\u00f0 \u00e1g\u00e6tasta f\u00f3lk.&#8220; \u00dea\u00f0 hefur af Kristi veri\u00f0 leyst \u00far h\u00f3pi manna fyrst allra, og fer \u00fev\u00ed fyrir \u00feeim skara, sem \u00f6\u00f0last mun hlutdeild \u00ed l\u00edfinu eil\u00edfa me\u00f0 Gu\u00f0i.<\/p>\n<p><strong>14.8 <\/strong><em>Bab\u00fdlon hin mikla: <\/em>&#8222;Bab\u00fdlon&#8220; merkir h\u00e9r R\u00f3maborg. \u00dear hafa verk manna veri\u00f0 vond og \u00feeir spillt \u00f6\u00f0rum \u00fej\u00f3\u00f0um, og \u00fev\u00ed bo\u00f0ar annar engillinn fall borgarinnar. Sj\u00e1 &#8222;Bab\u00fdlon&#8220; \u00e1 bls. 1291.<\/p>\n<p><strong>14.10 <\/strong><em>v\u00edn&#8230;eldi og brennisteini: <\/em>A\u00f0 &#8222;drekka v\u00edn af rei\u00f0isk\u00e1lum Gu\u00f0s&#8220; merkir a\u00f0 vera refsa\u00f0 af Gu\u00f0i. Eldurinn er sjaldnast fjarri, \u00feegar Gu\u00f0 d\u00e6mir \u00fe\u00e1 sem sn\u00faa vi\u00f0 honum baki. Brennisteinn er m\u00e1lmur og fylgir st\u00e6kur \u00f3\u00feefur, s\u00e9 hann brenndur.<\/p>\n<p><strong>14.14\u00a0<\/strong><em>l\u00edkan mannssyni: <\/em>Sj\u00e1 athugagrein vi\u00f0 1.13.<\/p>\n<p><strong>14.14\u00a0<\/strong><em>beitta sig\u00f0: <\/em>Sig\u00f0 er boglaga lj\u00e1r, nota\u00f0ur til \u00feess a\u00f0 skera korn og fleiri pl\u00f6ntur.<\/p>\n<p><strong>14.18,19\u00a0<\/strong><em>\u00fer\u00fagurnar&#8230;v\u00edn\u00fer\u00f6ngina miklu: <\/em>Sp\u00e1menn \u00cdsraels l\u00edktu \u00fej\u00f3\u00f0inni vi\u00f0 v\u00edngar\u00f0 (Jes 5) og s\u00f6g\u00f0u, a\u00f0 dagur Drottins, \u00feegar hann d\u00e6mir \u00fej\u00f3\u00f0ina fyrir \u00f3hl\u00fd\u00f0ni hennar, yr\u00f0i eins og uppskerudagur \u00ed v\u00edngar\u00f0i (Jl 3.13). \u00c1\u00feekkum l\u00edkingum er brug\u00f0i\u00f0 upp til \u00feess a\u00f0 l\u00fdsa afdrifum \u00feeirra \u00fej\u00f3\u00f0a, sem afneita Gu\u00f0i. V\u00edn\u00fer\u00fagurnar voru kramdar \u00ed v\u00edn\u00fer\u00f6ng, sem gjarnan var h\u00f6ggvin ni\u00f0ur \u00ed klett. Svo var tro\u00f0i\u00f0 \u00e1 berjunum (Jes 16.10) og rann l\u00f6gurinn \u00fe\u00e1 ni\u00f0ur \u00ed v\u00ednlagar\u00fer\u00f3. <a href=\"https:\/\/biblian.is\/fraedsla\/ordtakasafn\/vin\/\">Sj\u00e1 &#8222;V\u00edn&#8220;<\/a>.<\/p>\n","protected":false},"excerpt":{"rendered":"<p>Vitranir um d\u00f3m Gu\u00f0s og vernd hans \u00cd eftirfarandi hluta <a href=\"https:\/\/biblian.is\/fraedsla\/ritskyring\/opinberunarbok-johannesar-14-kafli\/\"> [&#8230;]<\/a><\/p>\n","protected":false},"author":1,"featured_media":0,"parent":4829,"menu_order":0,"comment_status":"closed","ping_status":"closed","template":"","meta":{"footnotes":""},"class_list":["post-5412","page","type-page","status-publish","hentry"],"_links":{"self":[{"href":"https:\/\/biblian.is\/fraedsla\/wp-json\/wp\/v2\/pages\/5412","targetHints":{"allow":["GET"]}}],"collection":[{"href":"https:\/\/biblian.is\/fraedsla\/wp-json\/wp\/v2\/pages"}],"about":[{"href":"https:\/\/biblian.is\/fraedsla\/wp-json\/wp\/v2\/types\/page"}],"author":[{"embeddable":true,"href":"https:\/\/biblian.is\/fraedsla\/wp-json\/wp\/v2\/users\/1"}],"replies":[{"embeddable":true,"href":"https:\/\/biblian.is\/fraedsla\/wp-json\/wp\/v2\/comments?post=5412"}],"version-history":[{"count":0,"href":"https:\/\/biblian.is\/fraedsla\/wp-json\/wp\/v2\/pages\/5412\/revisions"}],"up":[{"embeddable":true,"href":"https:\/\/biblian.is\/fraedsla\/wp-json\/wp\/v2\/pages\/4829"}],"wp:attachment":[{"href":"https:\/\/biblian.is\/fraedsla\/wp-json\/wp\/v2\/media?parent=5412"}],"curies":[{"name":"wp","href":"https:\/\/api.w.org\/{rel}","templated":true}]}}