{"id":5410,"date":"2019-05-25T21:59:06","date_gmt":"2019-05-25T21:59:06","guid":{"rendered":"https:\/\/biblian.is\/fraedsla\/?page_id=5410"},"modified":"2022-12-16T13:59:14","modified_gmt":"2022-12-16T13:59:14","slug":"opinberunarbok-johannesar-13-kafli","status":"publish","type":"page","link":"https:\/\/biblian.is\/fraedsla\/ritskyring\/opinberunarbok-johannesar-13-kafli\/","title":{"rendered":"Opinberunarb\u00f3k J\u00f3hannesar 13. kafli"},"content":{"rendered":"<p><strong>13.1 <\/strong><em>d\u00fdr st\u00edga upp af hafinu: <\/em>D\u00fdri\u00f0 kann a\u00f0 t\u00e1kna r\u00f3mverska heimsveldi\u00f0, sem sendi herdeildir s\u00ednar yfir hafi\u00f0 a\u00f0 r\u00e1\u00f0ast hluta Litlu-As\u00edu. H\u00f6fu\u00f0in, hornin og ennisdj\u00e1snin eiga l\u00edklega a\u00f0 vera r\u00f3mversku keisararnir, er gu\u00f0l\u00f6stu\u00f0u me\u00f0 \u00fev\u00ed a\u00f0 krefjast tilbei\u00f0slu, sem gu\u00f0ir v\u00e6ru. <a href=\"https:\/\/biblian.is\/fraedsla\/ritskyring\/opinberunarbok-johannesar-inngangur\/\">Sj\u00e1 innganginn a\u00f0 Opinberunarb\u00f3kinni<\/a>. D\u00fdri\u00f0 (R\u00f3m og keisarar r\u00f3mverska heimsveldisins) \u00feiggur vald sitt af drekanum (Satan), 13.4.<\/p>\n<p><strong>13.3 <\/strong><em>Eitt af h\u00f6f\u00f0um \u00feess: <\/em>\u00deetta h\u00f6fu\u00f0 t\u00e1knar v\u00edsast r\u00f3mversku keisarana, bar\u00e1ttu \u00feeirra til \u00feess a\u00f0 \u00f6\u00f0last og halda v\u00f6ldum, og orrusturnar m\u00f6rgu, sem \u00feeir h\u00e1\u00f0u \u00ed \u00fev\u00ed skyni.<\/p>\n<p><strong>13.5 <\/strong><em>fj\u00f6rut\u00edu og tvo m\u00e1nu\u00f0i: <\/em>Heimsveldi R\u00f3mverja skyldi standa \u00ed \u00ferj\u00fa og h\u00e1lft \u00e1r enn, \u00fe.e. helminginn af hinni heil\u00f6gu t\u00f6lu &#8222;sj\u00f6&#8220;, en s\u00fa t\u00edmalengt jafngildir einmitt 42 m\u00e1nu\u00f0um. Sj\u00e1 athugagrein vi\u00f0 11.2.<\/p>\n<p><strong>13.6,7\u00a0<\/strong><em>lastm\u00e6la Gu\u00f0i&#8230;b\u00fasta\u00f0 hans&#8230;heyja str\u00ed\u00f0 vi\u00f0 hina heil\u00f6gu: <\/em>R\u00f3mverjar l\u00f6g\u00f0u musteri\u00f0 \u00ed Jer\u00fasalem \u00ed r\u00fast \u00e1ri\u00f0 70 e. Kr., en samkv\u00e6mt tr\u00faarhugmyndum Gy\u00f0inga var musteri\u00f0 sj\u00e1lfur b\u00fasta\u00f0ur Gu\u00f0s \u00e1 j\u00f6r\u00f0inni. Me\u00f0 \u00fev\u00ed a\u00f0 lastm\u00e6la Gu\u00f0i lastm\u00e6lti d\u00fdri\u00f0 um lei\u00f0 \u00f6llum \u00feeim sem str\u00edtt h\u00f6f\u00f0u og falli\u00f0 af trygg\u00f0 vi\u00f0 hann. Keisararnir \u00ed R\u00f3m og yfirv\u00f6ldin \u00ed skattl\u00f6ndum \u00feeirra hnepptu \u00ed fangelsi og refsu\u00f0u har\u00f0lega \u00feeim sem neitu\u00f0u a\u00f0 taka \u00fe\u00e1tt \u00ed keisarad\u00fdrkuninni.<\/p>\n<p><strong>13.8\u00a0<\/strong><em>l\u00edfsb\u00f3k lambsins: <\/em>Sj\u00e1 athugagreinar vi\u00f0 3.5 (b\u00f3k l\u00edfsins) og 5.6 (lamb).<\/p>\n<p><strong>13.11 <\/strong><em>anna\u00f0 d\u00fdr&#8230;tv\u00f6 horn l\u00edk lambshornum: <\/em>\u00deetta d\u00fdr \u00e1 tr\u00falega a\u00f0 vera landstj\u00f3ri einn \u00ed austurhluta r\u00f3mverska heimsveldisins, sem skikka\u00f0ur haf\u00f0i veri\u00f0 til \u00feess a\u00f0 \u00fer\u00f6ngva f\u00f3lki, einkum kristnum m\u00f6nnum, til \u00feess a\u00f0 taka \u00fe\u00e1tt \u00ed helgiath\u00f6fnum \u00fear sem keisarinn var tilbe\u00f0inn eins og gu\u00f0.<\/p>\n<p><strong>13.13-15 <\/strong><em>S\u00ed\u00f0ara d\u00fdri\u00f0 gerir t\u00e1kn mikil&#8230;lei\u00f0ir afvega&#8230;d\u00fdrinu sem s\u00e1ri\u00f0 f\u00e9kk: <\/em>\u00deessi undraverk eru a\u00f0 l\u00edkindum vandlega undirb\u00fain t\u00f6frabr\u00f6g\u00f0 til \u00feess a\u00f0 hr\u00e6ra \u00ed f\u00f3lki. Hugsanlegt er a\u00f0 fylgt hafi b\u00faktal svo a\u00f0 l\u00edkneskin virtust m\u00e6la. \u00deeir sem neitu\u00f0u a\u00f0 falla fram fyrir hj\u00e1gu\u00f0unum \u00e1ttu v\u00edsa refsingu e\u00f0a jafnvel l\u00edfl\u00e1t.<\/p>\n<p><strong>13.16,17 <\/strong><em>setja merki \u00e1 h\u00e6gri h\u00f6nd s\u00e9r&#8230;nafn d\u00fdrsins: <\/em>H\u00e9r er tr\u00falega um a\u00f0 r\u00e6\u00f0a einhvers konar merki til \u00feess a\u00f0 s\u00fdna a\u00f0 vi\u00f0komandi t\u00e6ki \u00fe\u00e1tt \u00ed keisarad\u00fdrkuninni. M\u00e1 og vera, a\u00f0 \u00e1tt s\u00e9 r\u00f3mverska, slegna mynt, en \u00e1 henni var mynd af keisaranum. Ef kristnir menn neitu\u00f0u a\u00f0 nota myntina, ur\u00f0u \u00feeir a\u00f0 leggja af rekstur sinn og h\u00e6tta vi\u00f0skiptum.<\/p>\n<p><strong>13.18 <\/strong><em>t\u00f6lu d\u00fdrsins&#8230;sex hundru\u00f0 sext\u00edu og sex: <\/em>Tala d\u00fdrsins t\u00e1knar misbrest og \u00f3fullkomleika af \u00fev\u00ed a\u00f0 sex er hin heilaga tala sj\u00f6, en \u2013 vel a\u00f0 merkja &#8211; a\u00f0 fr\u00e1dreginni t\u00f6lunni einum. Talan sex er endurtekin \u00ferisvar sinnun til \u00feess a\u00f0 leggja \u00e1herslu \u00e1 hi\u00f0 galla\u00f0a og h\u00e1lfkara\u00f0a. B\u00f3kstafirnir \u00ed stafr\u00f3fum Grikkja og R\u00f3mverja voru einnig nota\u00f0ir sem t\u00f6lustafir. Sumir fr\u00e6\u00f0imenn telja, a\u00f0 talan 666 eigi a\u00f0 t\u00e1kna Ner\u00f3 keisara.<\/p>\n","protected":false},"excerpt":{"rendered":"<p>13.1 d\u00fdr st\u00edga upp af hafinu: D\u00fdri\u00f0 kann a\u00f0 t\u00e1kna <a href=\"https:\/\/biblian.is\/fraedsla\/ritskyring\/opinberunarbok-johannesar-13-kafli\/\"> [&#8230;]<\/a><\/p>\n","protected":false},"author":1,"featured_media":0,"parent":4829,"menu_order":0,"comment_status":"closed","ping_status":"closed","template":"","meta":{"footnotes":""},"class_list":["post-5410","page","type-page","status-publish","hentry"],"_links":{"self":[{"href":"https:\/\/biblian.is\/fraedsla\/wp-json\/wp\/v2\/pages\/5410","targetHints":{"allow":["GET"]}}],"collection":[{"href":"https:\/\/biblian.is\/fraedsla\/wp-json\/wp\/v2\/pages"}],"about":[{"href":"https:\/\/biblian.is\/fraedsla\/wp-json\/wp\/v2\/types\/page"}],"author":[{"embeddable":true,"href":"https:\/\/biblian.is\/fraedsla\/wp-json\/wp\/v2\/users\/1"}],"replies":[{"embeddable":true,"href":"https:\/\/biblian.is\/fraedsla\/wp-json\/wp\/v2\/comments?post=5410"}],"version-history":[{"count":0,"href":"https:\/\/biblian.is\/fraedsla\/wp-json\/wp\/v2\/pages\/5410\/revisions"}],"up":[{"embeddable":true,"href":"https:\/\/biblian.is\/fraedsla\/wp-json\/wp\/v2\/pages\/4829"}],"wp:attachment":[{"href":"https:\/\/biblian.is\/fraedsla\/wp-json\/wp\/v2\/media?parent=5410"}],"curies":[{"name":"wp","href":"https:\/\/api.w.org\/{rel}","templated":true}]}}