{"id":5407,"date":"2019-05-25T21:57:17","date_gmt":"2019-05-25T21:57:17","guid":{"rendered":"https:\/\/biblian.is\/fraedsla\/?page_id=5407"},"modified":"2022-12-16T13:59:14","modified_gmt":"2022-12-16T13:59:14","slug":"opinberunarbok-johannesar-12-kafli","status":"publish","type":"page","link":"https:\/\/biblian.is\/fraedsla\/ritskyring\/opinberunarbok-johannesar-12-kafli\/","title":{"rendered":"Opinberunarb\u00f3k J\u00f3hannesar 12. kafli"},"content":{"rendered":"<h3>Andst\u00e6\u00f0ingar Gu\u00f0s<\/h3>\n<p><em>\u00cd \u00fev\u00ed sem h\u00e9r fer n\u00e6st \u00e1 eftir l\u00fdsir J\u00f3hannes str\u00ed\u00f0i hersveita Gu\u00f0s og illra afla. Vonskan er \u00ed mynd dreka og tveggja d\u00fdra. Drekanum og d\u00fdrunum tveimur er um hr\u00ed\u00f0 leyft a\u00f0 heyja str\u00ed\u00f0 vi\u00f0 hina heil\u00f6gu, r\u00edkja yfir f\u00f3lki og vinna kraftaverk \u00ed \u00fev\u00ed skyni a\u00f0 lokka menn til \u00feess a\u00f0 tilbi\u00f0ja l\u00edkneski d\u00fdrsins.<\/em><\/p>\n<p><strong>12.1-6\u00a0<\/strong><em>Kona&#8230;\u00fear sem Gu\u00f0 hefur b\u00fai\u00f0 henni sta\u00f0: <\/em>Konan \u00e1 v\u00edsast a\u00f0 t\u00e1kna \u00cdsarels\u00fej\u00f3\u00f0ina (12.5) e\u00f0a a\u00f0 \u00f6\u00f0rum kosti gj\u00f6rvalla kristnina \u00ed heiminum (12.6).<\/p>\n<p><strong>12.3,4\u00a0<\/strong><em>dreki&#8230;er haf\u00f0i sj\u00f6 h\u00f6fu\u00f0&#8230;gleypa barn hennar:<\/em>\u00cd 12.9 er drekinn dj\u00f6fullinn, Satan, h\u00f6fu\u00f0andst\u00e6\u00f0ingur Gu\u00f0s. Sj\u00e1 athugagrein vi\u00f0 2.10 (Dj\u00f6fullinn). H\u00f6fu\u00f0in sj\u00f6 og hornin t\u00edu eiga ef til vill a\u00f0 vera \u00feeir menn, sem b\u00f6r\u00f0ust til valda \u00ed r\u00f3mverska heimsveldinu, en R\u00f3maborg var reist \u00e1 sj\u00f6 h\u00e6\u00f0um. Stj\u00f6rnurnar, sem drekinn varpa\u00f0i ofan \u00e1 j\u00f6r\u00f0ina, kunna a\u00f0 merkja \u00fe\u00e1 kr\u00f6fu keisaranna \u00ed R\u00f3m a\u00f0 vera tilbe\u00f0nir sem gu\u00f0ir v\u00e6ru. Barni\u00f0 n\u00fdf\u00e6dda, sem drekinn bj\u00f3st til a\u00f0 gleypa, er Jes\u00fas.<\/p>\n<p><strong>12.6 <\/strong><em>eitt \u00fe\u00fasund og tv\u00f6 hundru\u00f0 og sext\u00edu daga: <\/em>Jafngildir \u00feremur og h\u00e1lfu \u00e1ri (sj\u00e1 athugagrein vi\u00f0 11.2).<\/p>\n<p><strong>12.7\u00a0<\/strong><em>Mikael og englar hans: <\/em>Mikael var talinn h\u00f6fu\u00f0engill og verndari \u00cdsraels, er bjarga mundi \u00fej\u00f3\u00f0inni \u00far \u00ferengingum hinna s\u00ed\u00f0ustu daga (Dan 12.1). Mikael mun \u00e1 sama h\u00e1tt g\u00e6ta hins n\u00fdja Gu\u00f0s l\u00fd\u00f0s, kirkjunnar. (Sj\u00e1 og Dan 10.13,21; J\u00fad 9).<\/p>\n<p><strong>12.9\u00a0<\/strong><em>dj\u00f6full og Satan: <\/em>Sj\u00e1 athugagreinar vi\u00f0 2.10 (Dj\u00f6fullinn) og 12.3,4 (dreki).<\/p>\n<p><strong>12.10 <\/strong><em>veldi hans Smur\u00f0a: <\/em>Sj\u00e1 athugagrein vi\u00f0 11.15.<\/p>\n<p><strong>12.11 <\/strong><em>lambsins: <\/em>Sj\u00e1 athugagrein vi\u00f0 5.6. Me\u00f0 dau\u00f0a Krists \u00e1 krossinum og upprisu hans var Satan gj\u00f6rsigra\u00f0ur.<\/p>\n<p><strong>12.11\u00a0<\/strong><em>bl\u00f3\u00f0: <\/em>E\u00f0a &#8222;dau\u00f0a.&#8220;<\/p>\n<p><strong>12.14 <\/strong><em>\u00ferj\u00fa og h\u00e1lft \u00e1r: <\/em>Sj\u00e1 athugagreinar vi\u00f0 11.2 og 12.6.<\/p>\n<p><strong>12.15 <\/strong><em>H\u00f6ggormurinn spj\u00f3 vatni: <\/em>Vatnsbunan t\u00e1knar andstreymi\u00f0 sem hin illu \u00f6fl vildu valda m\u00f6nnum.<\/p>\n<p><strong>12.18 <\/strong><em>hann: <\/em>\u00cd sumum handritum &#8222;\u00e9g.&#8220;<\/p>\n","protected":false},"excerpt":{"rendered":"<p>Andst\u00e6\u00f0ingar Gu\u00f0s \u00cd \u00fev\u00ed sem h\u00e9r fer n\u00e6st \u00e1 eftir <a href=\"https:\/\/biblian.is\/fraedsla\/ritskyring\/opinberunarbok-johannesar-12-kafli\/\"> [&#8230;]<\/a><\/p>\n","protected":false},"author":1,"featured_media":0,"parent":4829,"menu_order":0,"comment_status":"closed","ping_status":"closed","template":"","meta":{"footnotes":""},"class_list":["post-5407","page","type-page","status-publish","hentry"],"_links":{"self":[{"href":"https:\/\/biblian.is\/fraedsla\/wp-json\/wp\/v2\/pages\/5407","targetHints":{"allow":["GET"]}}],"collection":[{"href":"https:\/\/biblian.is\/fraedsla\/wp-json\/wp\/v2\/pages"}],"about":[{"href":"https:\/\/biblian.is\/fraedsla\/wp-json\/wp\/v2\/types\/page"}],"author":[{"embeddable":true,"href":"https:\/\/biblian.is\/fraedsla\/wp-json\/wp\/v2\/users\/1"}],"replies":[{"embeddable":true,"href":"https:\/\/biblian.is\/fraedsla\/wp-json\/wp\/v2\/comments?post=5407"}],"version-history":[{"count":0,"href":"https:\/\/biblian.is\/fraedsla\/wp-json\/wp\/v2\/pages\/5407\/revisions"}],"up":[{"embeddable":true,"href":"https:\/\/biblian.is\/fraedsla\/wp-json\/wp\/v2\/pages\/4829"}],"wp:attachment":[{"href":"https:\/\/biblian.is\/fraedsla\/wp-json\/wp\/v2\/media?parent=5407"}],"curies":[{"name":"wp","href":"https:\/\/api.w.org\/{rel}","templated":true}]}}