{"id":5395,"date":"2019-05-25T21:46:03","date_gmt":"2019-05-25T21:46:03","guid":{"rendered":"https:\/\/biblian.is\/fraedsla\/?page_id=5395"},"modified":"2022-12-16T13:59:22","modified_gmt":"2022-12-16T13:59:22","slug":"postulasagan-13-kafli","status":"publish","type":"page","link":"https:\/\/biblian.is\/fraedsla\/ritskyring\/postulasagan-13-kafli\/","title":{"rendered":"Postulasagan 13. kafli"},"content":{"rendered":"<p><strong>13.1<\/strong> \u00cd s\u00f6fnu\u00f0inum \u00ed Ant\u00edokk\u00edu: Sj\u00e1 athugagrein vi\u00f0 6.5.<\/p>\n<p><strong>13.1<\/strong> S\u00edmeon&#8230;L\u00fak\u00edus&#8230;Manaen: S\u00edmeon er gy\u00f0inganafn, en N\u00edger er lat\u00edna og \u00fe\u00fd\u00f0ir &#8222;svartur.&#8220; \u00deetta g\u00e6ti bent til \u00feess, a\u00f0 N\u00edger veri\u00f0 blakkur \u00e1 h\u00f6rund. L\u00fak\u00edus kom a\u00f0 heiman fr\u00e1 s\u00e9r \u00ed K\u00fdrene og pr\u00e9dika\u00f0i \u00ed Ant\u00edokk\u00edu (sj\u00e1 11.20). Sj\u00e1 og athugagrein vi\u00f0 6.9 (K\u00fdrene). Manaen hefur veri\u00f0 vi\u00f0 hir\u00f0 Her\u00f3desar Ant\u00edpasar, sem r\u00edkti \u00ed Gal\u00edleu \u00e1 d\u00f6gum Jes\u00fa.<\/p>\n<p><strong>13.2<\/strong> heilagur andi: <a href=\"https:\/\/biblian.is\/fraedsla\/ordtakasafn\/heilagur-andi\/\">Sj\u00e1 um heilagan anda<\/a>.<\/p>\n<p><strong>13.3<\/strong> l\u00f6g\u00f0u hendur yfir \u00fe\u00e1: Sj\u00e1 athugagrein vi\u00f0 8.17.<\/p>\n<p><strong>13.4<\/strong> Selevk\u00edu&#8230;K\u00fdpur: Borgin Selevk\u00eda var r\u00f3mverskt fr\u00edr\u00edki, skammt fr\u00e1 Ant\u00edokk\u00edu \u00e1 S\u00fdrlandi. Sj\u00e1 athugagrein vi\u00f0 11.19,20 (K\u00fdpur).<\/p>\n<p><strong>13.5<\/strong> Salamis: Fj\u00f6ldi Gy\u00f0inga haf\u00f0i stofna\u00f0 n\u00fdlendu \u00ed Salamis.<\/p>\n<p><strong>13.5\u00a0<\/strong>samkunduh\u00fasum Gy\u00f0inga: Sj\u00e1 athugagrein vi\u00f0 9.20.<\/p>\n<p><strong>13.5<\/strong> J\u00f3hannes: J\u00f3hannes Mark\u00fas (sj\u00e1 athugagrein vi\u00f0 12.12).<\/p>\n<p><strong>13.6<\/strong> Pafos: Pafos var\u00f0 h\u00f6fu\u00f0borg r\u00f3mverska skattlandsins K\u00fdpur \u00e1ri\u00f0 22 f. Kr. Svo var enn, \u00feegar P\u00e1ll og Barnabas komu til borgarinnar \u00ed kringum 46 e. Kr.<\/p>\n<p><strong>13.6<\/strong> falssp\u00e1mann&#8230;Barjes\u00fas: &#8222;Bar&#8220; \u00fe\u00fd\u00f0ir &#8222;sonur&#8220; \u00e1 arame\u00edsku. Ma\u00f0ur \u00feessi h\u00e9t \u00fev\u00ed &#8222;Sonur Jes\u00fa.&#8220; \u00cd \u00feennan t\u00edma h\u00e9tu margir gy\u00f0ingar Jes\u00fas, en \u00fea\u00f0 er hin gr\u00edska mynd hebreska nafnsins &#8222;J\u00f3s\u00faa.&#8220; Fj\u00f6lkynngi \u00feessa Barjes\u00fa var tr\u00falega f\u00f3lgin \u00ed \u00fev\u00ed a\u00f0 fremja sei\u00f0, sp\u00e1 fyrir f\u00f3lki og hafa \u00ed frammi t\u00f6fra.<\/p>\n<p><strong>13.7<\/strong> Serg\u00edusi P\u00e1li: R\u00f3mverska landstj\u00f3ranum \u00e1 K\u00fdpur.<\/p>\n<p><strong>13.9<\/strong> S\u00e1l, sem og er nefndur P\u00e1ll: S\u00e1l var hi\u00f0 gy\u00f0ingalega nafn P\u00e1ls. P\u00e1ll var gr\u00edska nafni\u00f0. \u00cd h\u00e9ru\u00f0um, \u00fear sem gr\u00edska var t\u00f6lu\u00f0, hafa menn \u00feekkt hann betur undir gr\u00edka nafninu, og teki\u00f0 betur \u00e1 m\u00f3ti honum.<\/p>\n<p><strong>13.9<\/strong> fylltur heil\u00f6gum anda: Sj\u00e1 athugagrein vi\u00f0 4.8.<\/p>\n<p><strong>13.10<\/strong> dj\u00f6fuls sonur: \u00deannig or\u00f0a\u00f0i P\u00e1ll and\u00fa\u00f0 s\u00edna \u00e1 El\u00fdmasi, enda var illgirni hans var \u00e1 r\u00f3tum hins illa runnin.<\/p>\n<p><strong>13.12<\/strong> landstj\u00f3rinn: Serg\u00edus P\u00e1ll (sj\u00e1 og athugagrein vi\u00f0 13.7).<\/p>\n<p><strong>13.13<\/strong> Perge \u00ed Pamf\u00fdl\u00edu: Perge var borg, sem skipul\u00f6g\u00f0 var a\u00f0 gr\u00edskum h\u00e6tti og \u00fear voru gr\u00edsk musteri. \u00de\u00f3 m\u00e1 vera, a\u00f0 R\u00f3mverjar hafi endurskipulagt borgina, \u00feegar \u00feeir t\u00f3ku \u00fear vi\u00f0 stj\u00f3rninni. \u00deeir l\u00f6g\u00f0u brei\u00f0str\u00e6ti me\u00f0 s\u00falum og reistu \u00ed\u00fer\u00f3ttaleikvang og leikh\u00fas, sem tali\u00f0 er a\u00f0 hafi teki\u00f0 allt a\u00f0 12000 manns \u00ed s\u00e6ti.<\/p>\n<p><strong>13.13<\/strong> J\u00f3hannes skildi vi\u00f0 \u00fe\u00e1: Sj\u00e1 athugagrein vi\u00f0 12.12. Ekki er vita\u00f0 um \u00e1st\u00e6\u00f0una fyrir \u00feessu. Sj\u00e1 og 15.37-39.<\/p>\n<p><strong>13.14<\/strong> Ant\u00edokk\u00edu \u00ed Pisid\u00edu: Borg \u00ed skattlandinu Pisid\u00edu \u00ed Litlu-As\u00edu, um 175 km. nor\u00f0austur af Perge. Borgin bar nafn Ant\u00edokkusar \u00feess, sem \u00e1 S\u00fdrlandi t\u00f3k vi\u00f0 konungd\u00f3mi eftir Alexander mikla. \u00de\u00f3tt Ant\u00edokk\u00eda v\u00e6ri r\u00f3mversk n\u00fdlenda, voru samt margir Gy\u00f0ingar b\u00fasettir \u00fear.<\/p>\n<p><strong>13.14<\/strong> \u00e1 hv\u00edldardegi&#8230;samkunduh\u00fasi\u00f0: Hv\u00edldardagur Gy\u00f0inga (sabbatinn),hefst vi\u00f0 s\u00f3lsetur \u00e1 f\u00f6studagskv\u00f6ldi og l\u00fdkur me\u00f0 b\u00e6n \u00feegar s\u00f3l sest laugardaginn eftir. \u00c1 hv\u00edldardeginum s\u00f6fnu\u00f0ust Gy\u00f0ingar saman og l\u00e1su, ranns\u00f6ku\u00f0u og r\u00e6ddu helgar ritningar. Sj\u00e1 og athugagrein vi\u00f0 9.20 (\u00ed samkunduh\u00fasunum).<\/p>\n<p><strong>13.15<\/strong> l\u00f6gm\u00e1linu og sp\u00e1m\u00f6nnunum: Helgirit Gy\u00f0ingar, sem kristnir menn nefna &#8222;Gamla testamenti&#8220;.<\/p>\n<p><strong>13.16<\/strong> \u00cdsraelsmenn og a\u00f0rir \u00fei\u00f0 sem \u00f3ttist Gu\u00f0: \u00cdsraelsmenn voru Gy\u00f0ingar. En a\u00f0rir \u00feeir, sem til tilb\u00e1\u00f0u Drottin \u00cdsraels, \u00fe\u00f3tt \u00feeir v\u00e6ru ekki enn fullgildir me\u00f0limir samf\u00e9lags Gy\u00f0inga, \u00fear e\u00f0 \u00feeir h\u00f6f\u00f0u ekki veri\u00f0 umskornir, voru og vi\u00f0staddir og hl\u00fdddu kenningu P\u00e1ls.<\/p>\n<p><strong>13.19,20<\/strong> st\u00f6kkti burt sj\u00f6 \u00fej\u00f3\u00f0um&#8230;d\u00f3mara&#8230;Sam\u00faels: \u00cd Fimmtu M\u00f3seb\u00f3k 7. kap\u00edtula, 1. versi eru taldar upp \u00fe\u00e6r \u00fej\u00f3\u00f0ir, sem bjuggu \u00ed Kanaanslandi, \u00e1\u00f0ur en \u00cdsraelsmenn n\u00e1mu \u00fear land. Sj\u00e1 og D\u00f3m 2.16; 1Sam 3.20. \u00deegar syrti \u00ed \u00e1linn fyrir \u00cdsralesm\u00f6nnum, sendi Gu\u00f0 \u00feeim lei\u00f0toga, sem kalla\u00f0ir voru d\u00f3marar og sk\u00e1ru \u00feeir \u00far deilum\u00e1um og t\u00f3ku auk \u00feess a\u00f0 s\u00e9r hlutverk herforingja. Sam\u00fael h\u00e9t hinn s\u00ed\u00f0asti \u00feessara d\u00f3mara (sj\u00e1 athugagrein vi\u00f0 3.24).<\/p>\n<p><strong>13.21<\/strong> ba\u00f0 h\u00fan um konung: Sj\u00e1 1Sam 8.5; 1Sam 10.21. \u00deegar \u00cdsraelsmenn v\u00f6ktust upp me\u00f0 \u00fea\u00f0 a\u00f0 hafa konung yfir s\u00e9r, \u00ed l\u00edkingu vi\u00f0 n\u00e1granna\u00fej\u00f3\u00f0irnar, valdi Drottinn S\u00e1l til \u00feess a\u00f0 takast \u00fea\u00f0 hlutverk \u00e1 hendur. \u00cd 1Sam 9-31 segir fr\u00e1 valdat\u00ed\u00f0 hans.<\/p>\n<p><strong>13.24<\/strong> J\u00f3hannes: J\u00f3hannes sk\u00edrari. Sj\u00e1 athugagrein vi\u00f0 1.5 (J\u00f3hannes); sj\u00e1 og Mrk 1.4; L\u00fak 3.3.<\/p>\n<p><strong>13.26<\/strong> ni\u00f0jar Abrahams&#8230;a\u00f0rir ykkar \u00e1 me\u00f0al sem \u00f3ttast Gu\u00f0: Sj\u00e1 athugagreinar vi\u00f0 7.2 (f\u00f6\u00f0ur vorum Abraham) og 10.45 (hei\u00f0ingjunum).<\/p>\n<p><strong>13.26<\/strong> or\u00f0 \u00feessa hj\u00e1lpr\u00e6\u00f0is: Sj\u00e1 athugagrein vi\u00f0 2.47.<\/p>\n<p><strong>13.32<\/strong> gle\u00f0ibo\u00f0: Sj\u00e1 athugagrein vi\u00f0 5.42.<\/p>\n<p><strong>13.38<\/strong> ykkur er fyrir hann bo\u00f0u\u00f0 fyrirgefning syndanna: Sj\u00e1 athugagrein vi\u00f0 2.38 (\u00f6\u00f0list fyrirgefningu syndanna).<\/p>\n<p><strong>13.39<\/strong> l\u00f6gm\u00e1l M\u00f3se: Sj\u00e1 athugagrein vi\u00f0 6.12 (fr\u00e6\u00f0imennina). Sj\u00e1 og R\u00f3m 3.20; Gal 2.16.<\/p>\n<p><strong>13.45<\/strong> Gy\u00f0ingar: Ekki er \u00e1tt vi\u00f0 alla Gy\u00f0inga\u00fej\u00f3\u00f0, enda voru \u00feeir l\u00edka Gy\u00f0ingar sem h\u00f6f\u00f0u be\u00f0i\u00f0 P\u00e1l og Barnabas a\u00f0 koma aftur \u00ed samkunduna n\u00e6sta hv\u00edldardag. H\u00e9r r\u00e6\u00f0ir \u00fev\u00ed um \u00fe\u00e1 Gy\u00f0inga, sem ekki l\u00f6g\u00f0u tr\u00fana\u00f0 \u00e1 \u00fea\u00f0 sem P\u00e1ll haf\u00f0i um Jes\u00fa a\u00f0 segja. \u00deeir t\u00f6ldu a\u00f0 hann vildi hafa l\u00f6gm\u00e1l M\u00f3se a\u00f0 engu og vanvir\u00f0a tr\u00fa \u00feeirra.<\/p>\n<p><strong>13.48<\/strong> \u00e6tla\u00f0ir voru til eil\u00edfs l\u00edfs: V\u00edsa\u00f0 er til \u00feeirrar tr\u00faar, a\u00f0 \u00feeir sem treysta Gu\u00f0i ver\u00f0a reistir fr\u00e1 dau\u00f0um og f\u00e1 a\u00f0 lifa me\u00f0 honum a\u00f0 eil\u00edfu. Sj\u00e1 n\u00e1nar &#8222;<a href=\"https:\/\/biblian.is\/fraedsla\/ordtakasafn\/eilift-lif\/\">Eil\u00edft l\u00edf<\/a>&#8222;.<\/p>\n<p><strong>13.50<\/strong> gu\u00f0r\u00e6knar hef\u00f0arkonur og fyrirmenn: \u00deetta voru l\u00edklega au\u00f0ugir hei\u00f0ingjar (ekki gy\u00f0ingatr\u00faar), en hallir undir gy\u00f0ingatr\u00fa.<\/p>\n<p><strong>13.51<\/strong> hristu dusti\u00f0 af f\u00f3tum s\u00e9r m\u00f3ti \u00feeim: Me\u00f0 \u00feessu atferli var l\u00e1ti\u00f0 \u00ed lj\u00f3si, a\u00f0 vi\u00f0komandi vildu ekki taka me\u00f0 s\u00e9r h\u00e6tish\u00f3t, \u00feegar \u00feeir f\u00e6ru; \u00f6ll tengsl vi\u00f0 \u00feennan sta\u00f0 v\u00e6ru h\u00e9r me\u00f0 a\u00f0 fullu rofin. Sj\u00e1 og Matt 10.14; Mrk 6.11; L\u00fak 9.5; 10.11<\/p>\n<p><strong>13.52<\/strong> fylltir&#8230;heil\u00f6gum anda: Sj\u00e1 athugagrein vi\u00f0 4.8.<\/p>\n<p>&nbsp;<\/p>\n","protected":false},"excerpt":{"rendered":"<p>13.1 \u00cd s\u00f6fnu\u00f0inum \u00ed Ant\u00edokk\u00edu: Sj\u00e1 athugagrein vi\u00f0 6.5. 13.1 <a href=\"https:\/\/biblian.is\/fraedsla\/ritskyring\/postulasagan-13-kafli\/\"> [&#8230;]<\/a><\/p>\n","protected":false},"author":1,"featured_media":0,"parent":4829,"menu_order":0,"comment_status":"closed","ping_status":"closed","template":"","meta":{"footnotes":""},"class_list":["post-5395","page","type-page","status-publish","hentry"],"_links":{"self":[{"href":"https:\/\/biblian.is\/fraedsla\/wp-json\/wp\/v2\/pages\/5395","targetHints":{"allow":["GET"]}}],"collection":[{"href":"https:\/\/biblian.is\/fraedsla\/wp-json\/wp\/v2\/pages"}],"about":[{"href":"https:\/\/biblian.is\/fraedsla\/wp-json\/wp\/v2\/types\/page"}],"author":[{"embeddable":true,"href":"https:\/\/biblian.is\/fraedsla\/wp-json\/wp\/v2\/users\/1"}],"replies":[{"embeddable":true,"href":"https:\/\/biblian.is\/fraedsla\/wp-json\/wp\/v2\/comments?post=5395"}],"version-history":[{"count":0,"href":"https:\/\/biblian.is\/fraedsla\/wp-json\/wp\/v2\/pages\/5395\/revisions"}],"up":[{"embeddable":true,"href":"https:\/\/biblian.is\/fraedsla\/wp-json\/wp\/v2\/pages\/4829"}],"wp:attachment":[{"href":"https:\/\/biblian.is\/fraedsla\/wp-json\/wp\/v2\/media?parent=5395"}],"curies":[{"name":"wp","href":"https:\/\/api.w.org\/{rel}","templated":true}]}}