{"id":5393,"date":"2019-05-25T21:41:35","date_gmt":"2019-05-25T21:41:35","guid":{"rendered":"https:\/\/biblian.is\/fraedsla\/?page_id=5393"},"modified":"2022-12-16T13:59:22","modified_gmt":"2022-12-16T13:59:22","slug":"postulasagan-12-kafli","status":"publish","type":"page","link":"https:\/\/biblian.is\/fraedsla\/ritskyring\/postulasagan-12-kafli\/","title":{"rendered":"Postulasagan 12. kafli"},"content":{"rendered":"<p><strong>12.1<\/strong> Her\u00f3des konungur: H\u00e9r er \u00e1tt vi\u00f0 Her\u00f3des Agrippa I., sonarson Her\u00f3desar mikla. Hann var\u00f0 konungur \u00ed J\u00fadeu \u00e1ri\u00f0 37 e. Kr. og r\u00edkti til dau\u00f0dags \u00e1ri\u00f0 44 e.Kr (sj\u00e1 12.21-23). Hann var slyngur stj\u00f3rnm\u00e1lama\u00f0ur og haf\u00f0i \u00ed hei\u00f0ri gy\u00f0inglegar si\u00f0venjur, \u00fe\u00f3tt ekki v\u00e6ri Gy\u00f0ingur a\u00f0 \u00e6tt og uppruna.<\/p>\n<p><strong>12.2<\/strong> Jakob, br\u00f3\u00f0ur J\u00f3hannesar: Br\u00e6\u00f0urnir Jakob og J\u00f3hannes voru postular Jes\u00fa, synir fiskimannsins Sebedeusar (Matt 4.21). Jes\u00fas haf\u00f0i \u00e1\u00f0ur sagt fyrir um \u00fea\u00f0, a\u00f0 \u00feeir myndu bergja af kaleiknum, sem hann hlyti br\u00e1\u00f0lega a\u00f0 drekka af (Matt 20.22,23). \u00dea\u00f0 \u00fe\u00fdddi, a\u00f0 \u00feeir mundu l\u00edka \u00fej\u00e1st og deyja af v\u00f6ldum f\u00f3lks, sem bar \u00ed brj\u00f3sti til \u00feeirra haturshug.<\/p>\n<p><strong>12.3<\/strong> dagar \u00f3s\u00fdr\u00f0u brau\u00f0anna: Sj\u00e1 2M\u00f3s 12.1-27 og &#8222;<a href=\"https:\/\/biblian.is\/fraedsla\/ordtakasafn\/paskar-og-hatid-osyrdu-braudanna\/\">P\u00e1skar og h\u00e1t\u00ed\u00f0 \u00f3s\u00fdr\u00f0u brau\u00f0anna<\/a>&#8222;.<\/p>\n<p><strong>12.7<\/strong> engill Drottins: Sj\u00e1 athugagrein vi\u00f0 5.19.<\/p>\n<p><strong>12.11<\/strong> Gy\u00f0ingar: Sj\u00e1 athugagreinar vi\u00f0 4.1 og 4.5.<\/p>\n<p><strong>12.12<\/strong> Mar\u00edu, m\u00f3\u00f0ur J\u00f3hannesar&#8230;Mark\u00fas: Mar\u00eda \u00feessi kann a\u00f0 hafa veri\u00f0 fr\u00e6nka Barnabasar (K\u00f3l 4.10). Ef til vill komu l\u00e6risveinar Jes\u00fas saman \u00e1 heimili hennar. J\u00f3hannes Mark\u00fas er nefndur aftur \u00ed 12.25. Hann haf\u00f0i einhvern t\u00edma or\u00f0i\u00f0 samstarfsma\u00f0ur P\u00e1ls (15.37-39).<\/p>\n<p><strong>12.13<\/strong> R\u00f3de: H\u00fan er hvergi annars sta\u00f0ar nefnd \u00e1 nafn.<\/p>\n<p><strong>12.15<\/strong> engill hans: H\u00e9r er tr\u00falega \u00e1tt vi\u00f0 s\u00e9rstakan &#8222;verndarengil&#8220; hans.<\/p>\n<p><strong>12.17<\/strong> Jakobi: Br\u00f3\u00f0ir Jes\u00fa (Matt 13.55; Mrk 6.3). Hann var\u00f0 s\u00ed\u00f0ar lei\u00f0togi gy\u00f0ing-kristna safna\u00f0arins \u00ed Jer\u00fasalem (Post 15.13; 21.18; Ga 1.19), \u00fear sem hann me\u00f0 \u00f6\u00f0rum vann a\u00f0 \u00fev\u00ed a\u00f0 s\u00e6tta gy\u00f0inglega l\u00e6risveina og hei\u00f0na (15.22-19; sj\u00e1 og Gal 2.9).<\/p>\n<p><strong>12.20<\/strong> Her\u00f3des&#8230;T\u00fdrverjum og S\u00eddoningum&#8230;Blastus: T\u00fdrus og S\u00eddon voru helstu borgir F\u00f6nik\u00edu. Her\u00f3des (Her\u00f3des Agrippa I., sonarsonur Her\u00f3desar mikla) r\u00edkti yfir J\u00fadeu, Samar\u00edu og hluta Gal\u00edleu. Hann l\u00e9st \u00e1ri\u00f0 44 e. Kr. (12.23).<\/p>\n<p><strong>12.25<\/strong> Barnabas og S\u00e1l: Sj\u00e1 athugagreinar vi\u00f0 4.36-37 (Barnabas). Sj\u00e1 og 11.20-26.<\/p>\n","protected":false},"excerpt":{"rendered":"<p>12.1 Her\u00f3des konungur: H\u00e9r er \u00e1tt vi\u00f0 Her\u00f3des Agrippa I., <a href=\"https:\/\/biblian.is\/fraedsla\/ritskyring\/postulasagan-12-kafli\/\"> [&#8230;]<\/a><\/p>\n","protected":false},"author":1,"featured_media":0,"parent":4829,"menu_order":0,"comment_status":"closed","ping_status":"closed","template":"","meta":{"footnotes":""},"class_list":["post-5393","page","type-page","status-publish","hentry"],"_links":{"self":[{"href":"https:\/\/biblian.is\/fraedsla\/wp-json\/wp\/v2\/pages\/5393","targetHints":{"allow":["GET"]}}],"collection":[{"href":"https:\/\/biblian.is\/fraedsla\/wp-json\/wp\/v2\/pages"}],"about":[{"href":"https:\/\/biblian.is\/fraedsla\/wp-json\/wp\/v2\/types\/page"}],"author":[{"embeddable":true,"href":"https:\/\/biblian.is\/fraedsla\/wp-json\/wp\/v2\/users\/1"}],"replies":[{"embeddable":true,"href":"https:\/\/biblian.is\/fraedsla\/wp-json\/wp\/v2\/comments?post=5393"}],"version-history":[{"count":0,"href":"https:\/\/biblian.is\/fraedsla\/wp-json\/wp\/v2\/pages\/5393\/revisions"}],"up":[{"embeddable":true,"href":"https:\/\/biblian.is\/fraedsla\/wp-json\/wp\/v2\/pages\/4829"}],"wp:attachment":[{"href":"https:\/\/biblian.is\/fraedsla\/wp-json\/wp\/v2\/media?parent=5393"}],"curies":[{"name":"wp","href":"https:\/\/api.w.org\/{rel}","templated":true}]}}