{"id":5391,"date":"2019-05-25T21:40:12","date_gmt":"2019-05-25T21:40:12","guid":{"rendered":"https:\/\/biblian.is\/fraedsla\/?page_id=5391"},"modified":"2022-12-16T13:59:21","modified_gmt":"2022-12-16T13:59:21","slug":"postulasagan-11-kafli","status":"publish","type":"page","link":"https:\/\/biblian.is\/fraedsla\/ritskyring\/postulasagan-11-kafli\/","title":{"rendered":"Postulasagan 11. kafli"},"content":{"rendered":"<p><strong>11.1<\/strong> postularnir og s\u00f6fnu\u00f0urinn \u00ed J\u00fadeu: H\u00e9r er \u00e1tt vi\u00f0 \u00fe\u00e1 ellefu postula og \u00fe\u00e1 l\u00e6risveina a\u00f0ra, sem bjuggu \u00ed Jer\u00fasalem og n\u00e1grenni. \u00deegar \u00feessir atbur\u00f0ir ur\u00f0u, var Jer\u00fasalem enn \u00fe\u00e1 mi\u00f0st\u00f6\u00f0 l\u00e6risveina Jes\u00fa.<\/p>\n<p><strong>11.1<\/strong> hei\u00f0ingjarnir: Sj\u00e1 athugagrein vi\u00f0 10.45 (<a href=\"https:\/\/biblian.is\/fraedsla\/ordtakasafn\/heidingjarnir\/\">hei\u00f0ingjunum<\/a>).<\/p>\n<p><strong>11.2<\/strong> umskurnarmennirnir: Sj\u00e1 athugagrein vi\u00f0 7.8.<\/p>\n<p><strong>11.3<\/strong> inn til \u00f3umskorinna manna og eti\u00f0 me\u00f0 \u00feeim: L\u00f6gm\u00e1l M\u00f3se m\u00e6lti svo fyrir, a\u00f0 Gy\u00f0ingar skyldu ekki umgangast hei\u00f0ingja (\u00fe\u00e1, sem ekki voru gy\u00f0ingatr\u00faar) e\u00f0a leggja s\u00e9r til munns f\u00e6\u00f0u, sem hei\u00f0ingjar h\u00f6f\u00f0u fari\u00f0 um h\u00f6ndum. \u00deeim br\u00e1 \u00fev\u00ed mj\u00f6g \u00ed br\u00fan, \u00feegar \u00feeir fr\u00e9ttu, a\u00f0 \u00feetta hef\u00f0i P\u00e9tur gert. \u00c1litu \u00feeir, a\u00f0 n\u00fa v\u00e6ri hann \u00fev\u00ed \u00f3hreinn or\u00f0inn. Sj\u00e1 &#8222;<a href=\"https:\/\/biblian.is\/fraedsla\/ordtakasafn\/hreinsanir-hreint-og-ohreint\/\">Hreinsanir (hreint og \u00f3hreint)<\/a>&#8222;.<\/p>\n<p><strong>11.12,13<\/strong> mannsins. Hann sag\u00f0i okkur: P\u00e9tur \u00e1 h\u00e9r vi\u00f0 Kornel\u00edus hundra\u00f0sh\u00f6f\u00f0ingja. Sj\u00e1 10.1-4, 29-33.<\/p>\n<p><strong>11.17<\/strong> \u00feeim: Sj\u00e1 athugagrein vi\u00f0 10.45 (hei\u00f0ingjunum).<\/p>\n<p><strong>11.17<\/strong> s\u00f6mu gj\u00f6f: P\u00e9tur er h\u00e9r a\u00f0 tala um Heilagan anda.<\/p>\n<p><strong>11.19<\/strong> vegna ofs\u00f3knarinnar sem var\u00f0 \u00fat af Stef\u00e1ni: Sj\u00e1 Post 6.8-8.4. L\u00edfl\u00e1t Stef\u00e1n p\u00edslarvottar var\u00f0 til \u00feess, a\u00f0 hinir fyrstu kristnu ur\u00f0u mj\u00f6g uggandi um sinn hag. Lei\u00f0togar Gy\u00f0inga, eins og t.d. S\u00e1l, ger\u00f0u \u00feeim l\u00edfi\u00f0 leitt heldur en ekki, svo a\u00f0 \u00feeir t\u00f3ku a\u00f0 fl\u00fdja burt \u00far Jer\u00fasalem og J\u00fadeu, \u00feanga\u00f0 sem \u00feeir g\u00e1tu \u00f3hr\u00e6ddir, a\u00f0 \u00feeir t\u00f6ldu, safnast saman til helgishalds.<\/p>\n<p><strong>11.19,20<\/strong> F\u00f6nik\u00edu, K\u00fdpur og Ant\u00edokk\u00edu&#8230;K\u00fdrene: F\u00f6nik\u00eda var mj\u00f3, t\u00e6pra 200 km. l\u00f6ng strandlengja vi\u00f0 Mi\u00f0jar\u00f0arhafi\u00f0 fyrir nor\u00f0an Palest\u00ednu. Helstu borgir \u00fear voru T\u00fdrus og S\u00eddon.<\/p>\n<p>K\u00fdpur er eyja \u00ed Mi\u00f0jar\u00f0arhafinu nor\u00f0austanver\u00f0u, um 160 km. vestur af S\u00fdrlandsstr\u00f6nd. \u00cd \u00feennan t\u00edma tilheyr\u00f0i h\u00fan r\u00f3mverska heimsveldinu. N\u00fdlendu Gy\u00f0inga var komi\u00f0 \u00e1 f\u00f3t \u00e1 K\u00fdpur um mi\u00f0bik annarrar aldar f. Kr. P\u00e1ll og Barnabas bo\u00f0u\u00f0u Gu\u00f0s or\u00f0 \u00ed samkunduh\u00fasum Gy\u00f0inga \u00e1 K\u00fdpur (13.4-12). Sj\u00e1 og athugagreinar vi\u00f0 6.15 (Ant\u00edokk\u00eda) og 6.9 (K\u00fdrene).<\/p>\n<p><strong>11.20<\/strong> Grikkja: Gr\u00edska or\u00f0i\u00f0 \u00ed frumtextanum getur \u00fe\u00fdtt &#8222;\u00feeir, sem tala gr\u00edsku&#8220; e\u00f0a &#8222;\u00feeir, sem semja sig a\u00f0 si\u00f0um Grikkja.&#8220; H\u00e9r vir\u00f0ist or\u00f0i\u00f0 \u00fe\u00f3 merkja &#8222;\u00feeir, sem ekki eru Gy\u00f0ingar.&#8220; Sum handrit hafa &#8222;Grikkir,&#8220; sem vir\u00f0ist \u00fe\u00fd\u00f0a &#8222;\u00feeir, sem ekki eru Gy\u00f0ingar.&#8220;<\/p>\n<p><strong>11.21<\/strong> h\u00f6nd Drottins: Kraftur Heilags anda.<\/p>\n<p><strong>11.22<\/strong> Barnabas: Sj\u00e1 athugagrein vi\u00f0 4.36-37.<\/p>\n<p><strong>11.28<\/strong> Agabus: L\u00e6risveinn Jes\u00fa, sem haf\u00f0i fyrir tilstilli Heilags anda hloti\u00f0 sp\u00e1d\u00f3msg\u00e1fu (1Kor 12.7-11). \u00cd Postulas\u00f6gunni upp\u00f6rva sp\u00e1menn venjulega l\u00e6risveina Krists og styrkja \u00fe\u00e1 me\u00f0 bo\u00f0skap fr\u00e1 Gu\u00f0i (15.32), en h\u00e9r segir Agabus svo fyrir, a\u00f0 mikil hungursney\u00f0 muni koma yfir alla heimsbygg\u00f0ina. Seinna sp\u00e1ir hann \u00fev\u00ed, a\u00f0 P\u00e1ll muni ver\u00f0a hnepptur \u00ed var\u00f0hald (sj\u00e1 Post 21.10-12).<\/p>\n<p><strong>11.28<\/strong> \u00e1 d\u00f6gum Kl\u00e1d\u00edusar: Kl\u00e1d\u00edus var keisari R\u00f3maveldis \u00e1 \u00e1runum 41. til 54. e. Kr. \u00c1 r\u00edkisstj\u00f3rnar\u00e1rum hans bjuggu \u00feegnar heimsveldisins vi\u00f0 fri\u00f0 og st\u00f6\u00f0ugleika. \u00dea\u00f0 var\u00f0 vexti og vi\u00f0gangi frumkirkjunnar til framdr\u00e1ttar.<\/p>\n","protected":false},"excerpt":{"rendered":"<p>11.1 postularnir og s\u00f6fnu\u00f0urinn \u00ed J\u00fadeu: H\u00e9r er \u00e1tt vi\u00f0 <a href=\"https:\/\/biblian.is\/fraedsla\/ritskyring\/postulasagan-11-kafli\/\"> [&#8230;]<\/a><\/p>\n","protected":false},"author":1,"featured_media":0,"parent":4829,"menu_order":0,"comment_status":"closed","ping_status":"closed","template":"","meta":{"footnotes":""},"class_list":["post-5391","page","type-page","status-publish","hentry"],"_links":{"self":[{"href":"https:\/\/biblian.is\/fraedsla\/wp-json\/wp\/v2\/pages\/5391","targetHints":{"allow":["GET"]}}],"collection":[{"href":"https:\/\/biblian.is\/fraedsla\/wp-json\/wp\/v2\/pages"}],"about":[{"href":"https:\/\/biblian.is\/fraedsla\/wp-json\/wp\/v2\/types\/page"}],"author":[{"embeddable":true,"href":"https:\/\/biblian.is\/fraedsla\/wp-json\/wp\/v2\/users\/1"}],"replies":[{"embeddable":true,"href":"https:\/\/biblian.is\/fraedsla\/wp-json\/wp\/v2\/comments?post=5391"}],"version-history":[{"count":0,"href":"https:\/\/biblian.is\/fraedsla\/wp-json\/wp\/v2\/pages\/5391\/revisions"}],"up":[{"embeddable":true,"href":"https:\/\/biblian.is\/fraedsla\/wp-json\/wp\/v2\/pages\/4829"}],"wp:attachment":[{"href":"https:\/\/biblian.is\/fraedsla\/wp-json\/wp\/v2\/media?parent=5391"}],"curies":[{"name":"wp","href":"https:\/\/api.w.org\/{rel}","templated":true}]}}