{"id":5389,"date":"2019-05-25T21:38:03","date_gmt":"2019-05-25T21:38:03","guid":{"rendered":"https:\/\/biblian.is\/fraedsla\/?page_id=5389"},"modified":"2026-04-17T13:01:23","modified_gmt":"2026-04-17T13:01:23","slug":"postulasagan-10-kafli","status":"publish","type":"page","link":"https:\/\/biblian.is\/fraedsla\/ritskyring\/postulasagan-10-kafli\/","title":{"rendered":"Postulasagan 10. kafli"},"content":{"rendered":"<p><strong>10.1<\/strong> Sesareu: Sj\u00e1 athugagrein vi\u00f0 8.40.<\/p>\n<p><strong>10.1<\/strong> Kornel\u00edus&#8230;\u00edt\u00f6lsku hersveitinni: Kornel\u00edus var r\u00f3mverskur hundra\u00f0sh\u00f6f\u00f0ingi. \u00cd r\u00f3mverskri hersveit voru um \u00fea\u00f0 bil sex \u00fe\u00fasund hermenn og skiptist h\u00fan \u00ed t\u00edu herdeildir. H\u00e9t hver \u00feeirra s\u00e9rst\u00f6ku nafni. S\u00fa sem Kornel\u00edus stj\u00f3rna\u00f0i var hluti \u00feeirrar sem k\u00f6llu\u00f0 var \u00edtalska hersveitin. Hundra\u00f0sh\u00f6f\u00f0ingi haf\u00f0i yfir a\u00f0 r\u00e1\u00f0a einum sj\u00f6tta hluta hersveitar, e\u00f0a um \u00fea\u00f0 bil 100 m\u00f6nnum.<\/p>\n<p><strong>10.3<\/strong> um n\u00f3n: Tr\u00falega \u00e1 me\u00f0an hann var \u00e1 b\u00e6n. Sj\u00e1 athugagrein vi\u00f0 3.1 (a\u00f0 bi\u00f0jast fyrir).<\/p>\n<p><strong>10.3<\/strong> \u00ed s\u00fdn: S\u00fdn er l\u00edk draumi, \u00fe\u00f3tt sj\u00e1andinn geti \u00fdmist veri\u00f0 vakandi e\u00f0a sofandi. \u00cd Bibl\u00edunni sj\u00e1 menn s\u00fdnir, \u00feegar andi Gu\u00f0s e\u00f0a sendibo\u00f0i hans, svo sem t.d. engill, talar til innstu hugsana \u00feeirra og breg\u00f0ur upp fyrir hugarsj\u00f3num \u00feeirra sk\u00fdrri og \u00f3tv\u00edr\u00e6\u00f0ri mynd af einhverju sem \u00feeim ber a\u00f0 gera e\u00f0a segja. Sj\u00e1 2.17.<\/p>\n<p><strong>10.4<\/strong> engilinn: Sj\u00e1 athugagrein vi\u00f0 5.19.<\/p>\n<p><strong>10.5\u00a0<\/strong>Joppe: Joppe var um 48 km. su\u00f0ur af Sesareu. Sj\u00e1 athugagrein vi\u00f0 9.36.<\/p>\n<p><strong>10.9<\/strong> h\u00fas\u00feaki\u00f0: \u00cd Palest\u00ednu t\u00ed\u00f0ku\u00f0ust fl\u00f6t h\u00fas\u00fe\u00f6k. Upp \u00e1 \u00feau l\u00e1gu tr\u00f6ppur utan \u00e1 h\u00fasunum. \u00de\u00f6kin voru ger\u00f0 \u00far bj\u00e1lkum e\u00f0a r\u00f6ftum og hr\u00eds og greinar lagt yfir. \u00deetta var s\u00ed\u00f0an \u00feaki\u00f0 me\u00f0 leir og mold og tro\u00f0i\u00f0 \u00fear til \u00fea\u00f0 var\u00f0 a\u00f0 har\u00f0ri og \u00fe\u00e9ttri sk\u00e1n. \u00deegar f\u00f3lk vildi komast \u00fat undir bert loft f\u00f3r \u00fea\u00f0 \u00fdmist \u00fat \u00ed h\u00fasagar\u00f0inn e\u00f0a upp \u00e1 \u00feaki\u00f0.<\/p>\n<p><strong>10.14<\/strong> vanheilagt n\u00e9 \u00f3hreint: \u00cd l\u00f6gm\u00e1li M\u00f3se voru taldar upp f\u00e6\u00f0utegundir, sem \u00e1litnar voru \u00f3h\u00e6far til neyslu. Sj\u00e1 &#8222;Hreinsanir (hreint og \u00f3hreint)&#8220;.<\/p>\n<p><strong>10.30 <\/strong>\u00ed sk\u00ednandi kl\u00e6\u00f0um: \u00deannig l\u00fdsti Kornel\u00edus englinum. Sj\u00e1 og 1.10 og L\u00fak 24.4.<\/p>\n<p><strong>10.37<\/strong> J\u00fadeu&#8230;Gal\u00edleu: Sj\u00e1 athugagrein vi\u00f0 1.8.<\/p>\n<p><strong>10.37<\/strong> J\u00f3hannes: J\u00f3hannes sk\u00edrari. Sj\u00e1 L\u00fak 3.3-17.<\/p>\n<p><strong>10.38<\/strong> heil\u00f6gum anda: Sj\u00e1 um Heilagan anda.<\/p>\n<p><strong>10.38<\/strong> Jes\u00fa fr\u00e1 Nasaret: Sj\u00e1 athugagrein vi\u00f0 2.22.<\/p>\n<p><strong>10.38<\/strong> dj\u00f6fullinn: Hann er l\u00edka nefndur Satan. Sj\u00e1 athugagrein vi\u00f0 5.3.<\/p>\n<p><strong>10.39<\/strong> \u00ed landi Gy\u00f0inga: H\u00e9r er \u00e1tt vi\u00f0 h\u00e9ru\u00f0in J\u00fadeu, Samar\u00edu og Gal\u00edleu, sem fyrrum tilheyr\u00f0u landi \u00cdsraels\u00fej\u00f3\u00f0arinnar.<\/p>\n<p><strong>10.43<\/strong> allir sp\u00e1mennirnir: Sp\u00e1menn \u00cdsraels\u00fej\u00f3\u00f0arinnar voru uppi tv\u00f6 til \u00e1tta hundru\u00f0 \u00e1rum fyrir Krists bur\u00f0. Enginn \u00feeirra nefndi Jes\u00fa \u00e1 nafn, en margir r\u00e6ddu um \u00fea\u00f0, hversu Gu\u00f0 mundi endurreisa \u00cdsraels l\u00fd\u00f0 og hefja \u00fej\u00f3\u00f0ina til vegs a\u00f0 n\u00fdju. A\u00f0rir sp\u00e1\u00f0u \u00fev\u00ed, a\u00f0 Mess\u00edas (\u00fatvalinn lei\u00f0togi) yr\u00f0i sendur \u00fej\u00f3\u00f0inni.<\/p>\n<p><strong>10.44<\/strong> kom heilagur andi yfir alla: Sj\u00e1 athugagrein vi\u00f0 4.8.<\/p>\n<p><strong>10.45<\/strong> Hinir tr\u00fau\u00f0u Gy\u00f0ingar: Flestir hinna fyrstu l\u00e6risveina Jes\u00fa voru Gy\u00f0ingar, eins og hann var sj\u00e1lfur.<\/p>\n<p><strong>10.45<\/strong> hei\u00f0ingjunum: Sj\u00e1 n\u00e1nar &#8222;Hei\u00f0ingjarnir&#8220;.<\/p>\n<p><strong>10.47<\/strong> a\u00f0 \u00feeir ver\u00f0i sk\u00edr\u00f0ir: Sj\u00e1 athugagrein vi\u00f0 1.5 (sk\u00edr\u00f0ir me\u00f0 vatni).<\/p>\n","protected":false},"excerpt":{"rendered":"<p>10.1 Sesareu: Sj\u00e1 athugagrein vi\u00f0 8.40. 10.1 Kornel\u00edus&#8230;\u00edt\u00f6lsku hersveitinni: Kornel\u00edus <a href=\"https:\/\/biblian.is\/fraedsla\/ritskyring\/postulasagan-10-kafli\/\"> [&#8230;]<\/a><\/p>\n","protected":false},"author":1,"featured_media":0,"parent":4829,"menu_order":0,"comment_status":"closed","ping_status":"closed","template":"","meta":{"footnotes":""},"class_list":["post-5389","page","type-page","status-publish","hentry"],"_links":{"self":[{"href":"https:\/\/biblian.is\/fraedsla\/wp-json\/wp\/v2\/pages\/5389","targetHints":{"allow":["GET"]}}],"collection":[{"href":"https:\/\/biblian.is\/fraedsla\/wp-json\/wp\/v2\/pages"}],"about":[{"href":"https:\/\/biblian.is\/fraedsla\/wp-json\/wp\/v2\/types\/page"}],"author":[{"embeddable":true,"href":"https:\/\/biblian.is\/fraedsla\/wp-json\/wp\/v2\/users\/1"}],"replies":[{"embeddable":true,"href":"https:\/\/biblian.is\/fraedsla\/wp-json\/wp\/v2\/comments?post=5389"}],"version-history":[{"count":0,"href":"https:\/\/biblian.is\/fraedsla\/wp-json\/wp\/v2\/pages\/5389\/revisions"}],"up":[{"embeddable":true,"href":"https:\/\/biblian.is\/fraedsla\/wp-json\/wp\/v2\/pages\/4829"}],"wp:attachment":[{"href":"https:\/\/biblian.is\/fraedsla\/wp-json\/wp\/v2\/media?parent=5389"}],"curies":[{"name":"wp","href":"https:\/\/api.w.org\/{rel}","templated":true}]}}