{"id":5387,"date":"2019-05-24T19:33:39","date_gmt":"2019-05-24T19:33:39","guid":{"rendered":"https:\/\/biblian.is\/fraedsla\/?page_id=5387"},"modified":"2026-04-17T13:01:27","modified_gmt":"2026-04-17T13:01:27","slug":"postulasagan-9-kafli","status":"publish","type":"page","link":"https:\/\/biblian.is\/fraedsla\/ritskyring\/postulasagan-9-kafli\/","title":{"rendered":"Postulasagan 9. kafli"},"content":{"rendered":"<p><strong>9.1<\/strong> S\u00e1l&#8230;\u00e6\u00f0sta prestsins: Sj\u00e1 athugagrein vi\u00f0 8.3.<\/p>\n<p><strong>9.1<\/strong> \u00e6\u00f0sta prestsins: Sj\u00e1 athugagrein vi\u00f0 5.17. P\u00e1ll fer til \u00e6\u00f0sta prestsins, \u00fev\u00ed a\u00f0 s\u00e1 var mestur r\u00e1\u00f0amanna Gy\u00f0inga \u00ed J\u00fadeu.<\/p>\n<p><strong>9.2<\/strong> Damaskus: Ein elsta borg Austurlanda heimari me\u00f0 \u00f3slitna s\u00f6gu af mannabygg\u00f0. Undir stj\u00f3rn R\u00f3mverja var\u00f0 Damaskus ein s\u00fa helsta \u00ed sambandi t\u00edu borga (Dekap\u00f3lis) fyrir austan Samar\u00edu og Gal\u00edleu, er bygg\u00f0ar voru hei\u00f0ingjum (f\u00f3lki, sem ekki var Gy\u00f0ingar. Sj\u00e1 Matt 4.25). \u00c1 d\u00f6gum S\u00e1ls var Damaskus mi\u00f0st\u00f6\u00f0 vi\u00f0skipta milli Palest\u00ednu og annarra Mi\u00f0jar\u00f0arhafslanda. Hann vissi, a\u00f0 yr\u00f0i ekki bundinn endi \u00e1 bo\u00f0un fagna\u00f0arerindisins \u00ed Damaskus, mundi \u00fea\u00f0 n\u00e1 a\u00f0 skj\u00f3ta r\u00f3tum hvarvetna.<\/p>\n<p><strong>9.2<\/strong> \u00feessa vegar: \u00cd Postulas\u00f6gunni er kristin tr\u00fa og \u00feau sem a\u00f0hylltust hana k\u00f6llu\u00f0 &#8222;vegurinn&#8220; e\u00f0a &#8222;vegur Drottins.&#8220; Sj\u00e1 og 18.25,26; 19.8,23; 22.4; 24.14,22.<\/p>\n<p><strong>9.3<\/strong> Damaskus: Sj\u00e1 athugagrein vi\u00f0 9.2.<\/p>\n<p><strong>9.10<\/strong> Anan\u00edas: \u00deessi Anan\u00edas er aftur nefndur \u00ed 22.12. Nafn hans er tr\u00falega gr\u00edsk mynd af hebreska nafninu &#8222;Hanan\u00edah&#8220;, sem merkir &#8222;Drottinn er n\u00e1\u00f0ugur.&#8220;<\/p>\n<p><strong>9.11<\/strong> Hi\u00f0 beina&#8230;Tarsus: \u00cd Damaskus er str\u00e6ti sem liggur beinlei\u00f0is \u00ed gegnum borgina fr\u00e1 austri til vesturs. \u00dear eru margar g\u00f6tur a\u00f0rar \u00fer\u00f6ngar og hlykkj\u00f3ttar.\u00a0S\u00e1l \u00f3lst upp \u00ed Tarsus \u00ed r\u00f3mverska skattlandinu K\u00edlik\u00edu \u00ed Litlu-As\u00edu. Um borgina l\u00e1 verslunarlei\u00f0in yfir Tarsusfj\u00f6ll og greiddi veg \u00fdmsum hugmyndum og menningar\u00e1hrifum. Tarsus var menntasetur \u00e1 bor\u00f0 vi\u00f0 A\u00feenu \u00ed Grikklandi og Alexandr\u00edu \u00ed Egyptalandi.<\/p>\n<h3>Gu\u00f0 \u00fatvelur S\u00e1l<\/h3>\n<p><em>S\u00e1l, sem hl\u00fdddi l\u00f6gm\u00e1li M\u00f3se \u00fat \u00ed \u00e6sar, er \u00e1 lei\u00f0 til Damaskus \u00ed \u00fev\u00ed skyni a\u00f0 ofs\u00e6kja \u00fe\u00e1, sem tr\u00faa \u00e1 Jes\u00fa. \u00c1 lei\u00f0inni m\u00e6tir hann sj\u00e1lfum frelsaranum, sem felur honum a\u00f0 a\u00f0 pr\u00e9dika fagna\u00f0arerindi\u00f0.<\/em><\/p>\n<p><strong>9.14<\/strong> \u00e6\u00f0stu prestunum: \u00c6\u00f0stu prestarnir voru me\u00f0al \u00feeirra er r\u00e9\u00f0u musterinu \u00ed Jer\u00fasalem. Sj\u00e1 og <a href=\"https:\/\/biblian.is\/fraedsla\/samtidarsaga-bibliunnar\/mannlif-og-landshaettir-a-timum-jesu-thjodir-valdhafar-og-stjornmal\/\">&#8222;Mannl\u00edf og landsh\u00e6ttir \u00e1 t\u00edmum Jes\u00fa: \u00dej\u00f3\u00f0ir, valdhafar og stj\u00f3rnm\u00e1l&#8220;.<\/a><\/p>\n<p><strong>9.15<\/strong> hei\u00f0ingja, konunga og b\u00f6rn \u00cdsraels: H\u00e9r merkir or\u00f0i\u00f0 &#8222;hei\u00f0ingjar&#8220; \u00fe\u00e1, sem ekki voru Gy\u00f0ingatr\u00faar. <a href=\"https:\/\/biblian.is\/fraedsla\/ordtakasafn\/heidingjarnir\/\">Sj\u00e1 og &#8222;Hei\u00f0ingjarnir&#8220;<\/a>. \u00de\u00f3tt S\u00e1l flytti fagna\u00f0arerindi\u00f0 einkum hei\u00f0ingjum, bo\u00f0a\u00f0i hann \u00fea\u00f0 einnig Gy\u00f0ingum (b\u00f6rnum \u00cdsraels) og raunar l\u00edka konungum (25.22-23; 26.1).<\/p>\n<p><strong>9.17<\/strong> Anan\u00edas&#8230;lag\u00f0i hendur yfir hann: Sj\u00e1 athugagrein vi\u00f0 6.6.<\/p>\n<p><strong>9.18<\/strong> l\u00e9t \u00feegar sk\u00edrast: Sj\u00e1 athugagrein vi\u00f0 1.5 (sk\u00edr\u00f0i me\u00f0 vatni).<\/p>\n<p><strong>9.20<\/strong> \u00ed samkunduh\u00fasunum: Or\u00f0i\u00f0 &#8222;s\u00fdnag\u00f3ga&#8220; (samkunduh\u00fas) er komi\u00f0 \u00far gr\u00edsku, dregi\u00f0 af s\u00f6gn sem \u00fe\u00fd\u00f0ir &#8222;a\u00f0 koma (e\u00f0a safna) saman&#8220;. \u00cd Bibl\u00edunni er \u00fea\u00f0 nota\u00f0 um h\u00f3p f\u00f3lks sem s\u00e6kir gu\u00f0s\u00fej\u00f3nustu og rannsakar ritningarnar. Oftast komu menn saman \u00e1 einkaheimilum.Sj\u00e1 og &#8222;<a href=\"https:\/\/biblian.is\/fraedsla\/ordtakasafn\/samkundurnar\/\">Samkundurnar<\/a>&#8222;.<\/p>\n<p><strong>9.22<\/strong> Jes\u00fas v\u00e6ri Kristur: Sj\u00e1 athugagrein vi\u00f0 2.36.<\/p>\n<p><strong>9.23-25<\/strong> A\u00f0 allm\u00f6rgum d\u00f6gum li\u00f0num: Af br\u00e9fum P\u00e1ls er vita\u00f0 a\u00f0 hann dvaldi \u00ferj\u00fa \u00e1r \u00ed Damaskus e\u00f0a \u00fear r\u00e9tt fyrir austan, sem hann kallar &#8222;Arab\u00edu&#8220; (2Kor 11.32,33; Gal 1.17,18).<\/p>\n<p><strong>9.26<\/strong> Jer\u00fasalem: Flestir postulanna og margir l\u00e6risveinar Jes\u00fa a\u00f0rir voru enn \u00ed Jer\u00fasalem, h\u00f6fu\u00f0setri Gy\u00f0ingatr\u00faar.<\/p>\n<p><strong>9.27<\/strong> Barnabas: Sj\u00e1 athugagrein vi\u00f0 4.36-37.<\/p>\n<p><strong>9.30<\/strong> Sesareu&#8230;Tarsus: Sj\u00e1 athugagreinar vi\u00f0 8.40 og 9.11<\/p>\n<p><strong>9.31<\/strong> J\u00fadeu, Gal\u00edleu og Samar\u00edu: H\u00e9ru\u00f0 \u00ed Palest\u00ednu. Fyrirheit Jes\u00fa (sj\u00e1 1.8) var teki\u00f0 a\u00f0 r\u00e6tast.<\/p>\n<p><strong>9.31<\/strong> kirkjan: Sj\u00e1 athugagrein vi\u00f0 5.11. H\u00e9r er ekki \u00e1tti vi\u00f0 neinn einstakan s\u00f6fnu\u00f0, heldur alla l\u00e6risveina Jes\u00fa, hvar \u00ed ver\u00f6ldinni sem \u00feeir b\u00faa.<\/p>\n<p><strong>9.32<\/strong> P\u00e9tur: Sj\u00e1 athugagrein vi\u00f0 2.14.<\/p>\n<p><strong>9.32<\/strong> sem \u00e1ttu heima \u00ed L\u00fdddu: L\u00fddda var um 56 km. nor\u00f0vestur af Jer\u00fasalem og um 17 km. su\u00f0vestur a\u00f0 Joppe. L\u00fddda var mikil versunarborg, sem loti\u00f0 haf\u00f0i m\u00f6rgum yfirv\u00f6ldum \u00e1 \u00fdmsum t\u00edmum \u00ed langri s\u00f6gu sinni. H\u00fan var Gy\u00f0ingaborg fr\u00e1 \u00fev\u00ed um 145 f. Kr. N\u00fa \u00e1ttu \u00fear heima l\u00e6risveinar Krists, sem sannar landvinninga kristninnar b\u00e6\u00f0i \u00ed vestur af Jer\u00fasalem og eins \u00ed nor\u00f0austur (Damaskus).<\/p>\n<p><strong>9.35<\/strong> Saron: Saron var frj\u00f3samt landsv\u00e6\u00f0i, sem n\u00e1\u00f0i um 80 km. me\u00f0fram str\u00f6nd Mi\u00f0jar\u00f0arhafsins \u00e1 milli Karmelfjalls \u00ed nor\u00f0ri og Joppe \u00ed su\u00f0ri.<\/p>\n<p><strong>9.36<\/strong> Joppe: \u00deegar P\u00e9tur kom til hafnarborgarinnar Joppe, var \u00fear fyrir kristinn s\u00f6fnu\u00f0ur. Heimildir eru um Joppe alla lei\u00f0 aftur til 18. aldar f. Kr. Um hr\u00ed\u00f0 laut borgin yfirr\u00e1\u00f0um Egypta (fr\u00e1 1500 til 1225 f. Kr.) Seinna tilheyr\u00f0i h\u00fan F\u00f6nik\u00edu og \u00fe\u00e1 var siglt \u00fea\u00f0an me\u00f0 timbur af L\u00edbanonsfj\u00f6llum sem s\u00ed\u00f0an var flutt landveg til Jer\u00fasalem (sj\u00e1 2Kor 2.16). N\u00fana heitir borgin Jaffa og er \u00fathverfi Tel Av\u00edv \u00ed \u00cdsarel.<\/p>\n<p><strong>9.43<\/strong> S\u00edmoni nokkrum s\u00fatara: S\u00fatun er \u00e6vag\u00f6mul i\u00f0n, sem felst \u00ed \u00fev\u00ed a\u00f0 verka d\u00fdraskinn svo a\u00f0 gera megi \u00far \u00feeim kl\u00e6\u00f0i, tj\u00f6ld og b\u00fashluti \u00fdmsa. \u00deetta er \u00f3\u00ferifleg vinna, \u00fear e\u00f0 s\u00fatarar bleyttu h\u00fa\u00f0irnar \u00ed illa \u00feefjandi legi til \u00feess a\u00f0 m\u00fdkja \u00fe\u00e6r og gera \u00fe\u00e6r vatnsheldar. S\u00fatarar bjuggu \u00fev\u00ed oft fjarri \u00f6\u00f0rum m\u00f6nnum.<\/p>\n","protected":false},"excerpt":{"rendered":"<p>9.1 S\u00e1l&#8230;\u00e6\u00f0sta prestsins: Sj\u00e1 athugagrein vi\u00f0 8.3. 9.1 \u00e6\u00f0sta prestsins: <a href=\"https:\/\/biblian.is\/fraedsla\/ritskyring\/postulasagan-9-kafli\/\"> [&#8230;]<\/a><\/p>\n","protected":false},"author":1,"featured_media":0,"parent":4829,"menu_order":0,"comment_status":"closed","ping_status":"closed","template":"","meta":{"footnotes":""},"class_list":["post-5387","page","type-page","status-publish","hentry"],"_links":{"self":[{"href":"https:\/\/biblian.is\/fraedsla\/wp-json\/wp\/v2\/pages\/5387","targetHints":{"allow":["GET"]}}],"collection":[{"href":"https:\/\/biblian.is\/fraedsla\/wp-json\/wp\/v2\/pages"}],"about":[{"href":"https:\/\/biblian.is\/fraedsla\/wp-json\/wp\/v2\/types\/page"}],"author":[{"embeddable":true,"href":"https:\/\/biblian.is\/fraedsla\/wp-json\/wp\/v2\/users\/1"}],"replies":[{"embeddable":true,"href":"https:\/\/biblian.is\/fraedsla\/wp-json\/wp\/v2\/comments?post=5387"}],"version-history":[{"count":0,"href":"https:\/\/biblian.is\/fraedsla\/wp-json\/wp\/v2\/pages\/5387\/revisions"}],"up":[{"embeddable":true,"href":"https:\/\/biblian.is\/fraedsla\/wp-json\/wp\/v2\/pages\/4829"}],"wp:attachment":[{"href":"https:\/\/biblian.is\/fraedsla\/wp-json\/wp\/v2\/media?parent=5387"}],"curies":[{"name":"wp","href":"https:\/\/api.w.org\/{rel}","templated":true}]}}