{"id":5385,"date":"2019-05-24T18:30:10","date_gmt":"2019-05-24T18:30:10","guid":{"rendered":"https:\/\/biblian.is\/fraedsla\/?page_id=5385"},"modified":"2026-04-17T13:01:27","modified_gmt":"2026-04-17T13:01:27","slug":"postulasagan-8-kafli","status":"publish","type":"page","link":"https:\/\/biblian.is\/fraedsla\/ritskyring\/postulasagan-8-kafli\/","title":{"rendered":"Postulasagan 8. kafli"},"content":{"rendered":"<p><strong>8.1-2<\/strong> J\u00fadeu og Samar\u00edu: Sj\u00e1 athugagrein vi\u00f0 1.8.<\/p>\n<p><strong>8.3<\/strong> S\u00e1l: Hann \u00e1tti eftir a\u00f0 ver\u00f0a mestur lei\u00f0toga (postula) frumkirkjunnar. Eftir a\u00f0 hann var\u00f0 l\u00e6risveinn Jes\u00fa h\u00f3f hann a\u00f0 nota gr\u00edska nafni\u00f0 sitt, P\u00e1ll. Sendibr\u00e9f hans til safna\u00f0a og einstaklinga \u00ed l\u00f6ndunum umhverfis Mi\u00f0jar\u00f0arhafi\u00f0 ur\u00f0u drj\u00fagur hluti N\u00fdja testamentisins. <a href=\"https:\/\/biblian.is\/fraedsla\/ordtakasafn\/pall-sal-fra-tarsus\/\">Sj\u00e1 n\u00e1nar &#8222;P\u00e1ll (S\u00e1l) fr\u00e1 Tarsus&#8220;.<\/a> Sj\u00e1 og Post 22.4,5; 23.6; 26.9-11. Sj\u00e1 einnig Gal 1.13,14; Fil 3.5,6.<\/p>\n<h4>Fagna\u00f0arerindi\u00f0 pr\u00e9dika\u00f0 \u00ed J\u00fadeu og Samar\u00edu<\/h4>\n<p><em>\u00a0L\u00e6risveinarnir taka a\u00f0 brei\u00f0a \u00fat fagna\u00f0arerindi\u00f0 \u00ed J\u00fadeu og Samar\u00edu og fara alla lei\u00f0 til Damaskus \u00e1 S\u00fdrlandi. \u00dea\u00f0 segir fr\u00e1 Filippusi. \u00de\u00e1 er og P\u00e1ll kynntur til s\u00f6gunnar. L\u00edf hans gj\u00f6rbreyttist \u00feegar hann var \u00e1 lei\u00f0 til Damaskus og lj\u00f3s af himni leiftra\u00f0i um hann og sj\u00e1lfur Jes\u00fas \u00e1varpa\u00f0i hann. Upp fr\u00e1 \u00fev\u00ed var\u00f0 P\u00e1ll hinn mikli &#8222;pr\u00e9dikari hei\u00f0ingjanna.&#8220; <\/em><\/p>\n<p><strong>8.5<\/strong> Filippus: Filippus var einn hinna sj\u00f6, sem kj\u00f6rnir voru til forystu \u00ed frumkirkjunni (6.5).<\/p>\n<p><strong>8.5<\/strong> h\u00f6fu\u00f0borgar Samar\u00edu: Samar\u00eda, sem \u00e1\u00f0ur haf\u00f0i veri\u00f0 h\u00f6fu\u00f0borg \u00cdsraels (Nor\u00f0urr\u00edkisins), var n\u00fa gr\u00edskur sta\u00f0ur og \u00fear voru musteri til d\u00fdr\u00f0ar gy\u00f0junni K\u00f3ru og \u00c1g\u00fastusi keisara. Sj\u00e1 athugagrein vi\u00f0 L\u00fak 9.52 (Samverja\u00feorp).<\/p>\n<p><strong>8.5<\/strong> Krist: Sj\u00e1 athugagrein vi\u00f0 2.36 (Drottinn og Kristur).<\/p>\n<p><strong>8.9<\/strong> S\u00edmon&#8230;lag\u00f0i stund \u00e1 t\u00f6fra: T\u00f6frarnir f\u00f3lust \u00ed \u00fev\u00ed a\u00f0 vekja upp anda dau\u00f0ra og sp\u00e1 fyrir f\u00f3lki. S\u00edmon t\u00f6frama\u00f0ur hefur bers\u00fdnilega tr\u00faa\u00f0 fagna\u00f0arerindinu sem Filippus bo\u00f0a\u00f0i (8.13), en s\u00ed\u00f0ar hug\u00f0ist hann kaupa s\u00e9r gj\u00f6f Heilags (8.18,19). \u00deegar P\u00e9tur \u00e1v\u00edta\u00f0i hann fyrir \u00feetta, ba\u00f0st hann fyrirgefningar. <a href=\"https:\/\/biblian.is\/fraedsla\/samtidarsaga-bibliunnar\/kraftaverk-tofrar-og-laeknisdomar\/\">Sj\u00e1 og &#8222;Kraftaverk, t\u00f6frar og l\u00e6knisd\u00f3mar&#8220;.<\/a><\/p>\n<p><strong>8.12 <\/strong>Gu\u00f0s r\u00edki: Sj\u00e1 athugagrein vi\u00f0 1.3 (Gu\u00f0s r\u00edki).<\/p>\n<p><strong>8.17<\/strong> l\u00f6g\u00f0u \u00feeir hendur yfir \u00fe\u00e1: \u00deetta atferli var vi\u00f0haft, \u00feegar blessa\u00f0 var og l\u00e6kna\u00f0 (Mrk 1.41; 10.16), ellegar einhver kj\u00f6rinn til \u00e1kve\u00f0ins starfa (Post 6.6; 1T\u00edm 5.22) e\u00f0a \u00feegar n\u00e1\u00f0argjafir Heilags anda voru gefnar m\u00f6nnum (Post 19.6; 1T\u00edm 4.14). Sj\u00e1 og 1M\u00f3s 48.13-20).<\/p>\n<p><strong>8.20<\/strong> \u00der\u00edfist aldrei silfur \u00feitt n\u00e9 sj\u00e1lfur \u00fe\u00fa: Gr\u00edska or\u00f0i\u00f0 yfir &#8222;gl\u00f6tun&#8220; er h\u00e9r <em>ap\u00f3leia<\/em>, og merkir sta\u00f0 hinnar algeru ey\u00f0ileggingar. Sj\u00e1 og athugagrein vi\u00f0 L\u00fak 8.31 og &#8222;<a href=\"https:\/\/biblian.is\/fraedsla\/ordtakasafn\/helviti\/\">Helv\u00edti<\/a>&#8222;.<\/p>\n<p><strong>8.21<\/strong> ekki einl\u00e6gur \u00ed hjarta \u00fe\u00ednu: Til forna \u00e1litu menn, a\u00f0 hjarta\u00f0 v\u00e6ri \u00fea\u00f0 l\u00edff\u00e6ri, \u00fear sem sj\u00e1lf mannsins, hugsanir og \u00e1setningur \u00e6ttu uppt\u00f6k s\u00edn.<\/p>\n<p><strong>8.26<\/strong> engill Drottins: Sj\u00e1 athugagrein vi\u00f0 5.19.<\/p>\n<p><strong>8.27<\/strong> <em>mann fr\u00e1 E\u00fe\u00ed\u00f3p\u00edu&#8230;hir\u00f0ma\u00f0ur hj\u00e1&#8230;Kandake&#8230;settur yfir alla fj\u00e1rhirslu hennar<\/em>: E\u00fe\u00ed\u00f3p\u00eda h\u00e9t \u00ed \u00feann t\u00ed\u00f0 h\u00e9ra\u00f0i\u00f0 vi\u00f0 su\u00f0urhluta N\u00edlarflj\u00f3ts. \u00deessi emb\u00e6ttisma\u00f0ur haf\u00f0i \u00e1 hendi f\u00e9s\u00fdslu Kandake, en svo h\u00e9t drottningarm\u00f3\u00f0irin, sem \u00e1byrg\u00f0ist daglegar skyldur konungsins.<\/p>\n<p><strong>8.28<\/strong> Jesaja sp\u00e1mann: Sp\u00e1d\u00f3msb\u00f3k Jesaja \u00ed Gamla testamenti (helgiritum Gy\u00f0inga).<\/p>\n<p><strong>8.29<\/strong> vagni: Vagnar voru k\u00f6rfulaga farart\u00e6ki \u00e1 tveimur hj\u00f3lum, dregin af hestum e\u00f0a uxum.<\/p>\n<p><strong>8.40<\/strong> Asd\u00f3d&#8230;til Sesareu: Searea var um 65 km. nor\u00f0ur af Asd\u00f3d \u00e1 str\u00f6nd Mi\u00f0jar\u00f0arhafsins. Her\u00f3des mikli nefndi borgina \u00ed h\u00f6fu\u00f0i\u00f0 \u00e1 \u00c1g\u00fastusi keisara, sem sett haf\u00f0i hann &#8222;leppk\u00f3ng&#8220; \u00ed J\u00fadeu. Her\u00f3des, sem gat s\u00e9r fr\u00e6g\u00f0aror\u00f0 fyrir byggingaframkv\u00e6mdir, l\u00e9t leggja vatnslei\u00f0slu og reisa virki \u00ed Sesareu, auk \u00feess sem hann ger\u00f0i h\u00f6fnina \u00fear a\u00f0 siglingami\u00f0st\u00f6\u00f0.<\/p>\n","protected":false},"excerpt":{"rendered":"<p>8.1-2 J\u00fadeu og Samar\u00edu: Sj\u00e1 athugagrein vi\u00f0 1.8. 8.3 S\u00e1l: <a href=\"https:\/\/biblian.is\/fraedsla\/ritskyring\/postulasagan-8-kafli\/\"> [&#8230;]<\/a><\/p>\n","protected":false},"author":1,"featured_media":0,"parent":4829,"menu_order":0,"comment_status":"closed","ping_status":"closed","template":"","meta":{"footnotes":""},"class_list":["post-5385","page","type-page","status-publish","hentry"],"_links":{"self":[{"href":"https:\/\/biblian.is\/fraedsla\/wp-json\/wp\/v2\/pages\/5385","targetHints":{"allow":["GET"]}}],"collection":[{"href":"https:\/\/biblian.is\/fraedsla\/wp-json\/wp\/v2\/pages"}],"about":[{"href":"https:\/\/biblian.is\/fraedsla\/wp-json\/wp\/v2\/types\/page"}],"author":[{"embeddable":true,"href":"https:\/\/biblian.is\/fraedsla\/wp-json\/wp\/v2\/users\/1"}],"replies":[{"embeddable":true,"href":"https:\/\/biblian.is\/fraedsla\/wp-json\/wp\/v2\/comments?post=5385"}],"version-history":[{"count":0,"href":"https:\/\/biblian.is\/fraedsla\/wp-json\/wp\/v2\/pages\/5385\/revisions"}],"up":[{"embeddable":true,"href":"https:\/\/biblian.is\/fraedsla\/wp-json\/wp\/v2\/pages\/4829"}],"wp:attachment":[{"href":"https:\/\/biblian.is\/fraedsla\/wp-json\/wp\/v2\/media?parent=5385"}],"curies":[{"name":"wp","href":"https:\/\/api.w.org\/{rel}","templated":true}]}}