{"id":5383,"date":"2019-05-24T18:26:58","date_gmt":"2019-05-24T18:26:58","guid":{"rendered":"https:\/\/biblian.is\/fraedsla\/?page_id=5383"},"modified":"2026-04-17T13:01:27","modified_gmt":"2026-04-17T13:01:27","slug":"postulasagan-7-kafli","status":"publish","type":"page","link":"https:\/\/biblian.is\/fraedsla\/ritskyring\/postulasagan-7-kafli\/","title":{"rendered":"Postulasagan 7. kafli"},"content":{"rendered":"<p><strong>7.2<\/strong> f\u00f6\u00f0ur vorum, Abraham: <a href=\"https:\/\/biblian.is\/fraedsla\/ordtakasafn\/abraham\/\">Sj\u00e1 &#8222;Abraham&#8220;.<\/a><\/p>\n<p><strong>7.2-4<\/strong> Kaldealandi&#8230;Haran: Sj\u00e1 1M\u00f3s 11.26-12.9.<\/p>\n<p><strong>7.8<\/strong> s\u00e1ttm\u00e1la umskurnarinnar: Sj\u00e1 1M\u00f3s 17.9-14; 21.2-4 <a href=\"https:\/\/biblian.is\/fraedsla\/ordtakasafn\/umskurn\/\">og &#8222;Umskurn&#8220;.<\/a><\/p>\n<p><strong>7.9<\/strong> J\u00f3sef: J\u00f3sef var hinn eldri af tveimur sonum Jakobs, er hann \u00e1tti me\u00f0 Rakel. Abraham var langafi hans, sj\u00e1 1M\u00f3s 37-50. Sj\u00e1 s\u00f6gu J\u00f3sefs \u00ed 1M\u00f3s 37-50.<\/p>\n<p><strong>7.9<\/strong> Egyptalands: Egyptaland, su\u00f0vestur af Kanaanslandi, var \u00ed \u00feennan t\u00edma st\u00f3rveldi.<\/p>\n<p><strong>7.15,16<\/strong> S\u00edkem: Borg \u00ed Kanaanslandi mi\u00f0ju. \u00dear var \u00e6ttfa\u00f0irinn Jakob jar\u00f0settur \u00e1samt fleiri \u00cdsraelsm\u00f6nnum, er bori\u00f0 h\u00f6f\u00f0u beinin \u00ed Egyptalandi (sj\u00e1 1M\u00f3s 46.1-7; 49.33). Abraham haf\u00f0i keypt landspildu \u00ed Hebron (1M\u00f3s 23.3-18) \u00fear sem hann (1M\u00f3s 25.9-11), \u00cdsak (1M\u00f3s 35.28-29) og Jakob (1M\u00f3s 50.7-13) voru bornir til grafar. Jakob keypti land \u00ed S\u00edkem og reisti Drottni \u00fear altari (1M\u00f3s 33.19). S\u00ed\u00f0ar var og sonur hans, J\u00f3sef, jar\u00f0a\u00f0ur \u00fear (J\u00f3s 24.32). Stef\u00e1n rifjar \u00feetta upp til \u00feess a\u00f0 \u00e1r\u00e9tta, a\u00f0 \u00e6ttfe\u00f0urnir hlutu leg \u00ed Kanaanslandi, en ekki \u00ed Egyptalandi. \u00de\u00f3 settust margir af ni\u00f0jum Jakobs a\u00f0 \u00ed Egyptalandi og \u00e1ttu \u00fear heima \u00ed m\u00f6rg \u00e1r (sj\u00e1 7.17-18 og 2M\u00f3s 1.2).<\/p>\n<p><strong>7.20<\/strong> M\u00f3se: M\u00f3se var sannk\u00f6llu\u00f0 \u00fej\u00f3\u00f0hetja \u00ed hugum margar Gy\u00f0inga. Hann leiddi Hebrea \u00far \u00fer\u00e6lakistunni \u00ed Egyptalandi og honum afhenti Gu\u00f0 l\u00f6gm\u00e1li\u00f0, sem \u00cdsraelsmenn skyldu lifa eftir. S\u00f6guna af M\u00f3se, sem Stef\u00e1n segir \u00ed 7.20-44, er a\u00f0 finna \u00ed 2., 3., 4. og 5. M\u00f3seb\u00f3k. <a href=\"https:\/\/biblian.is\/fraedsla\/ordtakasafn\/mose\/\">Sj\u00e1 og &#8222;M\u00f3se&#8220;<\/a>.<\/p>\n<p><strong>7.29<\/strong> Mid\u00edanslandi: Sj\u00e1 2M\u00f3s 2.15. Mid\u00edan var landi\u00f0 austan Akabafl\u00f3a.<\/p>\n<p><strong>7.29<\/strong> tvo sonu: Synir M\u00f3se voru \u00feeir Gers\u00f3m og El\u00edeser (2M\u00f3s 18.2-4).<\/p>\n<p><strong>7.30<\/strong> ey\u00f0im\u00f6rk S\u00edna\u00edfjalls: \u00c1 S\u00ednafjalli f\u00e9kk Gu\u00f0 M\u00f3se l\u00f6gm\u00e1li\u00f0 \u00ed hendur og hann birti \u00fea\u00f0 s\u00ed\u00f0an l\u00fd\u00f0num (2M\u00f3s 19-40).<\/p>\n<p><strong>7.33<\/strong> sk\u00f3 \u00fe\u00edna: Menn au\u00f0s\u00fdndu Gu\u00f0i og hans helga sta\u00f0 vir\u00f0ingu me\u00f0 \u00fev\u00ed a\u00f0 draga sk\u00f3na af f\u00f3tum s\u00e9r. Sj\u00e1 og J\u00f3s 5.15.<\/p>\n<p><strong>7.35 <\/strong>engilsins: Sj\u00e1 athugagrein vi\u00f0 5.19. Sj\u00e1 og 2M\u00f3s 2.14.<\/p>\n<p><strong>7.36<\/strong> \u00fat \u00far Egyptalandi og ger\u00f0i undur: h\u00e9r er v\u00edsa\u00f0 til pl\u00e1ganna \u00ed 2. M\u00f3seb\u00f3k, \u00fear sem segir fr\u00e1 \u00fev\u00ed andstreymi, sem Drottinn l\u00e9t Egypta \u00feola. Um \u00fea\u00f0 \u00feegar Drottinn klauf Rau\u00f0ahafi\u00f0 fyrir M\u00f3se og l\u00fd\u00f0inn, sj\u00e1 2M\u00f3s 14.1-31. Undrunum \u00ed ey\u00f0im\u00f6rkinni er l\u00fdst \u00ed 2M\u00f3s 15.22-17.7 og 4M\u00f3s 20.1-13.<\/p>\n<p><strong>7.42,43<\/strong> Gu\u00f0 sneri s\u00e9r fr\u00e1 \u00feeim&#8230;herlei\u00f0a y\u00f0ur austur fyrir Bab\u00fdlon: Sj\u00e1 Esk 20.1-29. Sp\u00e1menn \u00cdsraels margs\u00f6g\u00f0u f\u00f3lkinu a\u00f0 \u00fea\u00f0 hef\u00f0i sn\u00fai\u00f0 baki vi\u00f0 Gu\u00f0i. Stef\u00e1n vitnar \u00ed sp\u00e1d\u00f3msb\u00f3k Amosar 5.25-27 (Sept\u00faaginta) \u00fear sem segir fr\u00e1 \u00fev\u00ed a\u00f0 l\u00fd\u00f0urinn haf\u00f0i f\u00e6rt hj\u00e1gu\u00f0um f\u00f3rnir.<\/p>\n<p>\u00deegar Nor\u00f0urr\u00edki\u00f0 (\u00cdsrael) sag\u00f0i skili\u00f0 vi\u00f0 Drottin og bei\u00f0 \u00f3sigur fyrir Ass\u00fdringum \u00e1ri\u00f0 721 f. Kr., var fj\u00f6ldi \u00feegnanna fluttur til Damaskus og annarra h\u00e9ra\u00f0a \u00ed Ass\u00fdr\u00edu. Um 130 \u00e1rum s\u00ed\u00f0ar gj\u00f6rsigru\u00f0u Bab\u00fdlon\u00edumenn Su\u00f0urr\u00edki\u00f0 (J\u00fada) og herleiddu marga \u00edb\u00faa \u00feess til Bab\u00fdlon.<\/p>\n<p><strong>7.47<\/strong> En Sal\u00f3mon reisti honum h\u00fas: Sal\u00f3mon konungur var sonur Dav\u00ed\u00f0s konungs. Hann var b\u00e6\u00f0i vitur og au\u00f0ugur og \u00fea\u00f0 var hann sem reisti fyrsta musteri\u00f0 (gu\u00f0sh\u00fasi\u00f0). Sj\u00e1 1Kon 6.1-38; 2Kron 3.1-17.<\/p>\n<p><strong>7.48<\/strong> Hinn h\u00e6sti: \u00deetta nafn Gu\u00f0s var \u00e6vagamalt. \u00dea\u00f0 \u00e1tti r\u00e6tur a\u00f0 rekja allt aftur til Abrahams \u00e6ttf\u00f6\u00f0ur. \u00cd Salem bar saman fundum \u00feeirra Abrahams og Melk\u00edsedeks konungs \u00fear (1M\u00f3s 14.17-22). Melk\u00edsedek var kalla\u00f0ur &#8222;prestur Hins H\u00e6sta Gu\u00f0s.&#8220;<\/p>\n<p><strong>7.52<\/strong> Hins r\u00e9ttl\u00e1ta: Jes\u00fa.<\/p>\n<p><strong>7.53<\/strong> l\u00f6gm\u00e1li\u00f0: L\u00f6gm\u00e1li\u00f0, sem Gu\u00f0 f\u00e9kk M\u00f3se \u00ed hendur \u00e1 S\u00edna\u00edfjalli \u00ed ey\u00f0im\u00f6rkinni. Sj\u00e1 athugagrein vi\u00f0 6.12 (fr\u00e6\u00f0imennina).<\/p>\n<p><strong>7.55<\/strong> fullur af heil\u00f6gum anda: Sj\u00e1 6.3 og athugagrein vi\u00f0 4.8.<\/p>\n<p><strong>7.55<\/strong> standa til h\u00e6gri handar: Valdamestu menn r\u00edkisins s\u00e1tu konunginum til h\u00e6gri og vinstri handar. \u00dea\u00f0 \u00fe\u00f3tti vera meiri vir\u00f0ing a\u00f0 vera v\u00edsa\u00f0 til s\u00e6tis h\u00e6gra megin vi\u00f0 konunginn. Jes\u00fas er sag\u00f0ur &#8222;standa&#8220; til h\u00e6gri handar Gu\u00f0i. Me\u00f0 \u00fev\u00ed kann a\u00f0 vera gefi\u00f0 til kynna, a\u00f0 Jes\u00fas bj\u00f3\u00f0i Stef\u00e1n s\u00e9rstaklega velkominn (sj\u00e1 7.59).<\/p>\n<p><strong>7.56<\/strong> himnana opna og Mannssoninn: Sj\u00e1 athugagrein vi\u00f0 1.2 (var\u00f0 upp numinn). Jes\u00fas nefndi sj\u00e1lfan sig Mannssoninn til \u00feess a\u00f0 vekja athygli \u00e1 \u00fev\u00ed a\u00f0 hann er ma\u00f0ur sem er fulltr\u00fai hins tr\u00fafasta Gu\u00f0s l\u00fd\u00f0s. Sj\u00e1 n\u00e1nar &#8222;Mannssonurinn&#8220;.<\/p>\n<p><strong>7.58<\/strong> l\u00f6g\u00f0u yfirhafnir s\u00ednar a\u00f0 f\u00f3tum ungum manni er S\u00e1l h\u00e9t: Ekki er lj\u00f3st hvers vegna yfirhafnirnar voru lag\u00f0ar a\u00f0 f\u00f3tum S\u00e1ls. En sumir hafa tali\u00f0, a\u00f0 \u00fea\u00f0 bendi til \u00feess a\u00f0 hann hafi stj\u00f3rna\u00f0 a\u00f0f\u00f6rinni a\u00f0 Stef\u00e1ni. Sj\u00e1 n\u00e1nar um S\u00e1l (P\u00e1l) \u00ed athugagrein vi\u00f0 8.3.<\/p>\n","protected":false},"excerpt":{"rendered":"<p>7.2 f\u00f6\u00f0ur vorum, Abraham: Sj\u00e1 &#8222;Abraham&#8220;. 7.2-4 Kaldealandi&#8230;Haran: Sj\u00e1 1M\u00f3s <a href=\"https:\/\/biblian.is\/fraedsla\/ritskyring\/postulasagan-7-kafli\/\"> [&#8230;]<\/a><\/p>\n","protected":false},"author":1,"featured_media":0,"parent":4829,"menu_order":0,"comment_status":"closed","ping_status":"closed","template":"","meta":{"footnotes":""},"class_list":["post-5383","page","type-page","status-publish","hentry"],"_links":{"self":[{"href":"https:\/\/biblian.is\/fraedsla\/wp-json\/wp\/v2\/pages\/5383","targetHints":{"allow":["GET"]}}],"collection":[{"href":"https:\/\/biblian.is\/fraedsla\/wp-json\/wp\/v2\/pages"}],"about":[{"href":"https:\/\/biblian.is\/fraedsla\/wp-json\/wp\/v2\/types\/page"}],"author":[{"embeddable":true,"href":"https:\/\/biblian.is\/fraedsla\/wp-json\/wp\/v2\/users\/1"}],"replies":[{"embeddable":true,"href":"https:\/\/biblian.is\/fraedsla\/wp-json\/wp\/v2\/comments?post=5383"}],"version-history":[{"count":0,"href":"https:\/\/biblian.is\/fraedsla\/wp-json\/wp\/v2\/pages\/5383\/revisions"}],"up":[{"embeddable":true,"href":"https:\/\/biblian.is\/fraedsla\/wp-json\/wp\/v2\/pages\/4829"}],"wp:attachment":[{"href":"https:\/\/biblian.is\/fraedsla\/wp-json\/wp\/v2\/media?parent=5383"}],"curies":[{"name":"wp","href":"https:\/\/api.w.org\/{rel}","templated":true}]}}