{"id":5381,"date":"2019-05-24T18:24:37","date_gmt":"2019-05-24T18:24:37","guid":{"rendered":"https:\/\/biblian.is\/fraedsla\/?page_id=5381"},"modified":"2026-04-17T13:01:27","modified_gmt":"2026-04-17T13:01:27","slug":"postulasagan-6-kafli","status":"publish","type":"page","link":"https:\/\/biblian.is\/fraedsla\/ritskyring\/postulasagan-6-kafli\/","title":{"rendered":"Postulasagan 6. kafli"},"content":{"rendered":"<p><strong>6.1<\/strong> gr\u00edskum\u00e6landi&#8230;hebreskir: \u00deegar Alexander mikli (356-323 f. Kr.) lag\u00f0i undir sig Austurl\u00f6nd n\u00e6r, t\u00f3ku gr\u00edsk tunga og menning a\u00f0 brei\u00f0ast \u00fat \u00ed ver\u00f6ld fornaldar. Gr\u00edska var\u00f0 alheimsm\u00e1l. Sk\u00f3lagengi\u00f0 f\u00f3lk skildi hana og tala\u00f0i eins og m\u00f3\u00f0urm\u00e1li\u00f0. \u00cdb\u00faar Palest\u00ednu og S\u00fdrlands \u00f3lust upp vi\u00f0 arame\u00edsku, sem var n\u00e1skyld hebresku og hana t\u00f6lu\u00f0u flestir Gy\u00f0ingar s\u00edn \u00e1 milli.<\/p>\n<p><strong>6.2<\/strong> \u00fej\u00f3na fyrir bor\u00f0um: \u00deeim var anna\u00f0 hvort \u00e6tla\u00f0 a\u00f0 \u00fathluta ekkjunum matf\u00f6ngum e\u00f0a sj\u00e1 um fj\u00e1rm\u00e1l l\u00e6risveinah\u00f3psins, \u00fear e\u00f0 &#8222;bor\u00f0&#8220; \u00e1 gr\u00edsku getur l\u00edka \u00fe\u00fdtt &#8222;banki.&#8220;<\/p>\n<p><strong>6.3<\/strong> sj\u00f6&#8230;menn: Gr\u00edska or\u00f0i\u00f0 sem haft er um hlutverk \u00feessara manna er hi\u00f0 sama og oft er \u00fe\u00fdtt me\u00f0 &#8222;dj\u00e1kni.&#8220;<\/p>\n<p><strong>6.3\u00a0<\/strong>fullir&#8230;anda og visku: Sj\u00e1 athugagrein vi\u00f0 4.8.<\/p>\n<p><strong>6.5<\/strong> Stef\u00e1n&#8230;Nikol\u00e1s: Af \u00feessum m\u00f6nnum eru einungis Stef\u00e1n og Filippus nefndir aftur. Allir heita \u00feeir gr\u00edskum n\u00f6fnum. Ef til vill v\u00f6ldu postularnir Grikki af \u00fev\u00ed a\u00f0 gr\u00edskum\u00e6landi f\u00f3lk haf\u00f0i kvarta\u00f0 (6.1). Nikol\u00e1s var tr\u00faskiptingur, \u00fe.e. hei\u00f0ingi, sem teki\u00f0 haf\u00f0i gy\u00f0ingatr\u00fa.<\/p>\n<p><strong>6.5<\/strong> Ant\u00edokk\u00edu: Gr\u00edsk borg \u00e1 S\u00fdrlandi. H\u00fan gegndi \u00fe\u00fd\u00f0ingarmiklu hlutverki, \u00feegar frumkristni t\u00f3k a\u00f0 brei\u00f0ast \u00fat til hei\u00f0ingjanna (11.19-30).<\/p>\n<p><strong>6.6<\/strong> l\u00f6g\u00f0u hendur yfir \u00fe\u00e1: Sj\u00e1 athugagrein vi\u00f0 8.17.<\/p>\n<p><strong>6.7<\/strong> fj\u00f6ldi presta: \u00deetta er athyglisvert af \u00fev\u00ed a\u00f0 fyrirmenn voru yfirleitt andv\u00edgir l\u00e6risveinum Jes\u00fa. Sj\u00e1 athugagrein vi\u00f0 4.1.<\/p>\n<p><strong>6.9<\/strong> Leysingjasamkundu: Leysingjar voru Gy\u00f0ingar, sem losna\u00f0 h\u00f6f\u00f0u \u00far \u00fer\u00e6ld\u00f3mi.<\/p>\n<p><strong>6.9<\/strong> K\u00fdrene og Alexandr\u00edu&#8230;Kilik\u00edu og As\u00edu: S\u00e1l (P\u00e1ll) f\u00e6ddist \u00ed Tarsus, sem var mikils h\u00e1ttar borg \u00ed Kilik\u00edu.<\/p>\n<p><strong>6.12<\/strong> fr\u00e6\u00f0imennina: Sj\u00e1 athugagrein vi\u00f0 4.5 (h\u00f6f\u00f0ingjarnir).<\/p>\n<p><strong>6.13<\/strong> heilaga sta\u00f0 og l\u00f6gm\u00e1linu: \u00c1tt er vi\u00f0 musteri\u00f0 \u00ed Jer\u00fasalem (sj\u00e1 athugagrein vi\u00f0 3.1). Sj\u00e1 og athugagreinar vi\u00f0 6.12 (fr\u00e6\u00f0imennina); 4.1 (prestarnir&#8230;sadd\u00fakearnir) og 5.34 (far\u00edsearnir).<\/p>\n","protected":false},"excerpt":{"rendered":"<p>6.1 gr\u00edskum\u00e6landi&#8230;hebreskir: \u00deegar Alexander mikli (356-323 f. Kr.) lag\u00f0i undir <a href=\"https:\/\/biblian.is\/fraedsla\/ritskyring\/postulasagan-6-kafli\/\"> [&#8230;]<\/a><\/p>\n","protected":false},"author":1,"featured_media":0,"parent":4829,"menu_order":0,"comment_status":"closed","ping_status":"closed","template":"","meta":{"footnotes":""},"class_list":["post-5381","page","type-page","status-publish","hentry"],"_links":{"self":[{"href":"https:\/\/biblian.is\/fraedsla\/wp-json\/wp\/v2\/pages\/5381","targetHints":{"allow":["GET"]}}],"collection":[{"href":"https:\/\/biblian.is\/fraedsla\/wp-json\/wp\/v2\/pages"}],"about":[{"href":"https:\/\/biblian.is\/fraedsla\/wp-json\/wp\/v2\/types\/page"}],"author":[{"embeddable":true,"href":"https:\/\/biblian.is\/fraedsla\/wp-json\/wp\/v2\/users\/1"}],"replies":[{"embeddable":true,"href":"https:\/\/biblian.is\/fraedsla\/wp-json\/wp\/v2\/comments?post=5381"}],"version-history":[{"count":0,"href":"https:\/\/biblian.is\/fraedsla\/wp-json\/wp\/v2\/pages\/5381\/revisions"}],"up":[{"embeddable":true,"href":"https:\/\/biblian.is\/fraedsla\/wp-json\/wp\/v2\/pages\/4829"}],"wp:attachment":[{"href":"https:\/\/biblian.is\/fraedsla\/wp-json\/wp\/v2\/media?parent=5381"}],"curies":[{"name":"wp","href":"https:\/\/api.w.org\/{rel}","templated":true}]}}