{"id":5374,"date":"2019-05-24T18:19:56","date_gmt":"2019-05-24T18:19:56","guid":{"rendered":"https:\/\/biblian.is\/fraedsla\/?page_id=5374"},"modified":"2026-04-17T13:01:26","modified_gmt":"2026-04-17T13:01:26","slug":"postulasagan-3-kafli","status":"publish","type":"page","link":"https:\/\/biblian.is\/fraedsla\/ritskyring\/postulasagan-3-kafli\/","title":{"rendered":"Postulasagan 3. kafli"},"content":{"rendered":"<p><strong>3.1\u00a0<\/strong><em>til s\u00ed\u00f0degisb\u00e6na: <\/em>Gy\u00f0ingar b\u00e1\u00f0ust daglega fyrir \u00ed heimah\u00fasum (Dan 6.10). Vi\u00f0 s\u00e9rst\u00f6k t\u00e6kif\u00e6ri b\u00e1\u00f0ust \u00feeir fyrir \u00ed musterinu.<\/p>\n<p><strong>3.1\u00a0<\/strong><em>P\u00e9tur og J\u00f3hannes: <\/em>Sj\u00e1 athugagrein vi\u00f0 2.14. J\u00f3hannes og br\u00f3\u00f0ir hans Jakob voru b\u00e1\u00f0ir fiskimenn eins og P\u00e9tur. Allir voru \u00feeir l\u00e6risveinar Jes\u00fa (L\u00fak 5.11; 6.14). Sj\u00e1 og Mrk 3.17; L\u00fak 9.54.<\/p>\n<p><strong>3.1\u00a0<\/strong><em>helgid\u00f3minn: <\/em>Musteri Her\u00f3desar mikla, sem hann h\u00f3f a\u00f0 reisa \u00e1ri\u00f0 20 f. Kr. Postularnir voru Gy\u00f0ingar. \u00deeir gengu \u00fev\u00ed upp \u00ed musteri\u00f0 a\u00f0 bi\u00f0jast fyrir.<\/p>\n<p><strong>3.2\u00a0<\/strong><em>F\u00f6grudyr: <\/em>G\u00e6ti veri\u00f0 Nikanor-hli\u00f0i\u00f0 (N\u00edkanor var einn hinna sj\u00f6, sem valdir voru af l\u00e6risveinunum til \u00feess a\u00f0 \u00fej\u00f3na fyrir bor\u00f0um, fullir anda og visku (Post 6.1-6). Sj\u00faklingar, sem \u00e1litnir voru \u00f3hreinir, m\u00e1ttu ekki koma \u00ed musteri\u00f0. En \u00feeim var leyft a\u00f0 sitja vi\u00f0 hli\u00f0in og bei\u00f0ast \u00f6lmusu.<\/p>\n<p><strong>3.6\u00a0<\/strong><em>Jes\u00fa Krists fr\u00e1 Nasaret: <\/em>Margir stundu\u00f0u l\u00e6kningar \u00ed nafni \u00fdmissa gu\u00f0a. P\u00e9tur vildi, a\u00f0 enginn f\u00e6ri \u00ed grafg\u00f6tur um \u00fea\u00f0, \u00ed hvers nafni hann l\u00e6kna\u00f0i.<\/p>\n<p><strong>3.11\u00a0<\/strong><em>s\u00falnag\u00f6ngin, sem kennd eru vi\u00f0 Sal\u00f3mon: <\/em>Almennur samkomusta\u00f0ur me\u00f0 s\u00falnag\u00f6ngum undir austurvegg mustersins, nefndur eftir Sal\u00f3mon konungi, er fyrstur reisti musteri \u00ed Jer\u00fasalem.<\/p>\n<p><strong>3.13\u00a0<\/strong><em>Gu\u00f0 forfe\u00f0ra vorra: <\/em>P\u00e9tur \u00e1 h\u00e9r vi\u00f0 Drottin, Gu\u00f0 \u00cdsraels, sem gj\u00f6r\u00f0i s\u00e1ttm\u00e1la vi\u00f0 Abraham \u00e6ttf\u00f6\u00f0ur og afkv\u00e6mi hans.<\/p>\n<p><strong>3.13 <\/strong><em>P\u00edlatusi: <\/em>Sj\u00e1 L\u00fak 23.1-4, 13-25 og <a href=\"https:\/\/biblian.is\/fraedsla\/ordtakasafn\/pontius-pilatus\/\">&#8222;Pont\u00edus P\u00edlatus&#8220;<\/a>.<\/p>\n<p><strong>3.14\u00a0<\/strong><em>manndr\u00e1pari: <\/em>P\u00e9tur \u00e1 h\u00e9r vi\u00f0 Barrabas. Sj\u00e1 Matt 27.15-26; Mrk 15.6-15; L\u00fak 23.13-23.<\/p>\n<p><strong>3.18\u00a0<\/strong><em>sp\u00e1mennina bo\u00f0a, a\u00f0 Kristur hans skyldi l\u00ed\u00f0a:<\/em>Sj\u00e1 Jes 53.7-8; L\u00fak 9.22,44; 18.31-33.<\/p>\n<p><strong>3.19\u00a0<\/strong><em>sn\u00fai\u00f0 ykkur til Gu\u00f0s svo a\u00f0 hann afm\u00e1li syndir ykkar: <\/em>Sj\u00e1 athugagrein vi\u00f0 2.38.<\/p>\n<p><strong>3.20\u00a0<\/strong><em>Krist: <\/em>Kristur \u00e1 gr\u00edsku er sama or\u00f0i\u00f0 og Mess\u00edas \u00e1 hebresku og \u00fe\u00fd\u00f0ir &#8222;hinn smur\u00f0i&#8220; (\u00fatvaldi). Sj\u00e1 og athugagrein vi\u00f0 2.36.<\/p>\n<p><strong>3.21\u00a0<\/strong><em>\u00ed himninum: <\/em>Sj\u00e1 athugagrein vi\u00f0 1.2 (upp numinn).<\/p>\n<p><strong>3.24\u00a0<\/strong><em>Sam\u00fael og \u00feeir sem \u00e1 eftir komu: <\/em>Fr\u00e1 Sam\u00fael sp\u00e1manni segir \u00ed 1Sam 1-12; 19.18-24; 25.1. Hann var d\u00f3mari \u00ed \u00cdsrael (lei\u00f0togi \u00fej\u00f3\u00f0arinnar), \u00fe\u00f3tt P\u00e9tur kalli hann h\u00e9r sp\u00e1mann. Sam\u00fael smur\u00f0i til konungs \u00fe\u00e1 S\u00e1l og Dav\u00ed\u00f0 b\u00e1\u00f0a, en \u00feeir voru fyrstu konungar \u00cdsraels (sj\u00e1 athugagrein vi\u00f0 2.36).<\/p>\n<p><strong>3.26\u00a0<\/strong><em>vondri breytni: <\/em>Sj\u00e1 athugagrein vi\u00f0 2.38 (\u00f6\u00f0list fyrirgefningu syndanna).<\/p>\n","protected":false},"excerpt":{"rendered":"<p>3.1\u00a0til s\u00ed\u00f0degisb\u00e6na: Gy\u00f0ingar b\u00e1\u00f0ust daglega fyrir \u00ed heimah\u00fasum (Dan 6.10). <a href=\"https:\/\/biblian.is\/fraedsla\/ritskyring\/postulasagan-3-kafli\/\"> [&#8230;]<\/a><\/p>\n","protected":false},"author":1,"featured_media":0,"parent":4829,"menu_order":0,"comment_status":"closed","ping_status":"closed","template":"","meta":{"footnotes":""},"class_list":["post-5374","page","type-page","status-publish","hentry"],"_links":{"self":[{"href":"https:\/\/biblian.is\/fraedsla\/wp-json\/wp\/v2\/pages\/5374","targetHints":{"allow":["GET"]}}],"collection":[{"href":"https:\/\/biblian.is\/fraedsla\/wp-json\/wp\/v2\/pages"}],"about":[{"href":"https:\/\/biblian.is\/fraedsla\/wp-json\/wp\/v2\/types\/page"}],"author":[{"embeddable":true,"href":"https:\/\/biblian.is\/fraedsla\/wp-json\/wp\/v2\/users\/1"}],"replies":[{"embeddable":true,"href":"https:\/\/biblian.is\/fraedsla\/wp-json\/wp\/v2\/comments?post=5374"}],"version-history":[{"count":0,"href":"https:\/\/biblian.is\/fraedsla\/wp-json\/wp\/v2\/pages\/5374\/revisions"}],"up":[{"embeddable":true,"href":"https:\/\/biblian.is\/fraedsla\/wp-json\/wp\/v2\/pages\/4829"}],"wp:attachment":[{"href":"https:\/\/biblian.is\/fraedsla\/wp-json\/wp\/v2\/media?parent=5374"}],"curies":[{"name":"wp","href":"https:\/\/api.w.org\/{rel}","templated":true}]}}