{"id":5372,"date":"2019-05-24T18:18:23","date_gmt":"2019-05-24T18:18:23","guid":{"rendered":"https:\/\/biblian.is\/fraedsla\/?page_id=5372"},"modified":"2026-04-17T13:01:24","modified_gmt":"2026-04-17T13:01:24","slug":"postulasagan-2-kafli","status":"publish","type":"page","link":"https:\/\/biblian.is\/fraedsla\/ritskyring\/postulasagan-2-kafli\/","title":{"rendered":"Postulasagan 2. kafli"},"content":{"rendered":"<h4>Gu\u00f0 \u00fathellir heil\u00f6gum anda s\u00ednum<\/h4>\n<p><em>Samkv\u00e6mt fyrirheiti s\u00ednu \u00fathellir Gu\u00f0 anda s\u00ednum yfir postulana. \u00deeir \u00f6\u00f0last kraft og hugrekki til \u00feess a\u00f0 pr\u00e9dika fagna\u00f0arerindi\u00f0. \u00datlendingar heyra bo\u00f0skapinn \u00e1 s\u00ednu eigin tungum\u00e1li og \u00ferj\u00fa \u00fe\u00fasund manns taka sk\u00edrn \u00e1 einum degi.<\/em><\/p>\n<p><strong>2.1<\/strong> <em>hv\u00edtasunnudagur: <\/em>H\u00e1t\u00ed\u00f0 hv\u00edtasunnunnar, \u00f6\u00f0ru nafni uppskeru- e\u00f0a viknah\u00e1t\u00ed\u00f0, var haldin 50 d\u00f6gum eftir p\u00e1ska. Voru \u00fe\u00e1 Gu\u00f0i \u00feakkir f\u00e6r\u00f0ar fyrir fyrstu hveitiuppskeruna (sj\u00e1 3M\u00f3s 23.15-21; 5M\u00f3s 16.9-11). 49 d\u00f6gum fyrr, daginn eftir p\u00e1skadag, haf\u00f0i Jes\u00fas l\u00e1ti\u00f0 l\u00edfi\u00f0 \u00e1 krossinum.<\/p>\n<p><strong>2.4<\/strong> heil\u00f6gum anda: <a href=\"https:\/\/biblian.is\/fraedsla\/ordtakasafn\/heilagur-andi\/\">Sj\u00e1 n\u00e1nar um Heilagan anda<\/a>.<\/p>\n<p><strong>2.5<\/strong> <em>\u00cd Jer\u00fasalem dv\u00f6ldust Gy\u00f0ingar, gu\u00f0r\u00e6knir menn: <\/em>Jer\u00fasalem var \u00ed \u00feennan t\u00edma enn \u00fe\u00e1 helsta mi\u00f0st\u00f6\u00f0 tilbei\u00f0slu Gy\u00f0inga og bjuggu \u00fear margir gu\u00f0hr\u00e6ddir menn. Auk \u00feess var n\u00fa kominn \u00fear fj\u00f6ldi p\u00edlagr\u00edma vegna hv\u00edtasunnuh\u00e1t\u00ed\u00f0arinnar.<\/p>\n<p><strong>2.7<\/strong> <em>Gal\u00edleumenn: <\/em>Sj\u00e1 athugagrein vi\u00f0 1.11. Mannfj\u00f6ldann fur\u00f0a\u00f0i \u00e1 \u00fev\u00ed, a\u00f0 \u00f3sk\u00f3lagengnir menn skyldu hafa vald \u00e1 m\u00f6rgum framandi tungum.<\/p>\n<p><strong>2.9-11\u00a0<\/strong><em>Partar&#8230;Kr\u00edteyingar og Arabar: <\/em>Sj\u00e1 landabr\u00e9f \u00e1 bls. 2373. R\u00edki Parta var \u00f3gn r\u00f3mverska heimsveldinu \u00e1 austurm\u00e6rum \u00feess. Medar og Elam\u00edtar voru \u00ed verunni \u00far s\u00f6gunni \u00e1 \u00feessum t\u00edma, en konungsr\u00edkin vi\u00f0 \u00fe\u00e1 kennd voru hluti af r\u00edki Parta sem og Mes\u00f3p\u00f3tam\u00eda. Jer\u00fasalem heyr\u00f0i r\u00f3mverska skattlandinu J\u00fadeu. Flest hin pl\u00e1ssin sem h\u00e9r eru nefnd voru l\u00f6nd og h\u00e9ru\u00f0 \u00ed Austurl\u00f6ndum n\u00e6r e\u00f0a vi\u00f0 Mi\u00f0jar\u00f0arhafi\u00f0. K\u00fdrene og R\u00f3m voru mikilsh\u00e1ttar borgir.<\/p>\n<p><strong>2.11<\/strong> <em>Gy\u00f0ingar og \u00feeir sem teki\u00f0 hafa tr\u00fa Gy\u00f0inga: <\/em>Flestir \u00feeir sem j\u00e1tu\u00f0u tr\u00fa Gy\u00f0inga voru af gy\u00f0inglegu foreldri, en a\u00f0rir h\u00f6f\u00f0u sn\u00faist til gy\u00f0ingatr\u00faar. Karlmenn, sem ekki voru af gy\u00f0inga\u00e6ttum, en t\u00f3ku gy\u00f0ingatr\u00fa, ur\u00f0u a\u00f0 l\u00e1ta umskerast (sj\u00e1 athugagrein vi\u00f0 7.8).<\/p>\n<p><strong>2.14<\/strong> <em>P\u00e9tur: <\/em>S\u00edmon P\u00e9tur, sem Jes\u00fas kalla\u00f0i fyrstan l\u00e6risveina sinna (\u00e1samt me\u00f0 Andr\u00e9si, br\u00f3\u00f0ur hans. Matt 4.18-22). Gr\u00edska nafni\u00f0 Petros og arame\u00edska mynd \u00feess, Kefas, \u00fe\u00fd\u00f0a b\u00e6\u00f0i &#8222;klettur&#8220;.<\/p>\n<p><strong>2.17<\/strong> <em>\u00e1 efstu d\u00f6gum: <\/em>Sumir yngri sp\u00e1manna \u00cdsraels kenndu, a\u00f0 einn dag \u00ed framt\u00ed\u00f0 k\u00e6mi Drottinn a\u00f0 d\u00e6ma heiminn. \u00dev\u00ed tr\u00fa\u00f0u margir Gy\u00f0ingar. S\u00e1 st\u00f3rvi\u00f0bur\u00f0ur \u00fe\u00fdddi lok \u00feessa jar\u00f0l\u00edfs, \u00fear e\u00f0 endurkoma Drottins hef\u00f0i \u00ed f\u00f6r me\u00f0 s\u00e9r algera endursk\u00f6pun l\u00edfs og heims (1.20).<\/p>\n<p><strong>2.22 <\/strong>Jes\u00fas fr\u00e1 Nasaret: Jes\u00fas var gjarnan kenndur vi\u00f0 heimab\u00e6 sinn, enda \u00e1tti hann marga nafna og alnafna.<\/p>\n<p><strong>2.29-31<\/strong> \u00e6ttf\u00f6\u00f0urinn Dav\u00ed\u00f0&#8230;vissi a\u00f0 Gu\u00f0 haf\u00f0i me\u00f0 ei\u00f0i heiti\u00f0 honum: Dav\u00ed\u00f0 var talinn mestur konunga \u00ed \u00cdsrael. Margir tr\u00fa\u00f0u \u00fev\u00ed, a\u00f0 Mess\u00edas (hinn \u00fatvaldi) yr\u00f0i af \u00e6tt Dav\u00ed\u00f0s (Slm 132.11; 2Sam 7.12,13). P\u00e9tur segir, a\u00f0 Dav\u00ed\u00f0 hafi veri\u00f0 sp\u00e1ma\u00f0ur. Hann \u00e1 vi\u00f0 \u00fea\u00f0, a\u00f0 Dav\u00ed\u00f0 hafi dyggilega gengi\u00f0 erinda Gu\u00f0s \u00ed s\u00e1lmunum, sem vi\u00f0 hann eru kenndir. Hann heldur \u00fev\u00ed og fram, a\u00f0 Dav\u00ed\u00f0 hafi s\u00e9\u00f0 fyrir upprisu Krists.<\/p>\n<p><strong>2.33<\/strong> til h\u00e6gri handar: \u00dea\u00f0 var hei\u00f0urss\u00e6ti valdamanns.<\/p>\n<p><strong>2.35<\/strong> geri \u00f3vini \u00fe\u00edna a\u00f0 f\u00f3tsk\u00f6r \u00feinni: Til forna s\u00e1tu konungar \u00ed Austurl\u00f6ndum n\u00e6r \u00ed h\u00e1s\u00e6tum er \u00feeir hl\u00fdddu \u00e1 r\u00e1\u00f0gjafa s\u00edna e\u00f0a undirs\u00e1ta, er \u00fdmist st\u00f3\u00f0u e\u00f0a krupu. S\u00e1 sem &#8222;er ger\u00f0ur a\u00f0 f\u00f3tsk\u00f6r h\u00f6f\u00f0ingjans&#8220; er algerlega \u00e1 valdi hans og \u00e1 allt sitt undir honum.<\/p>\n<p><strong>2.36<\/strong> Drottni og Kristi: <a href=\"https:\/\/biblian.is\/fraedsla\/ordtakasafn\/drottinn-eitt-af-virdingarnofnum-jesu\/\">Sj\u00e1 &#8222;Drottinn (Eitt af vir\u00f0ingarn\u00f6fnum Jes\u00fa).&#8220;<\/a> Kristur er sama og gr\u00edska or\u00f0i\u00f0 <em>christos, <\/em>sem \u00fe\u00fd\u00f0ir &#8222;hinn Smur\u00f0i&#8220; e\u00f0a hinn \u00fatvaldi. Kristur samsvarar hebreska heitinu <em>Mess\u00edas.\u00a0<\/em><\/p>\n<p><strong>2.38<\/strong> Taki\u00f0 sinnaskiptum: Merking \u00feessara or\u00f0a er hin sama og \u00ed s\u00f6gninni &#8222;a\u00f0 i\u00f0rast.&#8220; \u00de\u00e1 sn\u00faa menn baki vi\u00f0 syndinni, l\u00e1ta s\u00e6ttast vi\u00f0 Gu\u00f0 og hefja n\u00fdtt l\u00edf.<\/p>\n<p><strong>2.38<\/strong> \u00f6\u00f0list fyrirgefningu syndanna: Syndin er \u00fea\u00f0 sem skilur okkur fr\u00e1 Gu\u00f0i og \u00f6\u00f0rum m\u00f6nnum. H\u00fan er \u00f3hl\u00fd\u00f0ni vi\u00f0 l\u00f6gm\u00e1l Gu\u00f0s. Fyrirgefningin m\u00e1ir burt syndina. Vi\u00f0 sk\u00edrn \u00ed nafni Jes\u00fa r\u00e6tist fyrirheit Gu\u00f0s um fyrirgefningu syndanna. <a href=\"https:\/\/biblian.is\/fraedsla\/ordtakasafn\/synd\/\">Sj\u00e1 &#8222;Synd&#8220;.<\/a><\/p>\n<p><strong>2.40\u00a0<\/strong><em>rangsn\u00fanu kynsl\u00f3\u00f0: <\/em>\u00c1tt er vi\u00f0 \u00feau, sem tr\u00fa\u00f0u ekki \u00e1 Jes\u00fa og voru \u00fev\u00ed fylgjandi a\u00f0 hann v\u00e6ri tekinn af l\u00edfi.<\/p>\n<p><strong>2.42\u00a0<\/strong><em>brotning brau\u00f0sins: <\/em>Jes\u00fas og postular hans neyttu brau\u00f0s og v\u00edns er t\u00e1kna\u00f0i l\u00edkama hans og bl\u00f3\u00f0, f\u00f3rnina sem f\u00e6r\u00f0 var til fyrirgefningar syndanna. \u00c1 \u00feeirri f\u00f3rn r\u00eds hinn n\u00fdi s\u00e1ttm\u00e1li (samningur) \u00e1 milli Gu\u00f0s og hins n\u00fdja l\u00fd\u00f0s hans (Matt 26.26-29; L\u00fak 22.14-122; 1Kor 11.23-26). \u00deessa minnast kristnir menn er \u00feeir hafa sakramenti kv\u00f6ldm\u00e1lt\u00ed\u00f0arinnar um h\u00f6nd, ganga til altaris, neyta m\u00e1lt\u00ed\u00f0ar Drottins.<\/p>\n<p><strong>2.47 <\/strong><em>er frelsast l\u00e9tu: <\/em>Anna\u00f0 or\u00f0alag, sem L\u00fakas notar um \u00fea\u00f0 a\u00f0 \u00feiggja sk\u00edrn \u00ed Jes\u00fa nafni og \u00f6\u00f0last fyrirgefningu syndanna. <a href=\"https:\/\/biblian.is\/fraedsla\/ordtakasafn\/hjalpraedi\/\">Sj\u00e1 og &#8222;K\u00e6rleikur Gu\u00f0s frelsar (Hj\u00e1lpr\u00e6\u00f0i)&#8220;<\/a>.<\/p>\n","protected":false},"excerpt":{"rendered":"<p>Gu\u00f0 \u00fathellir heil\u00f6gum anda s\u00ednum Samkv\u00e6mt fyrirheiti s\u00ednu \u00fathellir Gu\u00f0 <a href=\"https:\/\/biblian.is\/fraedsla\/ritskyring\/postulasagan-2-kafli\/\"> [&#8230;]<\/a><\/p>\n","protected":false},"author":1,"featured_media":0,"parent":4829,"menu_order":0,"comment_status":"closed","ping_status":"closed","template":"","meta":{"footnotes":""},"class_list":["post-5372","page","type-page","status-publish","hentry"],"_links":{"self":[{"href":"https:\/\/biblian.is\/fraedsla\/wp-json\/wp\/v2\/pages\/5372","targetHints":{"allow":["GET"]}}],"collection":[{"href":"https:\/\/biblian.is\/fraedsla\/wp-json\/wp\/v2\/pages"}],"about":[{"href":"https:\/\/biblian.is\/fraedsla\/wp-json\/wp\/v2\/types\/page"}],"author":[{"embeddable":true,"href":"https:\/\/biblian.is\/fraedsla\/wp-json\/wp\/v2\/users\/1"}],"replies":[{"embeddable":true,"href":"https:\/\/biblian.is\/fraedsla\/wp-json\/wp\/v2\/comments?post=5372"}],"version-history":[{"count":0,"href":"https:\/\/biblian.is\/fraedsla\/wp-json\/wp\/v2\/pages\/5372\/revisions"}],"up":[{"embeddable":true,"href":"https:\/\/biblian.is\/fraedsla\/wp-json\/wp\/v2\/pages\/4829"}],"wp:attachment":[{"href":"https:\/\/biblian.is\/fraedsla\/wp-json\/wp\/v2\/media?parent=5372"}],"curies":[{"name":"wp","href":"https:\/\/api.w.org\/{rel}","templated":true}]}}