{"id":5370,"date":"2019-05-24T15:24:30","date_gmt":"2019-05-24T15:24:30","guid":{"rendered":"https:\/\/biblian.is\/fraedsla\/?page_id=5370"},"modified":"2026-04-17T13:01:22","modified_gmt":"2026-04-17T13:01:22","slug":"postulasagan-1-kafli","status":"publish","type":"page","link":"https:\/\/biblian.is\/fraedsla\/ritskyring\/postulasagan-1-kafli\/","title":{"rendered":"Postulasagan 1. kafli"},"content":{"rendered":"<h3>Heil\u00f6gum anda \u00fathellt yfir l\u00e6risveina Jes\u00fa.<\/h3>\n<p><strong>\u00a0<\/strong><em>\u00dear sem L\u00fakasargu\u00f0spjalli sleppir, tekur Postulasagan vi\u00f0. Jes\u00fas er \u00ed \u00feann veginn a\u00f0 st\u00edga upp til himins og m\u00e6lir lokaor\u00f0um vi\u00f0 l\u00e6risveina s\u00edna. Hann segir \u00feeim a\u00f0 staldra \u00ed Jer\u00fasalem \u00feanga\u00f0 til \u00feeir \u00edkl\u00e6\u00f0ist krafti fr\u00e1 h\u00e6\u00f0um. Hann segir \u00feeim l\u00edka a\u00f0 heilagur andi muni efla \u00fe\u00e1 til \u00feess a\u00f0 pr\u00e9dika fagna\u00f0arbo\u00f0skap hans \u00f6llum \u00fej\u00f3\u00f0um. Og svo sem fyrirheiti\u00f0 var, kom heilagur andi yfir postulana \u00e1 hv\u00edtasunnudag.<\/em><\/p>\n<h4>Postularnir b\u00fanir undir kraft Gu\u00f0s, gj\u00f6f Heilags anda<\/h4>\n<p><strong>1.1\u00a0<\/strong><em>Fyrri s\u00f6gu m\u00edna, \u00dee\u00f3f\u00edlus, samdi \u00e9g: <\/em>Nafni\u00f0 \u00dee\u00f3f\u00edlus er gr\u00edskt og merkir &#8222;vinur Gu\u00f0s&#8220;. \u00dev\u00ed hafa sumir tali\u00f0, a\u00f0 &#8222;\u00dee\u00f3f\u00edlus&#8220; eigi vi\u00f0 hvern \u00feann, sem vill vera vinur og me\u00f0haldsma\u00f0ur Jes\u00fa. Hitt er \u00fe\u00f3 l\u00edklegra, a\u00f0 \u00dee\u00f3f\u00edlus hafi veri\u00f0 r\u00f3mverskur emb\u00e6ttisma\u00f0ur e\u00f0a a\u00f0 \u00f6\u00f0rum kosti au\u00f0ugur fram\u00e1ma\u00f0ur (verndari), sem l\u00e9t skrifa fyrir sig L\u00fakarsargu\u00f0spjall og st\u00f3\u00f0 straum af kostna\u00f0inum vi\u00f0 \u00fea\u00f0.\u00a0&#8222;Fyrri sagan&#8220; er L\u00fakasargu\u00f0spjall (sj\u00e1 L\u00fak 1.1-4). Sj\u00e1 og <a href=\"https:\/\/biblian.is\/fraedsla\/ritskyring\/lukasargudspjall-inngangur\/\">inngangsor\u00f0 a\u00f0 L\u00fakasargu\u00f0spjalli <\/a>og <a href=\"https:\/\/biblian.is\/fraedsla\/ritskyring\/postulasagan-inngangur\/\">Postulas\u00f6gunni<\/a>.<\/p>\n<p><strong>1.2<\/strong> var\u00f0 upp numinn: H\u00e9r er \u00e1tt vi\u00f0 uppstigningu Jes\u00fa.<\/p>\n<p><strong>1.2<\/strong> postulunum, sem hann haf\u00f0i vali\u00f0: &#8222;Postuli&#8220; \u00fe\u00fd\u00f0ir sendima\u00f0ur, s\u00e1 sem fali\u00f0 er a\u00f0 flytja \u00f6\u00f0rum bo\u00f0 fr\u00e1 kennara e\u00f0a jafnvel h\u00f3pi manna. H\u00e9r er \u00e1tt vi\u00f0 \u00fe\u00e1 t\u00f3lf postula, sem Jes\u00fas valdi. Sj\u00e1 L\u00fak 6.12-16; Post 1.12-13.<\/p>\n<p><strong>1.2<\/strong> heil\u00f6gum anda: <a href=\"https:\/\/biblian.is\/fraedsla\/ordtakasafn\/heilagur-andi\/\">Sj\u00e1 n\u00e1nar um Heilagan anda<\/a>.<\/p>\n<p><strong>1.3<\/strong> \u00ed fj\u00f6rut\u00edu daga: Talan 40 er \u00fe\u00fd\u00f0ingarmikil \u00ed hugum Gy\u00f0inga. <a href=\"https:\/\/biblian.is\/fraedsla\/ordtakasafn\/tolur-i-bibliunni\/\">Sj\u00e1 &#8222;T\u00f6lur \u00ed Bibl\u00edunni&#8220;<\/a>.<\/p>\n<p><strong>1.3<\/strong> Gu\u00f0s r\u00edki: Konungd\u00f3mur Gu\u00f0s, sem drottnar yfir alheimi, b\u00e6\u00f0i \u00ed \u00feessu l\u00edfi og hinu komanda. \u00cd Matteusargu\u00f0spjalli r\u00e6\u00f0ir \u00ed \u00feessu sambandi um &#8222;himnar\u00edki&#8220;.<\/p>\n<p><strong>1.4<\/strong> Jer\u00fasalem: Um \u00fe\u00fasund \u00e1rum \u00e1\u00f0ur en Jes\u00fas f\u00e6ddist ger\u00f0i Dav\u00ed\u00f0 konungur Jer\u00fasalem a\u00f0 h\u00f6fu\u00f0sta\u00f0 \u00e1tr\u00fana\u00f0ar og helgihalds Gy\u00f0inga. Sj\u00e1 og L\u00fak 24.49.<\/p>\n<p><strong>1.4<\/strong> sem fa\u00f0irinn gaf fyrirheit um: Jes\u00fas r\u00e6\u00f0ir oft um &#8222;f\u00f6\u00f0urinn&#8220; og \u00e1 \u00fe\u00e1 vi\u00f0 Gu\u00f0 (sj\u00e1 t.d. J\u00f3h 14). Hi\u00f0 sama gerir P\u00e1ll postuli \u00ed m\u00f6rgum br\u00e9fa sinna (Ikor 1.3; Gal 1.2-3; Fil 1.2). <a href=\"https:\/\/biblian.is\/fraedsla\/ordtakasafn\/heilagur-andi\/\">Sj\u00e1 n\u00e1nar um Heilagan anda<\/a>.<\/p>\n<p><strong>1.5<\/strong> J\u00f3hannes: Sj\u00e1 &#8222;<a href=\"https:\/\/biblian.is\/fraedsla\/ordtakasafn\/johannes-skirari\/\">J\u00f3hannes sk\u00edrari<\/a>&#8222;.<\/p>\n<p><strong>1.5<\/strong> sk\u00edr\u00f0i me\u00f0 vatni: Vatnssk\u00edrn J\u00f3hannesar t\u00e1kna\u00f0i a\u00f0 sk\u00edrnar\u00feeginn sneri n\u00fa baki vi\u00f0 syndum s\u00ednum; \u00fe\u00e6r v\u00e6ru sem \u00fevegnar burt (L\u00fak 3.3). Sj\u00e1 og &#8222;<a href=\"https:\/\/biblian.is\/fraedsla\/ordtakasafn\/skirn\/\">Sk\u00edrn<\/a>&#8222;.<\/p>\n<p><strong>1.8<\/strong> allri J\u00fadeu, \u00ed Samar\u00edu og allt til endimarka jar\u00f0arinnar.<\/p>\n<p><strong>1.10<\/strong> tveir menn \u00ed hv\u00edtum kl\u00e6\u00f0um: Menn \u00feessir voru a\u00f0 l\u00edkindum englar. Sj\u00e1 L\u00fak 24.4. (Bibl\u00edan breg\u00f0ur oft upp mynd af englum, \u00feegar br\u00fdnu erindi skal komi\u00f0 til skila).<\/p>\n<p><strong>1.11<\/strong> <em>Gal\u00edleumenn: <\/em>Postularnir voru fr\u00e1 Gal\u00edleu.<\/p>\n<p><strong>1.11<\/strong> <em>til himins: <\/em>Sj\u00e1 athugagrein vi\u00f0 1.2 (var\u00f0 upp numinn).<\/p>\n<p><strong>1.12-13<\/strong>\u00a0<em>Ol\u00edufjallinu: <\/em>Ol\u00edufjalli\u00f0 er tind\u00f3tt fjall skammt fyrir austan musterissv\u00e6\u00f0i\u00f0 \u00ed Jer\u00fasalem. \u00c1 milli \u00feess og borgarinnar er Kedrondalur. Fjalli\u00f0 er fj\u00f6gurra k\u00edl\u00f3metra langur hryggur og hluti af fjallgar\u00f0i sem liggur fr\u00e1 nor\u00f0ri til su\u00f0urs eftir mi\u00f0biki og su\u00f0urhluta Palest\u00ednu. Nafn sitt dregur \u00fea\u00f0 af ol\u00eduvi\u00f0i sem dafnar \u00ed s\u00f3lr\u00edkum hl\u00ed\u00f0unum.<\/p>\n<p><strong>1.12-13<\/strong>\u00a0<em>P\u00e9tur&#8230;J\u00fadas Jakobsson: <\/em>Sj\u00e1 athugagrein vi\u00f0 1.2 (postulunum). \u00deeir voru ekki nema ellefu, eftir a\u00f0 J\u00fadas \u00cdskar\u00edot stytti fyrir s\u00e9r.<\/p>\n<p><strong>1.14 <\/strong><em>Konurnar&#8230;og Mar\u00eda m\u00f3\u00f0ir Jes\u00fa og br\u00e6\u00f0ur hans: <\/em>Konur voru me\u00f0al \u00feeirra sem fylgdu Jes\u00fa eftir \u00e1 fer\u00f0um hans. Um Mar\u00edu sj\u00e1 L\u00fak 1.26-56; 2.1-52. Br\u00e6\u00f0ur Jes\u00fa voru synir Mar\u00edu og J\u00f3sefs. Sj\u00e1 Mrk 6.3.<\/p>\n<p><strong>1.15<\/strong> <em>P\u00e9tur: <\/em>Sj\u00e1 athugagrein vi\u00f0 2.14.<\/p>\n<p><strong>1.16-17<\/strong> <em>fyrir munn Dav\u00ed\u00f0s&#8230;um J\u00fadas: <\/em>Sj\u00e1 athugagrein vi\u00f0 2.29-31.<\/p>\n<p><strong>1.18<\/strong> <em>keypti landspildu&#8230;i\u00f0rin \u00f6ll l\u00e1gu \u00fati: <\/em>J\u00fadas f\u00e9kk greidda 30 silfurpeninga fyrir a\u00f0 sv\u00edkja Jes\u00fa (Matt 16.15). A\u00f0 s\u00f6gn skila\u00f0i hann f\u00e9nu (Matt 27.3-8), og hefur \u00fe\u00e1 naumast keypt sk\u00e1kina. En prestarnir kunna a\u00f0 hafa gert svo.<\/p>\n<p>Matteus segir J\u00fadas hafa hengt sig (Matt 27.5). L\u00fakas segir aftur \u00e1 m\u00f3ti a\u00f0 hann hafi steypst \u00e1 h\u00f6fu\u00f0i\u00f0 og brosti\u00f0 sundur \u00ed mi\u00f0ju svo a\u00f0 i\u00f0rin \u00f6ll l\u00e1gu \u00fati. \u00dea\u00f0 kann a\u00f0 hafa gerst \u00feegar hann f\u00e9ll e\u00f0a var skorinn ni\u00f0ur \u00far sn\u00f6runni. M\u00e1 og vera a\u00f0 J\u00fadas hafi l\u00e1ti\u00f0 fallast \u00e1 oddhvasst t\u00f3l, \u00fear e\u00f0 &#8222;hengdi&#8220; getur l\u00edka \u00fe\u00fdtt &#8222;stakkst \u00ed gegn.&#8220;<\/p>\n<p><strong>1.19<\/strong> <em>Akeldamak \u00e1 tungu \u00feeirra: <\/em>\u00c1tt er vi\u00f0 arame\u00edsku.<\/p>\n<p><strong>1.23<\/strong> <em>J\u00f3sef, kalla\u00f0an Barrabas&#8230;Matth\u00edas: <\/em>Talan t\u00f3lf var ginnheil\u00f6g me\u00f0 Gy\u00f0ingum. Jes\u00fas haf\u00f0i vali\u00f0 s\u00e9r t\u00f3lf postula, jafnmarga og \u00e6ttkv\u00edslir \u00cdsraelsmanna. \u00dev\u00ed \u00fe\u00f3tti postulunum einbo\u00f0i\u00f0 a\u00f0 kj\u00f3sa mann a\u00f0 koma \u00ed sta\u00f0inn fyrir J\u00fadas.<a href=\"https:\/\/biblian.is\/fraedsla\/ordtakasafn\/tolur-i-bibliunni\/\"> Sj\u00e1 og &#8222;T\u00f6lur \u00ed Bibl\u00edunni&#8220;.<\/a><\/p>\n<p>F\u00e1tt er vita\u00f0 um J\u00f3sef Barrabas. J\u00fastus var hi\u00f0 r\u00f3mverska nafn hans. Matth\u00edas hl\u00fdtur a\u00f0 hafa veri\u00f0 l\u00e6risveinn allt fr\u00e1 \u00fev\u00ed Jes\u00fas h\u00f3f a\u00f0 pr\u00e9dika og vinna kraftaverk. L\u00edti\u00f0 anna\u00f0 er um hann vita\u00f0. \u00de\u00f3 herma munnm\u00e6li, a\u00f0 hann hafi veri\u00f0 l\u00edfl\u00e1tinn fyrir \u00fe\u00e1 s\u00f6k a\u00f0 hafa fylgt Jes\u00fa a\u00f0 m\u00e1lum.<\/p>\n<p><strong>1.26<\/strong> <em>\u00deeir hlutu\u00f0u um \u00fe\u00e1: <\/em>\u00deeir &#8222;v\u00f6rpu\u00f0u hlutkesti,&#8220; sem til forna var alsi\u00f0a \u00ed Austurl\u00f6ndum n\u00e6r. Postularnir hafa l\u00edklega notast vi\u00f0 merktar steinv\u00f6lur ellegar b\u00fata af trj\u00e1greinum. A\u00f0 baki bj\u00f3 s\u00fa hugsun, a\u00f0 me\u00f0 \u00feessu m\u00f3ti kysi Drottinn, en ekki sj\u00e1lfir \u00feeir, \u00feann mann er koma skyldi \u00ed sta\u00f0 J\u00fadasar.<\/p>\n","protected":false},"excerpt":{"rendered":"<p>Heil\u00f6gum anda \u00fathellt yfir l\u00e6risveina Jes\u00fa. \u00a0\u00dear sem L\u00fakasargu\u00f0spjalli sleppir, <a href=\"https:\/\/biblian.is\/fraedsla\/ritskyring\/postulasagan-1-kafli\/\"> [&#8230;]<\/a><\/p>\n","protected":false},"author":1,"featured_media":0,"parent":4829,"menu_order":0,"comment_status":"closed","ping_status":"closed","template":"","meta":{"footnotes":""},"class_list":["post-5370","page","type-page","status-publish","hentry"],"_links":{"self":[{"href":"https:\/\/biblian.is\/fraedsla\/wp-json\/wp\/v2\/pages\/5370","targetHints":{"allow":["GET"]}}],"collection":[{"href":"https:\/\/biblian.is\/fraedsla\/wp-json\/wp\/v2\/pages"}],"about":[{"href":"https:\/\/biblian.is\/fraedsla\/wp-json\/wp\/v2\/types\/page"}],"author":[{"embeddable":true,"href":"https:\/\/biblian.is\/fraedsla\/wp-json\/wp\/v2\/users\/1"}],"replies":[{"embeddable":true,"href":"https:\/\/biblian.is\/fraedsla\/wp-json\/wp\/v2\/comments?post=5370"}],"version-history":[{"count":0,"href":"https:\/\/biblian.is\/fraedsla\/wp-json\/wp\/v2\/pages\/5370\/revisions"}],"up":[{"embeddable":true,"href":"https:\/\/biblian.is\/fraedsla\/wp-json\/wp\/v2\/pages\/4829"}],"wp:attachment":[{"href":"https:\/\/biblian.is\/fraedsla\/wp-json\/wp\/v2\/media?parent=5370"}],"curies":[{"name":"wp","href":"https:\/\/api.w.org\/{rel}","templated":true}]}}