{"id":5358,"date":"2019-05-24T14:41:38","date_gmt":"2019-05-24T14:41:38","guid":{"rendered":"https:\/\/biblian.is\/fraedsla\/?page_id=5358"},"modified":"2026-04-17T13:01:11","modified_gmt":"2026-04-17T13:01:11","slug":"inngangur-einstakra-rita-nyja-testamentisins","status":"publish","type":"page","link":"https:\/\/biblian.is\/fraedsla\/ritskyring\/inngangur-einstakra-rita-nyja-testamentisins\/","title":{"rendered":"Inngangur rita N\u00fdja testamentisins"},"content":{"rendered":"<div class=\"fusion-fullwidth fullwidth-box fusion-builder-row-1 nonhundred-percent-fullwidth non-hundred-percent-height-scrolling\" style=\"--awb-border-radius-top-left:0px;--awb-border-radius-top-right:0px;--awb-border-radius-bottom-right:0px;--awb-border-radius-bottom-left:0px;--awb-margin-bottom:30px;--awb-flex-wrap:wrap;\" ><div class=\"fusion-builder-row fusion-row\"><div class=\"fusion-layout-column fusion_builder_column fusion-builder-column-0 fusion_builder_column_1_1 1_1 fusion-one-full fusion-column-first fusion-column-last\" style=\"--awb-bg-size:cover;--awb-margin-bottom:0px;\"><div class=\"fusion-column-wrapper fusion-flex-column-wrapper-legacy\"><div class=\"fusion-text fusion-text-1\"><p>Til a\u00f0 \u00f6\u00f0last inns\u00fdn \u00ed skrif einstakra rita N\u00fdja testamentisins m\u00e1 smella \u00e1 nafn ritanna h\u00e9r fyrir ne\u00f0an. Inngangstexti einstakra rita\u00a0er a\u00f0 mestu fenginn fr\u00e1 <em>The Learning Bible \u2013 Contemporary English Version<\/em> sem var gefin \u00fat af American Bible Society \u00ed New York. Textinn birtist \u00e1 ensku \u00ed Contemporary English Version \u00a9 1995 og\/e\u00f0a The Learning Bible Notes and Reader\u2019s Helps \u00a9 2000.<\/p>\n<\/div><div class=\"fusion-text fusion-text-2\"><div class=\"bokalisti\">\n<ul>\n<li><a href=\"\/fraedsla\/ritskyring\/matteusargudspjall-inngangur\/\">Matteusargu\u00f0spjall<\/a><\/li>\n<li><a href=\"\/fraedsla\/ritskyring\/markusargudspjall-inngangur\/\">Mark\u00fasargu\u00f0spjall<\/a><\/li>\n<li><a href=\"\/fraedsla\/ritskyring\/lukasargudspjall-inngangur\/\">L\u00fakasargu\u00f0spjall<\/a><\/li>\n<li><a href=\"\/fraedsla\/ritskyring\/johannesargudspjall-inngangur\/\">J\u00f3hannesargu\u00f0spjall<\/a><\/li>\n<li><a href=\"\/fraedsla\/ritskyring\/postulasagan-inngangur\/\">Postulasagan<\/a><\/li>\n<li><a href=\"\/fraedsla\/ritskyring\/romverjabrefid-inngangur\/\">R\u00f3mverjabr\u00e9fi\u00f0<\/a><\/li>\n<li><a href=\"\/fraedsla\/ritskyring\/fyrra-korintubref-inngangur\/\">Fyrra Korintubr\u00e9fi\u00f0<\/a><\/li>\n<li><a href=\"\/fraedsla\/ritskyring\/sidara-korintubref-inngangur\/\">S\u00ed\u00f0ara Korintubr\u00e9fi\u00f0<\/a><\/li>\n<li><a href=\"\/fraedsla\/ritskyring\/galatabrefid-inngangur\/\">Galatabr\u00e9fi\u00f0<\/a><\/li>\n<li><a href=\"\/fraedsla\/ritskyring\/efesusbrefid-inngangur\/\">Efesusbr\u00e9fi\u00f0<\/a><\/li>\n<li><a href=\"\/fraedsla\/ritskyring\/filippibrefid-inngangur\/\">Filipp\u00edbr\u00e9fi\u00f0<\/a><\/li>\n<li><a href=\"\/fraedsla\/ritskyring\/kolossubrefid-inngangur\/\">K\u00f3lossubr\u00e9fi\u00f0<\/a><\/li>\n<li><a href=\"\/fraedsla\/ritskyring\/fyrra-thessalonikubref-inngangur\/\">Fyrra \u00deessalon\u00edkubr\u00e9f<\/a><\/li>\n<li><a href=\"\/fraedsla\/ritskyring\/sidara-thessalonikubref-inngangur\/\">S\u00ed\u00f0ara \u00deessalon\u00edkubr\u00e9f<\/a><\/li>\n<li><a href=\"\/fraedsla\/ritskyring\/fyrra-timoteusarbref-inngangur\/\">Fyrra T\u00edm\u00f3teusarbr\u00e9f<\/a><\/li>\n<li><a href=\"\/fraedsla\/ritskyring\/sidara-timoteusarbref-inngangur\/\">S\u00ed\u00f0ara T\u00edm\u00f3teusarbr\u00e9f<\/a><\/li>\n<li><a href=\"\/fraedsla\/ritskyring\/titusarbrefid-inngangur\/\">T\u00edtusarbr\u00e9fi\u00f0<\/a><\/li>\n<li><a href=\"\/fraedsla\/ritskyring\/filemonsbrefid-inngangur\/\">F\u00edlemonsbr\u00e9fi\u00f0<\/a><\/li>\n<li><a href=\"\/fraedsla\/ritskyring\/hebreabrefid-inngangur\/\">Hebreabr\u00e9fi\u00f0<\/a><\/li>\n<li><a href=\"\/fraedsla\/ritskyring\/jakobsbrefid-inngangur\/\">Jakobsbr\u00e9fi\u00f0<\/a><\/li>\n<li><a href=\"\/fraedsla\/ritskyring\/fyrra-petursbref-inngangur\/\">Fyrra P\u00e9tursbr\u00e9f<\/a><\/li>\n<li><a href=\"\/fraedsla\/ritskyring\/sidara-petursbref-inngangur\/\">S\u00ed\u00f0ara P\u00e9tursbr\u00e9f<\/a><\/li>\n<li><a href=\"\/fraedsla\/ritskyring\/fyrsta-johannesarbref-inngangur\/\">Fyrsta J\u00f3hannesarbr\u00e9f<\/a><\/li>\n<li><a href=\"\/fraedsla\/ritskyring\/annad-johannesarbref-inngangur\/\">Anna\u00f0 J\u00f3hannesarbr\u00e9f<\/a><\/li>\n<li><a href=\"\/fraedsla\/ritskyring\/thridja-johannesarbref-inngangur\/\">\u00deri\u00f0ja J\u00f3hannesarbr\u00e9f<\/a><\/li>\n<li><a href=\"\/fraedsla\/ritskyring\/judasarbrefid-inngangur\/\">J\u00fadasarbr\u00e9fi\u00f0<\/a><\/li>\n<li><a href=\"\/fraedsla\/ritskyring\/opinberunarbok-johannesar-inngangur\/\">Opinberunarb\u00f3k J\u00f3hannesar<\/a><\/li>\n<\/ul>\n<\/div>\n<\/div><div class=\"fusion-clearfix\"><\/div><\/div><\/div><\/div><\/div>\n","protected":false},"excerpt":{"rendered":"","protected":false},"author":1,"featured_media":0,"parent":4829,"menu_order":0,"comment_status":"closed","ping_status":"closed","template":"","meta":{"footnotes":""},"class_list":["post-5358","page","type-page","status-publish","hentry"],"_links":{"self":[{"href":"https:\/\/biblian.is\/fraedsla\/wp-json\/wp\/v2\/pages\/5358","targetHints":{"allow":["GET"]}}],"collection":[{"href":"https:\/\/biblian.is\/fraedsla\/wp-json\/wp\/v2\/pages"}],"about":[{"href":"https:\/\/biblian.is\/fraedsla\/wp-json\/wp\/v2\/types\/page"}],"author":[{"embeddable":true,"href":"https:\/\/biblian.is\/fraedsla\/wp-json\/wp\/v2\/users\/1"}],"replies":[{"embeddable":true,"href":"https:\/\/biblian.is\/fraedsla\/wp-json\/wp\/v2\/comments?post=5358"}],"version-history":[{"count":0,"href":"https:\/\/biblian.is\/fraedsla\/wp-json\/wp\/v2\/pages\/5358\/revisions"}],"up":[{"embeddable":true,"href":"https:\/\/biblian.is\/fraedsla\/wp-json\/wp\/v2\/pages\/4829"}],"wp:attachment":[{"href":"https:\/\/biblian.is\/fraedsla\/wp-json\/wp\/v2\/media?parent=5358"}],"curies":[{"name":"wp","href":"https:\/\/api.w.org\/{rel}","templated":true}]}}