{"id":5356,"date":"2019-05-24T14:24:17","date_gmt":"2019-05-24T14:24:17","guid":{"rendered":"https:\/\/biblian.is\/fraedsla\/?page_id=5356"},"modified":"2026-04-17T13:01:12","modified_gmt":"2026-04-17T13:01:12","slug":"johannesargudspjall-21-kafli","status":"publish","type":"page","link":"https:\/\/biblian.is\/fraedsla\/ritskyring\/johannesargudspjall-21-kafli\/","title":{"rendered":"J\u00f3hannesargu\u00f0spjall 21. kafli"},"content":{"rendered":"<p><strong>21.1\u00a0<\/strong>T\u00edber\u00edasvatn: Sj\u00e1 athugagrein vi\u00f0 6.1.<\/p>\n<p><strong>21.2<\/strong> S\u00edmon P\u00e9tur&#8230;Sebedussynirnir: Sj\u00e1 athugagreinar vi\u00f0 1.40 (S\u00edmon P\u00e9tur), 11.16 (T\u00f3mas tv\u00edburi) og 1.45 (Natanael). Jakob og J\u00f3hannes ur\u00f0u l\u00e6risveinar Jes\u00fa (L\u00fak 5.11; 6.14). Hann gaf \u00feeim nafni\u00f0 Boanerges, sem \u00fe\u00fd\u00f0ir &#8222;\u00ferumusynir&#8220; (Mrk 3.17). Samstarfs \u00feeirra P\u00e9turs og J\u00f3hannesar er geti\u00f0 \u00ed Post 1.13; 3.1-11; 4.3-21; 8.14.<\/p>\n<p><strong>21.7<\/strong> L\u00e6risveinninn, sem Jes\u00fas elska\u00f0i: Sj\u00e1 athugagrein vi\u00f0 13.23. Hann ver\u00f0ur fyrstur til \u00feess a\u00f0 bera kennsl \u00e1 Jes\u00fa.<\/p>\n<p><strong>21.9<\/strong> fisk&#8230;brau\u00f0: \u00deessi f\u00e6\u00f0a er t\u00e1knr\u00e6n \u00ed J\u00f3hannesargu\u00f0spjalli. Brau\u00f0i\u00f0 v\u00edsar til s\u00ed\u00f0ustu kv\u00f6ldm\u00e1lt\u00ed\u00f0arinnar (sj\u00e1 athugagrein vi\u00f0 6.53) og minnir \u00e1 &#8222;brau\u00f0 l\u00edfsins&#8220; sem er Jes\u00fas sj\u00e1lfur (6.48). \u00cd frumkirkjunni var fiskur eitt helsta t\u00e1kn Jes\u00fa.<\/p>\n<p><strong>21.15<\/strong> S\u00edmon J\u00f3hannesson: S\u00edmon P\u00e9tur (sj\u00e1 athugagrein vi\u00f0 1.40).<\/p>\n<p><strong>21.15,16<\/strong> lamba minna&#8230;sau\u00f0a minna: Jes\u00fas nefndi sj\u00e1lfan sig &#8222;g\u00f3\u00f0a hir\u00f0inn&#8220; (10.14). L\u00e6risveinar hans eru l\u00f6mb hir\u00f0isins (sau\u00f0irnir). Jes\u00fas felur P\u00e9tri a\u00f0 annast um sau\u00f0ina (l\u00e6risveinana), f\u00f3\u00f0ra \u00fe\u00e1 \u00e1 bo\u00f0skap hans og fyrirgefa \u00feeim syndirnar (20.23).<\/p>\n<p><strong>21.18,19<\/strong> r\u00e9tta \u00fat hendurnar&#8230;vegsama Gu\u00f0: A\u00f0 &#8222;r\u00e9tta \u00fat hendurnar&#8220; er fors\u00f6gn um a\u00f0 P\u00e9tur muni deyja \u00e1 krossi eins og Jes\u00fas. P\u00e9tur ver\u00f0ur tekinn h\u00f6ndum og leiddur \u00feanga\u00f0 sem hann vill ekki fara. En dau\u00f0i hans mun &#8222;vegsama Gu\u00f0&#8220; me\u00f0 sama h\u00e6tti og Jes\u00fas &#8222;ger\u00f0i nafn f\u00f6\u00f0urins d\u00fdrlegt&#8220; me\u00f0 dau\u00f0a s\u00ednum (12.28).<\/p>\n<p><strong>21.20<\/strong> Sj\u00e1 J\u00f3h 13.25.<\/p>\n","protected":false},"excerpt":{"rendered":"<p>21.1\u00a0T\u00edber\u00edasvatn: Sj\u00e1 athugagrein vi\u00f0 6.1. 21.2 S\u00edmon P\u00e9tur&#8230;Sebedussynirnir: Sj\u00e1 athugagreinar <a href=\"https:\/\/biblian.is\/fraedsla\/ritskyring\/johannesargudspjall-21-kafli\/\"> [&#8230;]<\/a><\/p>\n","protected":false},"author":1,"featured_media":0,"parent":4829,"menu_order":0,"comment_status":"closed","ping_status":"closed","template":"","meta":{"footnotes":""},"class_list":["post-5356","page","type-page","status-publish","hentry"],"_links":{"self":[{"href":"https:\/\/biblian.is\/fraedsla\/wp-json\/wp\/v2\/pages\/5356","targetHints":{"allow":["GET"]}}],"collection":[{"href":"https:\/\/biblian.is\/fraedsla\/wp-json\/wp\/v2\/pages"}],"about":[{"href":"https:\/\/biblian.is\/fraedsla\/wp-json\/wp\/v2\/types\/page"}],"author":[{"embeddable":true,"href":"https:\/\/biblian.is\/fraedsla\/wp-json\/wp\/v2\/users\/1"}],"replies":[{"embeddable":true,"href":"https:\/\/biblian.is\/fraedsla\/wp-json\/wp\/v2\/comments?post=5356"}],"version-history":[{"count":0,"href":"https:\/\/biblian.is\/fraedsla\/wp-json\/wp\/v2\/pages\/5356\/revisions"}],"up":[{"embeddable":true,"href":"https:\/\/biblian.is\/fraedsla\/wp-json\/wp\/v2\/pages\/4829"}],"wp:attachment":[{"href":"https:\/\/biblian.is\/fraedsla\/wp-json\/wp\/v2\/media?parent=5356"}],"curies":[{"name":"wp","href":"https:\/\/api.w.org\/{rel}","templated":true}]}}