{"id":5354,"date":"2019-05-24T14:23:24","date_gmt":"2019-05-24T14:23:24","guid":{"rendered":"https:\/\/biblian.is\/fraedsla\/?page_id=5354"},"modified":"2026-04-17T13:01:12","modified_gmt":"2026-04-17T13:01:12","slug":"johannesargudspjall-20-kafli","status":"publish","type":"page","link":"https:\/\/biblian.is\/fraedsla\/ritskyring\/johannesargudspjall-20-kafli\/","title":{"rendered":"J\u00f3hannesargu\u00f0spjall 20. kafli"},"content":{"rendered":"<p><strong>20.1 <\/strong>Fyrsta dag vikunnar: A\u00f0 morgni dagsins eftir hv\u00edldardaginn.<\/p>\n<p><strong>20.1<\/strong> Mar\u00eda Magdalena: Nafni\u00f0 g\u00e6ti bent til \u00feess a\u00f0 h\u00fan hafi veri\u00f0 fr\u00e1 Magd\u00f6lum, sem var \u00feorp bi\u00f0 Gal\u00edleuvatn vestanvert. \u00cd Mark\u00fasar- og L\u00fakasargu\u00f0spj\u00f6llum greinir fr\u00e1 \u00fev\u00ed, a\u00f0 Jes\u00fas hafi l\u00e6kna\u00f0 hana (Mrk 16.9; L\u00fak 8.2). Sj\u00e1 og 19.25.<\/p>\n<p><strong>20.2<\/strong> S\u00edmonar P\u00e9turs&#8230;l\u00e6risveinsins sem Jes\u00fas elska\u00f0i: Sj\u00e1 athugagreinar vi\u00f0 1.42 (S\u00edmon P\u00e9tur) og 13.23 (l\u00e6risveinninn sem Jes\u00fas elska\u00f0i).<\/p>\n<p><strong>20.5<\/strong> l\u00ednbl\u00e6jurnar: Sj\u00e1 athugagrein vi\u00f0 11.44.<\/p>\n<p><strong>20.12<\/strong> tvo engla: Sj\u00e1 &#8222;Englar&#8220; (texta vantar).<\/p>\n<p><strong>20.16<\/strong> Rabb\u00fan\u00ed: Sj\u00e1 athugagrein vi\u00f0 1.38 (Rabb\u00ed).<\/p>\n<p><strong>20.19<\/strong> l\u00e6risveinarnir&#8230;l\u00e6st dyrum af \u00f3tta vi\u00f0 Gy\u00f0ingana: L\u00e6risveinar Jes\u00fas \u00f3ttu\u00f0ust a\u00f0 borin yr\u00f0u kennsl \u00e1 \u00fe\u00e1 og \u00feeir lag\u00f0ir \u00ed einelti vegna tr\u00faar sinnar; \u00feeir f\u00f6ldu sig \u00fev\u00ed og loku\u00f0u a\u00f0 s\u00e9r.<\/p>\n<p><strong>20.20<\/strong> s\u00fdndi hann \u00feeim hendur s\u00ednar og s\u00ed\u00f0u: \u00deegar Jes\u00fas var krossfestur voru naglar reknir \u00ed gegnum l\u00f3fa hans, e\u00f0a a\u00f0 \u00f6\u00f0rum kosti \u00falnli\u00f0ina (sj\u00e1 19.18 og &#8222;<a href=\"https:\/\/biblian.is\/fraedsla\/ordtakasafn\/krossfesting\/\">Krossfesting<\/a>&#8222;). \u00de\u00e1 stakk einn af herm\u00f6nnunum spj\u00f3ti \u00ed s\u00ed\u00f0u hans (19.34).<\/p>\n<p><strong>20.22<\/strong> Me\u00f0taki\u00f0 heilagan anda: Sj\u00e1 athugagrein vi\u00f0 1.32 (andann). Jes\u00fas gefur l\u00e6risveinunum heilagan anda, svo sem hann haf\u00f0i \u00e1\u00f0ur heiti\u00f0 \u00feeim (14.16,26; 16.7).<\/p>\n<p><strong>20.23<\/strong> fyrirgefi\u00f0 einhverjum syndirnar: \u00deegar Jes\u00fas gaf l\u00e6risveinum s\u00ednum heilagan anda, gaf hann \u00feeim einnig vald til \u00feess a\u00f0 fyrirgefa syndir. \u00c1\u00f0ur haf\u00f0i \u00fea\u00f0 veri\u00f0 tr\u00fa manna, a\u00f0 Gu\u00f0 einn g\u00e6ti fyrirgefi\u00f0 syndir (sj\u00e1 Mrk 2.7). En h\u00e9r segir Jes\u00fas, a\u00f0 l\u00e6risveinar hans geti einnig gert svo. Vald kristinnar kirkju til \u00feess a\u00f0 fyrirgefa syndir byggist \u00e1 \u00fev\u00ed, a\u00f0 h\u00fan er til \u00feess &#8222;send&#8220; af sj\u00e1lfum Jes\u00fa (20.21).<\/p>\n<p><strong>20.24<\/strong> T\u00f3mas, nefndur tv\u00edburi: Sj\u00e1 athugagrein vi\u00f0 11.16.<\/p>\n<p><strong>20.28<\/strong> Drottinn minn og Gu\u00f0 minn: Sj\u00e1 athugagrein vi\u00f0 13.13 (Drottinn). T\u00f3mas sannf\u00e6rist um \u00fea\u00f0 a\u00f0 Jes\u00fas s\u00e9 upprisinn fr\u00e1 dau\u00f0um af \u00fev\u00ed a\u00f0 hann f\u00e6r a\u00f0 l\u00edta augum s\u00e1rin sem hann hlaut \u00feegar hann var krossfestur.<\/p>\n<p><strong>20.31<\/strong> \u00feetta er rita\u00f0: Vers 30 til 31 hafa stundum veri\u00f0 nefnd &#8222;yfirskrift J\u00f3hannesargu\u00f0spjalls.&#8220; J\u00f3hannes greinir fr\u00e1 kraftaverkum (t\u00e1knum) Jes\u00fa til \u00feess a\u00f0 \u00feeir sem hvorki s\u00e1u Jes\u00fa n\u00e9 heyr\u00f0u \u00ed eigin pers\u00f3nu megi \u00f6\u00f0last tr\u00fana \u00e1 hann (20.29).<\/p>\n","protected":false},"excerpt":{"rendered":"<p>20.1 Fyrsta dag vikunnar: A\u00f0 morgni dagsins eftir hv\u00edldardaginn. 20.1 <a href=\"https:\/\/biblian.is\/fraedsla\/ritskyring\/johannesargudspjall-20-kafli\/\"> [&#8230;]<\/a><\/p>\n","protected":false},"author":1,"featured_media":0,"parent":4829,"menu_order":0,"comment_status":"closed","ping_status":"closed","template":"","meta":{"footnotes":""},"class_list":["post-5354","page","type-page","status-publish","hentry"],"_links":{"self":[{"href":"https:\/\/biblian.is\/fraedsla\/wp-json\/wp\/v2\/pages\/5354","targetHints":{"allow":["GET"]}}],"collection":[{"href":"https:\/\/biblian.is\/fraedsla\/wp-json\/wp\/v2\/pages"}],"about":[{"href":"https:\/\/biblian.is\/fraedsla\/wp-json\/wp\/v2\/types\/page"}],"author":[{"embeddable":true,"href":"https:\/\/biblian.is\/fraedsla\/wp-json\/wp\/v2\/users\/1"}],"replies":[{"embeddable":true,"href":"https:\/\/biblian.is\/fraedsla\/wp-json\/wp\/v2\/comments?post=5354"}],"version-history":[{"count":0,"href":"https:\/\/biblian.is\/fraedsla\/wp-json\/wp\/v2\/pages\/5354\/revisions"}],"up":[{"embeddable":true,"href":"https:\/\/biblian.is\/fraedsla\/wp-json\/wp\/v2\/pages\/4829"}],"wp:attachment":[{"href":"https:\/\/biblian.is\/fraedsla\/wp-json\/wp\/v2\/media?parent=5354"}],"curies":[{"name":"wp","href":"https:\/\/api.w.org\/{rel}","templated":true}]}}