{"id":5348,"date":"2019-05-24T14:15:29","date_gmt":"2019-05-24T14:15:29","guid":{"rendered":"https:\/\/biblian.is\/fraedsla\/?page_id=5348"},"modified":"2026-04-17T13:01:11","modified_gmt":"2026-04-17T13:01:11","slug":"johannesargudspjall-17-kafli","status":"publish","type":"page","link":"https:\/\/biblian.is\/fraedsla\/ritskyring\/johannesargudspjall-17-kafli\/","title":{"rendered":"J\u00f3hannesargu\u00f0spjall 17. kafli"},"content":{"rendered":"<p><strong>17.1<\/strong> stundin er komin&#8230;Ger son \u00feinn d\u00fdrlegan: Sj\u00e1 athugagreinar vi\u00f0 2.4 og 7.39 (var ekki enn d\u00fdrlegur or\u00f0inn).<\/p>\n<p><strong>17.2<\/strong> eil\u00edft l\u00edf: Sj\u00e1 athugagrein vi\u00f0 3.15 og <a href=\"https:\/\/biblian.is\/fraedsla\/ordtakasafn\/eilift-lif\/\">&#8222;Eil\u00edft l\u00edf&#8220;<\/a>.<\/p>\n<p><strong>17.5<\/strong> \u00e1\u00f0ur en heimur var til: Sj\u00e1 athugagrein vi\u00f0 1.1-3.<\/p>\n<p><strong>17.9<\/strong> \u00c9g bi\u00f0 ekki fyrir heiminum: Sj\u00e1 athugagrein vi\u00f0 12.31.<\/p>\n<p><strong>17.12<\/strong> sonur gl\u00f6tunarinnar: J\u00fadas \u00cdskar\u00edot. Sj\u00e1 og 13.2 og athugagrein vi\u00f0 6.70,71.<\/p>\n<p><strong>17.12<\/strong> Slm 41.9; J\u00f3h 13.18.<\/p>\n<p><strong>17.15<\/strong> hinu illa: Satan (dj\u00f6fullinn). Sj\u00e1 athugagreinar vi\u00f0 8.44 og 12.31.<\/p>\n<p><strong>17.23<\/strong> til \u00feess a\u00f0 heimurinn viti: Jes\u00fas bi\u00f0ur \u00feess, a\u00f0 l\u00e6risveinar hans ver\u00f0i allir eitt \u00ed Gu\u00f0i. \u00deegar heimurinn ver\u00f0ur vitni a\u00f0 &#8222;einingu&#8220; l\u00e6risveina Jes\u00fa munu vantr\u00faa\u00f0ir sannf\u00e6rast um a\u00f0 Jes\u00fas hafi veri\u00f0 af Gu\u00f0i sendur.<\/p>\n<p><strong>17.24<\/strong> \u00fe\u00fa elska\u00f0ir mig fyrir grundv\u00f6llun heims: Sj\u00e1 athugagrein vi\u00f0 1.1-3.<\/p>\n<p>&nbsp;<\/p>\n","protected":false},"excerpt":{"rendered":"<p>17.1 stundin er komin&#8230;Ger son \u00feinn d\u00fdrlegan: Sj\u00e1 athugagreinar vi\u00f0 <a href=\"https:\/\/biblian.is\/fraedsla\/ritskyring\/johannesargudspjall-17-kafli\/\"> [&#8230;]<\/a><\/p>\n","protected":false},"author":1,"featured_media":0,"parent":4829,"menu_order":0,"comment_status":"closed","ping_status":"closed","template":"","meta":{"footnotes":""},"class_list":["post-5348","page","type-page","status-publish","hentry"],"_links":{"self":[{"href":"https:\/\/biblian.is\/fraedsla\/wp-json\/wp\/v2\/pages\/5348","targetHints":{"allow":["GET"]}}],"collection":[{"href":"https:\/\/biblian.is\/fraedsla\/wp-json\/wp\/v2\/pages"}],"about":[{"href":"https:\/\/biblian.is\/fraedsla\/wp-json\/wp\/v2\/types\/page"}],"author":[{"embeddable":true,"href":"https:\/\/biblian.is\/fraedsla\/wp-json\/wp\/v2\/users\/1"}],"replies":[{"embeddable":true,"href":"https:\/\/biblian.is\/fraedsla\/wp-json\/wp\/v2\/comments?post=5348"}],"version-history":[{"count":0,"href":"https:\/\/biblian.is\/fraedsla\/wp-json\/wp\/v2\/pages\/5348\/revisions"}],"up":[{"embeddable":true,"href":"https:\/\/biblian.is\/fraedsla\/wp-json\/wp\/v2\/pages\/4829"}],"wp:attachment":[{"href":"https:\/\/biblian.is\/fraedsla\/wp-json\/wp\/v2\/media?parent=5348"}],"curies":[{"name":"wp","href":"https:\/\/api.w.org\/{rel}","templated":true}]}}