{"id":5346,"date":"2019-05-24T14:13:46","date_gmt":"2019-05-24T14:13:46","guid":{"rendered":"https:\/\/biblian.is\/fraedsla\/?page_id=5346"},"modified":"2022-12-16T13:59:02","modified_gmt":"2022-12-16T13:59:02","slug":"johannesargudspjall-16-kafli","status":"publish","type":"page","link":"https:\/\/biblian.is\/fraedsla\/ritskyring\/johannesargudspjall-16-kafli\/","title":{"rendered":"J\u00f3hannesargu\u00f0spjall 16. kafli"},"content":{"rendered":"<p><strong>16.2<\/strong> gera y\u00f0ur samkundur\u00e6ka: Sj\u00e1 athugagreinar vi\u00f0 9.22-23 (\u00fat undan) og 12.42.<\/p>\n<p><strong>16.5<\/strong> n\u00fa fer \u00e9g til hans sem sendi mig: Sj\u00e1 athugagrein vi\u00f0 14.28.<\/p>\n<p><strong>16.7-8<\/strong> hj\u00e1lparinn&#8230;til y\u00f0ar: Sj\u00e1 athugagrein vi\u00f0 1.32 og <a href=\"https:\/\/biblian.is\/fraedsla\/ordtakasafn\/heilagur-andi\/\">&#8222;Heilagur andi&#8220;<\/a>. Heilagur andi mun s\u00fdna fram \u00e1 \u00fea\u00f0, a\u00f0 heimurinn veit ekki hva\u00f0 synd er og hann mun kenna m\u00f6nnum a\u00f0 lifa samkv\u00e6mt vilja Gu\u00f0s. Andinn birtir sannleikann um Gu\u00f0 og fyrir\u00e6tlanir hans.<\/p>\n<p><strong>16.8<\/strong> sanna&#8230;r\u00e9ttl\u00e6ti: Margir tr\u00fa\u00f0u \u00fev\u00ed a\u00f0 reglur og fyrirm\u00e6li \u00ed l\u00f6gm\u00e1li M\u00f3se v\u00e6ru allur sannleikurinn um \u00fea\u00f0 sem Gu\u00f0 \u00e6tla\u00f0ist til af l\u00fd\u00f0 s\u00ednum. Jes\u00fas f\u00e6r\u00f0i s\u00f6nnur \u00e1 \u00fea\u00f0 a\u00f0 \u00fdmsir hef\u00f0u misskili\u00f0 vilja Gu\u00f0s. R\u00e9ttl\u00e6ti Gu\u00f0s v\u00e6ri \u00e6tla\u00f0 \u00f6llum m\u00f6nnum, en ekki a\u00f0eins f\u00e1um \u00fatv\u00f6ldum af \u00cdsraels\u00fej\u00f3\u00f0. \u00deeir sem ekki tr\u00fa\u00f0u Jes\u00fa yr\u00f0u a\u00f0 koma fyrir d\u00f3mst\u00f3l Gu\u00f0s.<\/p>\n<p><strong>16.11<\/strong> h\u00f6f\u00f0ingi \u00feessa heims: Sj\u00e1 athugagrein vi\u00f0 12.31.<\/p>\n<p><strong>16.20<\/strong> \u00de\u00e9r munu\u00f0 gr\u00e1ta&#8230;heimurinn mun fagna: Jes\u00fas r\u00e6\u00f0ir h\u00e9r um sorg og \u00f3tta l\u00e6risveina sinna eftir a\u00f0 hann hefur veri\u00f0 krossfestur (19.17-39). Harmur \u00feeirra ver\u00f0ur s\u00e1r, l\u00edkt og \u00ferautir konu \u00feegar h\u00fan elur barn. &#8222;Heimurinn&#8220;, \u00feeir sem ekki tr\u00faa \u00e1 Jes\u00fa, mun aftur \u00e1 m\u00f3ti ver\u00f0a feginn \u00fev\u00ed a\u00f0 sj\u00e1 honum \u00e1 bak.<\/p>\n<p><strong>16.32<\/strong> \u00fe\u00e9r tv\u00edstrist&#8230;skilji\u00f0 mig einan eftir: Jafnvel \u00fe\u00f3tt l\u00e6risveinarnir segist vita hver Jes\u00fas er, munu r\u00e9ttarh\u00f6ldin yfir honum og krossfestingin reyna mj\u00f6g \u00e1 hugrekki \u00feeirra og tr\u00faarstyrk. Jes\u00fas segir \u00feeim, a\u00f0 \u00ed fyrstunni muni \u00feeir ekki sty\u00f0ja hann \u00ed andstreymi hans og \u00fej\u00e1ningu (18.15-18, 25.25-27; Mrk 14.50,51).<\/p>\n<p><strong>16.33 <\/strong>\u00c9g hef sigra\u00f0 heiminn: Sj\u00e1 athugagreinar vi\u00f0 8.44 og 12.31.<\/p>\n","protected":false},"excerpt":{"rendered":"<p>16.2 gera y\u00f0ur samkundur\u00e6ka: Sj\u00e1 athugagreinar vi\u00f0 9.22-23 (\u00fat undan) <a href=\"https:\/\/biblian.is\/fraedsla\/ritskyring\/johannesargudspjall-16-kafli\/\"> [&#8230;]<\/a><\/p>\n","protected":false},"author":1,"featured_media":0,"parent":4829,"menu_order":0,"comment_status":"closed","ping_status":"closed","template":"","meta":{"footnotes":""},"class_list":["post-5346","page","type-page","status-publish","hentry"],"_links":{"self":[{"href":"https:\/\/biblian.is\/fraedsla\/wp-json\/wp\/v2\/pages\/5346","targetHints":{"allow":["GET"]}}],"collection":[{"href":"https:\/\/biblian.is\/fraedsla\/wp-json\/wp\/v2\/pages"}],"about":[{"href":"https:\/\/biblian.is\/fraedsla\/wp-json\/wp\/v2\/types\/page"}],"author":[{"embeddable":true,"href":"https:\/\/biblian.is\/fraedsla\/wp-json\/wp\/v2\/users\/1"}],"replies":[{"embeddable":true,"href":"https:\/\/biblian.is\/fraedsla\/wp-json\/wp\/v2\/comments?post=5346"}],"version-history":[{"count":0,"href":"https:\/\/biblian.is\/fraedsla\/wp-json\/wp\/v2\/pages\/5346\/revisions"}],"up":[{"embeddable":true,"href":"https:\/\/biblian.is\/fraedsla\/wp-json\/wp\/v2\/pages\/4829"}],"wp:attachment":[{"href":"https:\/\/biblian.is\/fraedsla\/wp-json\/wp\/v2\/media?parent=5346"}],"curies":[{"name":"wp","href":"https:\/\/api.w.org\/{rel}","templated":true}]}}