{"id":5344,"date":"2019-05-24T14:12:34","date_gmt":"2019-05-24T14:12:34","guid":{"rendered":"https:\/\/biblian.is\/fraedsla\/?page_id=5344"},"modified":"2022-12-16T13:59:02","modified_gmt":"2022-12-16T13:59:02","slug":"johannesargudspjall-15-kafli","status":"publish","type":"page","link":"https:\/\/biblian.is\/fraedsla\/ritskyring\/johannesargudspjall-15-kafli\/","title":{"rendered":"J\u00f3hannesargu\u00f0spjall 15. kafli"},"content":{"rendered":"<p><strong>15.1,2<\/strong> hinn sanni v\u00ednvi\u00f0ur&#8230;beri meiri \u00e1v\u00f6xt: Jes\u00fas l\u00edkir s\u00e9r vi\u00f0 stofn v\u00ednvi\u00f0ar me\u00f0 m\u00f6rgum greinum. V\u00edngar\u00f0seigandi \u00fearf a\u00f0 klippa af v\u00ednvi\u00f0num visna\u00f0ar greinar sem engan \u00e1v\u00f6xt bera, \u00fev\u00ed a\u00f0 annars spilla \u00fe\u00e6r fyrir uppskerunni.<\/p>\n<p>A\u00f0eins lifandi greinar \u00e1 stofninum (Jes\u00fa) bera \u00e1v\u00f6xt (15.5). Jes\u00fas \u00e6tlast til \u00feess a\u00f0 l\u00e6risveinar hans beri \u00feann &#8222;\u00e1v\u00f6xt&#8220; sem er k\u00e6rleikur til Gu\u00f0s og manna. L\u00fd\u00f0 Gu\u00f0s, \u00cdsraels\u00fej\u00f3\u00f0inni, er sums sta\u00f0ar \u00ed helgiritum Gy\u00f0inga jafna\u00f0 vi\u00f0 v\u00edngar\u00f0, sem ekki ber \u00feann \u00e1v\u00f6xt sem eigandi hans \u00e6tlast til (Jes 5.1-7).<\/p>\n<p><strong>15.6 <\/strong>greinunum&#8230;visnar: Greinar \u00e1 v\u00ednvi\u00f0i sem ekki bera \u00e1v\u00f6xt eru sni\u00f0nar af stofninum (15.1,2) og brenndar.<\/p>\n<p><strong>15.8<\/strong> mikinn \u00e1v\u00f6xt og ver\u00f0i\u00f0 l\u00e6risveinar: Sj\u00e1 athugagrein vi\u00f0 15.1,2.<\/p>\n<p><strong>15.15<\/strong> \u00fej\u00f3na: Gr\u00edska or\u00f0i\u00f0 sem \u00fe\u00fdtt er me\u00f0 &#8222;\u00fej\u00f3nn&#8220; \u00ed \u00edslenskum \u00fe\u00fd\u00f0ingum N\u00fdja testamentis merkir &#8222;\u00fer\u00e6ll \u00ed eigu annars manns,&#8220; en ekki s\u00e1 sem r\u00e1\u00f0inn er upp \u00e1 kaup til \u00feess a\u00f0 inna af hendi tilteki\u00f0 verk. \u00der\u00e6lar st\u00f3\u00f0u \u00fev\u00ed \u00e1 engan h\u00e1tt jafnf\u00e6tis h\u00fasb\u00e6ndum s\u00ednum og h\u00fasb\u00e6ndurnir mundu aldrei hafa tala\u00f0 vi\u00f0 \u00fe\u00e1 eins og jafningja s\u00edna, l\u00edkt og \u00feegar vinir r\u00e6\u00f0ast vi\u00f0. Sj\u00e1 &#8222;\u00der\u00e6lar og \u00fej\u00f3nustuf\u00f3lk \u00e1 d\u00f6gum Jes\u00fa&#8220;.<\/p>\n<p><strong>15.16<\/strong> \u00e1v\u00f6xt sem varir: Sj\u00e1 athugagreinar \u00e1 bls. 15.1,2 og 15.8.<\/p>\n<p><strong>15.18<\/strong> heimurinn: Sj\u00e1 athugagrein vi\u00f0 12.31.<\/p>\n<p><strong>15.21<\/strong> allt \u00feetta munu \u00feeir y\u00f0ur gera: Jes\u00fas segir, a\u00f0 \u00feeir sem eru &#8222;upp \u00e1 heiminn&#8220; og fylgja honum ekki a\u00f0 m\u00e1lum muni koma illa fram vi\u00f0 l\u00e6risveina hans. Sumir l\u00e6risveina hans munu ver\u00f0a teknir af l\u00edfi eins og meistari \u00feeirra.<\/p>\n<p><strong>15.22<\/strong> synd: Sj\u00e1 athugagrein vi\u00f0 5.14. Jes\u00fas kom \u00ed heiminn til \u00feess a\u00f0 gefa \u00f6llum m\u00f6nnum f\u00e6ri \u00e1 a\u00f0 sn\u00faa s\u00e9r til Gu\u00f0s og tr\u00faa sannleikanum. Margir kusu \u00fe\u00f3 a\u00f0 tr\u00faa ekki hinum n\u00fdja bo\u00f0skap sem Jes\u00fas flutti.<\/p>\n<p><strong>15.26<\/strong> hj\u00e1lparinn&#8230;sannleiksandinn: Sj\u00e1 athugagrein vi\u00f0 1.32 og <a href=\"https:\/\/biblian.is\/fraedsla\/ordtakasafn\/heilagur-andi\/\">\u201eHeilagur andi\u201c<\/a>.<\/p>\n","protected":false},"excerpt":{"rendered":"<p>15.1,2 hinn sanni v\u00ednvi\u00f0ur&#8230;beri meiri \u00e1v\u00f6xt: Jes\u00fas l\u00edkir s\u00e9r vi\u00f0 <a href=\"https:\/\/biblian.is\/fraedsla\/ritskyring\/johannesargudspjall-15-kafli\/\"> [&#8230;]<\/a><\/p>\n","protected":false},"author":1,"featured_media":0,"parent":4829,"menu_order":0,"comment_status":"closed","ping_status":"closed","template":"","meta":{"footnotes":""},"class_list":["post-5344","page","type-page","status-publish","hentry"],"_links":{"self":[{"href":"https:\/\/biblian.is\/fraedsla\/wp-json\/wp\/v2\/pages\/5344","targetHints":{"allow":["GET"]}}],"collection":[{"href":"https:\/\/biblian.is\/fraedsla\/wp-json\/wp\/v2\/pages"}],"about":[{"href":"https:\/\/biblian.is\/fraedsla\/wp-json\/wp\/v2\/types\/page"}],"author":[{"embeddable":true,"href":"https:\/\/biblian.is\/fraedsla\/wp-json\/wp\/v2\/users\/1"}],"replies":[{"embeddable":true,"href":"https:\/\/biblian.is\/fraedsla\/wp-json\/wp\/v2\/comments?post=5344"}],"version-history":[{"count":0,"href":"https:\/\/biblian.is\/fraedsla\/wp-json\/wp\/v2\/pages\/5344\/revisions"}],"up":[{"embeddable":true,"href":"https:\/\/biblian.is\/fraedsla\/wp-json\/wp\/v2\/pages\/4829"}],"wp:attachment":[{"href":"https:\/\/biblian.is\/fraedsla\/wp-json\/wp\/v2\/media?parent=5344"}],"curies":[{"name":"wp","href":"https:\/\/api.w.org\/{rel}","templated":true}]}}