{"id":5340,"date":"2019-05-24T14:09:10","date_gmt":"2019-05-24T14:09:10","guid":{"rendered":"https:\/\/biblian.is\/fraedsla\/?page_id=5340"},"modified":"2026-04-17T13:01:11","modified_gmt":"2026-04-17T13:01:11","slug":"johannesargudspjall-13-kafli","status":"publish","type":"page","link":"https:\/\/biblian.is\/fraedsla\/ritskyring\/johannesargudspjall-13-kafli\/","title":{"rendered":"J\u00f3hannesargu\u00f0spjall 13. kafli"},"content":{"rendered":"<p><strong>13.1<\/strong> H\u00e1t\u00ed\u00f0 p\u00e1skanna: Sj\u00e1 athugagrein vi\u00f0 2.13 (P\u00e1skar). Ekki er lj\u00f3st hve l\u00f6ngu fyrir p\u00e1ska \u00feetta var. \u00cd samstofna gu\u00f0spj\u00f6llunum (Matteus, Mark\u00fas og L\u00fakas) er s\u00ed\u00f0asta kv\u00f6ldm\u00e1lt\u00ed\u00f0 Jes\u00fa me\u00f0 postulum s\u00ednum p\u00e1skam\u00e1lt\u00ed\u00f0in (sj\u00e1 t.d. Mrk 14.12).<\/p>\n<p><strong>13.2<\/strong> Dj\u00f6fullinn&#8230;bl\u00e1si\u00f0 \u00fev\u00ed \u00ed brj\u00f3st J\u00fadasi: Sj\u00e1 athugagrein vi\u00f0 8.44 (dj\u00f6fullinn), Satan\u00a0og athugagreinar vi\u00f0 6.70,71 og 12.4 (J\u00fadas). N\u00e1nar um J\u00fadas \u00ed Mrk 14.10,11 og L\u00fak 22.3-6.<\/p>\n<p><strong>13.5<\/strong> t\u00f3k a\u00f0 \u00fevo f\u00e6tur l\u00e6risveinanna: \u00cd mannf\u00e9lagi Gy\u00f0inga til forna var \u00fea\u00f0 \u00ed verkahring \u00fej\u00f3na a\u00f0 \u00fevo h\u00fasb\u00e6ndum s\u00ednum um f\u00e6turna. Jes\u00fas er h\u00e9r \u00ed hlutverki \u00fej\u00f3nsins. Verkna\u00f0urinn bendir fram til \u00feeirrar stundar, \u00feegar Jes\u00fas mun veita \u00fe\u00e1 miklu og \u00f3vi\u00f0jafnanlegu \u00fej\u00f3nustu a\u00f0 deyja \u00e1 krossinum, l\u00e1ta l\u00edf sitt sem lausnargjald fyrir marga.<\/p>\n<p><strong>13.6 <\/strong>S\u00edmoni P\u00e9tri: Sj\u00e1 athugagrein vi\u00f0 1.42. Vi\u00f0br\u00f6g\u00f0 P\u00e9turs vi\u00f0 f\u00f3ta\u00fevottinum (13.8) eru e\u00f0lileg, \u00fear e\u00f0 Jes\u00fas var \u00f3umdeildur fyrirli\u00f0i postulanna.<\/p>\n<p><strong>13.11<\/strong> ekki allir hreinir: Jes\u00fas \u00e1 h\u00e9r vi\u00f0 J\u00fadas (13.2).<\/p>\n<p><strong>13.12<\/strong> sest aftur ni\u00f0ur: Jes\u00fas f\u00f3r aftur \u00e1 sinn sta\u00f0 vi\u00f0 bor\u00f0i\u00f0. Vi\u00f0 s\u00e9rst\u00f6k t\u00e6kif\u00e6ri f\u00f3ru Gy\u00f0ingar a\u00f0 si\u00f0um Grikkja og R\u00f3mverja og l\u00e1gu til bor\u00f0s, hv\u00edldu \u00e1 vinstri olnboga og sn\u00e6ddu me\u00f0 h\u00e6gri hendi.<\/p>\n<p><strong>13.12-15<\/strong> Sbr. L\u00fak 22.27.<\/p>\n<p><strong>13.13<\/strong> Drottin: &#8222;Drottinn&#8220; er \u00e1 gr\u00edsku\u00a0<em>kyrios<\/em>, sem getur \u00fe\u00fdtt meistari e\u00f0a herra. Me\u00f0 \u00fev\u00ed a\u00f0 \u00e1varpa Jes\u00fa svo, er kve\u00f0i\u00f0 r\u00edkt \u00e1 um vald hans og m\u00e1tt. Sj\u00e1 og athugagrein vi\u00f0 20.28 og &#8222;<a href=\"https:\/\/biblian.is\/fraedsla\/ordtakasafn\/drottinn-eitt-af-virdingarnofnum-jesu\/\">Drottinn<\/a>&#8222;.<\/p>\n<p><strong>13.19<\/strong> \u00e9g er: Sj\u00e1 athugagreinar vi\u00f0 6.20 og 8.24.<\/p>\n<p><strong>13.21<\/strong> Einn af y\u00f0ur mun sv\u00edkja mig: Sj\u00e1 athugagreinar vi\u00f0 13.2 og 13.11.<\/p>\n<p><strong>13.23<\/strong> S\u00e1 l\u00e6risveinn Jes\u00fa sem hann elska\u00f0i: \u00cd J\u00f3hannesargu\u00f0spjalli kemur fram a\u00f0 Jes\u00fas hafi unna\u00f0 einum l\u00e6risveini s\u00ednum um a\u00f0ra fram (19.26 og 20.2). Ekki er lj\u00f3st hver hann var. Sj\u00e1 og athugagrein vi\u00f0 21.24.<\/p>\n<p><strong>13.24<\/strong> S\u00edmon P\u00e9tur: Sj\u00e1 athugagrein vi\u00f0 1.42.<\/p>\n<p><strong>13.26,27<\/strong> J\u00fadasi&#8230;Satan: Sj\u00e1 athugagrein vi\u00f0 2. vers.<\/p>\n<p><strong>13.29<\/strong> til h\u00e1t\u00ed\u00f0arinnar: P\u00e1skah\u00e1t\u00ed\u00f0in (sj\u00e1 athugagrein vi\u00f0 2.13).<\/p>\n<p><strong>13.31<\/strong> Mannssonurinn d\u00fdrlegur or\u00f0inn: Sj\u00e1 athugagrein vi\u00f0 1.51 og &#8222;<a href=\"https:\/\/biblian.is\/fraedsla\/ordtakasafn\/mannssonurinn\/\">Mannssonurinn<\/a>&#8222;; sj\u00e1 og athugagrein vi\u00f0 7.39 (d\u00fdrlegur or\u00f0inn).<\/p>\n<p><strong>13.34<\/strong> N\u00fdtt bo\u00f0or\u00f0&#8230;elski\u00f0 hvert anna\u00f0: L\u00e6risveinar Jes\u00fa eiga a\u00f0 taka s\u00e9r k\u00e6rleika hans til fyrirmyndar. \u00deeir eiga a\u00f0 elska hver annan \u00e1 sama h\u00e1tt og Jes\u00fas elskar \u00fe\u00e1 (J\u00f3h 15.12,17; 1J\u00f3h 3.23; 2J\u00f3h 5).<\/p>\n<p><strong>13.36<\/strong> S\u00edmon P\u00e9tur: Sj\u00e1 athugagrein vi\u00f0 1.42.<\/p>\n<p><strong>13.38<\/strong> Ekki mun hani gala fyrr: Hanar gala \u00ed morguns\u00e1ri\u00f0. Jes\u00fas segir P\u00e9tri a\u00f0 hann muni \u00ferisvar afneita s\u00e9r \u00e1\u00f0ur en dagur rennur.<\/p>\n","protected":false},"excerpt":{"rendered":"<p>13.1 H\u00e1t\u00ed\u00f0 p\u00e1skanna: Sj\u00e1 athugagrein vi\u00f0 2.13 (P\u00e1skar). Ekki er <a href=\"https:\/\/biblian.is\/fraedsla\/ritskyring\/johannesargudspjall-13-kafli\/\"> [&#8230;]<\/a><\/p>\n","protected":false},"author":1,"featured_media":0,"parent":4829,"menu_order":0,"comment_status":"closed","ping_status":"closed","template":"","meta":{"footnotes":""},"class_list":["post-5340","page","type-page","status-publish","hentry"],"_links":{"self":[{"href":"https:\/\/biblian.is\/fraedsla\/wp-json\/wp\/v2\/pages\/5340","targetHints":{"allow":["GET"]}}],"collection":[{"href":"https:\/\/biblian.is\/fraedsla\/wp-json\/wp\/v2\/pages"}],"about":[{"href":"https:\/\/biblian.is\/fraedsla\/wp-json\/wp\/v2\/types\/page"}],"author":[{"embeddable":true,"href":"https:\/\/biblian.is\/fraedsla\/wp-json\/wp\/v2\/users\/1"}],"replies":[{"embeddable":true,"href":"https:\/\/biblian.is\/fraedsla\/wp-json\/wp\/v2\/comments?post=5340"}],"version-history":[{"count":0,"href":"https:\/\/biblian.is\/fraedsla\/wp-json\/wp\/v2\/pages\/5340\/revisions"}],"up":[{"embeddable":true,"href":"https:\/\/biblian.is\/fraedsla\/wp-json\/wp\/v2\/pages\/4829"}],"wp:attachment":[{"href":"https:\/\/biblian.is\/fraedsla\/wp-json\/wp\/v2\/media?parent=5340"}],"curies":[{"name":"wp","href":"https:\/\/api.w.org\/{rel}","templated":true}]}}