{"id":5338,"date":"2019-05-24T14:06:06","date_gmt":"2019-05-24T14:06:06","guid":{"rendered":"https:\/\/biblian.is\/fraedsla\/?page_id=5338"},"modified":"2026-04-17T13:01:11","modified_gmt":"2026-04-17T13:01:11","slug":"johannesargudspjall-12-kafli","status":"publish","type":"page","link":"https:\/\/biblian.is\/fraedsla\/ritskyring\/johannesargudspjall-12-kafli\/","title":{"rendered":"J\u00f3hannesargu\u00f0spjall 12. kafli"},"content":{"rendered":"<p><strong>12.1<\/strong> p\u00e1ska: sj\u00e1 athugagrein vi\u00f0 2.13.<\/p>\n<p><strong>12.1,2<\/strong> Betan\u00edu&#8230;Lasarus&#8230;Marta: Sj\u00e1 athugagreinar vi\u00f0 11.1,2.<\/p>\n<p><strong>12.3<\/strong> d\u00fdrum nardussmyrslum: \u00deau voru b\u00fain til \u00far ilmol\u00edu sem f\u00e9kkst af r\u00f3tum nardusjurtarinnar. H\u00fan var innflutt til Palest\u00ednu fr\u00e1 Indlandi. Smyrslin voru seld d\u00fdrum d\u00f3mum \u00e1 fl\u00f6skum \u00far alabastri og var\u00f0 a\u00f0 brj\u00f3ta \u00fe\u00e6r ef taka \u00e1tti til innihaldsins.<\/p>\n<p><strong>12.4<\/strong> J\u00fadas \u00cdskar\u00edot: J\u00fadas var f\u00e9hir\u00f0irinn \u00ed postulah\u00f3pnum. Hann var\u00f0veitti \u00fev\u00ed sameiginlegan sj\u00f3\u00f0 Jes\u00fa og hinna t\u00f3lf. Sj\u00e1 og athugagrein vi\u00f0 6.70,71.<\/p>\n<p><strong>12.5<\/strong> \u00ferj\u00fa hundru\u00f0 denara: Denar var silfurmynt, um \u00fea\u00f0 bil 8 gr\u00f6mm a\u00f0 \u00feyngd, og jafngilti daglaunum verkamanns. Smyrslin hafa \u00fev\u00ed kosta\u00f0 fast a\u00f0 \u00e1rslaunum.<\/p>\n<p><strong>12.7<\/strong> til greftrunardags m\u00edns: Jes\u00fas l\u00edtur svo \u00e1, a\u00f0 Mar\u00eda s\u00e9 \u00f3afvitandi og fyrirfram a\u00f0 b\u00faa l\u00edkama hans til greftrunar. <a href=\"https:\/\/biblian.is\/fraedsla\/ordtakasafn\/greftrun\/\">Sj\u00e1 og &#8222;Greftrun&#8220;.<\/a><\/p>\n<p><strong>12.10<\/strong> \u00e1kv\u00e1\u00f0u&#8230;prestarnir a\u00f0 taka&#8230;Lasarus af l\u00edfi: Sj\u00e1 athugagrein vi\u00f0 7.32 (\u00e6\u00f0stu prestar). Lasarus var \u00f3hrekjandi s\u00f6nnun fyrir m\u00e6tti Jes\u00fa (12.11).<\/p>\n<p><strong>12.12<\/strong> til h\u00e1t\u00ed\u00f0arinnar&#8230;Jer\u00fasalem: Sj\u00e1 athugagreinar vi\u00f0 2.13 (p\u00e1skar) og 2.23 (Jer\u00fasalem).<\/p>\n<p><strong>12.13<\/strong> p\u00e1lmagreinar: Menn b\u00e1ru gjarnan p\u00e1lmagreinar sem gle\u00f0it\u00e1kn, \u00feegar \u00feeir f\u00f6gnu\u00f0u fr\u00e6g\u00f0armennum e\u00f0a \u00fej\u00f3\u00f0h\u00f6f\u00f0ingjum.<\/p>\n<p><strong>12.13<\/strong> H\u00f3sanna: Hebreska, merkir &#8222;bjarga \u00fe\u00fa.&#8220;<\/p>\n<p><strong>12.15<\/strong> \u00f6snufola: Sj\u00e1 Sak 9.9, \u00fear sem \u00fev\u00ed er sp\u00e1\u00f0 a\u00f0 konungur \u00cdsraels muni vitja \u00fej\u00f3\u00f0ar sinnar r\u00ed\u00f0andi \u00e1 asna. R\u00f3mverskir vir\u00f0ingarmenn s\u00e1tu st\u00f3rvaxna hesta, r\u00edgv\u00e6na st\u00f3lpagripi, \u00feegar \u00feeir ri\u00f0u inn \u00ed borgir \u00ed skr\u00fa\u00f0fylkingu.<\/p>\n<p><strong>12.16<\/strong> Jes\u00fas var d\u00fdrlegur or\u00f0inn: Sj\u00e1 athugagrein vi\u00f0 7.39 (d\u00fdrlegur or\u00f0inn).<\/p>\n<p><strong>12.16<\/strong> var rita\u00f0: \u00c1tt er vi\u00f0 helgirit Gy\u00f0inga, sem kristnir nefna Gamla testamenti.<\/p>\n<p><strong>12.19<\/strong> far\u00edsear: Sj\u00e1 athugagrein vi\u00f0 1.24.<\/p>\n<p><strong>12.20<\/strong> nokkrir Grikkir: Ef til vill hafa \u00feetta veri\u00f0 Grikkir, sem Gy\u00f0ingar k\u00f6llu\u00f0u hei\u00f0ingja, en hafa \u00fe\u00f3 teki\u00f0 \u00fe\u00e1tt \u00ed gu\u00f0sd\u00fdrkun \u00feeirra. Sj\u00e1 athugagrein vi\u00f0 7.35.<\/p>\n<p><strong>12.21,22<\/strong> Filippusar&#8230;Andr\u00e9si: Sj\u00e1 athugagreinar vi\u00f0 1.45 (Filippus) og 1.40 (Andr\u00e9s).<\/p>\n<p><strong>12.23<\/strong> d\u00fdr\u00f0 Mannssonarins ver\u00f0i opinber: Sj\u00e1 athugagreinar vi\u00f0 1.51 og 7.39.<\/p>\n<p><strong>12.25<\/strong> eil\u00edfs l\u00edfs: Sj\u00e1 athugagrein vi\u00f0 3.15.<\/p>\n<p><strong>12.27<\/strong> \u00e9g er kominn til \u00feess a\u00f0 m\u00e6ta \u00feessari stundu: Jes\u00fas veit a\u00f0 \u00fea\u00f0 er samkv\u00e6mt fyrir\u00e6tlun Gu\u00f0s a\u00f0 hann mun deyja \u00e1 krossinum. Me\u00f0 dau\u00f0a s\u00ednum gerir hann Gu\u00f0 f\u00f6\u00f0ur d\u00fdrlegan \u00e1 j\u00f6r\u00f0u og fullkomnar \u00fea\u00f0 verk sem honum var fengi\u00f0 a\u00f0 vinna (J\u00f3h 17.4).<\/p>\n<p><strong>12.28,29<\/strong> r\u00f6dd af himni&#8230;\u00feruma: R\u00f6ddin er Gu\u00f0s, en sumir telja sig hafa heyrt \u00ed \u00ferumu, a\u00f0rir \u00ed engli. Raust Gu\u00f0s hlj\u00f3mar oft sem \u00ferumugn\u00fdr (2M\u00f3s 19.6; Slm 29; 1Sam 7.9,10; Opb 14.2).<\/p>\n<p><strong>12.31 <\/strong>h\u00f6f\u00f0ingja \u00feessa heims: Eitt af n\u00f6fnum dj\u00f6fulsins \u00ed J\u00f3hannesargu\u00f0spjalli, sem stundum er l\u00edka kalla\u00f0ur Satan; hann er foringi \u00feeirra illu afla \u00ed \u00feessum heimi sem standa \u00ed gegn Gu\u00f0i og l\u00fd\u00f0 hans (8.44; 14.30 og 16.11). F\u00f3lki\u00f0 \u00e1 j\u00f6r\u00f0inni og \u00fe\u00e1 annarlegu krafta sem leitast vi\u00f0 a\u00f0 stj\u00f3rna \u00fev\u00ed kallar J\u00f3hannes stundum &#8222;heiminn.&#8220; (Sj\u00e1 athugagrein vi\u00f0 8.23).<\/p>\n<p><strong>12.32<\/strong> hafinn upp fr\u00e1 j\u00f6r\u00f0u: Jes\u00fas \u00e1 vi\u00f0 krossdau\u00f0a sinn (12.33) og upprisu.<\/p>\n<p><strong>12.34<\/strong> Kristur muni ver\u00f0a til eil\u00edf\u00f0ar: \u00deessi or\u00f0 er hvergi a\u00f0 finna \u00ed helgiritum Gy\u00f0inga, en vera m\u00e1 a\u00f0 mannfj\u00f6ldinn v\u00edsi h\u00e9r til fyrirheitisins um a\u00f0 \u00e6tt Dav\u00ed\u00f0s konungs muni r\u00edkja um alla framt\u00ed\u00f0 (2Sam 5; Slm 89.36; Jes 9.7). Sj\u00e1 athugagrein vi\u00f0 1.19-20 (Mess\u00edas). V\u00e6ri Jes\u00fas Mess\u00edas, var \u00fea\u00f0 ofvaxi\u00f0 skilningi f\u00f3lksins, a\u00f0 hann, Mannssonurinn, \u00feyrfti a\u00f0 ver\u00f0a &#8222;hafinn upp,&#8220; sem h\u00e9r merkir a\u00f0 vera l\u00edfl\u00e1tinn \u00e1 krossi.<\/p>\n<p><strong>12.35<\/strong> lj\u00f3si\u00f0: Sj\u00e1 athugagrein vi\u00f0 3.19.<\/p>\n<p><strong>12.37<\/strong> t\u00e1kn: Sj\u00e1 ne\u00f0anm\u00e1lsgrein vi\u00f0 2.11.<\/p>\n<p><strong>12.42<\/strong> vegna far\u00edseanna svo a\u00f0 \u00feeir yr\u00f0u ekki samkundur\u00e6kir: Far\u00edsearnir (sj\u00e1 athugagrein vi\u00f0 1.24) r\u00e9\u00f0u m\u00f6rgum samkunduh\u00fasum Gy\u00f0inga. Sumir fyrirmenn \u00feeirra h\u00f6f\u00f0u teki\u00f0 tr\u00fa \u00e1 Jes\u00fa, en vildu ekki a\u00f0 \u00fea\u00f0 yr\u00f0i gert opinbert af \u00f3tta vi\u00f0 a\u00f0 ver\u00f0a ger\u00f0ir samkundur\u00e6kir. Sj\u00e1 athugagreinar vi\u00f0 9.22-23 (\u00fat undan) og 9.34 (r\u00e1ku hann \u00fat).<\/p>\n<p><strong>12.44<\/strong> S\u00e1 sem tr\u00fair \u00e1 mig: Jes\u00fas segir, a\u00f0 hver sem tr\u00fai \u00e1 hann tr\u00fai \u00e1 Gu\u00f0. <a href=\"https:\/\/biblian.is\/fraedsla\/ordtakasafn\/tru\/\">Sj\u00e1 &#8222;Tr\u00fa&#8220;.<\/a><\/p>\n<p><strong>12.46<\/strong> lj\u00f3s&#8230;myrkri: Sj\u00e1 athugagrein vi\u00f0 3.19 og umfj\u00f6llun \u00e1 bls. 1944.<\/p>\n<p><strong>12.48<\/strong> d\u00f3mari hans \u00e1 efsta degi: Sj\u00e1 athugagrein vi\u00f0 6.39.<\/p>\n<p><strong>12.50<\/strong> eil\u00edft l\u00edf: Sj\u00e1 athugagrein vi\u00f0 3.15.<\/p>\n","protected":false},"excerpt":{"rendered":"<p>12.1 p\u00e1ska: sj\u00e1 athugagrein vi\u00f0 2.13. 12.1,2 Betan\u00edu&#8230;Lasarus&#8230;Marta: Sj\u00e1 athugagreinar <a href=\"https:\/\/biblian.is\/fraedsla\/ritskyring\/johannesargudspjall-12-kafli\/\"> [&#8230;]<\/a><\/p>\n","protected":false},"author":1,"featured_media":0,"parent":4829,"menu_order":0,"comment_status":"closed","ping_status":"closed","template":"","meta":{"footnotes":""},"class_list":["post-5338","page","type-page","status-publish","hentry"],"_links":{"self":[{"href":"https:\/\/biblian.is\/fraedsla\/wp-json\/wp\/v2\/pages\/5338","targetHints":{"allow":["GET"]}}],"collection":[{"href":"https:\/\/biblian.is\/fraedsla\/wp-json\/wp\/v2\/pages"}],"about":[{"href":"https:\/\/biblian.is\/fraedsla\/wp-json\/wp\/v2\/types\/page"}],"author":[{"embeddable":true,"href":"https:\/\/biblian.is\/fraedsla\/wp-json\/wp\/v2\/users\/1"}],"replies":[{"embeddable":true,"href":"https:\/\/biblian.is\/fraedsla\/wp-json\/wp\/v2\/comments?post=5338"}],"version-history":[{"count":0,"href":"https:\/\/biblian.is\/fraedsla\/wp-json\/wp\/v2\/pages\/5338\/revisions"}],"up":[{"embeddable":true,"href":"https:\/\/biblian.is\/fraedsla\/wp-json\/wp\/v2\/pages\/4829"}],"wp:attachment":[{"href":"https:\/\/biblian.is\/fraedsla\/wp-json\/wp\/v2\/media?parent=5338"}],"curies":[{"name":"wp","href":"https:\/\/api.w.org\/{rel}","templated":true}]}}