{"id":5327,"date":"2019-04-26T19:24:04","date_gmt":"2019-04-26T19:24:04","guid":{"rendered":"https:\/\/biblian.is\/fraedsla\/?page_id=5327"},"modified":"2026-04-17T13:01:11","modified_gmt":"2026-04-17T13:01:11","slug":"johannesargudspjall-11-kafli","status":"publish","type":"page","link":"https:\/\/biblian.is\/fraedsla\/ritskyring\/johannesargudspjall-11-kafli\/","title":{"rendered":"J\u00f3hannesargu\u00f0spjall 11. kafli"},"content":{"rendered":"<p><strong>11.1-2\u00a0<\/strong><em>Lasarus&#8230;Mar\u00edu og M\u00f6rtu<\/em>: Nafni\u00f0 Lasarus er hebreskt a\u00f0 uppruna og merkir &#8222;Gu\u00f0 hj\u00e1lpar.&#8220; Marta og Mar\u00eda eru nefndar \u00ed L\u00fak 10.38-42. Mar\u00eda er s\u00fa sem smyr f\u00e6tur Jes\u00fa og geti\u00f0 er um \u00ed 12.3.<\/p>\n<p><strong>11.1-2<\/strong> <em>Betan\u00edu<\/em>: Betan\u00eda er b\u00e6r \u00ed hl\u00ed\u00f0um Ol\u00edufjallsins um 3 km \u00ed austur fr\u00e1 Jer\u00fasalem. N\u00fana heitir hann El-&#8216;Azariyeh eftir Lasarusi (J\u00f3h 11.1) og sagt er a\u00f0 \u00fear s\u00e9 gr\u00f6f hans a\u00f0 finna.<\/p>\n<p><strong>11.7<\/strong> <em>F\u00f6rum aftur til J\u00fadeu<\/em>: Jes\u00fas hefur veri\u00f0 staddur austan vi\u00f0 \u00e1na J\u00f3rdan, \u00feegar hann f\u00e9kk fregnina af veikindum Lasarusar (10.40).<\/p>\n<p><strong>11.11<\/strong> <em>Lasarus<\/em>&#8230;er sofna\u00f0ur: Jes\u00fas \u00e1 vi\u00f0 a\u00f0 Lasarus s\u00e9 d\u00e1inn (11.13). S\u00ed\u00f0ar \u00e1tti hann eftir a\u00f0 reisa Lasarus upp fr\u00e1 dau\u00f0um.<\/p>\n<p><strong>11.16<\/strong> <em>T\u00f3mas<\/em>: T\u00f3mas var einn postula Jes\u00fa. Nafni\u00f0 er arame\u00edskt og \u00fe\u00fd\u00f0ir &#8222;tv\u00edburi.&#8220; Hann er nefndur \u00fear sem hinir t\u00f3lf postular Jes\u00fa eru taldir upp (Matt 10.3; Mrk 3.18 og L\u00fak 6.15). T\u00f3mas neita\u00f0i \u00ed fyrstu a\u00f0 tr\u00faa \u00fev\u00ed a\u00f0 Jes\u00fas hef\u00f0i veri\u00f0 reistur upp fr\u00e1 dau\u00f0um; hann er &#8222;l\u00e6risveinninn, sem efa\u00f0ist&#8220; (20.24-29).<\/p>\n<p><strong>11.17<\/strong> <em>gr\u00f6finni<\/em>: Me\u00f0al gy\u00f0inga var ekki \u00f3algengt a\u00f0 menn leg\u00f0u s\u00edna dau\u00f0u til hinstu hv\u00edlu \u00ed grafh\u00fdsum sem h\u00f6ggvin voru \u00ed mj\u00faka kalksteinskletta. Flest voru \u00feau fleiri en eitt herbergi me\u00f0 meira en eitt grafst\u00e6\u00f0i. Grafarmunninn var varla nema metri \u00e1 hli\u00f0. Utan vi\u00f0 hann var h\u00f6ggvin rauf \u00ed klettag\u00f3lfi\u00f0 og \u00ed henni komi\u00f0 fyrir kringl\u00f3ttum steini sem velta m\u00e1tti fr\u00e1 og fyrir.<\/p>\n<p><strong>11.18<\/strong> <em>Betan\u00eda<\/em>: Sj\u00e1 athugagrein vi\u00f0 11.1,2.<\/p>\n<p><strong>11.24<\/strong> <em>r\u00eds upp \u00ed upprisunni \u00e1 efsta degi<\/em>: Marta \u00f3l \u00ed brj\u00f3sti vonina um l\u00edf eftir dau\u00f0ann. Sj\u00e1 athugagrein vi\u00f0 3.14 og &#8222;Eil\u00edft l\u00edf&#8220; \u00e1 bls. 1976. Sj\u00e1 og athugagrein vi\u00f0 6.39 (\u00e1 efsta degi).<\/p>\n<p><strong>11.27<\/strong> <em>Kristur, Gu\u00f0s sonur<\/em>: Sj\u00e1 athugagreinar vi\u00f0 1.41 (Kristur) og 1.34 (Gu\u00f0s sonur), og &#8222;<a href=\"https:\/\/biblian.is\/fraedsla\/ordtakasafn\/guds-sonur\/\">Gu\u00f0s sonur<\/a>&#8222;.<\/p>\n<p><strong>11.39<\/strong> <em>komin n\u00e1lykt af honum<\/em>: Marta vissi, a\u00f0 l\u00edk manns sem haf\u00f0i veri\u00f0 dau\u00f0ur \u00ed fj\u00f3ra daga hlaut a\u00f0 vera byrja\u00f0 a\u00f0 rotna. \u00dev\u00ed m\u00e1tti b\u00faast vi\u00f0 megnri n\u00e1lykt \u00fat \u00far gr\u00f6finni \u2013 og h\u00fan hefur or\u00f0 \u00e1 \u00fev\u00ed.<\/p>\n<p><strong>11.44<\/strong> <em>l\u00edkbl\u00e6jum<\/em>: \u00c1 d\u00f6gum Jes\u00fa voru l\u00edkkl\u00e6\u00f0i venjulega \u00far l\u00edni. L\u00edkin voru stundum smur\u00f0 ilmsmyrslum og kryddjurtum. Sveitad\u00fakur var nota\u00f0ur til \u00feess a\u00f0 hylja \u00e1sj\u00f3nu hins l\u00e1tna. <a href=\"http:\/\/Greftrun\">Sj\u00e1 og &#8222;Greftrun&#8220;.<\/a><\/p>\n<p><strong>11.46,47<\/strong> <em>far\u00edsea&#8230;r\u00e1\u00f0i\u00f0<\/em>: Sj\u00e1 athugagreinar vi\u00f0 1.24 (far\u00edsear), 7.32 (\u00e6\u00f0stu prestarnir) og 7.50 (r\u00e1\u00f0i\u00f0).<\/p>\n<p><strong>11.48<\/strong> <em>taka b\u00e6\u00f0i helgid\u00f3m okkar og \u00fej\u00f3\u00f0<\/em>: Lei\u00f0togar Gy\u00f0inga \u00f3ttu\u00f0ust a\u00f0 Jes\u00fas mundi \u00e6sa me\u00f0haldsmenn s\u00edna til uppreisnar gegn R\u00f3mverjum og r\u00f3mverski herinn r\u00e1\u00f0ast \u00e1 \u00fej\u00f3\u00f0 \u00feeirra og leggja musteri\u00f0 \u00ed r\u00fast. \u00deeir voru l\u00edka hr\u00e6ddir um a\u00f0 eigi\u00f0 vald \u00feeirra yr\u00f0i a\u00f0 engu, ef \u00feeim fj\u00f6lga\u00f0i sem fylgdu Jes\u00fa a\u00f0 m\u00e1lum.<\/p>\n<p><strong>11.49\u00a0<\/strong><em>Ka\u00edfas<\/em>: Ka\u00edfas var \u00e6\u00f0sti prestur \u00ed Jer\u00fasalem fr\u00e1 18 til 37 e. Kr. Hann var yfirma\u00f0ur musterisprestanna og st\u00f3rveldi me\u00f0al tr\u00faar- og stj\u00f3rnm\u00e1lalei\u00f0toga \u00cdsraels.<\/p>\n<p><strong>11.52<\/strong> <em>safna saman&#8230;dreif\u00f0um b\u00f6rnum Gu\u00f0s<\/em>: \u00cdsrael (Gy\u00f0inga\u00fej\u00f3\u00f0in) var a\u00f0 v\u00edsu Gu\u00f0s \u00fatvalda \u00fej\u00f3\u00f0, en Gu\u00f0s l\u00fd\u00f0ur stendur allt um \u00fea\u00f0 \u00f6llum \u00fej\u00f3\u00f0um opinn.<\/p>\n<p><strong>11.53<\/strong> <em>r\u00e1\u00f0nir \u00ed a\u00f0 taka hann af l\u00edfi<\/em>: Sj\u00e1 athugagrein vi\u00f0 7.50 (r\u00e1\u00f0i\u00f0). Prestarnir hafa tr\u00falega hugsa\u00f0 s\u00e9r a\u00f0 handtaka Jes\u00fa og taka af l\u00edfi \u00e1 komandi p\u00e1skah\u00e1t\u00ed\u00f0.<\/p>\n<p><strong>11.54<\/strong> <em>Efra\u00edm<\/em>: \u00deetta \u00feorp var l\u00edklega nor\u00f0ur af Jer\u00fasalemsborg \u00e1 m\u00f3tum \u00f3bygg\u00f0a J\u00fadeu og J\u00f3rdandalsins.<\/p>\n<p><strong>11.55<\/strong> <em>p\u00e1skar<\/em>: Sj\u00e1 athugagrein vi\u00f0 3.13.<\/p>\n<p><strong>11.55<\/strong><em> til a\u00f0 hreinsa sig<\/em>: Gy\u00f0ingar ur\u00f0u a\u00f0 kaupa s\u00e9r eitthva\u00f0 til \u00feess a\u00f0 f\u00e6ra \u00ed f\u00f3rn ellegar elda \u00e1kve\u00f0na r\u00e9tti \u00ed \u00fev\u00ed skyni a\u00f0 undirb\u00faa sig undir gu\u00f0sd\u00fdrkunina \u00e1 p\u00e1skah\u00e1t\u00ed\u00f0inni.<\/p>\n<p><strong>11.57<\/strong> <em>\u00e6\u00f0stu prestar og far\u00edsear<\/em>: Sj\u00e1 athugagreinar vi\u00f0 1.24 (far\u00edsear) og 7.32 (\u00e6\u00f0stu prestar).<\/p>\n","protected":false},"excerpt":{"rendered":"<p>11.1-2\u00a0Lasarus&#8230;Mar\u00edu og M\u00f6rtu: Nafni\u00f0 Lasarus er hebreskt a\u00f0 uppruna og <a href=\"https:\/\/biblian.is\/fraedsla\/ritskyring\/johannesargudspjall-11-kafli\/\"> [&#8230;]<\/a><\/p>\n","protected":false},"author":1,"featured_media":0,"parent":4829,"menu_order":0,"comment_status":"closed","ping_status":"closed","template":"","meta":{"footnotes":""},"class_list":["post-5327","page","type-page","status-publish","hentry"],"_links":{"self":[{"href":"https:\/\/biblian.is\/fraedsla\/wp-json\/wp\/v2\/pages\/5327","targetHints":{"allow":["GET"]}}],"collection":[{"href":"https:\/\/biblian.is\/fraedsla\/wp-json\/wp\/v2\/pages"}],"about":[{"href":"https:\/\/biblian.is\/fraedsla\/wp-json\/wp\/v2\/types\/page"}],"author":[{"embeddable":true,"href":"https:\/\/biblian.is\/fraedsla\/wp-json\/wp\/v2\/users\/1"}],"replies":[{"embeddable":true,"href":"https:\/\/biblian.is\/fraedsla\/wp-json\/wp\/v2\/comments?post=5327"}],"version-history":[{"count":0,"href":"https:\/\/biblian.is\/fraedsla\/wp-json\/wp\/v2\/pages\/5327\/revisions"}],"up":[{"embeddable":true,"href":"https:\/\/biblian.is\/fraedsla\/wp-json\/wp\/v2\/pages\/4829"}],"wp:attachment":[{"href":"https:\/\/biblian.is\/fraedsla\/wp-json\/wp\/v2\/media?parent=5327"}],"curies":[{"name":"wp","href":"https:\/\/api.w.org\/{rel}","templated":true}]}}