{"id":5325,"date":"2019-04-26T19:19:44","date_gmt":"2019-04-26T19:19:44","guid":{"rendered":"https:\/\/biblian.is\/fraedsla\/?page_id=5325"},"modified":"2026-04-17T13:01:11","modified_gmt":"2026-04-17T13:01:11","slug":"johannesargudspjall-10-kafli","status":"publish","type":"page","link":"https:\/\/biblian.is\/fraedsla\/ritskyring\/johannesargudspjall-10-kafli\/","title":{"rendered":"J\u00f3hannesargu\u00f0spjall 10. kafli"},"content":{"rendered":"<p><strong>10.1<\/strong> <em>sau\u00f0abyrgi\u00f0&#8230;\u00fej\u00f3fur og r\u00e6ningi<\/em>: Fj\u00e1rbyrgi var til \u00feess a\u00f0 geyma \u00ed \u00fev\u00ed sau\u00f0f\u00e9 og geitur yfir n\u00f3tt.<\/p>\n<p><strong>10.2-3<\/strong> <em>Dyrav\u00f6r\u00f0urinn<\/em>: Hann s\u00e9r um \u00fea\u00f0 hverjir e\u00f0a hva\u00f0 fer um dyrnar inn \u00ed byrgi\u00f0. Hann var oft hir\u00f0irinn sj\u00e1lfur, sem kasta\u00f0i t\u00f6lu \u00e1 f\u00e9\u00f0 \u00feegar \u00fea\u00f0 rann inn \u00ed byrgi\u00f0 undir n\u00f3ttina. A\u00f0eins var\u00f0 fari\u00f0 inn og \u00fat \u00far byrginu um dyrnar.<\/p>\n<p><strong>10.2-3\u00a0<\/strong><em>sau\u00f0irnir heyra raust hans<\/em>: V\u00ed\u00f0a \u00ed Bibl\u00edunni t\u00e1kna kindur og fj\u00e1rh\u00f3par l\u00fd\u00f0 Gu\u00f0s (Slm 77.20; 80.10; Jes 40.1). Sj\u00e1 og Es 34.11-16. Sj\u00e1 ennfremur &#8222;<a href=\"https:\/\/biblian.is\/fraedsla\/ordtakasafn\/fjarhirdar\/\">Fj\u00e1rhir\u00f0ar<\/a>&#8222;. \u00deegar \u00ed frumkristni var mynd af &#8222;G\u00f3\u00f0a hir\u00f0inum&#8220; t\u00e1kn sj\u00e1lfs Jes\u00fa.<\/p>\n<p><strong>10.7<\/strong> <em>\u00c9g er dyr sau\u00f0anna<\/em>: Sj\u00e1 athugagrein vi\u00f0 10.2-3. Jes\u00fas er dyr sau\u00f0anna (l\u00e6risveina sinna) og r\u00e6\u00f0ur \u00fev\u00ed hverjir f\u00e1 a\u00f0 ganga inn um dyrnar. Hann er og v\u00f6r\u00f0ur \u00feeirra og verndari.<\/p>\n<p><strong>10.8<\/strong> <em>\u00fej\u00f3far og r\u00e6ningjar<\/em>: H\u00e9r \u00e1 Jes\u00fas vi\u00f0 \u00fe\u00e1 sem kennt hafa f\u00f3lkinu (hj\u00f6r\u00f0 Gu\u00f0s) a\u00f0 skilja l\u00f6gm\u00e1l M\u00f3se svo, a\u00f0 menn ger\u00f0u \u00fea\u00f0 sem gagnst\u00e6tt var vilja Gu\u00f0s.<\/p>\n<p><strong>10.11<\/strong> <em>G\u00f3\u00f0i hir\u00f0irinn leggur l\u00edf sitt \u00ed s\u00f6lurnar fyrir sau\u00f0ina<\/em>: Sj\u00e1 10.15; 13.37; 15.13 og athugagrein vi\u00f0 1.29.<\/p>\n<p><strong>10.13<\/strong> <em>g\u00e6tir&#8230;sau\u00f0anna&#8230;fyrir borgun<\/em>: H\u00e9r er sneitt a\u00f0 r\u00e1\u00f0am\u00f6nnum \u00cdsraels. Jes\u00fas er g\u00f3\u00f0i hir\u00f0irinn, sem &#8222;\u00e1&#8220; sau\u00f0ina og fl\u00fdr aldrei \u00fe\u00f3tt \u00f3gnir ste\u00f0ji a\u00f0.<\/p>\n<p><strong>10.16<\/strong> <em>ein hj\u00f6r\u00f0, einn hir\u00f0ir<\/em>: Jes\u00fas vill a\u00f0 l\u00e6risveinar hans s\u00e9u allir &#8222;eitt&#8220; \u00fer\u00e1tt fyrir \u00fea\u00f0 sem kann a\u00f0 a\u00f0skilja \u00fe\u00e1 (sj\u00e1 og Gal 3.26-29).<\/p>\n<p><strong>10.20<\/strong> <em>illan anda<\/em>: Sj\u00e1 athugagrein vi\u00f0 6.70,71.<\/p>\n<p><strong>10.22<\/strong> <em>v\u00edgsluh\u00e1t\u00ed\u00f0in<\/em>: Musteri\u00f0 \u00ed Jer\u00fasalem var \u00ed Makkabeastyrj\u00f6ldunum um hr\u00ed\u00f0 \u00ed h\u00f6ndum Ant\u00edokkusar IV Ep\u00edfanesar, S\u00fdrlandskonungs, og haf\u00f0i hann l\u00e1ti\u00f0 koma \u00fear fyrir l\u00edkneski af sj\u00e1lfum s\u00e9r. V\u00edgsluh\u00e1t\u00ed\u00f0in (stundum k\u00f6llu\u00f0 lj\u00f3sah\u00e1t\u00ed\u00f0in) var haldin til \u00feess a\u00f0 minnast hreinsunar og endurv\u00edgslu musterisins, eftir a\u00f0 Gy\u00f0ingum t\u00f3kst a\u00f0 reka \u00f3vinina \u00e1 brott og n\u00e1 \u00fev\u00ed aftur. V\u00edgsluh\u00e1t\u00ed\u00f0in er l\u00edka nefnd Hanukkah.<\/p>\n<p><strong>10.23<\/strong> <em>s\u00falnag\u00f6ngum Sal\u00f3mons<\/em>: \u00deessi sta\u00f0ur, austan og sunnan musterissv\u00e6\u00f0isins, var settur gr\u00ed\u00f0armiklum steins\u00falum og opinn almenningi.<\/p>\n<p><strong>10.24<\/strong> <em>Kristur<\/em>: Sj\u00e1 athugagrein vi\u00f0 1.19-20 (Mess\u00edas).<\/p>\n<p><strong>10.28<\/strong><em> eil\u00edft l\u00edf<\/em>: Sj\u00e1 athugagrein vi\u00f0 3.15.<\/p>\n<p><strong>10.29<\/strong> <em>er meiri en allir<\/em>: \u00cd sumum handritum: &#8222;\u00dea\u00f0 sem fa\u00f0ir minn hefur gefi\u00f0 m\u00e9r er \u00f6llu \u00f6\u00f0ru meira.&#8220;<\/p>\n<p><strong>10.31<\/strong> <em>t\u00f3ku aftur upp steina<\/em>: Sj\u00e1 athugagrein vi\u00f0 1.19-20 (r\u00e1\u00f0amenn). \u00deeir sem \u00f3hl\u00fd\u00f0nu\u00f0ust l\u00f6gm\u00e1li M\u00f3se og stefndu hreinleika samf\u00e9lagsins \u00ed tv\u00eds\u00fdnu skyldu l\u00edfl\u00e1tnir af fj\u00f6ldanum (3M\u00f3s 24.15,16; 5M\u00f3s 21.18-21; 22.20-22). Grj\u00f3thnullungum var kasta\u00f0 \u00ed \u00feann dau\u00f0ad\u00e6mda og l\u00edk hans huli\u00f0 me\u00f0 \u00feeim.<\/p>\n<p><strong>10.33<\/strong> <em>\u00de\u00fa gerir sj\u00e1lfan \u00feig a\u00f0 Gu\u00f0i<\/em>: Lei\u00f0togar Gy\u00f0ingar s\u00f6ku\u00f0u Jes\u00fa um a\u00f0 hann ger\u00f0i sig Gu\u00f0i jafnan. \u00deeir t\u00f6ldu, a\u00f0 hann v\u00e6ri a\u00f0eins ma\u00f0ur, og ger\u00f0i sig \u00fev\u00ed sekan um gu\u00f0last, en \u00fea\u00f0 var dau\u00f0as\u00f6k.<\/p>\n<p><strong>10.35<\/strong> <em>ritningin<\/em>: Helgirit Gy\u00f0inga, sem kristnir menn nefna Gamla testamenti.<\/p>\n<p><strong>10.40<\/strong> <em>yfir um J\u00f3rdan<\/em>: Jes\u00fas komst undan og stefndi \u00ed austur fr\u00e1 Jer\u00fasalem, yfir \u00e1na J\u00f3rdan og \u00ed n\u00e1nd vi\u00f0 \u00feann sta\u00f0 \u00fear sem J\u00f3hannes haf\u00f0i veri\u00f0 a\u00f0 sk\u00edra (sj\u00e1 athugagrein vi\u00f0 1.28).<\/p>\n","protected":false},"excerpt":{"rendered":"<p>10.1 sau\u00f0abyrgi\u00f0&#8230;\u00fej\u00f3fur og r\u00e6ningi: Fj\u00e1rbyrgi var til \u00feess a\u00f0 geyma <a href=\"https:\/\/biblian.is\/fraedsla\/ritskyring\/johannesargudspjall-10-kafli\/\"> [&#8230;]<\/a><\/p>\n","protected":false},"author":1,"featured_media":0,"parent":4829,"menu_order":0,"comment_status":"closed","ping_status":"closed","template":"","meta":{"footnotes":""},"class_list":["post-5325","page","type-page","status-publish","hentry"],"_links":{"self":[{"href":"https:\/\/biblian.is\/fraedsla\/wp-json\/wp\/v2\/pages\/5325","targetHints":{"allow":["GET"]}}],"collection":[{"href":"https:\/\/biblian.is\/fraedsla\/wp-json\/wp\/v2\/pages"}],"about":[{"href":"https:\/\/biblian.is\/fraedsla\/wp-json\/wp\/v2\/types\/page"}],"author":[{"embeddable":true,"href":"https:\/\/biblian.is\/fraedsla\/wp-json\/wp\/v2\/users\/1"}],"replies":[{"embeddable":true,"href":"https:\/\/biblian.is\/fraedsla\/wp-json\/wp\/v2\/comments?post=5325"}],"version-history":[{"count":0,"href":"https:\/\/biblian.is\/fraedsla\/wp-json\/wp\/v2\/pages\/5325\/revisions"}],"up":[{"embeddable":true,"href":"https:\/\/biblian.is\/fraedsla\/wp-json\/wp\/v2\/pages\/4829"}],"wp:attachment":[{"href":"https:\/\/biblian.is\/fraedsla\/wp-json\/wp\/v2\/media?parent=5325"}],"curies":[{"name":"wp","href":"https:\/\/api.w.org\/{rel}","templated":true}]}}