{"id":5321,"date":"2019-04-26T19:11:21","date_gmt":"2019-04-26T19:11:21","guid":{"rendered":"https:\/\/biblian.is\/fraedsla\/?page_id=5321"},"modified":"2026-04-17T13:01:12","modified_gmt":"2026-04-17T13:01:12","slug":"johannesargudspjall-8-kafli","status":"publish","type":"page","link":"https:\/\/biblian.is\/fraedsla\/ritskyring\/johannesargudspjall-8-kafli\/","title":{"rendered":"J\u00f3hannesargu\u00f0spjall 8. kafli"},"content":{"rendered":"<p><strong>8.1<\/strong> <em>Ol\u00edufjallsins<\/em>: Ol\u00edufjalli\u00f0, um tvo og h\u00e1lfan k\u00edl\u00f3metra austan vi\u00f0 musterissv\u00e6\u00f0i\u00f0 \u00ed Jer\u00fasalem og handan vi\u00f0 Kedrondalinn, er fj\u00f6gurra k\u00edl\u00f3metra langur hryggur og hluti af fjallgar\u00f0i sem liggur eftir endilangri Palest\u00ednu. Nafn sitt dregur \u00fea\u00f0 af ol\u00eduvi\u00f0i sem dafnar \u00ed s\u00f3lr\u00edkum hl\u00ed\u00f0um \u00feess.<\/p>\n<p><strong>8.2\u00a0<\/strong><em>helgid\u00f3minn<\/em>: Sj\u00e1 athugagrein vi\u00f0 7.14.<\/p>\n<p><strong>8.3<\/strong> <em>Far\u00edsear og fr\u00e6\u00f0imenn<\/em>: Sj\u00e1 athugagreinvi\u00f0 1.24 (far\u00edsear). Fr\u00e6\u00f0imennirnir l\u00f6g\u00f0u stund \u00e1 ranns\u00f3knir \u00e1 l\u00f6gm\u00e1li M\u00f3se og kenndu f\u00f3lki a\u00f0 lifa samkv\u00e6mt fyrirm\u00e6lum \u00feess (1.17).<\/p>\n<p><strong>8.5<\/strong> <em>M\u00f3se&#8230;\u00ed l\u00f6gm\u00e1linu a\u00f0 gr\u00fdta<\/em>: \u00cd l\u00f6gm\u00e1li M\u00f3se var kve\u00f0i\u00f0 svo \u00e1, a\u00f0 kona sem samrekkti \u00f6\u00f0rum en eiginmanni s\u00ednum skyldi l\u00edfl\u00e1tin me\u00f0 gr\u00fdtingu, og s\u00f6mulei\u00f0is fri\u00f0ill hennar (3M\u00f3s 10.10,22; 5M\u00f3s 22.22-24). H\u00e9r r\u00e6\u00f0ir a\u00f0eins um konuna.<\/p>\n<p><strong>8.12<\/strong> <em>\u00c9g er lj\u00f3s heimsins<\/em>: Jes\u00fas er kominn \u00ed heiminn til \u00feess a\u00f0 segja fr\u00e1 Gu\u00f0i eins og hann er; Gu\u00f0 vill gefa \u00f6llum m\u00f6nnum n\u00fdtt l\u00edf. Sj\u00e1 og athugagrein vi\u00f0 1.7 og athugagrein \u00e1 bls. 1944. Sj\u00e1 og Matt 5.14; J\u00f3h 9.5.<\/p>\n<p><strong>8.16<\/strong> <em>fa\u00f0irinn<\/em>: Sj\u00e1 athugagrein vi\u00f0 5.17. Jes\u00fas er fr\u00e1 f\u00f6\u00f0urnum kominn og fer aftur til hans a\u00f0 r\u00edkja me\u00f0 honum a\u00f0 eil\u00edfu (814).<\/p>\n<p><strong>8.17<\/strong><em> \u00ed l\u00f6gm\u00e1li y\u00f0ar&#8230;vitnisbur\u00f0ur tveggja<\/em>: Sj\u00e1 athugagrein vi\u00f0 7.51.<\/p>\n<p><strong>8.20<\/strong> <em>hj\u00e1 fj\u00e1rhirslunni<\/em>: \u00d3hugsandi er a\u00f0 Jes\u00fas hafi r\u00e6tt vi\u00f0 far\u00edseana inni \u00ed for\u00f0ab\u00farum musterisins, \u00fear e\u00f0 einungis prestar m\u00e1tta koma \u00feanga\u00f0 inn. \u00c1 d\u00f6gum Jes\u00fas voru 13 &#8222;fj\u00e1rhirslur&#8220; \u00ed forgar\u00f0i kvennanna \u00ed musterinu \u00ed Jer\u00fasalem. \u00de\u00e6r voru keilumynda\u00f0ar og vissi mj\u00f3rri endinn ni\u00f0ur (L\u00fak 21.1). <a href=\"https:\/\/biblian.is\/fraedsla\/ordtakasafn\/fornir-i-musterinu\/\">Sj\u00e1 og &#8222;F\u00f3rnirnar \u00ed musterinu&#8220;<\/a>.<\/p>\n<p><strong>8.20<\/strong> <em>stund hans var enn ekki komin<\/em>: Sj\u00e1 athugagrein vi\u00f0 2.4.<\/p>\n<p><strong>8.23<\/strong> <em>\u00de\u00e9r eru\u00f0 ne\u00f0an a\u00f0, \u00e9g er ofan a\u00f0<\/em>: Jes\u00fas er kominn fr\u00e1 Gu\u00f0i \u00e1 himnum (ofan a\u00f0). \u00deegar hann segir vi\u00f0 far\u00edseana, a\u00f0 \u00feeir s\u00e9u &#8222;ne\u00f0an a\u00f0&#8220;, \u00fe\u00e1 er hann a\u00f0 tala um &#8222;heiminn&#8220; sem v\u00ed\u00f0a \u00ed N\u00fdja testamenti er talinn \u00ed andst\u00f6\u00f0u vi\u00f0 Gu\u00f0 (15.18-19; Gal 6.14).<\/p>\n<p><strong>8.24<\/strong> <em>tr\u00fai\u00f0 ekki a\u00f0 \u00e9g s\u00e9 s\u00e1 sem \u00e9g er<\/em>: \u00ddmis umm\u00e6li Jes\u00fa um sj\u00e1lfan sig byrja \u00e1 or\u00f0unum &#8222;\u00e9g er.&#8220; Sj\u00e1 athugagrein vi\u00f0 6.20 og &#8222;<a href=\"https:\/\/biblian.is\/fraedsla\/ordtakasafn\/eg-er\/\">\u00c9g er<\/a>&#8222;. \u00deeir sem ekki tr\u00faa \u00e1 Jes\u00fa, Gu\u00f0s son, ver\u00f0a af fyrirgefningu Gu\u00f0s.<\/p>\n<p><strong>8.27<\/strong> <em>f\u00f6\u00f0urinn<\/em>: Sj\u00e1 athugagrein vi\u00f0 5.17.<\/p>\n<p><strong>8.28<\/strong> <em>hefji\u00f0 upp Mannssoninn<\/em>: Sj\u00e1 athugagrein vi\u00f0 7.39 (var ekki enn d\u00fdrlegur or\u00f0inn).<\/p>\n<p><strong>8.33<\/strong> <em>ni\u00f0jar Abrahams&#8230;aldrei veri\u00f0 nokkurs manns \u00fer\u00e6lar<\/em>: <a href=\"https:\/\/biblian.is\/fraedsla\/ordtakasafn\/abraham\/\">Sj\u00e1 &#8222;Abraham&#8220;<\/a>. Gu\u00f0 \u00fatvaldi Abraham (1M\u00f3s 12.1-3; 15.1-6; 17.1-8) og var \u00fev\u00ed tr\u00faa\u00f0, a\u00f0 hver sem rekti \u00e6ttir s\u00ednar til hans v\u00e6ri barn Gu\u00f0s. \u00cdsraelsmenn h\u00f6f\u00f0u fyrir eina t\u00ed\u00f0 veri\u00f0 \u00fer\u00e6lar \u00ed Egyptalandi (2M\u00f3s 1.14), en voru n\u00fa \u00feegnar r\u00f3mverska heimsveldisins. \u00deeir h\u00e9ldu \u00fe\u00f3 enn \u00ed \u00fe\u00e1 tr\u00fa, a\u00f0 \u00feeir myndu aldrei ver\u00f0a nokkurs manns \u00fer\u00e6lar.<\/p>\n<p><strong>8.34,35<\/strong> <em>\u00fer\u00e6ll syndarinnar<\/em>: <a href=\"https:\/\/biblian.is\/fraedsla\/ordtakasafn\/synd\/\">Sj\u00e1 &#8222;Synd&#8220;<\/a> og <a href=\"https:\/\/biblian.is\/fraedsla\/ordtakasafn\/hjalpraedi\/\">&#8222;K\u00e6rleikur Gu\u00f0s frelsar (Hj\u00e1lpr\u00e6\u00f0i)&#8220;<\/a>.<\/p>\n<p><strong>8.44<\/strong> <em>dj\u00f6fulinn<\/em>: Dj\u00f6fullinn, \u00f6\u00f0ru nafni Satan, er h\u00f6f\u00f0ingi andst\u00e6\u00f0inga Gu\u00f0s og l\u00fd\u00f0s hans. Jes\u00fas var af Gu\u00f0i sendur til \u00feess a\u00f0 bera siguror\u00f0 af dj\u00f6flinum og gera a\u00f0 engu \u00f6ll verk hans (1J\u00f3h 3.7,8).<\/p>\n<p><strong>8.48<\/strong> <em>\u00fe\u00fa s\u00e9rt Samverji<\/em>: Sj\u00e1 athugagrein vi\u00f0 4.3,4 og 4.9.<\/p>\n<p><strong>8.49<em>\u00a0<\/em><\/strong><em>illan anda<\/em>: Sj\u00e1 athugagrein vi\u00f0 6.70,71.<\/p>\n<p><strong>8.52<\/strong> <em>Abraham d\u00f3 og sp\u00e1mennirnir<\/em>: F\u00f3lki\u00f0 skilur ekki Jes\u00fa \u00feegar hann segir a\u00f0 s\u00e1 sem var\u00f0veiti or\u00f0 hans skuli aldrei a\u00f0 eil\u00edfu deyja (8.51). \u00deegar eil\u00edft l\u00edf var annars vegar, s\u00fdndist sitt hverjum (sj\u00e1 athugagrein vi\u00f0 3.15).<\/p>\n<p><strong>8.56<\/strong> <em>Abraham&#8230; v\u00e6nti \u00feess me\u00f0 f\u00f6gnu\u00f0i a\u00f0 sj\u00e1 dag minn<\/em>: Jes\u00fas segir a\u00f0 Abraham hafi fengi\u00f0 a\u00f0 sj\u00e1 \u00fea\u00f0 r\u00e6tast sem Gu\u00f0 lofa\u00f0i honum.<\/p>\n<p><strong>8.58<\/strong> <em>er \u00e9g<\/em>: Sj\u00e1 athugagreinar vi\u00f0 1.1-3 (\u00cd upphafi) og 6.20 (<a href=\"https:\/\/biblian.is\/fraedsla\/ordtakasafn\/eg-er\/\">&#8222;\u00c9g er&#8220;<\/a>).<\/p>\n","protected":false},"excerpt":{"rendered":"<p>8.1 Ol\u00edufjallsins: Ol\u00edufjalli\u00f0, um tvo og h\u00e1lfan k\u00edl\u00f3metra austan vi\u00f0 <a href=\"https:\/\/biblian.is\/fraedsla\/ritskyring\/johannesargudspjall-8-kafli\/\"> [&#8230;]<\/a><\/p>\n","protected":false},"author":1,"featured_media":0,"parent":4829,"menu_order":0,"comment_status":"closed","ping_status":"closed","template":"","meta":{"footnotes":""},"class_list":["post-5321","page","type-page","status-publish","hentry"],"_links":{"self":[{"href":"https:\/\/biblian.is\/fraedsla\/wp-json\/wp\/v2\/pages\/5321","targetHints":{"allow":["GET"]}}],"collection":[{"href":"https:\/\/biblian.is\/fraedsla\/wp-json\/wp\/v2\/pages"}],"about":[{"href":"https:\/\/biblian.is\/fraedsla\/wp-json\/wp\/v2\/types\/page"}],"author":[{"embeddable":true,"href":"https:\/\/biblian.is\/fraedsla\/wp-json\/wp\/v2\/users\/1"}],"replies":[{"embeddable":true,"href":"https:\/\/biblian.is\/fraedsla\/wp-json\/wp\/v2\/comments?post=5321"}],"version-history":[{"count":0,"href":"https:\/\/biblian.is\/fraedsla\/wp-json\/wp\/v2\/pages\/5321\/revisions"}],"up":[{"embeddable":true,"href":"https:\/\/biblian.is\/fraedsla\/wp-json\/wp\/v2\/pages\/4829"}],"wp:attachment":[{"href":"https:\/\/biblian.is\/fraedsla\/wp-json\/wp\/v2\/media?parent=5321"}],"curies":[{"name":"wp","href":"https:\/\/api.w.org\/{rel}","templated":true}]}}