{"id":5319,"date":"2019-04-26T19:05:34","date_gmt":"2019-04-26T19:05:34","guid":{"rendered":"https:\/\/biblian.is\/fraedsla\/?page_id=5319"},"modified":"2026-04-17T13:01:12","modified_gmt":"2026-04-17T13:01:12","slug":"johannesargudspjall-7-kafli","status":"publish","type":"page","link":"https:\/\/biblian.is\/fraedsla\/ritskyring\/johannesargudspjall-7-kafli\/","title":{"rendered":"J\u00f3hannesargu\u00f0spjall 7. kafli"},"content":{"rendered":"<p><strong>7.1\u00a0<\/strong><em>Gal\u00edleu&#8230;J\u00fadeu: <\/em>Sj\u00e1 athugagreinar vi\u00f0 1.43-44 (Gal\u00edlea) og 3.22 (J\u00fadea). \u00cd 6. kap\u00edtula gu\u00f0spjallsins er Jes\u00fas sag\u00f0ur staddur \u00ed Kaperna\u00fam \u00ed Gal\u00edleu (6.59). J\u00f3hannes tiltekur ekki hven\u00e6r Jes\u00fas sneri aftur til J\u00fadeu (7.1).<\/p>\n<p><strong>7.1\u00a0<\/strong><em>r\u00e1\u00f0amenn: <\/em>Sj\u00e1 athugagreinar vi\u00f0 1.19,20 og 4.1.<\/p>\n<p><strong>7.2\u00a0<\/strong><em>laufsk\u00e1lah\u00e1t\u00ed\u00f0: <\/em>Sj\u00e1 athugagrein vi\u00f0 5.1.<\/p>\n<p><strong>7.3\u00a0<\/strong><em>br\u00e6\u00f0ur Jes\u00fa: <\/em>\u00deeir kunna a\u00f0 hafa veri\u00f0 br\u00e6\u00f0ur hans, en l\u00edka m\u00e1 vera a\u00f0 \u00feeir hafi veri\u00f0 fr\u00e6ndur hans e\u00f0a ef til vill h\u00e1lfbr\u00e6\u00f0ur.<\/p>\n<p><strong>7.6\u00a0<\/strong><em>Minn t\u00edmi er enn ekki kominn: <\/em>Sj\u00e1 athugagrein vi\u00f0 2.4.<\/p>\n<p><strong>7.10\u00a0<\/strong><em>\u00e1 laun: <\/em>Jes\u00fas fer huldu h\u00f6f\u00f0i til \u00feess a\u00f0 vekja ekki \u00e1 s\u00e9r athygli. Hann veit a\u00f0 \u00fea\u00f0 bo\u00f0ar ekkert gott ef f\u00f3lk tekur tr\u00fa \u00e1 hann vegna kraftaverkanna eing\u00f6ngu.<\/p>\n<p><strong>7.14\u00a0<\/strong><em>helgid\u00f3minn: <\/em>Musteri\u00f0 \u00ed Jer\u00fasalem var h\u00f6fu\u00f0sta\u00f0ur gu\u00f0sd\u00fdrkunar Gy\u00f0inga. Her\u00f3des mikli bygg\u00f0i myndarlega vi\u00f0 helgid\u00f3minn \u00ed \u00fev\u00ed skyni a\u00f0 koma s\u00e9r \u00ed mj\u00fakinn hj\u00e1 f\u00f3lkinu. \u00c1 h\u00e1t\u00ed\u00f0um flykktist mannfj\u00f6ldi til Jer\u00fasalem a\u00f0 f\u00e6ra f\u00f3rnir \u00ed musterinu og \u00fev\u00ed ur\u00f0u \u00e1heyrendur Jes\u00fa \u00f3f\u00e1ir.<\/p>\n<p><strong>7.16 <\/strong><em>hans er sendi mig: <\/em>Jes\u00fas \u00e1 vi\u00f0 Gu\u00f0, f\u00f6\u00f0urinn. Sj\u00e1 athugagreinar vi\u00f0 5.17 og 5.19.<\/p>\n<p><strong>7.19\u00a0<\/strong><em>Gaf M\u00f3se y\u00f0ur ekki l\u00f6gm\u00e1li\u00f0?: <\/em>Sj\u00e1 athugagrein vi\u00f0 1.17. Jes\u00fas segir \u00e1heyrendum s\u00ednum a\u00f0 \u00feeir hafi ekki skili\u00f0 \u00fea\u00f0 sem Gu\u00f0 segir \u00ed l\u00f6gm\u00e1linu.<\/p>\n<p><strong>7.21\u00a0<\/strong><em>Eitt verk ger\u00f0i \u00e9g: <\/em>Jes\u00fas \u00e1 vi\u00f0 \u00fea\u00f0 er hann l\u00e6kna\u00f0i sj\u00faka manninn vi\u00f0 Betesdalaug (5.1-18).<\/p>\n<p><strong>7.22\u00a0<\/strong><em>M\u00f3se gaf y\u00f0ur umskurnina: <\/em><a href=\"https:\/\/biblian.is\/fraedsla\/ordtakasafn\/umskurn\/\">Sj\u00e1 &#8222;Umskurn&#8220;<\/a>. Jes\u00fas segir heimilt a\u00f0 umskera \u00e1 hv\u00edldardegi og \u00fe\u00e1 hlj\u00f3ti l\u00edka a\u00f0 mega l\u00e6kna \u00e1 \u00feeim degi, eins og hann ger\u00f0i \u00feegar hann l\u00e6kna\u00f0i sj\u00faka manninn vi\u00f0 Betesdalaug (5.1-16).<\/p>\n<p><strong>7.26\u00a0<\/strong><em>Kristur: <\/em>Sj\u00e1 athugagrein vi\u00f0 1.19,20.<\/p>\n<p><strong>7.30\u00a0<\/strong><em>stund hans var ekki enn komin: <\/em>Sj\u00e1 athugagrein vi\u00f0 2.4.<\/p>\n<p><strong>7.31\u00a0<\/strong><em>Kristur: <\/em>Sj\u00e1 athugagrein vi\u00f0 1.19-20 (Mess\u00edas).<\/p>\n<p><strong>7.32\u00a0<\/strong><em>Far\u00edsear&#8230;\u00e6\u00f0stu prestar&#8230;\u00fej\u00f3na: <\/em>Sj\u00e1 athugagrein vi\u00f0 1.24 (far\u00edsear). \u00c6\u00f0stu prestarnir voru yfirmenn \u00ed musterinu \u00ed Jer\u00fasalem. \u00dej\u00f3narnir voru musterisl\u00f6gregla \u00e1 vegum r\u00e1\u00f0sins \u00ed Jer\u00fasalem og h\u00e9ldu uppi aga og reglu \u00e1 sv\u00e6\u00f0inu.<\/p>\n<p><strong>7.35\u00a0<\/strong><em>Gy\u00f0inga&#8230;Grikkja: <\/em>Sj\u00e1 athugagrein vi\u00f0 1.19-20 (r\u00e1\u00f0amenn). Hei\u00f0ingjar (\u00feeir, sem ekki voru gy\u00f0ingatr\u00faar) kunna stundum a\u00f0 hafa veri\u00f0 kalla\u00f0ir &#8222;Grikkir&#8220;. Eins getur h\u00e9r veri\u00f0 \u00e1tt vi\u00f0 Gy\u00f0inga sem s\u00f6mdu sig a\u00f0 si\u00f0um Grikkja.<\/p>\n<p><strong>7.37\u00a0<\/strong><em>S\u00ed\u00f0asta daginn, h\u00e1t\u00ed\u00f0ardaginn mikla:<\/em>Alla h\u00e1t\u00ed\u00f0ardagana sj\u00f6 f\u00f3ru prestar a\u00f0 lauginni S\u00edl\u00f3am og s\u00f3ttu vatn \u00ed keri sem \u00feeir fluttu \u00ed musteri\u00f0 (sj\u00e1 athugagrein vi\u00f0 9.7). Mannfj\u00f6ldi fylgdi \u00feeim til laugarinnar og aftur til baka upp tr\u00f6ppurnar a\u00f0 helgid\u00f3minum. \u00dea\u00f0 m\u00e1 vel hafa veri\u00f0 vi\u00f0 S\u00edl\u00f3am-laug e\u00f0a einhvers sta\u00f0ar \u00e1 lei\u00f0inni milli hennar og musterisins sem Jes\u00fas hr\u00f3pa\u00f0i a\u00f0 hann v\u00e6ri uppspretta hins l\u00edfgefandi vatns (7.38). Sj\u00e1 og Es 47.1-12; Sak 14.16,17.<\/p>\n<p><strong>7.39\u00a0<\/strong><em>andann: <\/em>Sj\u00e1 athugagrein vi\u00f0 1.32.<\/p>\n<p><strong>7.39<\/strong> <em>enn var andinn ekki gefinn<\/em>: J\u00f3hannes skrifar a\u00f0 Jes\u00fas hafi veri\u00f0 &#8222;d\u00fdrlegur or\u00f0inn&#8220;, b\u00e6\u00f0i eftir a\u00f0 hann var krossfestur og eins eftir a\u00f0 hann var reistur upp fr\u00e1 dau\u00f0um.<\/p>\n<p><strong>7.40<\/strong> <em>sp\u00e1ma\u00f0urinn<\/em>: Sj\u00e1 athugagrein vi\u00f0 1.21.<\/p>\n<p><strong>7.41,42<\/strong> <em>Kristur&#8230;Betlehem<\/em>: Sj\u00e1 athugagreinar vi\u00f0 1.19-20 (Mess\u00edas) og 1.45 (Nasaret \u00ed Gal\u00edleu). Betlehem var heimab\u00e6r Dav\u00ed\u00f0s konungs (L\u00fak 2.4).<\/p>\n<p><strong>7.50<\/strong> <em>Nik\u00f3demus&#8230;segir vi\u00f0 \u00fe\u00e1<\/em>: Sj\u00e1 athugagrein vi\u00f0 3.1 (Nik\u00f3demus). \u00cd \u00f6ldungar\u00e1\u00f0i Gy\u00f0inga s\u00e1tu tr\u00faarlei\u00f0togar og leikmenn, \u00fe.\u00e1.m. \u00e6\u00f0stu prestar, far\u00edsear og sadd\u00fakear. R\u00f3mversku yfirv\u00f6ldin \u00ed Palest\u00ednu leyf\u00f0u a\u00f0 vissu marki heimastj\u00f3rn \u00ed skattl\u00f6ndum keisarad\u00e6misins. \u00deannig m\u00e1ttu Gy\u00f0ingar \u00farskur\u00f0a \u00ed m\u00e1lum \u00feeirra sem brutu gegn l\u00f6gm\u00e1li M\u00f3se og heimamenn halda uppi \u00feeim l\u00f6gum er giltu \u00ed hverjum sta\u00f0.<\/p>\n<p><strong>7.51<\/strong> <em>l\u00f6gm\u00e1l okkar<\/em>: L\u00f6gm\u00e1l M\u00f3se m\u00e6lti svo fyrir a\u00f0 tveir \u00feyrftu a\u00f0 vitna gegn sakborningi til \u00feess a\u00f0 hann yr\u00f0i fundinn sekur (5M\u00f3s 17.4-7; 19.15) og tekinn af l\u00edfi (4M\u00f3s 35.30).<\/p>\n<p><strong>7.52<\/strong> <em>enginn sp\u00e1ma\u00f0ur kemur \u00far Gal\u00edleu<\/em>: Jes\u00fas er fr\u00e1 Nasaret \u00ed Gal\u00edleu og \u00feess vegna tr\u00faa menn \u00fev\u00ed ekki a\u00f0 hann geti veri\u00f0 Mess\u00edas. R\u00e1\u00f0sherrarnir gleymdu \u00fev\u00ed, a\u00f0 Jes\u00fas f\u00e6ddist \u00ed borg Dav\u00ed\u00f0s, Betlehem \u00ed J\u00fadeu, og var enda afkomandi Dav\u00ed\u00f0s konungs, en hans ni\u00f0ji skyldi Mess\u00edas ver\u00f0a (2Sam 7.16,17; Jes 11.1).<\/p>\n","protected":false},"excerpt":{"rendered":"<p>7.1\u00a0Gal\u00edleu&#8230;J\u00fadeu: Sj\u00e1 athugagreinar vi\u00f0 1.43-44 (Gal\u00edlea) og 3.22 (J\u00fadea). \u00cd <a href=\"https:\/\/biblian.is\/fraedsla\/ritskyring\/johannesargudspjall-7-kafli\/\"> [&#8230;]<\/a><\/p>\n","protected":false},"author":1,"featured_media":0,"parent":4829,"menu_order":0,"comment_status":"closed","ping_status":"closed","template":"","meta":{"footnotes":""},"class_list":["post-5319","page","type-page","status-publish","hentry"],"_links":{"self":[{"href":"https:\/\/biblian.is\/fraedsla\/wp-json\/wp\/v2\/pages\/5319","targetHints":{"allow":["GET"]}}],"collection":[{"href":"https:\/\/biblian.is\/fraedsla\/wp-json\/wp\/v2\/pages"}],"about":[{"href":"https:\/\/biblian.is\/fraedsla\/wp-json\/wp\/v2\/types\/page"}],"author":[{"embeddable":true,"href":"https:\/\/biblian.is\/fraedsla\/wp-json\/wp\/v2\/users\/1"}],"replies":[{"embeddable":true,"href":"https:\/\/biblian.is\/fraedsla\/wp-json\/wp\/v2\/comments?post=5319"}],"version-history":[{"count":0,"href":"https:\/\/biblian.is\/fraedsla\/wp-json\/wp\/v2\/pages\/5319\/revisions"}],"up":[{"embeddable":true,"href":"https:\/\/biblian.is\/fraedsla\/wp-json\/wp\/v2\/pages\/4829"}],"wp:attachment":[{"href":"https:\/\/biblian.is\/fraedsla\/wp-json\/wp\/v2\/media?parent=5319"}],"curies":[{"name":"wp","href":"https:\/\/api.w.org\/{rel}","templated":true}]}}