{"id":5316,"date":"2019-04-26T18:59:28","date_gmt":"2019-04-26T18:59:28","guid":{"rendered":"https:\/\/biblian.is\/fraedsla\/?page_id=5316"},"modified":"2026-04-17T13:01:12","modified_gmt":"2026-04-17T13:01:12","slug":"johannesargudspjall-6-kafli","status":"publish","type":"page","link":"https:\/\/biblian.is\/fraedsla\/ritskyring\/johannesargudspjall-6-kafli\/","title":{"rendered":"J\u00f3hannesargu\u00f0spjall 6. kafli"},"content":{"rendered":"<p><strong>6.1\u00a0<\/strong><em>Gal\u00edleuvatn e\u00f0a T\u00edber\u00edasvatn: <\/em>Jes\u00fas hefur lagt upp fr\u00e1 vestri bakka vatnsins og teki\u00f0 land aftur \u00e1 hinum eystri. Gal\u00edleuvatn er ennfremur kalla\u00f0 Genesaretvatn (L\u00fak 5.1); R\u00f3mverjar nefndu \u00fea\u00f0 T\u00edber\u00edasvatn (sj\u00e1 21.1) eftir r\u00f3mverska keisaranum T\u00edber\u00edusi.<\/p>\n<p><strong>6.3,4\u00a0<\/strong><em>p\u00e1skah\u00e1t\u00ed\u00f0 Gy\u00f0inga: <\/em>Sj\u00e1 athugagrein vi\u00f0 2.13.<\/p>\n<p><strong>6.3,4\u00a0<\/strong><em>settist \u00fear ni\u00f0ur: <\/em>Til forna s\u00e1tu kennarar \u00feegar \u00feeir kenndu og var \u00fea\u00f0 til marks um vir\u00f0uleika \u00feeirra og kennivald.<\/p>\n<p><strong>6.5\u00a0<\/strong><em>Filippus: <\/em>Sj\u00e1 athugagrein vi\u00f0 1.45.<\/p>\n<p><strong>6.7\u00a0<\/strong><em>tv\u00f6 hundru\u00f0 denara: <\/em>Einn denar var venjuleg daglaun landb\u00fana\u00f0arverkamanns.<\/p>\n<p><strong>6.8\u00a0<\/strong><em>Andr\u00e9s, br\u00f3\u00f0ir S\u00edmonar P\u00e9turs: <\/em>Sj\u00e1 athugagreinar vi\u00f0 1.40 (Andr\u00e9s) og 1.42 (S\u00edmon P\u00e9tur).<\/p>\n<p><strong>6.9 <\/strong><em>fimm byggbrau\u00f0: <\/em>Bygg var \u00f3d\u00fdr matavara \u00ed Palest\u00ednu. \u00dea\u00f0 var einkum haft til \u00feess a\u00f0 f\u00f3\u00f0ra skepnur, en \u00fe\u00f3 stundum til brau\u00f0ger\u00f0ar \u00ed hall\u00e6ri. <a href=\"https:\/\/biblian.is\/fraedsla\/ordtakasafn\/braud\/\">Sj\u00e1 &#8222;Brau\u00f0&#8220;.<\/a><\/p>\n<p><strong>6.11\u00a0<\/strong><em>t\u00f3k Jes\u00fas brau\u00f0in: <\/em>\u00de\u00fasund \u00e1rum fyrr gaf Gu\u00f0 \u00cdsraelsm\u00f6nnum himnabrau\u00f0 (manna) \u00ed S\u00edna\u00ed-ey\u00f0im\u00f6rkinni (2M\u00f3s 16.1-35; 3M\u00f3s 11.7-9) og var \u00fea\u00f0 miki\u00f0 undur. \u00deetta kann a\u00f0 hafa rifjast upp fyrir \u00feeim sem ur\u00f0u vitni a\u00f0 \u00fev\u00ed kraftaverki Jes\u00fa, er hann metta\u00f0i \u00fe\u00fasundirnar.<\/p>\n<p><strong>6.13\u00a0<\/strong><em>t\u00f3lf k\u00f6rfur me\u00f0 leifum: <\/em>Talan 12 hefur miki\u00f0 t\u00e1kngildi og var Gy\u00f0ingum raunar ginnheil\u00f6g af \u00fev\u00ed a\u00f0 \u00e6ttfe\u00f0ur \u00cdsraels\u00fej\u00f3\u00f0arinnar voru t\u00f3lf. Sj\u00e1 <a href=\"https:\/\/biblian.is\/fraedsla\/ordtakasafn\/tolur-i-bibliunni\/\">&#8222;T\u00f6lur \u00ed Bibl\u00edunni&#8220;<\/a>.<\/p>\n<p><strong>6.14\u00a0<\/strong><em>sp\u00e1ma\u00f0urinn: <\/em>Sj\u00e1 athugagrein vi\u00f0 1.21.<\/p>\n<p><strong>6.16 <\/strong><em>vatninu: <\/em>Gal\u00edleuvatn. Sj\u00e1 athugagrein vi\u00f0 6.1. Fj\u00f6ll eru \u00fearna allt \u00ed kring og ver\u00f0a \u00fev\u00ed oft snarpar vindkvi\u00f0ur \u00e1 vatninu.<\/p>\n<p><strong>6.17\u00a0<\/strong><em>Kaperna\u00fam: <\/em>Sj\u00e1 athugagrein vi\u00f0 2.12. Jes\u00fas og l\u00e6risveinar hans h\u00f6f\u00f0u veri\u00f0 staddir \u00e1 austurstr\u00f6nd vatnsins.<\/p>\n<p><strong>6.19\u00a0<\/strong><em>Jes\u00fa gangandi \u00e1 vatninu: <\/em>\u00deetta undur kann a\u00f0 hafa minnt l\u00e6risveinana \u00e1 tv\u00f6 kraftaverk sem Gu\u00f0 haf\u00f0i unni\u00f0 fyrr \u00e1 t\u00ed\u00f0: hann skapa\u00f0i himin og j\u00f6r\u00f0 og greindi v\u00f6tn fr\u00e1 v\u00f6tnum (1M\u00f3s 1.1-13) og greiddi \u00cdsraelsm\u00f6nnum veg yfir Rau\u00f0ahafi\u00f0 er M\u00f3se klauf \u00fea\u00f0 og ger\u00f0i a\u00f0 \u00feurrlendi (2M\u00f3s 14.21-31).<\/p>\n<p><strong>6.20\u00a0<\/strong><em>\u00dea\u00f0 er \u00e9g: <\/em>Sj\u00e1 &#8222;<a href=\"https:\/\/biblian.is\/fraedsla\/ordtakasafn\/eg-er\/\">\u00c9g er<\/a>&#8222;.<\/p>\n<p><strong>6.32,24\u00a0<\/strong><em>T\u00edber\u00edas&#8230;Kaperna\u00fam: <\/em>T\u00edber\u00edas var b\u00e6r \u00e1 vesturbakka Gal\u00edleuvatns. Her\u00f3des Ant\u00edpas kom honum \u00e1 f\u00f3t \u00e1ri\u00f0 25 e. Kr., T\u00edber\u00edusi keisara til hei\u00f0urs. Sj\u00e1 kort \u00e1 bls. 2375. \u00deegar f\u00f3lki\u00f0 fann ekki Jes\u00fa \u00e1 austurbakka vatnsins sigldi \u00fea\u00f0 aftur til Kaperna\u00fam (sj\u00e1 athugagrein vi\u00f0 2.12).<\/p>\n<p><strong>6.25\u00a0<\/strong><em>Rabb\u00ed: <\/em>Sj\u00e1 athugagrein vi\u00f0 1.38.<\/p>\n<p><strong>6.27\u00a0<\/strong><em>eil\u00edfs l\u00edfs&#8230;Mannssonurinn: <\/em>Sj\u00e1 athugagreinar vi\u00f0 3.25 (eil\u00edft l\u00edf) og 1.51 (Mannssonurinn).<\/p>\n<p><strong>6.31\u00a0<\/strong><em>manna: <\/em>Sj\u00e1 athugagrein vi\u00f0 6.11.<\/p>\n<p><strong>6.35\u00a0<\/strong><em>\u00c9g er brau\u00f0 l\u00edfsins: <\/em>Jes\u00fas l\u00edkir sj\u00e1lfum s\u00e9r vi\u00f0 brau\u00f0i\u00f0 sem Gu\u00f0 l\u00e9t me\u00f0 undursamlegum h\u00e6tti falla af himnum ofan. Eins og Gu\u00f0 gaf \u00feetta brau\u00f0, eins sendir hann Jes\u00fa til \u00feess a\u00f0 gefa l\u00edf. <a href=\"https:\/\/biblian.is\/fraedsla\/ordtakasafn\/braud\/\">Sj\u00e1 &#8222;Brau\u00f0&#8220;.<\/a><\/p>\n<p><strong>6.39\u00a0<\/strong><em>\u00e1 efsta degi: <\/em>Jes\u00fas r\u00e6\u00f0ir h\u00e9r um \u00feann dag \u00feegar Gu\u00f0 mun d\u00e6ma \u00fej\u00f3\u00f0irnar. \u00deeir sem tr\u00faa \u00e1 Jes\u00fa, Gu\u00f0s son, ver\u00f0a reistir fr\u00e1 dau\u00f0um (6.40) og \u00feeir munu eignast eil\u00edft l\u00edf. Sj\u00e1 og <a href=\"https:\/\/biblian.is\/fraedsla\/ordtakasafn\/eilift-lif\/\">&#8222;Eil\u00edft l\u00edf&#8220;<\/a>.<\/p>\n<p><strong>6.42\u00a0<\/strong><em>sonur J\u00f3sefs: <\/em>Sj\u00e1 athugagrein vi\u00f0 1.45.<\/p>\n<p><strong>6.44\u00a0<\/strong><em>reisa hann upp \u00e1 efsta degi: <\/em>Sj\u00e1 athugagrein vi\u00f0 6.39.<\/p>\n<p><strong>6.49\u00a0<\/strong><em>\u00e1tu manna \u00ed ey\u00f0im\u00f6rkinni: <\/em>Sj\u00e1 athugagrein vi\u00f0 6.31.<\/p>\n<p><strong>6.53\u00a0<\/strong><em>eti\u00f0&#8230;Mannssonarins&#8230;drekki\u00f0: <\/em>H\u00e9r er \u00e1tt vi\u00f0 m\u00e1lt\u00ed\u00f0 Drottins (altarissakramenti\u00f0) sem l\u00e6risveinar Jes\u00fa neyta a\u00f0 bo\u00f0i hans (Matt 26.26-30; Mrk 14.22-26; L\u00fak 22.14-23; 1Kor 11.23-29). Sj\u00e1 og &#8222;Mannssonurinn&#8220; \u00e1 bls. 1754.<\/p>\n<p><strong>6.59\u00a0<\/strong><em>samkundunni \u00ed Kaperna\u00fam: <\/em>Samkunda (samkomuh\u00fas) er \u00e1 gr\u00edsku &#8222;s\u00fdnag\u00f3ga,&#8220; sem \u00fe\u00fd\u00f0ir a\u00f0 &#8222;koma saman.&#8220; <a href=\"https:\/\/biblian.is\/fraedsla\/ordtakasafn\/samkundurnar\/\">Sj\u00e1 og &#8222;Samkundurnar&#8220;.<\/a>\u00a0Sj\u00e1 athugagrein vi\u00f0 2.12 (Kaperna\u00fam). R\u00f3mverskur li\u00f0sforingi reisti samkunduh\u00fas handa Gy\u00f0ingum \u00ed Kaperna\u00fam (L\u00fak 7.5).<\/p>\n<p><strong>6.63 <\/strong><em>andinn: <\/em>Sj\u00e1 athugagrein vi\u00f0 1.32.<\/p>\n<p><strong>6.67\u00a0<\/strong><em>\u00fe\u00e1 t\u00f3lf: <\/em>L\u00e6risveinarnir sem Jes\u00fas valdi til \u00feess a\u00f0 vera postular hans (Matt 10.1-4).<\/p>\n<p><strong>6.68 <\/strong><em>S\u00edmon P\u00e9tur: <\/em>Sj\u00e1 athugagrein vi\u00f0 1.42.<\/p>\n<p><strong>6.68\u00a0<\/strong><em>eil\u00edfs l\u00edfs: <\/em>Sj\u00e1 athugagrein vi\u00f0 3.15.<\/p>\n<p><strong>6.70,71\u00a0<\/strong><em>dj\u00f6full&#8230;J\u00fadas&#8230;\u00cdskar\u00edots: <\/em>Illir andar voru \u00f3vinir Gu\u00f0s en sendiveinar Satans. Jes\u00fas segir h\u00e9r fyrir um \u00fea\u00f0, a\u00f0 einn hinna t\u00f3lf, J\u00fadas \u00cdskar\u00edot, muni sv\u00edkja sig. Nafni\u00f0 \u00cdskar\u00edot \u00fe\u00fd\u00f0ir ef til vill &#8222;ma\u00f0urinn fr\u00e1 Kar\u00edot&#8220; (sta\u00f0arnafn \u00ed J\u00fadeu). En \u00fea\u00f0 g\u00e6ti l\u00edka merkt &#8222;ma\u00f0ur sem reyndist lygari&#8220; e\u00f0a &#8222;s\u00e1 sem sveik.&#8220; (Matt 10.4).<\/p>\n","protected":false},"excerpt":{"rendered":"<p>6.1\u00a0Gal\u00edleuvatn e\u00f0a T\u00edber\u00edasvatn: Jes\u00fas hefur lagt upp fr\u00e1 vestri bakka <a href=\"https:\/\/biblian.is\/fraedsla\/ritskyring\/johannesargudspjall-6-kafli\/\"> [&#8230;]<\/a><\/p>\n","protected":false},"author":1,"featured_media":0,"parent":4829,"menu_order":0,"comment_status":"closed","ping_status":"closed","template":"","meta":{"footnotes":""},"class_list":["post-5316","page","type-page","status-publish","hentry"],"_links":{"self":[{"href":"https:\/\/biblian.is\/fraedsla\/wp-json\/wp\/v2\/pages\/5316","targetHints":{"allow":["GET"]}}],"collection":[{"href":"https:\/\/biblian.is\/fraedsla\/wp-json\/wp\/v2\/pages"}],"about":[{"href":"https:\/\/biblian.is\/fraedsla\/wp-json\/wp\/v2\/types\/page"}],"author":[{"embeddable":true,"href":"https:\/\/biblian.is\/fraedsla\/wp-json\/wp\/v2\/users\/1"}],"replies":[{"embeddable":true,"href":"https:\/\/biblian.is\/fraedsla\/wp-json\/wp\/v2\/comments?post=5316"}],"version-history":[{"count":0,"href":"https:\/\/biblian.is\/fraedsla\/wp-json\/wp\/v2\/pages\/5316\/revisions"}],"up":[{"embeddable":true,"href":"https:\/\/biblian.is\/fraedsla\/wp-json\/wp\/v2\/pages\/4829"}],"wp:attachment":[{"href":"https:\/\/biblian.is\/fraedsla\/wp-json\/wp\/v2\/media?parent=5316"}],"curies":[{"name":"wp","href":"https:\/\/api.w.org\/{rel}","templated":true}]}}