{"id":5314,"date":"2019-04-26T18:53:53","date_gmt":"2019-04-26T18:53:53","guid":{"rendered":"https:\/\/biblian.is\/fraedsla\/?page_id=5314"},"modified":"2022-12-16T13:59:02","modified_gmt":"2022-12-16T13:59:02","slug":"johannesargudspjall-5-kafli","status":"publish","type":"page","link":"https:\/\/biblian.is\/fraedsla\/ritskyring\/johannesargudspjall-5-kafli\/","title":{"rendered":"J\u00f3hannesargu\u00f0spjall 5. kafli"},"content":{"rendered":"<p><strong>5.1 <\/strong><em>ein af h\u00e1t\u00ed\u00f0um Gy\u00f0inga&#8230;Jer\u00fasalem: <\/em>Sj\u00e1 athugagrein vi\u00f0 2.23 (Jer\u00fasalem). H\u00e1t\u00ed\u00f0in var anna\u00f0 hvort laufsk\u00e1lah\u00e1t\u00ed\u00f0in e\u00f0a p\u00e1skarnir. Laufsk\u00e1lah\u00e1t\u00ed\u00f0in var haldin \u00feegar haustuppskeran var komin \u00ed h\u00fas (2M\u00f3s 23.16; 3M\u00f3s 23.33-36; 5M\u00f3s 16.13-17). \u00de\u00e1 fluttist f\u00f3lki\u00f0 \u00ed f\u00e1brotin sk\u00fdli \u00far laufgu\u00f0um greinum og minntist \u00feess hversu Gu\u00f0 hj\u00e1lpa\u00f0i \u00e1 ey\u00f0imerkug\u00f6ngunni heim fr\u00e1 Egyptalandi. Sj\u00e1 og athugagarein vi\u00f0 2.13 (p\u00e1skar).<\/p>\n<p><strong>5.2\u00a0<\/strong><em>Vi\u00f0 Sau\u00f0ahli\u00f0i\u00f0&#8230;laug&#8230;Betesda&#8230;fimm s\u00falnag\u00f6ng: <\/em>Betesdalaug var skammt fyrir nor\u00f0an musterissv\u00e6\u00f0i\u00f0 og hafa fundist menjar um hana.<\/p>\n<p><strong>5.7\u00a0<\/strong><em>\u00feegar vatni\u00f0 hr\u00e6rist: <\/em>Vera kann, a\u00f0 stundum hafi hreyfing komist \u00e1 vatni\u00f0 fyrir \u00e1hrif uppsprettu. \u00ddmsir tr\u00fa\u00f0u \u00fev\u00ed, a\u00f0 engill Drottins f\u00e6ri \u00f6\u00f0ru hverju ni\u00f0ur \u00ed laugina og hr\u00e6r\u00f0i vatni\u00f0.<\/p>\n<p><strong>5.9\u00a0<\/strong><em>hv\u00edldardagur: <\/em>Hv\u00edldardagurinn (sabbatinn) var 7. dagur vikunnar, dagurinn \u00feegar Gu\u00f0 hv\u00edldist fr\u00e1 sk\u00f6punarverki s\u00ednu (1M\u00f3s 2.2,3). Sabbatinn er helgidagur gy\u00f0inga og hefst vi\u00f0 s\u00f3lsetur \u00e1 f\u00f6studagskv\u00f6ldi og l\u00fdkur me\u00f0 s\u00e9rstakri blessun \u00feegar s\u00f3l sest laugardaginn eftir. Hebreska or\u00f0i\u00f0 &#8222;sabbat&#8220; \u00fe\u00fd\u00f0ir hv\u00edld og \u00fea\u00f0 var \u00f3fr\u00e1v\u00edkjanleg regla hj\u00e1 gy\u00f0ingum a\u00f0 vinna ekki \u00e1 hv\u00edldardeginum (2 M\u00f3s 20.8-11; 5M\u00f3s 5.12-15). \u00dea\u00f0 taldist starfi a\u00f0 bera rekkju s\u00edna og var \u00fev\u00ed \u00f3heimilt \u00e1 hv\u00edldardegi.<\/p>\n<p><strong>5.10\u00a0<\/strong><em>menn: <\/em>Sj\u00e1 athugagreinar vi\u00f0 1.19,20 (r\u00e1\u00f0amenn) og 4.1 (far\u00edsear).<\/p>\n<p><strong>5.14\u00a0<\/strong><em>Syndga ekki framar: <\/em>Vi\u00f0 syndgum \u00feegar vi\u00f0 sn\u00faum baki vi\u00f0 Drottni og \u00f3hl\u00fd\u00f0numst vilja hans. \u00deessi varna\u00f0aror\u00f0 Jes\u00fa vi\u00f0 manninn sem sj\u00fakur haf\u00f0i veri\u00f0 \u00ed 38 \u00e1r ber ekki a\u00f0 skilja svo a\u00f0 veikindin hafi stafa\u00f0 af syndum hans. Sj\u00e1 og athugagrein vi\u00f0 9.2 og <a href=\"https:\/\/biblian.is\/fraedsla\/samtidarsaga-bibliunnar\/kraftaverk-tofrar-og-laeknisdomar\/\">&#8222;Kraftaverk, t\u00f6frar og l\u00e6knisd\u00f3mar&#8220;.<\/a><\/p>\n<p><strong>5.16\u00a0<\/strong><em>ger\u00f0i \u00feetta \u00e1 hv\u00edldardegi: <\/em>Samkv\u00e6mt l\u00f6gm\u00e1li M\u00f3se var s\u00e9rhver starfi sem unninn var \u00e1 hv\u00edldardegi alvarlegt brot (2M\u00f3s 31.14,15; 35.2). \u00cd valdat\u00ed\u00f0 r\u00f3mverska heimsveldisins h\u00f6f\u00f0u Gy\u00f0ingar samt ekki heimild til \u00feess a\u00f0 refsa fyrir \u00feetta me\u00f0 l\u00edfl\u00e1ti. Ekki er fyllilega lj\u00f3st, hvernig \u00feeir h\u00f3fu &#8222;a\u00f0 ofs\u00e6kja Jes\u00fa.&#8220;<\/p>\n<p><strong>5.17\u00a0<\/strong><em>Fa\u00f0ir minn: <\/em>\u00cd J\u00f3hannesargu\u00f0spjalli kallar Jes\u00fas Gu\u00f0 oft f\u00f6\u00f0ur sinn (3.35; 5.20-3-; 15.1-16; 17). Um lei\u00f0 gefur hann \u00f3tv\u00edr\u00e6tt til kynna, a\u00f0 samband hans vi\u00f0 Drottin s\u00e9 me\u00f0 s\u00e9rst\u00f6kum h\u00e6tti og s\u00e9r s\u00e9 fengi\u00f0 \u00e1kve\u00f0i\u00f0 vald yfir Gu\u00f0s l\u00fd\u00f0 (Slm 2.6,7). Lei\u00f0togar Gy\u00f0inga tr\u00fa\u00f0u \u00fev\u00ed ekki a\u00f0 nokkur ma\u00f0ur g\u00e6ti veri\u00f0 jafn Gu\u00f0i. \u00dev\u00ed t\u00f6ldu \u00feeir Jes\u00fa vanvir\u00f0a l\u00f6gm\u00e1l M\u00f3se \u00feegar hann kalla\u00f0i Gu\u00f0 f\u00f6\u00f0ur sinn (5.18).<\/p>\n<p><strong>5.19\u00a0<\/strong><em>sonurinn&#8230;f\u00f6\u00f0urinn: <\/em>H\u00e9r kallar Jes\u00fas sj\u00e1lfan sig son Gu\u00f0s (1.1-3,16,18).<\/p>\n<p><strong>5.21\u00a0<\/strong><em>fa\u00f0irinn vekur upp dau\u00f0a og l\u00edfgar: <\/em>H\u00e9r r\u00e6\u00f0ir Jes\u00fas um eil\u00edft l\u00edf (sj\u00e1 athugagrein vi\u00f0 3.15).<\/p>\n<p><strong>5.25\u00a0<\/strong><em>S\u00fa stund kemur og er \u00feegar komin: <\/em>Jes\u00fas segir, a\u00f0 \u00feeir sem heyra or\u00f0 hans um fyrirgefningu og l\u00edfi\u00f0 n\u00fdja hafi \u00feegar eignast l\u00edf sem engan enda tekur. \u00dear me\u00f0 eru og taldir allir \u00feeir sem d\u00e1i\u00f0 hafa \u00ed Drottni. Sj\u00e1 og 1Kor 15.12-57; 1\u00deess 4.13-18.<\/p>\n<p><strong>5.27\u00a0<\/strong><em>Mannssonur: <\/em>Sj\u00e1 athugagrein vi\u00f0 1.51.<\/p>\n<p><strong>5.35\u00a0<\/strong><em>logandi og sk\u00ednandi lampi: <\/em>Sj\u00e1 athugagrein vi\u00f0 1.6 (J\u00f3hannes sk\u00edrari).<\/p>\n<p><strong>5.39,40\u00a0<\/strong><em>\u00de\u00e9r rannsaki\u00f0 ritningarnar&#8230;\u00f6\u00f0last l\u00edfi\u00f0: <\/em>Ritningarnar eru helgirit Gy\u00f0inga, sem kristnir menn nefna Gamla testamenti. L\u00f6gm\u00e1lskennararnir f\u00f3ru a\u00f0 fyrirm\u00e6lum ritninganna til \u00feess a\u00f0 lifa samkv\u00e6mt vilja Gu\u00f0s. Jes\u00fas segir, a\u00f0 \u00feessar s\u00f6mu ritningar bendi \u00e1 a\u00f0 hann s\u00e9 vegurinn sem liggur til eil\u00edfs l\u00edfs (14.6). Sj\u00e1 og athugagrein vi\u00f0 3.15.<\/p>\n<p><strong>5.45-47\u00a0<\/strong><em>\u00e1 hann voni\u00f0 \u00fe\u00e9r: <\/em>H\u00e9r \u00e1 Jes\u00fas vi\u00f0 M\u00f3se og l\u00f6gm\u00e1l hans (sj\u00e1 athugagrein vi\u00f0 1.17), sem var \u00feungami\u00f0jan \u00ed helgiritum Gy\u00f0inga. M\u00f3se var lei\u00f0toginn mikli sem leiddi \u00cdsraelsmenn \u00fat \u00far \u00fer\u00e6lah\u00fasinu \u00ed Egyptalandi og honum var af Gu\u00f0i fengi\u00f0 l\u00f6gm\u00e1li\u00f0 sem \u00fej\u00f3\u00f0in skyldi lifa eftir. \u00deegar Jes\u00fas segir um M\u00f3se &#8222;um mig hefur hann rita\u00f0,&#8220; \u00fe\u00e1 \u00e1 hann vi\u00f0 heildarbo\u00f0skap fyrstu fimm b\u00f3kanna \u00ed helgiritum Gy\u00f0inga, sem vant er a\u00f0 kalla M\u00f3seb\u00e6kurnar e\u00f0a Fimmb\u00f3kariti\u00f0.<\/p>\n","protected":false},"excerpt":{"rendered":"<p>5.1 ein af h\u00e1t\u00ed\u00f0um Gy\u00f0inga&#8230;Jer\u00fasalem: Sj\u00e1 athugagrein vi\u00f0 2.23 (Jer\u00fasalem). <a href=\"https:\/\/biblian.is\/fraedsla\/ritskyring\/johannesargudspjall-5-kafli\/\"> [&#8230;]<\/a><\/p>\n","protected":false},"author":1,"featured_media":0,"parent":4829,"menu_order":0,"comment_status":"closed","ping_status":"closed","template":"","meta":{"footnotes":""},"class_list":["post-5314","page","type-page","status-publish","hentry"],"_links":{"self":[{"href":"https:\/\/biblian.is\/fraedsla\/wp-json\/wp\/v2\/pages\/5314","targetHints":{"allow":["GET"]}}],"collection":[{"href":"https:\/\/biblian.is\/fraedsla\/wp-json\/wp\/v2\/pages"}],"about":[{"href":"https:\/\/biblian.is\/fraedsla\/wp-json\/wp\/v2\/types\/page"}],"author":[{"embeddable":true,"href":"https:\/\/biblian.is\/fraedsla\/wp-json\/wp\/v2\/users\/1"}],"replies":[{"embeddable":true,"href":"https:\/\/biblian.is\/fraedsla\/wp-json\/wp\/v2\/comments?post=5314"}],"version-history":[{"count":0,"href":"https:\/\/biblian.is\/fraedsla\/wp-json\/wp\/v2\/pages\/5314\/revisions"}],"up":[{"embeddable":true,"href":"https:\/\/biblian.is\/fraedsla\/wp-json\/wp\/v2\/pages\/4829"}],"wp:attachment":[{"href":"https:\/\/biblian.is\/fraedsla\/wp-json\/wp\/v2\/media?parent=5314"}],"curies":[{"name":"wp","href":"https:\/\/api.w.org\/{rel}","templated":true}]}}