{"id":5312,"date":"2019-04-26T18:51:04","date_gmt":"2019-04-26T18:51:04","guid":{"rendered":"https:\/\/biblian.is\/fraedsla\/?page_id=5312"},"modified":"2022-12-16T13:59:02","modified_gmt":"2022-12-16T13:59:02","slug":"johannesargudspjall-4-kafli","status":"publish","type":"page","link":"https:\/\/biblian.is\/fraedsla\/ritskyring\/johannesargudspjall-4-kafli\/","title":{"rendered":"J\u00f3hannesargu\u00f0spjall 4. kafli"},"content":{"rendered":"<p>4.1 Far\u00edsear: Sj\u00e1 athugagrein vi\u00f0 1.24.<\/p>\n<p>4.3,4 J\u00fadeu&#8230;Gal\u00edleu&#8230;Samar\u00edu: Sj\u00e1 athugagreinar vi\u00f0 3.22 (J\u00fadea) og 1.43-44 (Gal\u00edlea). Samar\u00eda var h\u00e9ra\u00f0i\u00f0 \u00e1 milli J\u00fadeu og Gal\u00edleu (sj\u00e1 kort \u00e1 bls. 2375). Ass\u00fdringar r\u00e9\u00f0ust inn \u00ed \u00cdsrael \u00e1ri\u00f0 722 f. Kr. og t\u00f3ku fj\u00f6lda f\u00f3lks heim me\u00f0 s\u00e9r (2Kon 17.5-23). Sumir \u00feeir sem eftir voru gengu a\u00f0 eiga Ass\u00fdringa og Kanverja. \u00deeir reistu eigi\u00f0 musteri, v\u00edg\u00f0u s\u00e9r presta og t\u00falku\u00f0u l\u00f6gm\u00e1l M\u00f3se a\u00f0 s\u00ednum h\u00e6tti. H\u00f6fu\u00f0borg \u00feeirra var Samar\u00eda og \u00feeir kalla\u00f0ir Samverjar. Gy\u00f0ingar \u00ed J\u00fadeu \u00e1 d\u00f6gum Jes\u00fa h\u00f6f\u00f0u horn \u00ed s\u00ed\u00f0u Samverja og t\u00f6ldu \u00fe\u00e1 \u00f3tr\u00faa Gu\u00f0i \u00cdsraels.<\/p>\n<p>4.5 S\u00edkar: \u00deessi borg h\u00e9t \u00e1\u00f0ur S\u00edkem og st\u00f3\u00f0 \u00fear sem Abraham dvaldist fyrst eftir a\u00f0 hann kom til Palest\u00ednu (1M\u00f3s 12.6). S\u00ed\u00f0ar keypti Jakob landspilduna og reisti \u00fear altari (1M\u00f3s 33.18-20). \u00c1\u00f0ur en Jakob d\u00f3, gaf hann J\u00f3sef syni s\u00ednum &#8222;eina fjalls\u00f6xl&#8220; \u00ed n\u00e1munda vi\u00f0 S\u00edkem. (1M\u00f3s 48.22; or\u00f0aleikur, \u00fev\u00ed a\u00f0 hebreska or\u00f0i\u00f0 S\u00edkem \u00fe\u00fd\u00f0ir fjalls\u00f6xl). Sj\u00e1 og Js 24.32.<\/p>\n<p><strong>4.6-8\u00a0<\/strong><em>Jakobsbrunnur: <\/em>Enn \u00ed dag m\u00e1 sj\u00e1 brunn \u00feennan, sem h\u00f6ggvinn var \u00ed klett n\u00e6rri r\u00fastum hinnar fornu S\u00edkem. Konan kemur a\u00f0 brunninum um h\u00e1degisbil, \u00feegar heitast er og f\u00e1ir a\u00f0rir \u00e1 ferli.<\/p>\n<p><strong>4.9\u00a0<\/strong><em>Gy\u00f0ingar&#8230;Samverja: <\/em>Sj\u00e1 athugagrein vi\u00f0 4.3,4. Reglur um hreint og \u00f3hreint meinu\u00f0u Gy\u00f0ingum a\u00f0 umgangast Samverja, hva\u00f0 \u00fe\u00e1 a\u00f0 drekka \u00far bollum \u00feeirra e\u00f0a k\u00f6nnum.<\/p>\n<p><strong>4.9\u00a0<\/strong><em>hafa ekki samneyti: <\/em>E\u00f0a: &#8222;nota ekki s\u00f6mu \u00edl\u00e1t og Samverjar.&#8220;<\/p>\n<p><strong>4.12\u00a0<\/strong><em>Jakob forfa\u00f0ir okkar: <\/em>Sj\u00e1 athugagrein vi\u00f0 4.5. Samverjar voru afkomendur \u00e6ttfe\u00f0ra \u00cdsraels engu s\u00ed\u00f0ur en Gy\u00f0ingarnir \u00ed J\u00fadeu. Konan spyr hvort Jes\u00fas telji sig meiri mann en Jakob, sem var \u00feri\u00f0ji \u00e6ttfa\u00f0irinn og einn mikilsver\u00f0astur \u00feeirra.<\/p>\n<p><strong>4.14\u00a0<\/strong><em>eil\u00edfs l\u00edfs: <\/em>Sj\u00e1 athugagrein vi\u00f0 3.15.<\/p>\n<p><strong>4.15\u00a0<\/strong><em>gef m\u00e9r \u00feetta vatn: <\/em>Konan heldur a\u00f0 Jes\u00fas \u00e6tli a\u00f0 gefa henni birg\u00f0ir vatns sem aldrei \u00ferj\u00f3ti og h\u00fan \u00feurfi ekki lengur a\u00f0 fara \u00fat a\u00f0 brunninum \u00ed s\u00f3larbreiskjunni.<\/p>\n<p><strong>4.16\u00a0<\/strong><em>kalla\u00f0u \u00e1 manninn \u00feinn: <\/em>Jes\u00fas vissi a\u00f0 konan haf\u00f0i b\u00fai\u00f0 me\u00f0 m\u00f6rgum m\u00f6nnum, en \u00e1tti ekki eiginmann (anna\u00f0 hvort af \u00fev\u00ed a\u00f0 h\u00fan var fr\u00e1skilin e\u00f0a haf\u00f0i misst manninn sinn).<\/p>\n<p><strong>4.19\u00a0<\/strong><em>sp\u00e1ma\u00f0ur: <\/em>Stundum birtist sp\u00e1m\u00f6nnunum framt\u00ed\u00f0ars\u00fdn. Oftar voru \u00feeir \u00fe\u00f3 grandvart f\u00f3lk og gu\u00f0hr\u00e6tt, sem skynja\u00f0i hr\u00e6ringar samt\u00ed\u00f0ar sinnar og bo\u00f0a\u00f0i or\u00f0 fr\u00e1 Drottni, er \u00e1ttu vi\u00f0 sta\u00f0 og stund.<\/p>\n<p><strong>4.20\u00a0<\/strong><em>Fe\u00f0ur okkar hafa tilbe\u00f0i\u00f0 Gu\u00f0 \u00e1 \u00feessu fjalli:<\/em>Samverjar tilb\u00e1\u00f0u Gu\u00f0 \u00ed musteri sem \u00feeir h\u00f6f\u00f0u byggt \u00e1 Gar\u00eds\u00edm-fjalli n\u00e1l\u00e6gt S\u00edkem-\u00feorpi, en Gy\u00f0ingar einv\u00f6r\u00f0ungu \u00ed musterinu \u00ed Jer\u00fasalem.<\/p>\n<p><strong>4.23\u00a0<\/strong><em>hinir s\u00f6nnu tilbi\u00f0jendur munu tilbi\u00f0ja f\u00f6\u00f0urinn \u00ed anda: <\/em>Sj\u00e1 athugagrein vi\u00f0 1.32 (andi). Jes\u00fas segir, a\u00f0 s\u00f6nn gu\u00f0sd\u00fdrkun s\u00e9 ekki bundin vi\u00f0 neinn tiltekinn sta\u00f0. H\u00fan l\u00fdsi s\u00e9r \u00ed \u00fev\u00ed a\u00f0 vera leiddur af anda Gu\u00f0s.<\/p>\n<p><strong>4.25\u00a0<\/strong><em>Mess\u00edas&#8230;Kristur: <\/em>Sj\u00e1 athugagrein vi\u00f0 1.41.<\/p>\n<p><strong>4.34\u00a0<\/strong><em>Minn matur er a\u00f0 gera vilja \u00feess sem sendi mig: <\/em>\u00cd J\u00f3hannesargu\u00f0spjalli ver\u00f0ur Jes\u00fa t\u00ed\u00f0r\u00e6tt um a\u00f0 vinna verki\u00f0 sem Gu\u00f0 f\u00f3l honum. H\u00e9r nefnir hann \u00feetta verkefni &#8222;mat.&#8220; Sj\u00e1 og 3.16,17,34; 5.26; 6.27,33-35; 17.1,2. S\u00ed\u00f0ar kallar Jes\u00fas hlutverk sitt &#8222;a\u00f0 drekka kaleikinn&#8220; (18.11), en \u00ed Bibl\u00edunni t\u00e1kna \u00feau or\u00f0 oft \u00fej\u00e1ningu (Jes 51.17,22; Jer 25.15,17).<\/p>\n<p><strong>4.35\u00a0<\/strong><em>fj\u00f3rir m\u00e1nu\u00f0ir, \u00fe\u00e1 kemur uppskeran&#8230;horfi\u00f0 \u00e1 akrana, \u00feeir eru full\u00feroska\u00f0ir til uppskeru: <\/em>Uppskerut\u00edminn \u00e1 \u00feessum sl\u00f3\u00f0um var enn langt undan. Jes\u00fas r\u00e6\u00f0ir h\u00e9r um a\u00f0 safna saman fj\u00f6lda n\u00fdrra l\u00e6risveina n\u00fa \u00feegar.<\/p>\n<p><strong>4.37\u00a0<\/strong><em>Einn s\u00e1ir og annar uppsker: <\/em>\u00deessi or\u00f0 g\u00e6tu \u00fe\u00fdtt, a\u00f0 \u00feeir sem bo\u00f0a or\u00f0 Gu\u00f0s s\u00e1i, en hinir, sem hj\u00e1lpa \u00f6\u00f0rum til \u00feess a\u00f0 l\u00e6ra a\u00f0 treysta Jes\u00fa, skeri upp.<\/p>\n<p><strong>4.39\u00a0<\/strong><em>Samverjar: <\/em>Sj\u00e1 athugagrein vi\u00f0 4.3,4. \u00deeir tr\u00fa\u00f0u \u00fev\u00ed a\u00f0 Jes\u00fas v\u00e6ri frelsari heimsins af \u00fev\u00ed a\u00f0 konan vi\u00f0 brunninn sag\u00f0i \u00feeim fr\u00e1 \u00fev\u00ed sem h\u00fan haf\u00f0i or\u00f0i\u00f0 \u00e1skynja.<\/p>\n<p><strong>4.44\u00a0<\/strong><em>sp\u00e1ma\u00f0ur: <\/em>Sj\u00e1 athugagrein vi\u00f0 1.19 (sp\u00e1menn). Margir Samverjar \u00ed S\u00edkar og n\u00e1greinni l\u00f6g\u00f0u tr\u00fana\u00f0 \u00e1 \u00fea\u00f0 a\u00f0 Jes\u00fas v\u00e6ri hinn \u00fatvaldi Mess\u00edas Gu\u00f0s, en Jes\u00fas g\u00e9kk \u00feess ekki dulinn a\u00f0 \u00fdmsir \u00e1 heimasl\u00f3\u00f0um hans, Nasaret \u00ed Gal\u00edleu, voru\u00a0\u00f3f\u00fasir a\u00f0 l\u00edta \u00e1 hann sem Mess\u00edas.<\/p>\n<p><strong>4.45\u00a0<\/strong><em>Gal\u00edleu&#8230;h\u00e1t\u00ed\u00f0ina \u00ed Jer\u00fasalem: <\/em>Sj\u00e1 athugagrein vi\u00f0 1.34,44 (Gal\u00edlea).<\/p>\n<p><strong>4.46\u00a0<\/strong><em>Kana \u00ed Gal\u00edleu: <\/em>Sj\u00e1 2.1-11 og athugagrein vi\u00f0 2.1 (Kana).<\/p>\n<p><strong>4.46\u00a0<\/strong><em>\u00cd Kaperna\u00fam var konungsma\u00f0ur: <\/em>Gr\u00edska or\u00f0i\u00f0 sem nota\u00f0 er um \u00feennan emb\u00e6ttismann bendir til \u00feess a\u00f0 hann hafi veri\u00f0 li\u00f0sforingi \u00ed her konungsins (Her\u00f3desar Ant\u00edpasar). Sj\u00e1 athugagrein vi\u00f0 2.12 (Kaperna\u00fam). Konungsma\u00f0urinn og allt hans heimaf\u00f3lk t\u00f3k tr\u00fa eftir a\u00f0 sonurinn komst til fullrar heilsu \u00e1 \u00feeirri stundu sem Jes\u00fas haf\u00f0i sagt a\u00f0 hann mundi l\u00e6knast (4.53).<\/p>\n","protected":false},"excerpt":{"rendered":"<p>4.1 Far\u00edsear: Sj\u00e1 athugagrein vi\u00f0 1.24. 4.3,4 J\u00fadeu&#8230;Gal\u00edleu&#8230;Samar\u00edu: Sj\u00e1 athugagreinar <a href=\"https:\/\/biblian.is\/fraedsla\/ritskyring\/johannesargudspjall-4-kafli\/\"> [&#8230;]<\/a><\/p>\n","protected":false},"author":1,"featured_media":0,"parent":4829,"menu_order":0,"comment_status":"closed","ping_status":"closed","template":"","meta":{"footnotes":""},"class_list":["post-5312","page","type-page","status-publish","hentry"],"_links":{"self":[{"href":"https:\/\/biblian.is\/fraedsla\/wp-json\/wp\/v2\/pages\/5312","targetHints":{"allow":["GET"]}}],"collection":[{"href":"https:\/\/biblian.is\/fraedsla\/wp-json\/wp\/v2\/pages"}],"about":[{"href":"https:\/\/biblian.is\/fraedsla\/wp-json\/wp\/v2\/types\/page"}],"author":[{"embeddable":true,"href":"https:\/\/biblian.is\/fraedsla\/wp-json\/wp\/v2\/users\/1"}],"replies":[{"embeddable":true,"href":"https:\/\/biblian.is\/fraedsla\/wp-json\/wp\/v2\/comments?post=5312"}],"version-history":[{"count":0,"href":"https:\/\/biblian.is\/fraedsla\/wp-json\/wp\/v2\/pages\/5312\/revisions"}],"up":[{"embeddable":true,"href":"https:\/\/biblian.is\/fraedsla\/wp-json\/wp\/v2\/pages\/4829"}],"wp:attachment":[{"href":"https:\/\/biblian.is\/fraedsla\/wp-json\/wp\/v2\/media?parent=5312"}],"curies":[{"name":"wp","href":"https:\/\/api.w.org\/{rel}","templated":true}]}}